{"id":609,"date":"2018-04-25T13:59:52","date_gmt":"2018-04-25T11:59:52","guid":{"rendered":"http:\/\/agora.xtec.cat\/escgueraudepeguera\/?page_id=609"},"modified":"2019-02-12T13:56:26","modified_gmt":"2019-02-12T12:56:26","slug":"tertulies-literaries","status":"publish","type":"page","link":"https:\/\/agora.xtec.cat\/escgueraudepeguera\/tertulies-literaries\/","title":{"rendered":"Tert\u00falies Liter\u00e0ries"},"content":{"rendered":"<p>Al Guerau ens agrada llegir.<\/p>\n<p>Els llibres ens obren les portes de la imaginaci\u00f3, ens acompanyen a llocs i temps llunyans, ens fan viure aventures i decobrir emocions amgades&#8230;<\/p>\n<p>&#8220;PeR ViaTJAr LluNY, No Hi Ha MiLLor nAu QuE uN LLiBrE&#8221; EmiLy DiCkinSoN<\/p>\n<p><a href=\"https:\/\/agora.xtec.cat\/escgueraudepeguera\/wp-content\/uploads\/usu1788\/2018\/11\/TERT\u00daLIES-DIAL\u00d2GIQUES.pdf\">TERT\u00daLIES\u00a0<\/a><a href=\"https:\/\/agora.xtec.cat\/escgueraudepeguera\/wp-content\/uploads\/usu1788\/2018\/11\/TERT\u00daLIES-DIAL\u00d2GIQUES.pdf\">DIAL\u00d2GIQUES<\/a><\/p>\n<p><a href=\"https:\/\/agora.xtec.cat\/escgueraudepeguera\/wp-content\/uploads\/usu1788\/2018\/11\/Annex-I-PDF-Tert\u00falies-liter\u00e0ries-dial\u00f2giques..pdf\">Annex I -PDF Tert\u00falies liter\u00e0ries dial\u00f2giques.<\/a><\/p>\n<p><a href=\"https:\/\/agora.xtec.cat\/escgueraudepeguera\/wp-content\/uploads\/usu1788\/2018\/11\/Annex-II-PDF-R\u00fabrica-tert\u00falies.pdf\">Annex II -PDF R\u00fabrica tert\u00falies<\/a><\/p>\n<p><iframe loading=\"lazy\" title=\"tert\u00falies\" width=\"500\" height=\"281\" src=\"https:\/\/www.youtube.com\/embed\/5tZaPMXz8Q8?feature=oembed\" frameborder=\"0\" allow=\"accelerometer; autoplay; clipboard-write; encrypted-media; gyroscope; picture-in-picture; web-share\" referrerpolicy=\"strict-origin-when-cross-origin\" allowfullscreen><\/iframe><\/p>\n<p>&nbsp;<\/p>\n<p>&nbsp;<\/p>\n","protected":false},"excerpt":{"rendered":"<p>Al Guerau ens agrada llegir.<br \/>\nEls llibres ens obren les portes de la imaginaci\u00f3, ens acompanyen a llocs i temps llunyans, ens fan viure aventures i decobrir emocions amgades&#8230;<br \/>\n&#8220;PeR ViaTJAr LluNY, No Hi Ha MiLLor nAu QuE uN LLiBrE&#8221; EmiLy DiCkinSoN<br \/>\n<a href=\"https:\/\/agora.xtec.cat\/escgueraudepeguera\/wp-content\/uploads\/usu1788\/2018\/11\/TERT\u00daLIES-DIAL\u00d2GIQUES.pdf\">TERT\u00daLIES\u00a0<\/a><a href=\"https:\/\/agora.xtec.cat\/escgueraudepeguera\/wp-content\/uploads\/usu1788\/2018\/11\/TERT\u00daLIES-DIAL\u00d2GIQUES.pdf\">DIAL\u00d2GIQUES<\/a><br \/>\n<a href=\"https:\/\/agora.xtec.cat\/escgueraudepeguera\/wp-content\/uploads\/usu1788\/2018\/11\/Annex-I-PDF-Tert\u00falies-liter\u00e0ries-dial\u00f2giques..pdf\">Annex I -PDF&hellip;  <a href=\"https:\/\/agora.xtec.cat\/escgueraudepeguera\/tertulies-literaries\/\" title=\"Read Tert\u00falies Liter\u00e0ries\">Llegeix m\u00e9s\u00bb<\/a><\/p>\n","protected":false},"author":1,"featured_media":0,"parent":0,"menu_order":0,"comment_status":"closed","ping_status":"closed","template":"","meta":{"_bbp_topic_count":0,"_bbp_reply_count":0,"_bbp_total_topic_count":0,"_bbp_total_reply_count":0,"_bbp_voice_count":0,"_bbp_anonymous_reply_count":0,"_bbp_topic_count_hidden":0,"_bbp_reply_count_hidden":0,"_bbp_forum_subforum_count":0,"footnotes":""},"class_list":["post-609","page","type-page","status-publish","hentry"],"post_mailing_queue_ids":[],"_links":{"self":[{"href":"https:\/\/agora.xtec.cat\/escgueraudepeguera\/wp-json\/wp\/v2\/pages\/609","targetHints":{"allow":["GET"]}}],"collection":[{"href":"https:\/\/agora.xtec.cat\/escgueraudepeguera\/wp-json\/wp\/v2\/pages"}],"about":[{"href":"https:\/\/agora.xtec.cat\/escgueraudepeguera\/wp-json\/wp\/v2\/types\/page"}],"author":[{"embeddable":true,"href":"https:\/\/agora.xtec.cat\/escgueraudepeguera\/wp-json\/wp\/v2\/users\/1"}],"replies":[{"embeddable":true,"href":"https:\/\/agora.xtec.cat\/escgueraudepeguera\/wp-json\/wp\/v2\/comments?post=609"}],"version-history":[{"count":4,"href":"https:\/\/agora.xtec.cat\/escgueraudepeguera\/wp-json\/wp\/v2\/pages\/609\/revisions"}],"predecessor-version":[{"id":1136,"href":"https:\/\/agora.xtec.cat\/escgueraudepeguera\/wp-json\/wp\/v2\/pages\/609\/revisions\/1136"}],"wp:attachment":[{"href":"https:\/\/agora.xtec.cat\/escgueraudepeguera\/wp-json\/wp\/v2\/media?parent=609"}],"curies":[{"name":"wp","href":"https:\/\/api.w.org\/{rel}","templated":true}]}}