{"id":607,"date":"2018-04-25T13:59:52","date_gmt":"2018-04-25T11:59:52","guid":{"rendered":"http:\/\/agora.xtec.cat\/escgueraudepeguera\/?page_id=607"},"modified":"2019-02-12T13:14:16","modified_gmt":"2019-02-12T12:14:16","slug":"matematiques-manipulatives","status":"publish","type":"page","link":"https:\/\/agora.xtec.cat\/escgueraudepeguera\/matematiques-manipulatives\/","title":{"rendered":"Matem\u00e0tiques Manipulatives"},"content":{"rendered":"<p>La programaci\u00f3 de les compet\u00e8ncies matem\u00e0tiques en tallers que es realitzen a l\u2019escola estan destinats als alumnes d\u2019educaci\u00f3 Prim\u00e0ria amb l\u2019objectiu de rebaixar la r\u00e0tio i respectar la diversitat.<\/p>\n<p>La seq\u00fcenciaci\u00f3 en tallers pret\u00e9n que els alumnes, de manera significativa i competencial, descobreixin i assoleixin els continguts propis d\u2019aquesta \u00e0rea a trav\u00e9s de la manipulaci\u00f3 de diferents recursos i materials, com ara jocs de taula,&#8230;. Aquests materials han estat creats pels mestres i\/o comprats.<\/p>\n<p>Els tallers matem\u00e0tics es realitzen en dues sessions a la setmana d\u2019una durada d\u2019hora i mitja cada una.<\/p>\n<p>Aquests tallers s\u00f3n intercicle, on es barregen els alumnes de les dues classes que conformen el cicle i es fan tres grups. Per dur a terme aquests tallers es disposa de tres espais diferents, un per cada grup, amb un mestre responsable a cadascun i on es realitzen les mateixes propostes d\u2019activitats.<\/p>\n<p>A cada espai hi ha varietat de propostes, d&#8217;entre les quals n&#8217;hi ha que s\u00f3n obligat\u00f2ries. Els infants al llarg del mes poder realitzar les propostes que desitgin, respectant sempre l&#8217;obligatorietat de tasques. En aquestes activitats es treballen continguts de tots els blocs matem\u00e0tics: c\u00e0lcul, numeraci\u00f3, forma i espai, mesura, estad\u00edstica i probabilitat i relacions i canvi.<\/p>\n<p>A l\u2019hora de realitzar les diverses activitats, aquestes poden ser per treballar de manera individual, en parelles o en petit grup.<\/p>\n<p>Finalment i per tal de fer un seguiment de les activitats i poder fer una avaluaci\u00f3 cont\u00ednua, cada taller t\u00e9 una activitat per recollir les evid\u00e8ncies de la feina realitzada. Aquesta activitat de recull pot ser, una fitxa que es va omplint mentre es fa el taller o una foto del resultat final d\u2019aquesta activitat.<\/p>\n\r\n\t<div class=\"slideshow_container slideshow_container_style-light\" style=\" \" data-slideshow-id=\"969\" data-style-name=\"style-light\" data-style-version=\"2.3.1\" >\r\n\r\n\t\t\t\t\t<div class=\"slideshow_loading_icon\"><\/div>\r\n\t\t\r\n\t\t<div class=\"slideshow_content\" style=\"display: none;\">\r\n\r\n\t\t\t<div class=\"slideshow_view\">\r\n\t\t\t\t<div class=\"slideshow_slide slideshow_slide_image\">\r\n\t\t\t\t\t\t\t\t\t\t\t<img src=\"https:\/\/agora.xtec.cat\/escgueraudepeguera\/wp-content\/uploads\/usu1788\/2019\/01\/IMG180101-000844F.jpg\" alt=\"IMG180101-000844F\" width=\"4352\" height=\"3264\" \/>\r\n\t\t\t\t\t\t\t\t\t\t<div class=\"slideshow_description_box slideshow_transparent\">\r\n\t\t\t\t\t\t<div class=\"slideshow_title\">IMG180101-000844F<\/div>\t\t\t\t\t\t\t\t\t\t\t<\/div>\r\n\t\t\t\t<\/div>\r\n\r\n\t\t\t\t\t\t<div style=\"clear: both;\"><\/div><\/div><div class=\"slideshow_view\">\r\n\t\t\t\t<div class=\"slideshow_slide slideshow_slide_image\">\r\n\t\t\t\t\t\t\t\t\t\t\t<img src=\"https:\/\/agora.xtec.cat\/escgueraudepeguera\/wp-content\/uploads\/usu1788\/2019\/01\/IMG180101-000901F.jpg\" alt=\"IMG180101-000901F\" width=\"4352\" height=\"3264\" \/>\r\n\t\t\t\t\t\t\t\t\t\t<div class=\"slideshow_description_box slideshow_transparent\">\r\n\t\t\t\t\t\t<div class=\"slideshow_title\">IMG180101-000901F<\/div>\t\t\t\t\t\t\t\t\t\t\t<\/div>\r\n\t\t\t\t<\/div>\r\n\r\n\t\t\t\t\t\t<div style=\"clear: both;\"><\/div><\/div><div class=\"slideshow_view\">\r\n\t\t\t\t<div class=\"slideshow_slide slideshow_slide_image\">\r\n\t\t\t\t\t\t\t\t\t\t\t<img src=\"https:\/\/agora.xtec.cat\/escgueraudepeguera\/wp-content\/uploads\/usu1788\/2019\/01\/IMG180101-000934F.jpg\" alt=\"IMG180101-000934F\" width=\"4352\" height=\"3264\" \/>\r\n\t\t\t\t\t\t\t\t\t\t<div class=\"slideshow_description_box slideshow_transparent\">\r\n\t\t\t\t\t\t<div class=\"slideshow_title\">IMG180101-000934F<\/div>\t\t\t\t\t\t\t\t\t\t\t<\/div>\r\n\t\t\t\t<\/div>\r\n\r\n\t\t\t\t\t\t<div style=\"clear: both;\"><\/div><\/div><div class=\"slideshow_view\">\r\n\t\t\t\t<div class=\"slideshow_slide slideshow_slide_image\">\r\n\t\t\t\t\t\t\t\t\t\t\t<img src=\"https:\/\/agora.xtec.cat\/escgueraudepeguera\/wp-content\/uploads\/usu1788\/2019\/01\/IMG180101-000952F.jpg\" alt=\"IMG180101-000952F\" width=\"4352\" height=\"3264\" \/>\r\n\t\t\t\t\t\t\t\t\t\t<div class=\"slideshow_description_box slideshow_transparent\">\r\n\t\t\t\t\t\t<div class=\"slideshow_title\">IMG180101-000952F<\/div>\t\t\t\t\t\t\t\t\t\t\t<\/div>\r\n\t\t\t\t<\/div>\r\n\r\n\t\t\t\t\t\t<div style=\"clear: both;\"><\/div><\/div><div class=\"slideshow_view\">\r\n\t\t\t\t<div class=\"slideshow_slide slideshow_slide_image\">\r\n\t\t\t\t\t\t\t\t\t\t\t<img src=\"https:\/\/agora.xtec.cat\/escgueraudepeguera\/wp-content\/uploads\/usu1788\/2019\/01\/IMG180101-000947F.jpg\" alt=\"IMG180101-000947F\" width=\"4352\" height=\"3264\" \/>\r\n\t\t\t\t\t\t\t\t\t\t<div class=\"slideshow_description_box slideshow_transparent\">\r\n\t\t\t\t\t\t<div class=\"slideshow_title\">IMG180101-000947F<\/div>\t\t\t\t\t\t\t\t\t\t\t<\/div>\r\n\t\t\t\t<\/div>\r\n\r\n\t\t\t\t\t\t<div style=\"clear: both;\"><\/div><\/div>\r\n\t\t<\/div>\r\n\r\n\t\t<div class=\"slideshow_controlPanel slideshow_transparent\" style=\"display: none;\"><ul><li class=\"slideshow_togglePlay\" data-play-text=\"Visualitza\" data-pause-text=\"Pausa\"><\/li><\/ul><\/div>\r\n\r\n\t\t<div class=\"slideshow_button slideshow_previous slideshow_transparent\" role=\"button\" data-previous-text=\"Anterior\" style=\"display: none;\"><\/div>\r\n\t\t<div class=\"slideshow_button slideshow_next slideshow_transparent\" role=\"button\" data-next-text=\"Seg\u00fcent\" style=\"display: none;\"><\/div>\r\n\r\n\t\t<div class=\"slideshow_pagination\" style=\"display: none;\" data-go-to-text=\"V\u00e9s a la diapositiva\"><div class=\"slideshow_pagination_center\"><\/div><\/div>\r\n\r\n\t\t<!-- WordPress Slideshow Version 2.3.1 -->\r\n\r\n\t\t\t<\/div>\r\n\r\n\n","protected":false},"excerpt":{"rendered":"<p>La programaci\u00f3 de les compet\u00e8ncies matem\u00e0tiques en tallers que es realitzen a l\u2019escola estan destinats als alumnes d\u2019educaci\u00f3 Prim\u00e0ria amb l\u2019objectiu de rebaixar la r\u00e0tio i respectar la diversitat.<br \/>\nLa seq\u00fcenciaci\u00f3 en tallers pret\u00e9n que els alumnes, de manera significativa i competencial, descobreixin i assoleixin els&hellip;  <a href=\"https:\/\/agora.xtec.cat\/escgueraudepeguera\/matematiques-manipulatives\/\" title=\"Read Matem\u00e0tiques Manipulatives\">Llegeix m\u00e9s\u00bb<\/a><\/p>\n","protected":false},"author":1,"featured_media":0,"parent":0,"menu_order":0,"comment_status":"closed","ping_status":"closed","template":"","meta":{"_bbp_topic_count":0,"_bbp_reply_count":0,"_bbp_total_topic_count":0,"_bbp_total_reply_count":0,"_bbp_voice_count":0,"_bbp_anonymous_reply_count":0,"_bbp_topic_count_hidden":0,"_bbp_reply_count_hidden":0,"_bbp_forum_subforum_count":0,"footnotes":""},"class_list":["post-607","page","type-page","status-publish","hentry"],"post_mailing_queue_ids":[],"_links":{"self":[{"href":"https:\/\/agora.xtec.cat\/escgueraudepeguera\/wp-json\/wp\/v2\/pages\/607","targetHints":{"allow":["GET"]}}],"collection":[{"href":"https:\/\/agora.xtec.cat\/escgueraudepeguera\/wp-json\/wp\/v2\/pages"}],"about":[{"href":"https:\/\/agora.xtec.cat\/escgueraudepeguera\/wp-json\/wp\/v2\/types\/page"}],"author":[{"embeddable":true,"href":"https:\/\/agora.xtec.cat\/escgueraudepeguera\/wp-json\/wp\/v2\/users\/1"}],"replies":[{"embeddable":true,"href":"https:\/\/agora.xtec.cat\/escgueraudepeguera\/wp-json\/wp\/v2\/comments?post=607"}],"version-history":[{"count":3,"href":"https:\/\/agora.xtec.cat\/escgueraudepeguera\/wp-json\/wp\/v2\/pages\/607\/revisions"}],"predecessor-version":[{"id":1098,"href":"https:\/\/agora.xtec.cat\/escgueraudepeguera\/wp-json\/wp\/v2\/pages\/607\/revisions\/1098"}],"wp:attachment":[{"href":"https:\/\/agora.xtec.cat\/escgueraudepeguera\/wp-json\/wp\/v2\/media?parent=607"}],"curies":[{"name":"wp","href":"https:\/\/api.w.org\/{rel}","templated":true}]}}