{"id":606,"date":"2018-04-25T13:59:52","date_gmt":"2018-04-25T11:59:52","guid":{"rendered":"http:\/\/agora.xtec.cat\/escgueraudepeguera\/?page_id=606"},"modified":"2019-02-13T20:44:15","modified_gmt":"2019-02-13T19:44:15","slug":"ambients-a-ei","status":"publish","type":"page","link":"https:\/\/agora.xtec.cat\/escgueraudepeguera\/ambients-a-ei\/","title":{"rendered":"Ambients a EI"},"content":{"rendered":"<p>Des de fa 3 anys, hem iniciat un canvi metodol\u00f2gic a l&#8217;Educaci\u00f3 Infantil. Aquest est\u00e0 centrat en l\u2019infant per tal que pugui tenir un aprenentatge significatiu i vivencial.<\/p>\n<p>Els ambients s\u00f3n espais preparats pels mestres, amb gran quantitat i diversitat de materials, en un ambient acollidor que permet als infants construir els seus propis aprenentatges a partir del joc, l\u2019experimentaci\u00f3 i el treball cooperatiu sense necessitat de la directivitat de l\u2019adult.<\/p>\n<p>El paper de l\u2019adult \u00e9s de facilitador i impulsor dels processos de construcci\u00f3 personal i interacci\u00f3 social de l\u2019alumnat. Observa als infants i en fa documentaci\u00f3 per tal de poder avaluar els processos d\u2019aprenentatge.<\/p>\n<p>Respectem sempre els diferents moments maduratius i els interessos dels infants, permetent i entenent les intel\u00b7lig\u00e8ncies m\u00faltiples que s\u2019esdevenen a l\u2019ambient.<\/p>\n<p>Els ambients fomenten l\u2019autonomia de l\u2019infant, l\u2019esperit cr\u00edtic, el respecte a la diversitat de ritmes i espais, l\u2019aprenentatge i interacci\u00f3 entre iguals, ja que es fan en agrupacions flexibles i internivells (els infants de p3 p4 i p5 es barregen en els diferents ambients disponibles) deixant que siguin els infants qui escullen volunt\u00e0riament l\u2019ambient al que volen anar. Aquests s\u00f3n de lliure circulaci\u00f3.<\/p>\n<p>Els ambients es realitzen a diari en una sessi\u00f3 d\u20191h\u201930m despr\u00e9s del pati. Finalitzen en una assemblea amb el seu grup de refer\u00e8ncia on es comparteixen les diferents experi\u00e8ncies viscudes.<\/p>\n<p>Els ambients dels que disposem s\u00f3n: petits artistes, experimentaci\u00f3, arquitectes, joc simb\u00f2lic i moviment.<\/p>\n<p>Tamb\u00e9 es fan per\u00f2 a nivell grupal, ambient de llengua i mates, tot i que hi ha aspectes que es treballen simult\u00e0niament als diferents ambients.<\/p>\n<p><a href=\"https:\/\/photos.app.goo.gl\/D5c7X5yCooym8NEf9\">AQU\u00cd TENIU UN RECULL D&#8217;IMATGES<\/a><\/p>\n<p><a href=\"https:\/\/photos.app.goo.gl\/D5c7X5yCooym8NEf9\"><img loading=\"lazy\" decoding=\"async\" class=\"alignnone size-large wp-image-536\" src=\"https:\/\/agora.xtec.cat\/escgueraudepeguera\/wp-content\/uploads\/usu1788\/2017\/11\/IMG_8367-1024x768.jpg\" alt=\"\" width=\"1024\" height=\"768\" srcset=\"https:\/\/agora.xtec.cat\/escgueraudepeguera\/wp-content\/uploads\/usu1788\/2017\/11\/IMG_8367.jpg 1024w, https:\/\/agora.xtec.cat\/escgueraudepeguera\/wp-content\/uploads\/usu1788\/2017\/11\/IMG_8367-300x225.jpg 300w, https:\/\/agora.xtec.cat\/escgueraudepeguera\/wp-content\/uploads\/usu1788\/2017\/11\/IMG_8367-768x576.jpg 768w, https:\/\/agora.xtec.cat\/escgueraudepeguera\/wp-content\/uploads\/usu1788\/2017\/11\/IMG_8367-200x150.jpg 200w\" sizes=\"auto, (max-width: 1024px) 100vw, 1024px\" \/><\/a><\/p>\n","protected":false},"excerpt":{"rendered":"<p>Des de fa 3 anys, hem iniciat un canvi metodol\u00f2gic a l&#8217;Educaci\u00f3 Infantil. Aquest est\u00e0 centrat en l\u2019infant per tal que pugui tenir un aprenentatge significatiu i vivencial.<br \/>\nEls ambients s\u00f3n espais preparats pels mestres, amb gran quantitat i diversitat de materials, en un ambient acollidor&hellip;  <a href=\"https:\/\/agora.xtec.cat\/escgueraudepeguera\/ambients-a-ei\/\" title=\"Read Ambients a EI\">Llegeix m\u00e9s\u00bb<\/a><\/p>\n","protected":false},"author":1,"featured_media":0,"parent":0,"menu_order":0,"comment_status":"closed","ping_status":"closed","template":"","meta":{"_bbp_topic_count":0,"_bbp_reply_count":0,"_bbp_total_topic_count":0,"_bbp_total_reply_count":0,"_bbp_voice_count":0,"_bbp_anonymous_reply_count":0,"_bbp_topic_count_hidden":0,"_bbp_reply_count_hidden":0,"_bbp_forum_subforum_count":0,"footnotes":""},"class_list":["post-606","page","type-page","status-publish","hentry"],"post_mailing_queue_ids":[],"_links":{"self":[{"href":"https:\/\/agora.xtec.cat\/escgueraudepeguera\/wp-json\/wp\/v2\/pages\/606","targetHints":{"allow":["GET"]}}],"collection":[{"href":"https:\/\/agora.xtec.cat\/escgueraudepeguera\/wp-json\/wp\/v2\/pages"}],"about":[{"href":"https:\/\/agora.xtec.cat\/escgueraudepeguera\/wp-json\/wp\/v2\/types\/page"}],"author":[{"embeddable":true,"href":"https:\/\/agora.xtec.cat\/escgueraudepeguera\/wp-json\/wp\/v2\/users\/1"}],"replies":[{"embeddable":true,"href":"https:\/\/agora.xtec.cat\/escgueraudepeguera\/wp-json\/wp\/v2\/comments?post=606"}],"version-history":[{"count":3,"href":"https:\/\/agora.xtec.cat\/escgueraudepeguera\/wp-json\/wp\/v2\/pages\/606\/revisions"}],"predecessor-version":[{"id":859,"href":"https:\/\/agora.xtec.cat\/escgueraudepeguera\/wp-json\/wp\/v2\/pages\/606\/revisions\/859"}],"wp:attachment":[{"href":"https:\/\/agora.xtec.cat\/escgueraudepeguera\/wp-json\/wp\/v2\/media?parent=606"}],"curies":[{"name":"wp","href":"https:\/\/api.w.org\/{rel}","templated":true}]}}