{"id":605,"date":"2018-04-25T13:59:52","date_gmt":"2018-04-25T11:59:52","guid":{"rendered":"http:\/\/agora.xtec.cat\/escgueraudepeguera\/?page_id=605"},"modified":"2021-10-07T13:59:46","modified_gmt":"2021-10-07T11:59:46","slug":"p-e-in-english","status":"publish","type":"page","link":"https:\/\/agora.xtec.cat\/escgueraudepeguera\/p-e-in-english\/","title":{"rendered":"Art in English"},"content":{"rendered":"<p>A l&#8217;escola fem l&#8217;Educaci\u00f3 Art\u00edstica de prim\u00e0ria en dues lleng\u00fces simult\u00e0niament. El catal\u00e0 i l&#8217;angl\u00e8s. Amb l&#8217;objectiu de millorar la compet\u00e8ncia del nostre alumnat en aquesta llengua.<\/p>\n<p>&nbsp;<\/p>\n<p>&nbsp;<\/p>\n","protected":false},"excerpt":{"rendered":"<p>A l&#8217;escola fem l&#8217;Educaci\u00f3 Art\u00edstica de prim\u00e0ria en dues lleng\u00fces simult\u00e0niament. El catal\u00e0 i l&#8217;angl\u00e8s. Amb l&#8217;objectiu de millorar la compet\u00e8ncia del nostre alumnat en aquesta llengua.<br \/>\n&nbsp;<br \/>\n&nbsp;<\/p>\n","protected":false},"author":1,"featured_media":0,"parent":0,"menu_order":0,"comment_status":"closed","ping_status":"closed","template":"","meta":{"_bbp_topic_count":0,"_bbp_reply_count":0,"_bbp_total_topic_count":0,"_bbp_total_reply_count":0,"_bbp_voice_count":0,"_bbp_anonymous_reply_count":0,"_bbp_topic_count_hidden":0,"_bbp_reply_count_hidden":0,"_bbp_forum_subforum_count":0,"footnotes":""},"class_list":["post-605","page","type-page","status-publish","hentry"],"post_mailing_queue_ids":[],"_links":{"self":[{"href":"https:\/\/agora.xtec.cat\/escgueraudepeguera\/wp-json\/wp\/v2\/pages\/605","targetHints":{"allow":["GET"]}}],"collection":[{"href":"https:\/\/agora.xtec.cat\/escgueraudepeguera\/wp-json\/wp\/v2\/pages"}],"about":[{"href":"https:\/\/agora.xtec.cat\/escgueraudepeguera\/wp-json\/wp\/v2\/types\/page"}],"author":[{"embeddable":true,"href":"https:\/\/agora.xtec.cat\/escgueraudepeguera\/wp-json\/wp\/v2\/users\/1"}],"replies":[{"embeddable":true,"href":"https:\/\/agora.xtec.cat\/escgueraudepeguera\/wp-json\/wp\/v2\/comments?post=605"}],"version-history":[{"count":4,"href":"https:\/\/agora.xtec.cat\/escgueraudepeguera\/wp-json\/wp\/v2\/pages\/605\/revisions"}],"predecessor-version":[{"id":7041,"href":"https:\/\/agora.xtec.cat\/escgueraudepeguera\/wp-json\/wp\/v2\/pages\/605\/revisions\/7041"}],"wp:attachment":[{"href":"https:\/\/agora.xtec.cat\/escgueraudepeguera\/wp-json\/wp\/v2\/media?parent=605"}],"curies":[{"name":"wp","href":"https:\/\/api.w.org\/{rel}","templated":true}]}}