{"id":603,"date":"2018-04-25T13:59:52","date_gmt":"2018-04-25T11:59:52","guid":{"rendered":"http:\/\/agora.xtec.cat\/escgueraudepeguera\/?page_id=603"},"modified":"2019-05-21T13:20:33","modified_gmt":"2019-05-21T11:20:33","slug":"parlem-ne","status":"publish","type":"page","link":"https:\/\/agora.xtec.cat\/escgueraudepeguera\/parlem-ne\/","title":{"rendered":"Parlem-ne"},"content":{"rendered":"<p>S\u00f3n espais de resoluci\u00f3 positiva de conflictes ubicats a les zones comunes amb els referents visuals que guien el proc\u00e9s, a partir del llenguatge del jo i t\u00e8cniques de la mediaci\u00f3.<\/p>\n<p><iframe loading=\"lazy\" title=\"projecte parlem ne amb subtitols\" width=\"500\" height=\"281\" src=\"https:\/\/www.youtube.com\/embed\/Bm-LUCqJjJs?feature=oembed\" frameborder=\"0\" allow=\"accelerometer; autoplay; clipboard-write; encrypted-media; gyroscope; picture-in-picture; web-share\" referrerpolicy=\"strict-origin-when-cross-origin\" allowfullscreen><\/iframe><\/p>\n<p><iframe loading=\"lazy\" title=\"power 1 parlem ne\" width=\"500\" height=\"375\" src=\"https:\/\/www.youtube.com\/embed\/VQZtQxi7MMg?feature=oembed\" frameborder=\"0\" allow=\"accelerometer; autoplay; clipboard-write; encrypted-media; gyroscope; picture-in-picture; web-share\" referrerpolicy=\"strict-origin-when-cross-origin\" allowfullscreen><\/iframe><\/p>\n<p><iframe loading=\"lazy\" title=\"parlem ne\" width=\"500\" height=\"375\" src=\"https:\/\/www.youtube.com\/embed\/OXtSaEz0fuU?feature=oembed\" frameborder=\"0\" allow=\"accelerometer; autoplay; clipboard-write; encrypted-media; gyroscope; picture-in-picture; web-share\" referrerpolicy=\"strict-origin-when-cross-origin\" allowfullscreen><\/iframe><\/p>\n<p>A les aules d\u2019educaci\u00f3\u00a0 infantil la resoluci\u00f3 positiva de conflictes es basa en el conte \u201cLa Tortuga s\u00e0via\u201d on els petits comencen a aprendre a parar, respirar i identificar les seves emocions. A continuaci\u00f3 podeu veure els referents del conte.<\/p>\n<p><iframe loading=\"lazy\" title=\"tortuga savia\" width=\"500\" height=\"375\" src=\"https:\/\/www.youtube.com\/embed\/zcZqu3n3Y54?feature=oembed\" frameborder=\"0\" allow=\"accelerometer; autoplay; clipboard-write; encrypted-media; gyroscope; picture-in-picture; web-share\" referrerpolicy=\"strict-origin-when-cross-origin\" allowfullscreen><\/iframe><\/p>\n","protected":false},"excerpt":{"rendered":"<p>S\u00f3n espais de resoluci\u00f3 positiva de conflictes ubicats a les zones comunes amb els referents visuals que guien el proc\u00e9s, a partir del llenguatge del jo i t\u00e8cniques de la mediaci\u00f3.<\/p>\n<p>A les aules d\u2019educaci\u00f3\u00a0 infantil la resoluci\u00f3 positiva de conflictes es basa en el conte&hellip;  <a href=\"https:\/\/agora.xtec.cat\/escgueraudepeguera\/parlem-ne\/\" title=\"Read Parlem-ne\">Llegeix m\u00e9s\u00bb<\/a><\/p>\n","protected":false},"author":1,"featured_media":0,"parent":0,"menu_order":0,"comment_status":"closed","ping_status":"closed","template":"","meta":{"_bbp_topic_count":0,"_bbp_reply_count":0,"_bbp_total_topic_count":0,"_bbp_total_reply_count":0,"_bbp_voice_count":0,"_bbp_anonymous_reply_count":0,"_bbp_topic_count_hidden":0,"_bbp_reply_count_hidden":0,"_bbp_forum_subforum_count":0,"footnotes":""},"class_list":["post-603","page","type-page","status-publish","hentry"],"post_mailing_queue_ids":[],"_links":{"self":[{"href":"https:\/\/agora.xtec.cat\/escgueraudepeguera\/wp-json\/wp\/v2\/pages\/603","targetHints":{"allow":["GET"]}}],"collection":[{"href":"https:\/\/agora.xtec.cat\/escgueraudepeguera\/wp-json\/wp\/v2\/pages"}],"about":[{"href":"https:\/\/agora.xtec.cat\/escgueraudepeguera\/wp-json\/wp\/v2\/types\/page"}],"author":[{"embeddable":true,"href":"https:\/\/agora.xtec.cat\/escgueraudepeguera\/wp-json\/wp\/v2\/users\/1"}],"replies":[{"embeddable":true,"href":"https:\/\/agora.xtec.cat\/escgueraudepeguera\/wp-json\/wp\/v2\/comments?post=603"}],"version-history":[{"count":4,"href":"https:\/\/agora.xtec.cat\/escgueraudepeguera\/wp-json\/wp\/v2\/pages\/603\/revisions"}],"predecessor-version":[{"id":1350,"href":"https:\/\/agora.xtec.cat\/escgueraudepeguera\/wp-json\/wp\/v2\/pages\/603\/revisions\/1350"}],"wp:attachment":[{"href":"https:\/\/agora.xtec.cat\/escgueraudepeguera\/wp-json\/wp\/v2\/media?parent=603"}],"curies":[{"name":"wp","href":"https:\/\/api.w.org\/{rel}","templated":true}]}}