{"id":601,"date":"2018-04-25T13:59:52","date_gmt":"2018-04-25T11:59:52","guid":{"rendered":"http:\/\/agora.xtec.cat\/escgueraudepeguera\/?page_id=601"},"modified":"2019-02-06T13:56:48","modified_gmt":"2019-02-06T12:56:48","slug":"convivencia","status":"publish","type":"page","link":"https:\/\/agora.xtec.cat\/escgueraudepeguera\/convivencia\/","title":{"rendered":"Conviv\u00e8ncia"},"content":{"rendered":"<p>La conviv\u00e8ncia a la nostra escola \u00e9s un dels pilars en els que es fonamenta l\u2019acci\u00f3 educativa. Parteix d\u2019una visi\u00f3 centrada en les relacions positives entre tots els membres de la comunitat escolar. Donem import\u00e0ncia a una comunicaci\u00f3 que promou l\u2019escolta activa per comprendre la realitat des de l\u2019educaci\u00f3 emocional. La visi\u00f3 principal de la conviv\u00e8ncia \u00e9s sentir-nos tots <em>gueraus<\/em>, fent grup, trobant l\u2019ajuda quan \u00e9s necessari i acompanyant-nos en els processos personals i familiars. Per aix\u00f2 proposem una vinculaci\u00f3 afectiva entre l\u2019alumnat i el professorat, on es troben a mig cam\u00ed el respecte mutu i la confian\u00e7a,\u00a0 per construir realitats compartides. Impulsem una\u00a0 participaci\u00f3 activa de la comunitat escolar, amb un resoluci\u00f3 creativa dels conflictes que promou la conviv\u00e8ncia pac\u00edfica de tots els seus membres. Les eines per aconseguir-ho s\u00f3n: el projecte de conviv\u00e8ncia, l\u2019\u00e0rea de valors, les activitats dirigides a les fam\u00edlies, l\u2019espai \u201cParlem-ne\u201d i l\u2019espai \u201cEscolta\u2019m\u201d.<\/p>\n<p><a href=\"https:\/\/agora.xtec.cat\/escgueraudepeguera\/wp-content\/uploads\/usu1788\/2019\/02\/1PORTADA-CONVIV\u00c8NCIA.jpg\"><img loading=\"lazy\" decoding=\"async\" class=\"alignnone size-large wp-image-1078\" src=\"https:\/\/agora.xtec.cat\/escgueraudepeguera\/wp-content\/uploads\/usu1788\/2019\/02\/1PORTADA-CONVIV\u00c8NCIA-1024x558.jpg\" alt=\"\" width=\"1024\" height=\"558\" srcset=\"https:\/\/agora.xtec.cat\/escgueraudepeguera\/wp-content\/uploads\/usu1788\/2019\/02\/1PORTADA-CONVIV\u00c8NCIA-1024x558.jpg 1024w, https:\/\/agora.xtec.cat\/escgueraudepeguera\/wp-content\/uploads\/usu1788\/2019\/02\/1PORTADA-CONVIV\u00c8NCIA-300x164.jpg 300w, https:\/\/agora.xtec.cat\/escgueraudepeguera\/wp-content\/uploads\/usu1788\/2019\/02\/1PORTADA-CONVIV\u00c8NCIA-768x419.jpg 768w\" sizes=\"auto, (max-width: 1024px) 100vw, 1024px\" \/><\/a><\/p>\n","protected":false},"excerpt":{"rendered":"<p>La conviv\u00e8ncia a la nostra escola \u00e9s un dels pilars en els que es fonamenta l\u2019acci\u00f3 educativa. Parteix d\u2019una visi\u00f3 centrada en les relacions positives entre tots els membres de la comunitat escolar. Donem import\u00e0ncia a una comunicaci\u00f3 que promou l\u2019escolta activa per comprendre la&hellip;  <a href=\"https:\/\/agora.xtec.cat\/escgueraudepeguera\/convivencia\/\" title=\"Read Conviv\u00e8ncia\">Llegeix m\u00e9s\u00bb<\/a><\/p>\n","protected":false},"author":1,"featured_media":0,"parent":0,"menu_order":0,"comment_status":"closed","ping_status":"closed","template":"","meta":{"_bbp_topic_count":0,"_bbp_reply_count":0,"_bbp_total_topic_count":0,"_bbp_total_reply_count":0,"_bbp_voice_count":0,"_bbp_anonymous_reply_count":0,"_bbp_topic_count_hidden":0,"_bbp_reply_count_hidden":0,"_bbp_forum_subforum_count":0,"footnotes":""},"class_list":["post-601","page","type-page","status-publish","hentry"],"post_mailing_queue_ids":[],"_links":{"self":[{"href":"https:\/\/agora.xtec.cat\/escgueraudepeguera\/wp-json\/wp\/v2\/pages\/601","targetHints":{"allow":["GET"]}}],"collection":[{"href":"https:\/\/agora.xtec.cat\/escgueraudepeguera\/wp-json\/wp\/v2\/pages"}],"about":[{"href":"https:\/\/agora.xtec.cat\/escgueraudepeguera\/wp-json\/wp\/v2\/types\/page"}],"author":[{"embeddable":true,"href":"https:\/\/agora.xtec.cat\/escgueraudepeguera\/wp-json\/wp\/v2\/users\/1"}],"replies":[{"embeddable":true,"href":"https:\/\/agora.xtec.cat\/escgueraudepeguera\/wp-json\/wp\/v2\/comments?post=601"}],"version-history":[{"count":3,"href":"https:\/\/agora.xtec.cat\/escgueraudepeguera\/wp-json\/wp\/v2\/pages\/601\/revisions"}],"predecessor-version":[{"id":1079,"href":"https:\/\/agora.xtec.cat\/escgueraudepeguera\/wp-json\/wp\/v2\/pages\/601\/revisions\/1079"}],"wp:attachment":[{"href":"https:\/\/agora.xtec.cat\/escgueraudepeguera\/wp-json\/wp\/v2\/media?parent=601"}],"curies":[{"name":"wp","href":"https:\/\/api.w.org\/{rel}","templated":true}]}}