{"id":598,"date":"2018-04-25T13:59:52","date_gmt":"2018-04-25T11:59:52","guid":{"rendered":"http:\/\/agora.xtec.cat\/escgueraudepeguera\/?page_id=598"},"modified":"2026-01-29T13:11:13","modified_gmt":"2026-01-29T12:11:13","slug":"documents-descola","status":"publish","type":"page","link":"https:\/\/agora.xtec.cat\/escgueraudepeguera\/documents-de-centre\/documents-descola\/","title":{"rendered":"Documents del Guerau de Peguera"},"content":{"rendered":"<p>TRETS D&#8217;IDENTITAT<\/p>\n<p>Som una escola p\u00fablica depenent del Departament d\u2019Ensenyament:<\/p>\n<p>1.- Que promou els valors humans de la solidaritat, de la pau i del respecte, amb l\u2019escolaritzaci\u00f3 inclusiva de tot l\u2019alumnat.<\/p>\n<p>2.- Oberta i respectuosa amb totes les ideologies i cultures. Integradora en els processos d\u2019ensenyament i aprenentatge de continguts vinculats a la coeducaci\u00f3, la ciutadania i a la conviv\u00e8ncia.<\/p>\n<p>3.- Que promou una educaci\u00f3 integral i fomenta situacions de participaci\u00f3 i interacci\u00f3 entre alumnes de diferents cursos, propiciant activitats on es puguin expressar opinions amb esperit cr\u00edtic i assumir responsabilitats evitant els riscos innecessaris.<\/p>\n<p>4- Que procura oferir als diferents sectors, pares i mares, mestres i alumnes, formes de participaci\u00f3 diverses.<\/p>\n<p>5.- Sensible als alumnes amb problemes personals i d&#8217;aprenentatge.<\/p>\n<p>6.- Arrelada al seu entorn i que potencia la sensibilitzaci\u00f3 ambiental, fent conscients als alumnes de la necessitat de l&#8217;estalvi energ\u00e8tic i d&#8217;aigua, de la disminuci\u00f3 del soroll, del respecte pels espais p\u00fablics i de la separaci\u00f3 i reciclatge de residus.<\/p>\n<p>7.- Amb ganes d&#8217;innovar afavorint activitats relacionades amb les noves tecnologies, en el proc\u00e9s d\u2019ensenyament aprenentatge de les diferents \u00e0rees del curr\u00edculum.<\/p>\n<p>8.- Que utilitza el catal\u00e0 com a llengua vehicular, d\u2019aprenentatge i de comunicaci\u00f3 en les actuacions docents i administratives del centre. Impulsa l\u2019aprenentatge del castell\u00e0 i l\u2019angl\u00e8s amb estrat\u00e8gies metodol\u00f2giques coherents i transferibles.<\/p>\n<p>9.- Amb la intenci\u00f3 de motivar la sensibilitat art\u00edstica i la capacitat creativa.<\/p>\n<p>Una escola \u00e9s un laboratori de la societat, all\u00e0 on es troben persones amb diferents idees i es socialitzen nens i nenes de proced\u00e8ncies diverses.<\/p>\n<p>Al Guerau de Peguera ens agrada conviure i compartir, ensenyar i aprendre, buscar i trobar solucions als petits problemes que sorgeixen cada dia.<\/p>\n<p>Us animem a consultar els documents oficials que ens defineixen:<\/p>\n<ul style=\"list-style-type: circle;\">\n<li><a href=\"https:\/\/agora.xtec.cat\/escgueraudepeguera\/wp-content\/uploads\/usu1788\/2019\/01\/PEC-2018-definitiu.pdf\">Projecte Educatiu de Centre<\/a><\/li>\n<li><a href=\"https:\/\/agora.xtec.cat\/escgueraudepeguera\/wp-content\/uploads\/usu1788\/2019\/01\/PROJECTE-LING\u00dc\u00cdSTIC-DE-CENTRE-2018-definitiu-amb-marca-daigua-PLC-2018-2019.pdf\">Projecte Ling\u00fc\u00edstic de Centre<\/a><\/li>\n<li>Pla de Tecnologia Aprenentatge i Coneixement<a href=\"https:\/\/agora.xtec.cat\/escgueraudepeguera\/wp-content\/uploads\/usu1788\/2018\/11\/PLA-TAC-juny18.pdf\"> (TAC) 18<\/a><\/li>\n<li><a href=\"https:\/\/agora.xtec.cat\/escgueraudepeguera\/docs\/pla-dacollida\" target=\"_blank\" rel=\"noopener noreferrer\">Pla d&#8217;acollida<\/a><\/li>\n<li>Normes d&#8217;organitzaci\u00f3 i funcionament del centre NOFC<\/li>\n<li><a href=\"https:\/\/agora.xtec.cat\/escgueraudepeguera\/wp-content\/uploads\/usu1788\/2020\/02\/Carta-comprom%C3%ADs-educatiu-Guerau-de-Peguera-web.pdf\" target=\"_blank\" rel=\"attachment noopener wp-att-1621 noreferrer\">Carta de comprom\u00eds educatiu<\/a><\/li>\n<\/ul>\n<p>&nbsp;<\/p>\n<p>&nbsp;<\/p>\n","protected":false},"excerpt":{"rendered":"<p>TRETS D&#8217;IDENTITAT<br \/>\nSom una escola p\u00fablica depenent del Departament d\u2019Ensenyament:<br \/>\n1.- Que promou els valors humans de la solidaritat, de la pau i del respecte, amb l\u2019escolaritzaci\u00f3 inclusiva de tot l\u2019alumnat.<br \/>\n2.- Oberta i respectuosa amb totes les ideologies i cultures. Integradora en els processos d\u2019ensenyament i aprenentatge&hellip;  <a href=\"https:\/\/agora.xtec.cat\/escgueraudepeguera\/documents-de-centre\/documents-descola\/\" title=\"Read Documents del Guerau de Peguera\">Llegeix m\u00e9s\u00bb<\/a><\/p>\n","protected":false},"author":1,"featured_media":0,"parent":9094,"menu_order":0,"comment_status":"closed","ping_status":"closed","template":"","meta":{"_bbp_topic_count":0,"_bbp_reply_count":0,"_bbp_total_topic_count":0,"_bbp_total_reply_count":0,"_bbp_voice_count":0,"_bbp_anonymous_reply_count":0,"_bbp_topic_count_hidden":0,"_bbp_reply_count_hidden":0,"_bbp_forum_subforum_count":0,"footnotes":""},"class_list":["post-598","page","type-page","status-publish","hentry"],"post_mailing_queue_ids":[],"_links":{"self":[{"href":"https:\/\/agora.xtec.cat\/escgueraudepeguera\/wp-json\/wp\/v2\/pages\/598","targetHints":{"allow":["GET"]}}],"collection":[{"href":"https:\/\/agora.xtec.cat\/escgueraudepeguera\/wp-json\/wp\/v2\/pages"}],"about":[{"href":"https:\/\/agora.xtec.cat\/escgueraudepeguera\/wp-json\/wp\/v2\/types\/page"}],"author":[{"embeddable":true,"href":"https:\/\/agora.xtec.cat\/escgueraudepeguera\/wp-json\/wp\/v2\/users\/1"}],"replies":[{"embeddable":true,"href":"https:\/\/agora.xtec.cat\/escgueraudepeguera\/wp-json\/wp\/v2\/comments?post=598"}],"version-history":[{"count":10,"href":"https:\/\/agora.xtec.cat\/escgueraudepeguera\/wp-json\/wp\/v2\/pages\/598\/revisions"}],"predecessor-version":[{"id":10536,"href":"https:\/\/agora.xtec.cat\/escgueraudepeguera\/wp-json\/wp\/v2\/pages\/598\/revisions\/10536"}],"up":[{"embeddable":true,"href":"https:\/\/agora.xtec.cat\/escgueraudepeguera\/wp-json\/wp\/v2\/pages\/9094"}],"wp:attachment":[{"href":"https:\/\/agora.xtec.cat\/escgueraudepeguera\/wp-json\/wp\/v2\/media?parent=598"}],"curies":[{"name":"wp","href":"https:\/\/api.w.org\/{rel}","templated":true}]}}