{"id":38,"date":"2014-09-18T12:34:08","date_gmt":"2014-09-18T11:34:08","guid":{"rendered":"http:\/\/agora.xtec.cat\/escgueraudepeguera\/?page_id=38"},"modified":"2022-11-04T15:34:01","modified_gmt":"2022-11-04T14:34:01","slug":"salut","status":"publish","type":"page","link":"https:\/\/agora.xtec.cat\/escgueraudepeguera\/lescola\/salut\/","title":{"rendered":"Salut"},"content":{"rendered":"<p>A l&#8217;escola Guerau de Peguera ens importa la salut.<\/p>\n<p>\u00c9s per aix\u00f2 que en cas de&#8230;<\/p>\n<p><strong>Malalties<\/strong><\/p>\n<ul>\n<li>Un infant que no es trobi b\u00e9 i\/o tingui febre, <strong>NO POT VENIR A ESCOLA<\/strong>, donat que potser est\u00e0 covant un proc\u00e9s v\u00edric i pot ser molt contagi\u00f3s.<\/li>\n<li>Seguint la normativa vigent, a l&#8217;escola no podem administrar medicaci\u00f3 sense l&#8217;autoritzaci\u00f3 expressa dels tutors dels menors acompanyada de la recepta (dosi, posologia, horari) del metge.<\/li>\n<li>En cas de pujada de febre es podr\u00e0 dispensar paracetamol a l&#8217;infant, sempre que la fam\u00edlia hagi signat el document d&#8217;autoritzaci\u00f3.<\/li>\n<\/ul>\n<p><strong>Al\u00b7l\u00e8rgies<\/strong><\/p>\n<ul>\n<li>\u00c9s important que informeu l&#8217;escola i el menjador de les possibles al\u00b7l\u00e8rgies que pateixen els vostres fills per evitar accidents i\/o conseq\u00fc\u00e8ncies sobre la seva salut.<\/li>\n<li>Tamb\u00e9 cal aportar al centre els remeis necessaris en cas de reacci\u00f3 al\u00b7l\u00e8rgica.<\/li>\n<\/ul>\n<p><strong>Par\u00e0sits<\/strong><\/p>\n<ul>\n<li>Si el vostre infant agafa par\u00e0sits o malalties infeccioses de qualsevol tipus (polls, conjuntivitis&#8230;) \u00e9s important que <strong>NO VINGUI A L&#8217;ESCOLA<\/strong> fins que estigui net, per evitar-ne el contagi a la resta de la comunitat educativa. Si els detectem des de l&#8217;escola us trucarem per a qu\u00e8 els vingueu a recollir.<\/li>\n<\/ul>\n<p><a href=\"https:\/\/agora.xtec.cat\/escgueraudepeguera\/wp-content\/uploads\/usu1788\/2018\/10\/polls_1.jpg\"><img loading=\"lazy\" decoding=\"async\" class=\"wp-image-801 alignleft\" src=\"https:\/\/agora.xtec.cat\/escgueraudepeguera\/wp-content\/uploads\/usu1788\/2018\/10\/polls_1.jpg\" alt=\"\" width=\"345\" height=\"238\" srcset=\"https:\/\/agora.xtec.cat\/escgueraudepeguera\/wp-content\/uploads\/usu1788\/2018\/10\/polls_1.jpg 554w, https:\/\/agora.xtec.cat\/escgueraudepeguera\/wp-content\/uploads\/usu1788\/2018\/10\/polls_1-300x207.jpg 300w\" sizes=\"auto, (max-width: 345px) 100vw, 345px\" \/><\/a><\/p>\n<p>&nbsp;<\/p>\n<p>&nbsp;<\/p>\n<p>&nbsp;<\/p>\n<p>&nbsp;<\/p>\n<p>&nbsp;<\/p>\n<p>&nbsp;<\/p>\n<p>I\u00a0 a m\u00e9s&#8230;<\/p>\n<p>Participem a programes del foment de la vida saludable:<\/p>\n<ul>\n<li>A l&#8217;escola mengem fruita<\/li>\n<li>Esmorzars saludables<\/li>\n<li>Kil\u00f2metres solidaris<\/li>\n<li>Passejades per l&#8217;entorn natural<\/li>\n<li>Prevenci\u00f3 de tabaquisme<\/li>\n<li>Higiene personal i postural<\/li>\n<li>Revisions de salut i vacunacions<\/li>\n<li>Salut dental<\/li>\n<li>Protecci\u00f3 solar<\/li>\n<li>Prevenci\u00f3 i detecci\u00f3 de riscos i perills als espais<\/li>\n<li>Plans d&#8217;evacuaci\u00f3 i confinament<\/li>\n<\/ul>\n<p><strong>Volem cuidar el nostre cos, l&#8217;\u00fanic lloc que tenim per viure!!<\/strong><\/p>\n","protected":false},"excerpt":{"rendered":"<p>A l&#8217;escola Guerau de Peguera ens importa la salut.<br \/>\n\u00c9s per aix\u00f2 que en cas de&#8230;<br \/>\nMalalties<\/p>\n<ul>\n<li>Un infant que no es trobi b\u00e9 i\/o tingui febre, NO POT VENIR A ESCOLA, donat que potser est\u00e0 covant un proc\u00e9s v\u00edric i pot ser molt contagi\u00f3s.<\/li>\n<li>Seguint la normativa vigent,&hellip;  <a href=\"https:\/\/agora.xtec.cat\/escgueraudepeguera\/lescola\/salut\/\" title=\"Read Salut\">Llegeix m\u00e9s\u00bb<\/a><br \/>\n","protected":false},"author":1,"featured_media":0,"parent":22,"menu_order":80,"comment_status":"closed","ping_status":"closed","template":"page-templates\/side-menu.php","meta":{"_bbp_topic_count":0,"_bbp_reply_count":0,"_bbp_total_topic_count":0,"_bbp_total_reply_count":0,"_bbp_voice_count":0,"_bbp_anonymous_reply_count":0,"_bbp_topic_count_hidden":0,"_bbp_reply_count_hidden":0,"_bbp_forum_subforum_count":0,"footnotes":""},"class_list":["post-38","page","type-page","status-publish","hentry"],"post_mailing_queue_ids":[],"_links":{"self":[{"href":"https:\/\/agora.xtec.cat\/escgueraudepeguera\/wp-json\/wp\/v2\/pages\/38","targetHints":{"allow":["GET"]}}],"collection":[{"href":"https:\/\/agora.xtec.cat\/escgueraudepeguera\/wp-json\/wp\/v2\/pages"}],"about":[{"href":"https:\/\/agora.xtec.cat\/escgueraudepeguera\/wp-json\/wp\/v2\/types\/page"}],"author":[{"embeddable":true,"href":"https:\/\/agora.xtec.cat\/escgueraudepeguera\/wp-json\/wp\/v2\/users\/1"}],"replies":[{"embeddable":true,"href":"https:\/\/agora.xtec.cat\/escgueraudepeguera\/wp-json\/wp\/v2\/comments?post=38"}],"version-history":[{"count":4,"href":"https:\/\/agora.xtec.cat\/escgueraudepeguera\/wp-json\/wp\/v2\/pages\/38\/revisions"}],"predecessor-version":[{"id":8350,"href":"https:\/\/agora.xtec.cat\/escgueraudepeguera\/wp-json\/wp\/v2\/pages\/38\/revisions\/8350"}],"up":[{"embeddable":true,"href":"https:\/\/agora.xtec.cat\/escgueraudepeguera\/wp-json\/wp\/v2\/pages\/22"}],"wp:attachment":[{"href":"https:\/\/agora.xtec.cat\/escgueraudepeguera\/wp-json\/wp\/v2\/media?parent=38"}],"curies":[{"name":"wp","href":"https:\/\/api.w.org\/{rel}","templated":true}]}}