{"id":30,"date":"2014-09-18T12:30:23","date_gmt":"2014-09-18T11:30:23","guid":{"rendered":"http:\/\/agora.xtec.cat\/escgueraudepeguera\/?page_id=30"},"modified":"2018-11-07T16:14:43","modified_gmt":"2018-11-07T15:14:43","slug":"instal%c2%b7lacions","status":"publish","type":"page","link":"https:\/\/agora.xtec.cat\/escgueraudepeguera\/lescola\/instal%c2%b7lacions\/","title":{"rendered":"Instal\u00b7lacions"},"content":{"rendered":"<p>El Guerau de Peguera est\u00e0 distribu\u00eft de la seg\u00fcent manera.<\/p>\n<p><strong><span style=\"text-decoration: underline;\">EDIFICI PRINCIPAL<\/span><\/strong><\/p>\n<p><strong><span style=\"text-decoration: underline;\"> <a href=\"https:\/\/agora.xtec.cat\/escgueraudepeguera\/wp-content\/uploads\/usu1788\/2018\/10\/nova-escola-torrelles-835x462.jpg\"><img loading=\"lazy\" decoding=\"async\" class=\"alignnone wp-image-819\" src=\"https:\/\/agora.xtec.cat\/escgueraudepeguera\/wp-content\/uploads\/usu1788\/2018\/10\/nova-escola-torrelles-835x462.jpg\" alt=\"\" width=\"412\" height=\"228\" srcset=\"https:\/\/agora.xtec.cat\/escgueraudepeguera\/wp-content\/uploads\/usu1788\/2018\/10\/nova-escola-torrelles-835x462.jpg 835w, https:\/\/agora.xtec.cat\/escgueraudepeguera\/wp-content\/uploads\/usu1788\/2018\/10\/nova-escola-torrelles-835x462-300x166.jpg 300w, https:\/\/agora.xtec.cat\/escgueraudepeguera\/wp-content\/uploads\/usu1788\/2018\/10\/nova-escola-torrelles-835x462-768x425.jpg 768w\" sizes=\"auto, (max-width: 412px) 100vw, 412px\" \/><\/a> <\/span><\/strong><\/p>\n<ul style=\"list-style-type: circle;\">\n<li><strong>PLANTA BAIXA<\/strong>\n<ul style=\"list-style-type: square;\">\n<li>VEST\u00cdBUL\n<ol style=\"list-style-type: lower-alpha;\">\n<li>DIRECCI\u00d3<\/li>\n<li>SECRETARIA<\/li>\n<li>BIBLIOTECA<\/li>\n<li>SALA FOIX<\/li>\n<li>SALA LES DOUS<\/li>\n<li>AMPA<\/li>\n<\/ol>\n<\/li>\n<li>AULES\n<ol style=\"list-style-type: lower-alpha;\">\n<li>DESDOBLAMENT<\/li>\n<li>ESCOLTA&#8217;M<\/li>\n<li>M\u00daSICA<\/li>\n<\/ol>\n<\/li>\n<li>INFANTIL\n<ol style=\"list-style-type: lower-alpha;\">\n<li>P3, P4, P5<\/li>\n<li>LLAR D&#8217;INFANTS &#8220;ALT FOIX&#8221;<\/li>\n<li>TUTORIA<\/li>\n<\/ol>\n<\/li>\n<\/ul>\n<\/li>\n<\/ul>\n<p><strong><a href=\"https:\/\/agora.xtec.cat\/escgueraudepeguera\/wp-content\/uploads\/usu1788\/2018\/10\/AG-1778-web.jpg\"><img loading=\"lazy\" decoding=\"async\" class=\"alignnone wp-image-816\" src=\"https:\/\/agora.xtec.cat\/escgueraudepeguera\/wp-content\/uploads\/usu1788\/2018\/10\/AG-1778-web-1024x512.jpg\" alt=\"\" width=\"344\" height=\"172\" srcset=\"https:\/\/agora.xtec.cat\/escgueraudepeguera\/wp-content\/uploads\/usu1788\/2018\/10\/AG-1778-web-1024x512.jpg 1024w, https:\/\/agora.xtec.cat\/escgueraudepeguera\/wp-content\/uploads\/usu1788\/2018\/10\/AG-1778-web-300x150.jpg 300w, https:\/\/agora.xtec.cat\/escgueraudepeguera\/wp-content\/uploads\/usu1788\/2018\/10\/AG-1778-web-768x384.jpg 768w, https:\/\/agora.xtec.cat\/escgueraudepeguera\/wp-content\/uploads\/usu1788\/2018\/10\/AG-1778-web.jpg 1582w\" sizes=\"auto, (max-width: 344px) 100vw, 344px\" \/><\/a><a href=\"https:\/\/agora.xtec.cat\/escgueraudepeguera\/wp-content\/uploads\/usu1788\/2018\/10\/AG-1748_49-web.jpg\"><img loading=\"lazy\" decoding=\"async\" class=\"wp-image-815 alignright\" src=\"https:\/\/agora.xtec.cat\/escgueraudepeguera\/wp-content\/uploads\/usu1788\/2018\/10\/AG-1748_49-web-1024x424.jpg\" alt=\"\" width=\"369\" height=\"153\" srcset=\"https:\/\/agora.xtec.cat\/escgueraudepeguera\/wp-content\/uploads\/usu1788\/2018\/10\/AG-1748_49-web-1024x424.jpg 1024w, https:\/\/agora.xtec.cat\/escgueraudepeguera\/wp-content\/uploads\/usu1788\/2018\/10\/AG-1748_49-web-300x124.jpg 300w, https:\/\/agora.xtec.cat\/escgueraudepeguera\/wp-content\/uploads\/usu1788\/2018\/10\/AG-1748_49-web-768x318.jpg 768w, https:\/\/agora.xtec.cat\/escgueraudepeguera\/wp-content\/uploads\/usu1788\/2018\/10\/AG-1748_49-web.jpg 1582w\" sizes=\"auto, (max-width: 369px) 100vw, 369px\" \/><\/a><\/strong><\/p>\n<ul style=\"list-style-type: circle;\">\n<li><strong>1a PLANTA<\/strong>\n<ul style=\"list-style-type: square;\">\n<li>AULES DE 1r A 6\u00e8<\/li>\n<li>SALA D&#8217;INFORM\u00c0TICA<\/li>\n<li>AULES D&#8217;ATENCI\u00d3 INDIVIDUALITZADA<\/li>\n<li>TUTORIA<\/li>\n<\/ul>\n<\/li>\n<\/ul>\n<p><strong><a href=\"https:\/\/agora.xtec.cat\/escgueraudepeguera\/wp-content\/uploads\/usu1788\/2018\/10\/AG-1838-web.jpg\"><img loading=\"lazy\" decoding=\"async\" class=\"alignnone wp-image-817\" src=\"https:\/\/agora.xtec.cat\/escgueraudepeguera\/wp-content\/uploads\/usu1788\/2018\/10\/AG-1838-web.jpg\" alt=\"\" width=\"337\" height=\"224\" srcset=\"https:\/\/agora.xtec.cat\/escgueraudepeguera\/wp-content\/uploads\/usu1788\/2018\/10\/AG-1838-web.jpg 750w, https:\/\/agora.xtec.cat\/escgueraudepeguera\/wp-content\/uploads\/usu1788\/2018\/10\/AG-1838-web-300x200.jpg 300w\" sizes=\"auto, (max-width: 337px) 100vw, 337px\" \/><\/a> <a href=\"https:\/\/agora.xtec.cat\/escgueraudepeguera\/wp-content\/uploads\/usu1788\/2018\/10\/AG-1840_41-web.jpg\"><img loading=\"lazy\" decoding=\"async\" class=\"wp-image-818 alignnone\" src=\"https:\/\/agora.xtec.cat\/escgueraudepeguera\/wp-content\/uploads\/usu1788\/2018\/10\/AG-1840_41-web-1024x683.jpg\" alt=\"\" width=\"336\" height=\"224\" srcset=\"https:\/\/agora.xtec.cat\/escgueraudepeguera\/wp-content\/uploads\/usu1788\/2018\/10\/AG-1840_41-web-1024x683.jpg 1024w, https:\/\/agora.xtec.cat\/escgueraudepeguera\/wp-content\/uploads\/usu1788\/2018\/10\/AG-1840_41-web-300x200.jpg 300w, https:\/\/agora.xtec.cat\/escgueraudepeguera\/wp-content\/uploads\/usu1788\/2018\/10\/AG-1840_41-web-768x512.jpg 768w, https:\/\/agora.xtec.cat\/escgueraudepeguera\/wp-content\/uploads\/usu1788\/2018\/10\/AG-1840_41-web.jpg 1500w\" sizes=\"auto, (max-width: 336px) 100vw, 336px\" \/><\/a><\/strong><\/p>\n<p><span style=\"text-decoration: underline;\"><strong>MENJADOR<\/strong><\/span><\/p>\n<ul style=\"list-style-type: disc;\">\n<li>MENJADOR<\/li>\n<li>CUINA<\/li>\n<li>VESTIDORS<\/li>\n<\/ul>\n<p>&nbsp;<\/p>\n<p><span style=\"text-decoration: underline;\"><strong>GIMN\u00c0S<\/strong><\/span><\/p>\n<ul style=\"list-style-type: disc;\">\n<li>TEATRE<\/li>\n<li>PSICOMOTRICITAT<\/li>\n<\/ul>\n<p><a href=\"https:\/\/agora.xtec.cat\/escgueraudepeguera\/wp-content\/uploads\/usu1788\/2018\/10\/AG-1364-web.jpg\"><img loading=\"lazy\" decoding=\"async\" class=\"wp-image-814 alignleft\" src=\"https:\/\/agora.xtec.cat\/escgueraudepeguera\/wp-content\/uploads\/usu1788\/2018\/10\/AG-1364-web-1024x512.jpg\" alt=\"\" width=\"339\" height=\"170\" srcset=\"https:\/\/agora.xtec.cat\/escgueraudepeguera\/wp-content\/uploads\/usu1788\/2018\/10\/AG-1364-web-1024x512.jpg 1024w, https:\/\/agora.xtec.cat\/escgueraudepeguera\/wp-content\/uploads\/usu1788\/2018\/10\/AG-1364-web-300x150.jpg 300w, https:\/\/agora.xtec.cat\/escgueraudepeguera\/wp-content\/uploads\/usu1788\/2018\/10\/AG-1364-web-768x384.jpg 768w, https:\/\/agora.xtec.cat\/escgueraudepeguera\/wp-content\/uploads\/usu1788\/2018\/10\/AG-1364-web.jpg 1582w\" sizes=\"auto, (max-width: 339px) 100vw, 339px\" \/><\/a><\/p>\n<p>&nbsp;<\/p>\n<p>&nbsp;<\/p>\n<p>&nbsp;<\/p>\n<p>&nbsp;<\/p>\n<p><span style=\"text-decoration: underline;\"><strong>PATI<\/strong><\/span><\/p>\n<ul style=\"list-style-type: disc;\">\n<li>PISTA POLIESPORTIVA<\/li>\n<li>PATI INFANTIL<\/li>\n<li>PATI LLAR D&#8217;INFANTS<\/li>\n<\/ul>\n","protected":false},"excerpt":{"rendered":"<p>El Guerau de Peguera est\u00e0 distribu\u00eft de la seg\u00fcent manera.<br \/>\nEDIFICI PRINCIPAL<br \/>\n <a href=\"https:\/\/agora.xtec.cat\/escgueraudepeguera\/wp-content\/uploads\/usu1788\/2018\/10\/nova-escola-torrelles-835x462.jpg\"><\/a> <\/p>\n<ul style=\"list-style-type: circle;\">\n<li>PLANTA BAIXA\n<ul style=\"list-style-type: square;\">\n<li>VEST\u00cdBUL\n<ol style=\"list-style-type: lower-alpha;\">\n<li>DIRECCI\u00d3<\/li>\n<li>SECRETARIA<\/li>\n<li>BIBLIOTECA<\/li>\n<li>SALA FOIX<\/li>\n<li>SALA LES DOUS<\/li>\n<li>AMPA<\/li>\n<\/ol>\n<\/li>\n<li>AULES\n<ol style=\"list-style-type: lower-alpha;\">\n<li>DESDOBLAMENT<\/li>\n<li>ESCOLTA&#8217;M<\/li>\n<li>M\u00daSICA<\/li>\n<\/ol>\n<\/li>\n<li>INFANTIL\n<ol style=\"list-style-type: lower-alpha;\">\n<li>P3, P4, P5<\/li>\n<li>LLAR D&#8217;INFANTS &#8220;ALT FOIX&#8221;<\/li>\n<li>TUTORIA<\/li>\n<\/ol>\n<\/li>\n<\/ul>\n<\/li>\n<\/ul>\n<p><a href=\"https:\/\/agora.xtec.cat\/escgueraudepeguera\/wp-content\/uploads\/usu1788\/2018\/10\/AG-1778-web.jpg\"><\/a><a href=\"https:\/\/agora.xtec.cat\/escgueraudepeguera\/wp-content\/uploads\/usu1788\/2018\/10\/AG-1748_49-web.jpg\"><\/a><\/p>\n<ul style=\"list-style-type: circle;\">\n<li>1a PLANTA\n<ul style=\"list-style-type: square;\">\n<li>AULES DE 1r A 6\u00e8<\/li>\n<li>SALA D&#8217;INFORM\u00c0TICA<\/li>\n<li>AULES&hellip;  <a href=\"https:\/\/agora.xtec.cat\/escgueraudepeguera\/lescola\/instal%c2%b7lacions\/\" title=\"Read Instal\u00b7lacions\">Llegeix m\u00e9s\u00bb<\/a><br \/>\n","protected":false},"author":1,"featured_media":0,"parent":22,"menu_order":40,"comment_status":"closed","ping_status":"closed","template":"page-templates\/side-menu.php","meta":{"_bbp_topic_count":0,"_bbp_reply_count":0,"_bbp_total_topic_count":0,"_bbp_total_reply_count":0,"_bbp_voice_count":0,"_bbp_anonymous_reply_count":0,"_bbp_topic_count_hidden":0,"_bbp_reply_count_hidden":0,"_bbp_forum_subforum_count":0,"footnotes":""},"class_list":["post-30","page","type-page","status-publish","hentry"],"post_mailing_queue_ids":[],"_links":{"self":[{"href":"https:\/\/agora.xtec.cat\/escgueraudepeguera\/wp-json\/wp\/v2\/pages\/30","targetHints":{"allow":["GET"]}}],"collection":[{"href":"https:\/\/agora.xtec.cat\/escgueraudepeguera\/wp-json\/wp\/v2\/pages"}],"about":[{"href":"https:\/\/agora.xtec.cat\/escgueraudepeguera\/wp-json\/wp\/v2\/types\/page"}],"author":[{"embeddable":true,"href":"https:\/\/agora.xtec.cat\/escgueraudepeguera\/wp-json\/wp\/v2\/users\/1"}],"replies":[{"embeddable":true,"href":"https:\/\/agora.xtec.cat\/escgueraudepeguera\/wp-json\/wp\/v2\/comments?post=30"}],"version-history":[{"count":4,"href":"https:\/\/agora.xtec.cat\/escgueraudepeguera\/wp-json\/wp\/v2\/pages\/30\/revisions"}],"predecessor-version":[{"id":821,"href":"https:\/\/agora.xtec.cat\/escgueraudepeguera\/wp-json\/wp\/v2\/pages\/30\/revisions\/821"}],"up":[{"embeddable":true,"href":"https:\/\/agora.xtec.cat\/escgueraudepeguera\/wp-json\/wp\/v2\/pages\/22"}],"wp:attachment":[{"href":"https:\/\/agora.xtec.cat\/escgueraudepeguera\/wp-json\/wp\/v2\/media?parent=30"}],"curies":[{"name":"wp","href":"https:\/\/api.w.org\/{rel}","templated":true}]}}