{"id":28,"date":"2014-09-18T12:29:35","date_gmt":"2014-09-18T11:29:35","guid":{"rendered":"http:\/\/agora.xtec.cat\/escgueraudepeguera\/?page_id=28"},"modified":"2025-10-23T13:21:24","modified_gmt":"2025-10-23T11:21:24","slug":"consell-escolar","status":"publish","type":"page","link":"https:\/\/agora.xtec.cat\/escgueraudepeguera\/lescola\/consell-escolar\/","title":{"rendered":"Consell escolar"},"content":{"rendered":"<p>\u00c9s el m\u00e0xim \u00f2rgan de representaci\u00f3 de la Comunitat Educativa, que engloba a mestres, mares i pares, representants de l&#8217;AFA, Personal d&#8217;Administraci\u00f3 i Ajuntament. Les persones del consell escolar s\u00f3n escollides per a un per\u00edode de quatre anys i es renoven per meitats cada dos anys. El consell escolar del centre es reuneix preceptivament una vegada al trimestre i sempre que el convoca el director\/a del centre o ho sol\u00b7licita, com a m\u00ednim, un ter\u00e7 dels membres. A m\u00e9s, s&#8217;ha de fer una reuni\u00f3 a principi de curs i una altra a la seva finalitzaci\u00f3. Les funcions del Consell Escolar s\u00f3n les seg\u00fcents:<\/p>\n<ul style=\"list-style-type: circle;\">\n<li>Aprovar el projecte educatiu i les modificacions corresponents per una majoria de tres cinquenes parts dels membres<\/li>\n<li>Aprovar la programaci\u00f3 general anual del centre i avaluar-ne el desenvolupament i els resultats<\/li>\n<li>Aprovar les propostes d&#8217;acords de corresponsabilitat, convenis i altres acords de col\u00b7laboraci\u00f3 del centre amb entitats o institucions<\/li>\n<li>Aprovar les normes d&#8217;organitzaci\u00f3 i funcionament i les modificacions corresponents<\/li>\n<li>Aprovar la carta de comprom\u00eds educatiu<\/li>\n<li>Aprovar el pressupost del centre i el rendiment de comptes<\/li>\n<li>Intervenir en el procediment d&#8217;admissi\u00f3 d&#8217;alumnes<\/li>\n<li>Participar en el procediment de selecci\u00f3 i en la proposta de cessament del director\/a<\/li>\n<li>Intervenir en la resoluci\u00f3 dels conflictes i, si s&#8217;escau, revisar les sancions als alumnes<\/li>\n<li>Aprovar les directrius per a la programaci\u00f3 d&#8217;activitats escolars complement\u00e0ries i d&#8217;activitats extraescolars i avaluar-ne el desenvolupament<\/li>\n<li>Participar en les an\u00e0lisis i les avaluacions del funcionament general del centre i con\u00e8ixer l&#8217;evoluci\u00f3 del rendiment escolar<\/li>\n<li>Aprovar els criteris de col\u00b7laboraci\u00f3 amb altres centres i amb l&#8217;entorn<\/li>\n<li>Qualsevol altra que li sigui atribu\u00efda per les normes legals o reglament\u00e0ries<\/li>\n<\/ul>\n<p>Despr\u00e9s de les eleccions per a la renovaci\u00f3 de la meitat dels membres dels diferents sectors, el Consell Escolar del nostre centre queda compost per les seg\u00fcents persones:<\/p>\n<p>Membres Consell Escolar 25-26<\/p>\n<p>&nbsp;<\/p>\n","protected":false},"excerpt":{"rendered":"<p>\u00c9s el m\u00e0xim \u00f2rgan de representaci\u00f3 de la Comunitat Educativa, que engloba a mestres, mares i pares, representants de l&#8217;AFA, Personal d&#8217;Administraci\u00f3 i Ajuntament. Les persones del consell escolar s\u00f3n escollides per a un per\u00edode de quatre anys i es renoven per meitats cada dos&hellip;  <a href=\"https:\/\/agora.xtec.cat\/escgueraudepeguera\/lescola\/consell-escolar\/\" title=\"Read Consell escolar\">Llegeix m\u00e9s\u00bb<\/a><\/p>\n","protected":false},"author":1,"featured_media":0,"parent":22,"menu_order":30,"comment_status":"closed","ping_status":"closed","template":"page-templates\/side-menu.php","meta":{"_bbp_topic_count":0,"_bbp_reply_count":0,"_bbp_total_topic_count":0,"_bbp_total_reply_count":0,"_bbp_voice_count":0,"_bbp_anonymous_reply_count":0,"_bbp_topic_count_hidden":0,"_bbp_reply_count_hidden":0,"_bbp_forum_subforum_count":0,"footnotes":""},"class_list":["post-28","page","type-page","status-publish","hentry"],"post_mailing_queue_ids":[],"_links":{"self":[{"href":"https:\/\/agora.xtec.cat\/escgueraudepeguera\/wp-json\/wp\/v2\/pages\/28","targetHints":{"allow":["GET"]}}],"collection":[{"href":"https:\/\/agora.xtec.cat\/escgueraudepeguera\/wp-json\/wp\/v2\/pages"}],"about":[{"href":"https:\/\/agora.xtec.cat\/escgueraudepeguera\/wp-json\/wp\/v2\/types\/page"}],"author":[{"embeddable":true,"href":"https:\/\/agora.xtec.cat\/escgueraudepeguera\/wp-json\/wp\/v2\/users\/1"}],"replies":[{"embeddable":true,"href":"https:\/\/agora.xtec.cat\/escgueraudepeguera\/wp-json\/wp\/v2\/comments?post=28"}],"version-history":[{"count":9,"href":"https:\/\/agora.xtec.cat\/escgueraudepeguera\/wp-json\/wp\/v2\/pages\/28\/revisions"}],"predecessor-version":[{"id":10425,"href":"https:\/\/agora.xtec.cat\/escgueraudepeguera\/wp-json\/wp\/v2\/pages\/28\/revisions\/10425"}],"up":[{"embeddable":true,"href":"https:\/\/agora.xtec.cat\/escgueraudepeguera\/wp-json\/wp\/v2\/pages\/22"}],"wp:attachment":[{"href":"https:\/\/agora.xtec.cat\/escgueraudepeguera\/wp-json\/wp\/v2\/media?parent=28"}],"curies":[{"name":"wp","href":"https:\/\/api.w.org\/{rel}","templated":true}]}}