{"id":26,"date":"2014-09-18T12:24:32","date_gmt":"2014-09-18T11:24:32","guid":{"rendered":"http:\/\/agora.xtec.cat\/escgueraudepeguera\/?page_id=26"},"modified":"2019-09-18T11:35:45","modified_gmt":"2019-09-18T09:35:45","slug":"historia","status":"publish","type":"page","link":"https:\/\/agora.xtec.cat\/escgueraudepeguera\/lescola\/historia\/","title":{"rendered":"Hist\u00f2ria"},"content":{"rendered":"<p>&nbsp;<\/p>\n<p><a href=\"https:\/\/agora.xtec.cat\/escgueraudepeguera\/wp-content\/uploads\/usu1788\/2018\/11\/Xic1.jpg\"><img loading=\"lazy\" decoding=\"async\" class=\"alignnone size-large wp-image-833\" src=\"https:\/\/agora.xtec.cat\/escgueraudepeguera\/wp-content\/uploads\/usu1788\/2018\/11\/Xic1-873x1024.jpg\" alt=\"\" width=\"873\" height=\"1024\" srcset=\"https:\/\/agora.xtec.cat\/escgueraudepeguera\/wp-content\/uploads\/usu1788\/2018\/11\/Xic1-873x1024.jpg 873w, https:\/\/agora.xtec.cat\/escgueraudepeguera\/wp-content\/uploads\/usu1788\/2018\/11\/Xic1-256x300.jpg 256w, https:\/\/agora.xtec.cat\/escgueraudepeguera\/wp-content\/uploads\/usu1788\/2018\/11\/Xic1-768x901.jpg 768w, https:\/\/agora.xtec.cat\/escgueraudepeguera\/wp-content\/uploads\/usu1788\/2018\/11\/Xic1.jpg 880w\" sizes=\"auto, (max-width: 873px) 100vw, 873px\" \/><\/a> <a href=\"https:\/\/agora.xtec.cat\/escgueraudepeguera\/wp-content\/uploads\/usu1788\/2018\/11\/Xic2.jpg\"><img loading=\"lazy\" decoding=\"async\" class=\"alignnone size-large wp-image-834\" src=\"https:\/\/agora.xtec.cat\/escgueraudepeguera\/wp-content\/uploads\/usu1788\/2018\/11\/Xic2-874x1024.jpg\" alt=\"\" width=\"874\" height=\"1024\" srcset=\"https:\/\/agora.xtec.cat\/escgueraudepeguera\/wp-content\/uploads\/usu1788\/2018\/11\/Xic2-874x1024.jpg 874w, https:\/\/agora.xtec.cat\/escgueraudepeguera\/wp-content\/uploads\/usu1788\/2018\/11\/Xic2-256x300.jpg 256w, https:\/\/agora.xtec.cat\/escgueraudepeguera\/wp-content\/uploads\/usu1788\/2018\/11\/Xic2-768x900.jpg 768w, https:\/\/agora.xtec.cat\/escgueraudepeguera\/wp-content\/uploads\/usu1788\/2018\/11\/Xic2.jpg 1406w\" sizes=\"auto, (max-width: 874px) 100vw, 874px\" \/><\/a><\/p>\n<p>&nbsp;<\/p>\n<p>L&#8217;Escola Guerau de Peguera s&#8217;inaugura el 1967 com a escola Graduada Comarcal a un edifici situat al carrer de les Escoles n\u00ba 1. Acollia alumnes de Torrelles de Foix, La Llacuna, Pontons, Querol i Sant Mart\u00ed Sarroca, que es despla\u00e7aven en autocars. El nom va anar canviant amb el pas del temps fins que a finals dels anys 80 es va anomenar Escola Guerau de Peguera en honor a un personatge hist\u00f2ric del municipi, el marqu\u00e8s de Foix.<\/p>\n<p>&nbsp;<\/p>\n<p><a href=\"https:\/\/agora.xtec.cat\/escgueraudepeguera\/wp-content\/uploads\/usu1788\/2018\/10\/photo6-copiar.jpg\"><img loading=\"lazy\" decoding=\"async\" class=\"wp-image-784 aligncenter\" src=\"https:\/\/agora.xtec.cat\/escgueraudepeguera\/wp-content\/uploads\/usu1788\/2018\/10\/photo6-copiar-1024x666.jpg\" alt=\"\" width=\"600\" height=\"390\" srcset=\"https:\/\/agora.xtec.cat\/escgueraudepeguera\/wp-content\/uploads\/usu1788\/2018\/10\/photo6-copiar-1024x666.jpg 1024w, https:\/\/agora.xtec.cat\/escgueraudepeguera\/wp-content\/uploads\/usu1788\/2018\/10\/photo6-copiar-300x195.jpg 300w, https:\/\/agora.xtec.cat\/escgueraudepeguera\/wp-content\/uploads\/usu1788\/2018\/10\/photo6-copiar-768x500.jpg 768w\" sizes=\"auto, (max-width: 600px) 100vw, 600px\" \/><\/a><\/p>\n<p>L\u2019actual edifici escolar \u00e9s de nova construcci\u00f3, estrenat l\u2019abril del 2017 i inaugurat el 15 de setembre de 2018 per Joaquim Torra (President de la Generalitat de Catalunya), Josep Bargall\u00f3 (Conseller del Departament d&#8217;Ensenyament) i Sergi Vall\u00e8s (Alcalde de Torrelles de Foix).<\/p>\n<p>Consta de dues ales, una de les quals de dues al\u00e7ades.<\/p>\n<p>A la planta baixa de l\u2019ala de ponent hi ha la zona d\u2019infantil amb 4 aules equipades amb WC interior i sortida directa al pati, una de les quals \u00e9s la llar d\u2019infants municipal. Tamb\u00e9 hi ha un magatzem i la tutoria, espai de treball per als docents, a m\u00e9s de l\u2019aula d&#8217;art i dues de desdoblaments.<\/p>\n<p>Al pis de dalt hi ha l\u2019aulari de prim\u00e0ria, inform\u00e0tica, aula petita i tutoria, a banda dels WCs de mestres i alumnes i un magatzem.<\/p>\n<p>Disposem d&#8217;ascensor per a persones amb mobilitat redu\u00efda.<\/p>\n<p>A l\u2019ala de llevant, paral\u00b7lela a la carretera, hi ha la zona de serveis, biblioteca escolar, menjador i gimn\u00e0s amb vestidors.<\/p>\n<p>El xamfr\u00e0 que uneix les dues ales acull la secretaria, despatxos i sala de mestres.<\/p>\n<p>Disposa d&#8217;amplis i lluminosos espais de pas i d\u2019esbarjo que garanteixen l\u2019escolaritzaci\u00f3 dels nivells educatius que oferim des de P3 fins a 6\u00e8 en un entorn privilegiat.<\/p>\n<p>&nbsp;<\/p>\n<p><a href=\"https:\/\/agora.xtec.cat\/escgueraudepeguera\/wp-content\/uploads\/usu1788\/2018\/10\/serboniu-526-min.jpg\"><img loading=\"lazy\" decoding=\"async\" class=\" wp-image-791 aligncenter\" src=\"https:\/\/agora.xtec.cat\/escgueraudepeguera\/wp-content\/uploads\/usu1788\/2018\/10\/serboniu-526-min.jpg\" alt=\"\" width=\"600\" height=\"400\" srcset=\"https:\/\/agora.xtec.cat\/escgueraudepeguera\/wp-content\/uploads\/usu1788\/2018\/10\/serboniu-526-min.jpg 639w, https:\/\/agora.xtec.cat\/escgueraudepeguera\/wp-content\/uploads\/usu1788\/2018\/10\/serboniu-526-min-300x200.jpg 300w\" sizes=\"auto, (max-width: 600px) 100vw, 600px\" \/><\/a><\/p>\n<p>&nbsp;<\/p>\n<p>\u00c9s una escola d\u2019una sola l\u00ednia amb aproximadament 160 alumnes matriculats, que recull tant els infants del nucli urb\u00e0 com els de barris, masies i urbanitzacions del terme de Torrelles de Foix.<\/p>\n<p>Com a conseq\u00fc\u00e8ncia de la immigraci\u00f3, la majoria de fam\u00edlies de l\u2019escola s\u00f3n castellano-parlants. Cal destacar tamb\u00e9 un gruix de la comunitat provinent del Marroc que t\u00e9 com a llengua habitual l\u2019\u00e0rab. Un percentatge m\u00e9s baix prov\u00e9 d\u2019altres pa\u00efsos (Ucra\u00efna, Holanda, Alemanya, Col\u00f2mbia o Israel) i la seva primera llengua al domicili, no \u00e9s ni el catal\u00e0 ni el castell\u00e0.<\/p>\n<p>Per tots aquests motius, ja fa anys, tal i com recull el Projecte Ling\u00fc\u00edstic de Centre (PLC), es fa immersi\u00f3 ling\u00fc\u00edstica, essent el catal\u00e0 la llengua de comunicaci\u00f3 i aprenentatge.<\/p>\n<p>La plantilla s\u2019adequa a les necessitats del centre de m\u00e0xima complexitat que garanteix la normativa. Disposem d\u2019un mestre tutor per cada grup classe, a m\u00e9s d\u2019un especialista d\u2019angl\u00e8s, educaci\u00f3 f\u00edsica, m\u00fasica, educaci\u00f3 especial i un mestre de refor\u00e7 destinat a l\u2019atenci\u00f3 a la diversitat i aula d&#8217;acollida. Tamb\u00e9 gaudim dels serveis del psicopedagog de l\u2019Equip d\u2019Assessorament Psicopedag\u00f2gic (EAP) i la logopeda del Centre de Recursos per a Deficients Auditius (CREDA).<\/p>\n<p>Les hores de vetlladora que tenim assignades depenen del nombre d\u2019alumnes que requereixen aquest suport i varien segons el curs, oscil\u00b7lant al voltant de les 25 hores setmanals.<\/p>\n<p>&nbsp;<\/p>\n","protected":false},"excerpt":{"rendered":"<p>&nbsp;<br \/>\n<a href=\"https:\/\/agora.xtec.cat\/escgueraudepeguera\/wp-content\/uploads\/usu1788\/2018\/11\/Xic1.jpg\"><\/a> <a href=\"https:\/\/agora.xtec.cat\/escgueraudepeguera\/wp-content\/uploads\/usu1788\/2018\/11\/Xic2.jpg\"><\/a><br \/>\n&nbsp;<br \/>\nL&#8217;Escola Guerau de Peguera s&#8217;inaugura el 1967 com a escola Graduada Comarcal a un edifici situat al carrer de les Escoles n\u00ba 1. Acollia alumnes de Torrelles de Foix, La Llacuna, Pontons, Querol i Sant Mart\u00ed Sarroca, que es despla\u00e7aven en autocars.&hellip;  <a href=\"https:\/\/agora.xtec.cat\/escgueraudepeguera\/lescola\/historia\/\" title=\"Read Hist\u00f2ria\">Llegeix m\u00e9s\u00bb<\/a><\/p>\n","protected":false},"author":1,"featured_media":0,"parent":22,"menu_order":20,"comment_status":"closed","ping_status":"closed","template":"page-templates\/side-menu.php","meta":{"_bbp_topic_count":0,"_bbp_reply_count":0,"_bbp_total_topic_count":0,"_bbp_total_reply_count":0,"_bbp_voice_count":0,"_bbp_anonymous_reply_count":0,"_bbp_topic_count_hidden":0,"_bbp_reply_count_hidden":0,"_bbp_forum_subforum_count":0,"footnotes":""},"class_list":["post-26","page","type-page","status-publish","hentry"],"post_mailing_queue_ids":[],"_links":{"self":[{"href":"https:\/\/agora.xtec.cat\/escgueraudepeguera\/wp-json\/wp\/v2\/pages\/26","targetHints":{"allow":["GET"]}}],"collection":[{"href":"https:\/\/agora.xtec.cat\/escgueraudepeguera\/wp-json\/wp\/v2\/pages"}],"about":[{"href":"https:\/\/agora.xtec.cat\/escgueraudepeguera\/wp-json\/wp\/v2\/types\/page"}],"author":[{"embeddable":true,"href":"https:\/\/agora.xtec.cat\/escgueraudepeguera\/wp-json\/wp\/v2\/users\/1"}],"replies":[{"embeddable":true,"href":"https:\/\/agora.xtec.cat\/escgueraudepeguera\/wp-json\/wp\/v2\/comments?post=26"}],"version-history":[{"count":5,"href":"https:\/\/agora.xtec.cat\/escgueraudepeguera\/wp-json\/wp\/v2\/pages\/26\/revisions"}],"predecessor-version":[{"id":1420,"href":"https:\/\/agora.xtec.cat\/escgueraudepeguera\/wp-json\/wp\/v2\/pages\/26\/revisions\/1420"}],"up":[{"embeddable":true,"href":"https:\/\/agora.xtec.cat\/escgueraudepeguera\/wp-json\/wp\/v2\/pages\/22"}],"wp:attachment":[{"href":"https:\/\/agora.xtec.cat\/escgueraudepeguera\/wp-json\/wp\/v2\/media?parent=26"}],"curies":[{"name":"wp","href":"https:\/\/api.w.org\/{rel}","templated":true}]}}