{"id":22,"date":"2014-09-18T12:19:57","date_gmt":"2014-09-18T11:19:57","guid":{"rendered":"http:\/\/agora.xtec.cat\/escgueraudepeguera\/?page_id=22"},"modified":"2019-01-22T13:18:53","modified_gmt":"2019-01-22T12:18:53","slug":"lescola","status":"publish","type":"page","link":"https:\/\/agora.xtec.cat\/escgueraudepeguera\/lescola\/","title":{"rendered":"L&#8217;escola"},"content":{"rendered":"<p>L\u2019escola Guerau de Peguera \u00e9s un centre p\u00fablic que es troba a la localitat de Torrelles de Foix (Alt Pened\u00e8s), un municipi situat a cavall de la plana penedesenca i la serralada prelitoral, amb una altitud que oscil\u00b7la entre els 350 i els 750 m.<\/p>\n<p>El terme compr\u00e8n una bona part de la cap\u00e7alera del riu Foix i de la conca mitjana de la riera de Pontons i el municipi t\u00e9 una poblaci\u00f3, aproximadament, de 2.300 habitants.<\/p>\n<p><strong>L\u2019educaci\u00f3, proc\u00e9s integral<\/strong><\/p>\n<p>L\u2019escola ent\u00e9n l\u2019educaci\u00f3 com un proc\u00e9s integral. Cal que faciliti el desenvolupament de l\u2019alumnat en tots els \u00e0mbits de la personalitat, tant a nivell intel\u00b7lectual com a nivell social tenint cura dels aspectes f\u00edsics, intel\u00b7lectuals, afectivo-emocionals i de relaci\u00f3 social sense prioritzar-ne cap per damunt dels altres.<\/p>\n<p>Aix\u00ed, l\u2019escola est\u00e0 orientada vers un proc\u00e9s educatiu que, per mitj\u00e0 d\u2019un aprenentatge constant que ajudi l\u2019alumnat a obtenir els recursos necessaris, fer front a la vida. En aquest sentit, totes les activitats que s\u2019organitzen, ja siguin de car\u00e0cter acad\u00e8mic o sortides, conviv\u00e8ncies, visites culturals, festes populars, etc., tenen per objectiu assolir el desenvolupament personal i acad\u00e8mic de l\u2019alumnat i, per tant, formen part del Projecte de l\u2019Escola.<\/p>\n<p><a href=\"https:\/\/agora.xtec.cat\/escgueraudepeguera\/wp-content\/uploads\/usu1788\/2019\/01\/IMG_20181106_104620.jpg\"><img loading=\"lazy\" decoding=\"async\" class=\"alignnone size-full wp-image-1014\" src=\"https:\/\/agora.xtec.cat\/escgueraudepeguera\/wp-content\/uploads\/usu1788\/2019\/01\/IMG_20181106_104620.jpg\" alt=\"\" width=\"1008\" height=\"754\" srcset=\"https:\/\/agora.xtec.cat\/escgueraudepeguera\/wp-content\/uploads\/usu1788\/2019\/01\/IMG_20181106_104620.jpg 1008w, https:\/\/agora.xtec.cat\/escgueraudepeguera\/wp-content\/uploads\/usu1788\/2019\/01\/IMG_20181106_104620-300x224.jpg 300w, https:\/\/agora.xtec.cat\/escgueraudepeguera\/wp-content\/uploads\/usu1788\/2019\/01\/IMG_20181106_104620-768x574.jpg 768w, https:\/\/agora.xtec.cat\/escgueraudepeguera\/wp-content\/uploads\/usu1788\/2019\/01\/IMG_20181106_104620-200x150.jpg 200w\" sizes=\"auto, (max-width: 1008px) 100vw, 1008px\" \/><\/a><\/p>\n","protected":false},"excerpt":{"rendered":"<p>L\u2019escola Guerau de Peguera \u00e9s un centre p\u00fablic que es troba a la localitat de Torrelles de Foix (Alt Pened\u00e8s), un municipi situat a cavall de la plana penedesenca i la serralada prelitoral, amb una altitud que oscil\u00b7la entre els 350 i els 750 m.<br \/>\nEl&hellip;  <a href=\"https:\/\/agora.xtec.cat\/escgueraudepeguera\/lescola\/\" title=\"Read L&#8217;escola\">Llegeix m\u00e9s\u00bb<\/a><\/p>\n","protected":false},"author":1,"featured_media":0,"parent":0,"menu_order":0,"comment_status":"closed","ping_status":"closed","template":"page-templates\/side-menu.php","meta":{"_bbp_topic_count":0,"_bbp_reply_count":0,"_bbp_total_topic_count":0,"_bbp_total_reply_count":0,"_bbp_voice_count":0,"_bbp_anonymous_reply_count":0,"_bbp_topic_count_hidden":0,"_bbp_reply_count_hidden":0,"_bbp_forum_subforum_count":0,"footnotes":""},"class_list":["post-22","page","type-page","status-publish","hentry"],"post_mailing_queue_ids":[],"_links":{"self":[{"href":"https:\/\/agora.xtec.cat\/escgueraudepeguera\/wp-json\/wp\/v2\/pages\/22","targetHints":{"allow":["GET"]}}],"collection":[{"href":"https:\/\/agora.xtec.cat\/escgueraudepeguera\/wp-json\/wp\/v2\/pages"}],"about":[{"href":"https:\/\/agora.xtec.cat\/escgueraudepeguera\/wp-json\/wp\/v2\/types\/page"}],"author":[{"embeddable":true,"href":"https:\/\/agora.xtec.cat\/escgueraudepeguera\/wp-json\/wp\/v2\/users\/1"}],"replies":[{"embeddable":true,"href":"https:\/\/agora.xtec.cat\/escgueraudepeguera\/wp-json\/wp\/v2\/comments?post=22"}],"version-history":[{"count":2,"href":"https:\/\/agora.xtec.cat\/escgueraudepeguera\/wp-json\/wp\/v2\/pages\/22\/revisions"}],"predecessor-version":[{"id":1015,"href":"https:\/\/agora.xtec.cat\/escgueraudepeguera\/wp-json\/wp\/v2\/pages\/22\/revisions\/1015"}],"wp:attachment":[{"href":"https:\/\/agora.xtec.cat\/escgueraudepeguera\/wp-json\/wp\/v2\/media?parent=22"}],"curies":[{"name":"wp","href":"https:\/\/api.w.org\/{rel}","templated":true}]}}