{"id":1085,"date":"2019-02-12T12:53:17","date_gmt":"2019-02-12T11:53:17","guid":{"rendered":"http:\/\/agora.xtec.cat\/escgueraudepeguera\/?page_id=1085"},"modified":"2019-02-12T12:57:35","modified_gmt":"2019-02-12T11:57:35","slug":"atencio-a-la-diversitat","status":"publish","type":"page","link":"https:\/\/agora.xtec.cat\/escgueraudepeguera\/atencio-a-la-diversitat\/","title":{"rendered":"Atenci\u00f3 a la diversitat"},"content":{"rendered":"<p>Al Guerau entenem que atendre a la diversitat \u00e9s com fer un vestit a mida. Aix\u00ed doncs, l\u2019escola i els mestres que hi treballem hem de ser capa\u00e7os d\u2019entendre aquesta diversitat, d\u2019acceptar-la i de donar-hi una resposta educativa tamb\u00e9 diversa, que permeti a cadascun dels nostres alumnes caminar cap al m\u00e0xim desenvolupament de la seva personalitat. Les agrupacions varien segons les necessitats escolars, afavorint sempre la socialitzaci\u00f3 entre els alumnes.<\/p>\n<p>Per fer aix\u00f2 possible, comptem amb els recursos humans per a poder desenvolupar dos projectes paral\u00b7lels que treballen coordinats. Per una banda tenim la mestra d\u2019audici\u00f3 i llenguatge i educaci\u00f3 especial i, per l\u2019altra, la mestra d\u2019aula d\u2019acollida.<\/p>\n<p><img loading=\"lazy\" decoding=\"async\" class=\"size-full wp-image-1094 aligncenter\" src=\"https:\/\/agora.xtec.cat\/escgueraudepeguera\/wp-content\/uploads\/usu1788\/2019\/02\/diversidad_Edukame.jpg\" alt=\"\" width=\"550\" height=\"558\" srcset=\"https:\/\/agora.xtec.cat\/escgueraudepeguera\/wp-content\/uploads\/usu1788\/2019\/02\/diversidad_Edukame.jpg 550w, https:\/\/agora.xtec.cat\/escgueraudepeguera\/wp-content\/uploads\/usu1788\/2019\/02\/diversidad_Edukame-296x300.jpg 296w\" sizes=\"auto, (max-width: 550px) 100vw, 550px\" \/><\/p>\n","protected":false},"excerpt":{"rendered":"<p>Al Guerau entenem que atendre a la diversitat \u00e9s com fer un vestit a mida. Aix\u00ed doncs, l\u2019escola i els mestres que hi treballem hem de ser capa\u00e7os d\u2019entendre aquesta diversitat, d\u2019acceptar-la i de donar-hi una resposta educativa tamb\u00e9 diversa, que permeti a cadascun dels&hellip;  <a href=\"https:\/\/agora.xtec.cat\/escgueraudepeguera\/atencio-a-la-diversitat\/\" title=\"Read Atenci\u00f3 a la diversitat\">Llegeix m\u00e9s\u00bb<\/a><\/p>\n","protected":false},"author":1,"featured_media":0,"parent":0,"menu_order":0,"comment_status":"closed","ping_status":"closed","template":"","meta":{"_bbp_topic_count":0,"_bbp_reply_count":0,"_bbp_total_topic_count":0,"_bbp_total_reply_count":0,"_bbp_voice_count":0,"_bbp_anonymous_reply_count":0,"_bbp_topic_count_hidden":0,"_bbp_reply_count_hidden":0,"_bbp_forum_subforum_count":0,"footnotes":""},"class_list":["post-1085","page","type-page","status-publish","hentry"],"post_mailing_queue_ids":[],"_links":{"self":[{"href":"https:\/\/agora.xtec.cat\/escgueraudepeguera\/wp-json\/wp\/v2\/pages\/1085","targetHints":{"allow":["GET"]}}],"collection":[{"href":"https:\/\/agora.xtec.cat\/escgueraudepeguera\/wp-json\/wp\/v2\/pages"}],"about":[{"href":"https:\/\/agora.xtec.cat\/escgueraudepeguera\/wp-json\/wp\/v2\/types\/page"}],"author":[{"embeddable":true,"href":"https:\/\/agora.xtec.cat\/escgueraudepeguera\/wp-json\/wp\/v2\/users\/1"}],"replies":[{"embeddable":true,"href":"https:\/\/agora.xtec.cat\/escgueraudepeguera\/wp-json\/wp\/v2\/comments?post=1085"}],"version-history":[{"count":2,"href":"https:\/\/agora.xtec.cat\/escgueraudepeguera\/wp-json\/wp\/v2\/pages\/1085\/revisions"}],"predecessor-version":[{"id":1095,"href":"https:\/\/agora.xtec.cat\/escgueraudepeguera\/wp-json\/wp\/v2\/pages\/1085\/revisions\/1095"}],"wp:attachment":[{"href":"https:\/\/agora.xtec.cat\/escgueraudepeguera\/wp-json\/wp\/v2\/media?parent=1085"}],"curies":[{"name":"wp","href":"https:\/\/api.w.org\/{rel}","templated":true}]}}