{"id":10401,"date":"2025-10-06T16:00:46","date_gmt":"2025-10-06T14:00:46","guid":{"rendered":"https:\/\/agora.xtec.cat\/escgueraudepeguera\/?page_id=10401"},"modified":"2025-10-07T09:14:51","modified_gmt":"2025-10-07T07:14:51","slug":"radio-guerau","status":"publish","type":"page","link":"https:\/\/agora.xtec.cat\/escgueraudepeguera\/radio-guerau\/","title":{"rendered":"R\u00c0DIO GUERAU"},"content":{"rendered":"<p data-start=\"127\" data-end=\"406\">Aquest curs iniciem una nova aventura a l&#8217;escola: posem en marxa la nostra pr\u00f2pia r\u00e0dio escolar! Neix <strong data-start=\"229\" data-end=\"245\">R\u00e0dio Guerau<\/strong>, un espai creatiu i participatiu on l&#8217;alumnat, de manera guiada, podr\u00e0 experimentar amb la comunicaci\u00f3 i donar veu a diferents tem\u00e0tiques i activitats escolars.<\/p>\n<p data-start=\"408\" data-end=\"597\">Amb aquesta iniciativa volem fomentar l&#8217;expressi\u00f3 oral, el treball en equip i l&#8217;esperit cr\u00edtic, alhora que descobrim el m\u00f3n de la comunicaci\u00f3 i dels mitjans de manera vivencial i divertida.<\/p>\n<p data-start=\"408\" data-end=\"597\">Properament podreu escoltar els nostres primers programes, plens de not\u00edcies, entrevistes, reportatges i molt m\u00e9s.<\/p>\n<p data-start=\"780\" data-end=\"832\"><strong data-start=\"780\" data-end=\"832\">Estigueu atents\/es, R\u00e0dio Guerau comen\u00e7a a sonar!<\/strong><\/p>\n","protected":false},"excerpt":{"rendered":"<p>Aquest curs iniciem una nova aventura a l&#8217;escola: posem en marxa la nostra pr\u00f2pia r\u00e0dio escolar! Neix R\u00e0dio Guerau, un espai creatiu i participatiu on l&#8217;alumnat, de manera guiada, podr\u00e0 experimentar amb la comunicaci\u00f3 i donar veu a diferents tem\u00e0tiques i activitats escolars.<br \/>\nAmb aquesta iniciativa&hellip;  <a href=\"https:\/\/agora.xtec.cat\/escgueraudepeguera\/radio-guerau\/\" title=\"Read R\u00c0DIO GUERAU\">Llegeix m\u00e9s\u00bb<\/a><\/p>\n","protected":false},"author":38,"featured_media":0,"parent":0,"menu_order":0,"comment_status":"closed","ping_status":"closed","template":"","meta":{"_bbp_topic_count":0,"_bbp_reply_count":0,"_bbp_total_topic_count":0,"_bbp_total_reply_count":0,"_bbp_voice_count":0,"_bbp_anonymous_reply_count":0,"_bbp_topic_count_hidden":0,"_bbp_reply_count_hidden":0,"_bbp_forum_subforum_count":0,"footnotes":""},"class_list":["post-10401","page","type-page","status-publish","hentry"],"post_mailing_queue_ids":[],"_links":{"self":[{"href":"https:\/\/agora.xtec.cat\/escgueraudepeguera\/wp-json\/wp\/v2\/pages\/10401","targetHints":{"allow":["GET"]}}],"collection":[{"href":"https:\/\/agora.xtec.cat\/escgueraudepeguera\/wp-json\/wp\/v2\/pages"}],"about":[{"href":"https:\/\/agora.xtec.cat\/escgueraudepeguera\/wp-json\/wp\/v2\/types\/page"}],"author":[{"embeddable":true,"href":"https:\/\/agora.xtec.cat\/escgueraudepeguera\/wp-json\/wp\/v2\/users\/38"}],"replies":[{"embeddable":true,"href":"https:\/\/agora.xtec.cat\/escgueraudepeguera\/wp-json\/wp\/v2\/comments?post=10401"}],"version-history":[{"count":4,"href":"https:\/\/agora.xtec.cat\/escgueraudepeguera\/wp-json\/wp\/v2\/pages\/10401\/revisions"}],"predecessor-version":[{"id":10414,"href":"https:\/\/agora.xtec.cat\/escgueraudepeguera\/wp-json\/wp\/v2\/pages\/10401\/revisions\/10414"}],"wp:attachment":[{"href":"https:\/\/agora.xtec.cat\/escgueraudepeguera\/wp-json\/wp\/v2\/media?parent=10401"}],"curies":[{"name":"wp","href":"https:\/\/api.w.org\/{rel}","templated":true}]}}