{"id":64,"date":"2014-09-18T12:39:08","date_gmt":"2014-09-18T12:39:08","guid":{"rendered":"http:\/\/agora.xtec.cat\/escgaspardeportola\/?page_id=64"},"modified":"2026-03-23T10:20:40","modified_gmt":"2026-03-23T09:20:40","slug":"menjador-escolar","status":"publish","type":"page","link":"https:\/\/agora.xtec.cat\/escgaspardeportola\/lescola\/instal%c2%b7lacions\/menjador-escolar\/","title":{"rendered":"Menjador escolar"},"content":{"rendered":"<p><strong><span style=\"font-size: medium;\"><span lang=\"ES-TRAD\"><img loading=\"lazy\" decoding=\"async\" class=\" wp-image-269 alignleft\" src=\"http:\/\/agora.xtec.cat\/escgaspardeportola\/wp-content\/uploads\/usu555\/2014\/09\/comedor3.gif\" alt=\"comedor3\" width=\"135\" height=\"174\" \/><\/span><\/span><\/strong><\/p>\n<p><a href=\"https:\/\/agora.xtec.cat\/escgaspardeportola\/wp-content\/uploads\/usu555\/2026\/03\/BASAL_GASPAR_ABRIL_25-26.pdf\">MEN\u00da ABRIL 2026<\/a><\/p>\n<p><a href=\"https:\/\/agora.xtec.cat\/escgaspardeportola\/wp-content\/uploads\/usu555\/2026\/03\/NO_CARN_GASPAR_ABRIL_CUS_25-26-1.pdf\">MEN\u00da NO CARN ABRIL 2026<\/a><\/p>\n<p><a href=\"https:\/\/agora.xtec.cat\/escgaspardeportola\/wp-content\/uploads\/usu555\/2026\/03\/BASAL_GASPAR_DE_PORTOLA_MARZO_26-2.pdf\">MEN\u00da MAR\u00c7 2026<\/a><\/p>\n<p><a href=\"https:\/\/agora.xtec.cat\/escgaspardeportola\/wp-content\/uploads\/usu555\/2026\/03\/BASAL_NO_CARN_GASPAR__MARC-1.pdf\">MEN\u00da\u00a0 NO CARN MAR\u00c7 2026<\/a><\/p>\n<p><a href=\"https:\/\/agora.xtec.cat\/escgaspardeportola\/wp-content\/uploads\/usu555\/2025\/10\/Carta-Comertel_FAMILIES.pdf\">CANVI NORMATIVA<\/a><\/p>\n<p><a href=\"https:\/\/agora.xtec.cat\/escgaspardeportola\/wp-content\/uploads\/usu555\/2025\/08\/CIRCULAR-FAMILIES-CURS-25-26-25H-1.pdf\">CIRCULAR FAM\u00cdLIES 25-26<\/a><\/p>\n<p><a href=\"https:\/\/agora.xtec.cat\/escgaspardeportola\/wp-content\/uploads\/usu555\/2024\/09\/INFORMACIO-MENJADOR-ESCOLA-GASPAR-DE-PORTOLA.pdf\">FUNCIONAMENT DEL MENJADOR<\/a><\/p>\n<p><a href=\"https:\/\/agora.xtec.cat\/escgaspardeportola\/wp-content\/uploads\/usu555\/2025\/07\/CIRCULAR-INSCRIPCIO-MENJADOR-COMERTEL-25-26.pdf\">CIRCULAR INSCRIPCI\u00d3 2025-26<\/a> &#8211; <a href=\"https:\/\/agora.xtec.cat\/escgaspardeportola\/wp-content\/uploads\/usu555\/2025\/07\/Fitxa-online-GDC-Manual.pdf\">MANUAL ONLINE<\/a><\/p>\n<p><span style=\"font-size: medium;\"><span lang=\"ES-TRAD\">La gesti\u00f3 del menjador escolar ser\u00e0 a c\u00e0rrec de l\u2019empresa COMERTEL, ja que aix\u00ed ho ha determinat el Departament d\u2019Ensenyament que delega compet\u00e8ncies al Consell Comarcal de la Noguera.<\/span><\/span><\/p>\n<p><span style=\"font-size: medium;\"><span lang=\"ES-TRAD\">L\u2019elaboraci\u00f3 del menjar es continuar\u00e0 fent al centre per part de les mateixes cuineres que hi havia fins ara aix\u00ed com la vigil\u00e0ncia i el treball dels h\u00e0bits dels nens\/es la continuaran fent les mateixes monitores del curs passat.<\/span><\/span><\/p>\n<p><span style=\"font-size: medium;\"><u><span lang=\"ES-TRAD\">Cal omplir la <b>fitxa d\u2019inscripci\u00f3 al menjador annexada\u00a0<\/b><\/span><\/u><span lang=\"ES-TRAD\">per a\u00a0 que, en cas de voler usar el servei de menjador tant de forma fixa com eventual, l\u2019omplin i la retornin a la monitora<u> <\/u>responsable.\u00a0<\/span><\/span><\/p>\n<p><span style=\"font-size: medium;\"><b><span lang=\"ES-TRAD\">Tamb\u00e9 cal tenir en compte la\u00a0 normativa del menjador escolar<\/span><\/b><span lang=\"ES-TRAD\"> que cal llegir b\u00e9 ja que es d\u00f3na tota la informaci\u00f3 necess\u00e0ria a molts dels dubtes que, a vegades, se\u2019ns planteja.<\/span><\/span><\/p>\n<p><span style=\"font-size: medium;\"><span lang=\"ES-TRAD\">Els alumnes que els concedeixen ajut socioecon\u00f2mic (beca del Consell Comarcal) quan se\u2019ls ho comuniqui, pactaran amb COMERTEL els dies de la setmana que empraran el servei; fins aleshores si volen emprar-lo hauran d\u2019omplir la fitxa i domiciliar-lo.<\/span><\/span><\/p>\n<p><span style=\"font-size: medium;\"><span lang=\"FR\">Els preus establerts per aquest curs seran\u00a0:<\/span><\/span><\/p>\n<div class=\"page\" title=\"Page 1\">\n<div class=\"layoutArea\">\n<div class=\"column\">\n<ul>\n<li><strong>Fix:\u00a0<\/strong>consideremusuarifixqualsevolalumnequefaci\u00fasdelserveidemanera habitual, com a m\u00ednim 3 dies a la setmana i sempre els mateixos dies.\u00a0<strong>Preu: 6,69\u20ac<\/strong><\/li>\n<\/ul>\n<\/div>\n<\/div>\n<\/div>\n<div class=\"page\" title=\"Page 1\">\n<div class=\"layoutArea\">\n<div class=\"column\">\n<ul>\n<li><strong>Espor\u00e0dic:\u00a0<\/strong>consideremusuariespor\u00e0dicqualsevolalumnequefaci\u00fasdel servei de manera puntual.\u00a0<strong>Preu: 7,36 \u20ac<\/strong><\/li>\n<\/ul>\n<p><strong>TEL\u00c8FON CUINA 681 280 774<\/strong><\/p>\n<p><strong>DEPARTAMENT DE GESTI\u00d3 DE COBRAMENTS\u00a0 <\/strong>973187156 &#8211; 933665943 (de dilluns a divendres de 8 a 15 hores) o al correu electr\u00f2nic \u00a0catalunyafacturacio@aramark.es<\/p>\n<\/div>\n<\/div>\n<\/div>\n","protected":false},"excerpt":{"rendered":"<p>MEN\u00da ABRIL 2026 MEN\u00da NO CARN ABRIL 2026 MEN\u00da MAR\u00c7 2026 MEN\u00da\u00a0 NO CARN MAR\u00c7 2026 CANVI NORMATIVA CIRCULAR FAM\u00cdLIES 25-26 FUNCIONAMENT DEL MENJADOR CIRCULAR INSCRIPCI\u00d3 2025-26 &#8211; MANUAL ONLINE La gesti\u00f3 del menjador escolar ser\u00e0 a c\u00e0rrec de l\u2019empresa COMERTEL, ja que aix\u00ed ho ha determinat el Departament d\u2019Ensenyament que delega compet\u00e8ncies al Consell [&hellip;]<\/p>\n","protected":false},"author":2,"featured_media":0,"parent":30,"menu_order":10,"comment_status":"closed","ping_status":"closed","template":"","meta":{"_bbp_topic_count":0,"_bbp_reply_count":0,"_bbp_total_topic_count":0,"_bbp_total_reply_count":0,"_bbp_voice_count":0,"_bbp_anonymous_reply_count":0,"_bbp_topic_count_hidden":0,"_bbp_reply_count_hidden":0,"_bbp_forum_subforum_count":0,"site-sidebar-layout":"no-sidebar","site-content-layout":"","ast-site-content-layout":"default","site-content-style":"default","site-sidebar-style":"default","ast-global-header-display":"","ast-banner-title-visibility":"","ast-main-header-display":"","ast-hfb-above-header-display":"","ast-hfb-below-header-display":"","ast-hfb-mobile-header-display":"","site-post-title":"","ast-breadcrumbs-content":"","ast-featured-img":"","footer-sml-layout":"","theme-transparent-header-meta":"","adv-header-id-meta":"","stick-header-meta":"","header-above-stick-meta":"","header-main-stick-meta":"","header-below-stick-meta":"","astra-migrate-meta-layouts":"set","ast-page-background-enabled":"default","ast-page-background-meta":{"desktop":{"background-color":"var(--ast-global-color-4)","background-image":"","background-repeat":"repeat","background-position":"center center","background-size":"auto","background-attachment":"scroll","background-type":"","background-media":"","overlay-type":"","overlay-color":"","overlay-opacity":"","overlay-gradient":""},"tablet":{"background-color":"","background-image":"","background-repeat":"repeat","background-position":"center center","background-size":"auto","background-attachment":"scroll","background-type":"","background-media":"","overlay-type":"","overlay-color":"","overlay-opacity":"","overlay-gradient":""},"mobile":{"background-color":"","background-image":"","background-repeat":"repeat","background-position":"center center","background-size":"auto","background-attachment":"scroll","background-type":"","background-media":"","overlay-type":"","overlay-color":"","overlay-opacity":"","overlay-gradient":""}},"ast-content-background-meta":{"desktop":{"background-color":"var(--ast-global-color-5)","background-image":"","background-repeat":"repeat","background-position":"center center","background-size":"auto","background-attachment":"scroll","background-type":"","background-media":"","overlay-type":"","overlay-color":"","overlay-opacity":"","overlay-gradient":""},"tablet":{"background-color":"var(--ast-global-color-5)","background-image":"","background-repeat":"repeat","background-position":"center center","background-size":"auto","background-attachment":"scroll","background-type":"","background-media":"","overlay-type":"","overlay-color":"","overlay-opacity":"","overlay-gradient":""},"mobile":{"background-color":"var(--ast-global-color-5)","background-image":"","background-repeat":"repeat","background-position":"center center","background-size":"auto","background-attachment":"scroll","background-type":"","background-media":"","overlay-type":"","overlay-color":"","overlay-opacity":"","overlay-gradient":""}},"footnotes":""},"class_list":["post-64","page","type-page","status-publish","hentry"],"post_mailing_queue_ids":[],"_links":{"self":[{"href":"https:\/\/agora.xtec.cat\/escgaspardeportola\/wp-json\/wp\/v2\/pages\/64","targetHints":{"allow":["GET"]}}],"collection":[{"href":"https:\/\/agora.xtec.cat\/escgaspardeportola\/wp-json\/wp\/v2\/pages"}],"about":[{"href":"https:\/\/agora.xtec.cat\/escgaspardeportola\/wp-json\/wp\/v2\/types\/page"}],"author":[{"embeddable":true,"href":"https:\/\/agora.xtec.cat\/escgaspardeportola\/wp-json\/wp\/v2\/users\/2"}],"replies":[{"embeddable":true,"href":"https:\/\/agora.xtec.cat\/escgaspardeportola\/wp-json\/wp\/v2\/comments?post=64"}],"version-history":[{"count":6,"href":"https:\/\/agora.xtec.cat\/escgaspardeportola\/wp-json\/wp\/v2\/pages\/64\/revisions"}],"predecessor-version":[{"id":11470,"href":"https:\/\/agora.xtec.cat\/escgaspardeportola\/wp-json\/wp\/v2\/pages\/64\/revisions\/11470"}],"up":[{"embeddable":true,"href":"https:\/\/agora.xtec.cat\/escgaspardeportola\/wp-json\/wp\/v2\/pages\/30"}],"wp:attachment":[{"href":"https:\/\/agora.xtec.cat\/escgaspardeportola\/wp-json\/wp\/v2\/media?parent=64"}],"curies":[{"name":"wp","href":"https:\/\/api.w.org\/{rel}","templated":true}]}}