{"id":3888,"date":"2019-04-10T23:16:50","date_gmt":"2019-04-10T21:16:50","guid":{"rendered":"http:\/\/agora.xtec.cat\/escgaspardeportola\/?page_id=3888"},"modified":"2026-01-18T22:41:20","modified_gmt":"2026-01-18T21:41:20","slug":"documents","status":"publish","type":"page","link":"https:\/\/agora.xtec.cat\/escgaspardeportola\/lescola\/documents\/","title":{"rendered":"DOCUMENTS INSTITUCIONALS DE L&#8217;ESCOLA"},"content":{"rendered":"<p>La legislaci\u00f3 present preveu que tots els centres elaborin els seus documents de gesti\u00f3, com a eines eficaces que els han de permetre un exercici responsable de l\u2019autonomia reconeguda. Aquests documents s\u00f3n els seg\u00fcents:<\/p>\n<ul>\n<li>El projecte educatiu del centre (PEC), que inclou el projecte ling\u00fc\u00edstic (PL)<\/li>\n<li>Les normes d\u2019organitzaci\u00f3 i funcionament del centre (NOFC)<\/li>\n<li>El projecte de direcci\u00f3 (PdD)<\/li>\n<li>La programaci\u00f3 general anual (PGA)<\/li>\n<li>L\u2019avaluaci\u00f3 de l\u2019assoliment dels objectius previstos a la PGA, recollits en la mem\u00f2ria anual corresponent (MA).<\/li>\n<\/ul>\n<p>Els documents de gesti\u00f3 de centre han d\u2019estar disponibles per a la comunitat educativa, exceptuant els que no s\u00f3n de car\u00e0cter p\u00fablic, perqu\u00e8 poden contenir dades sensibles.<\/p>\n<table style=\"border-collapse: collapse; width: 100%; height: 1122px;\">\n<tbody>\n<tr style=\"height: 57px;\">\n<td style=\"width: 99.8684%; text-align: center; height: 57px;\" colspan=\"2\">\n<h4><strong>DOCUMENTS DE GESTI\u00d3 DEL CENTRE<\/strong><\/h4>\n<\/td>\n<\/tr>\n<tr style=\"height: 10px;\">\n<td style=\"width: 22.7832%; height: 10px;\"><strong>Projecte Educatiu de Centre (PEC)<\/strong><\/td>\n<td style=\"width: 77.0852%; height: 10px;\">El projecte educatiu de centre (PEC) \u00e9s un document que inclou els trets d\u2019identitat del centre, els principis pedag\u00f2gics, els principis organitzatius i el projecte ling\u00fc\u00edstic.En aquest document s\u2019especifiquen els valors, els objectius i les prioritats d\u2019actuaci\u00f3 del centre, la concreci\u00f3 dels curr\u00edculums que s\u2019imparteixen i el tractament transversal en les \u00e0rees, mat\u00e8ries o m\u00f2duls de l\u2019educaci\u00f3 en valors i altres ensenyaments.<\/td>\n<\/tr>\n<tr style=\"height: 30px;\">\n<td style=\"width: 99.8684%; height: 30px;\" colspan=\"2\"><\/td>\n<\/tr>\n<tr style=\"height: 30px;\">\n<td style=\"width: 22.7832%; height: 30px;\"><a href=\"https:\/\/agora.xtec.cat\/escgaspardeportola\/wp-content\/uploads\/usu555\/2023\/05\/PdDCarmeGuillaumet.pdf\"><strong>Projecte de Direcci\u00f3 (PdD)<\/strong><\/a><\/td>\n<td style=\"width: 77.0852%; height: 30px;\">El projecte de direcci\u00f3 \u00e9s el document que preveu els objectius prioritaris que cal desenvolupar al llarg de 4 anys i dels quals es desprenen les programacions anuals i les corresponents mem\u00f2ries que cal presentar en Claustre i aprovar per Consell Escolar.<\/td>\n<\/tr>\n<tr style=\"height: 30px;\">\n<td style=\"width: 99.8684%; height: 30px;\" colspan=\"2\"><strong><em>Vig\u00e8ncia del projecte 2002-2026<\/em><\/strong><\/td>\n<\/tr>\n<tr style=\"height: 76px;\">\n<td style=\"width: 22.7832%; height: 76px;\"><a href=\"https:\/\/agora.xtec.cat\/escgaspardeportola\/wp-content\/uploads\/usu555\/2023\/05\/NOFC-2023pdf.pdf\"><strong>Normes d&#8217;Organitzaci\u00f3 i Funcionament de Centre (NOFC)<\/strong><\/a><\/td>\n<td style=\"width: 77.0852%; height: 76px;\">Entenem les NOFC com el conjunt d\u2019acords i decisions d\u2019organitzaci\u00f3 i funcionament que s\u2019hi adopten per fer possible, en el dia a dia, el treball educatiu i de gesti\u00f3 que permet assolir els objectius proposats en el projecte educatiu del centre i en la programaci\u00f3 anual.<\/td>\n<\/tr>\n<tr style=\"height: 30px;\">\n<td style=\"width: 99.8684%; height: 30px;\" colspan=\"2\"><em><strong>\u00daltima actualitzaci\u00f3 curs 2022-2023<\/strong><\/em><\/td>\n<\/tr>\n<tr style=\"height: 99px;\">\n<td style=\"width: 22.7832%; height: 99px;\"><a href=\"https:\/\/agora.xtec.cat\/escgaspardeportola\/wp-content\/uploads\/usu555\/2023\/05\/PdC.pdf\"><strong>Projecte de Conviv\u00e8ncia de Centre (PCC)<\/strong><\/a><\/td>\n<td style=\"width: 77.0852%; height: 99px;\">El Departament d\u2019Educaci\u00f3 planteja l\u2019elaboraci\u00f3 del Projecte de conviv\u00e8ncia com un instrument on es reflecteixen les accions que el centre docent desenvolupa per capacitar els alumnes i la resta de la comunitat educativa per a la conviv\u00e8ncia i la gesti\u00f3 positiva dels conflictes.<\/td>\n<\/tr>\n<tr style=\"height: 30px;\">\n<td style=\"width: 99.8684%; height: 30px;\" colspan=\"2\"><em><strong>Setembre 2018<\/strong><\/em><\/td>\n<\/tr>\n<tr style=\"height: 121px;\">\n<td style=\"width: 22.7832%; height: 121px;\"><a href=\"https:\/\/agora.xtec.cat\/escgaspardeportola\/wp-content\/uploads\/usu555\/2019\/01\/PL.pdf\"><strong>Projecte Ling\u00fc\u00edstic de Centre (PLC)<\/strong><\/a>Pla lector de centre<\/td>\n<td style=\"width: 77.0852%; height: 121px;\">El projecte ling\u00fc\u00edstic \u00e9s el document que recull els aspectes relatius a l\u2019ensenyament i a l\u2019\u00fas de les lleng\u00fces en el centre educatiu.En aquest document queden definits el tractament de la llengua catalana i, si escau, de l\u2019aran\u00e8s com a llengua vehicular i d\u2019aprenentatge, el proc\u00e9s d\u2019ensenyament i aprenentatge de la llengua castellana, les diferents opcions amb refer\u00e8ncia a les lleng\u00fces estrangeres i els criteris generals per a les adequacions de les lleng\u00fces a la realitat socioling\u00fc\u00edstica del centre.<\/td>\n<\/tr>\n<tr style=\"height: 30px;\">\n<td style=\"width: 99.8684%; height: 30px;\" colspan=\"2\"><em><strong>Actualitzaci\u00f3 Gener 2019<\/strong><\/em><\/td>\n<\/tr>\n<tr style=\"height: 121px;\">\n<td style=\"width: 22.7832%; height: 121px;\"><a href=\"https:\/\/view.genial.ly\/6340079251d4e6001b55da63\/learning-experience-didactic-unit-edc-escola-gaspar-de-portola\"><strong>Estrat\u00e8gia Digital de Centre (EDC)<\/strong><\/a><\/td>\n<td style=\"width: 77.0852%; height: 121px;\">L&#8217;Estrat\u00e8gia digital de centre \u00e9s un instrument que t\u00e9 per objectiu formalitzar la governan\u00e7a de la tecnologia en el marc de l\u2019autonomia de centre i del Projecte Educatiu. En aquest document es recullen les caracter\u00edstiques actuals del centre amb relaci\u00f3 a l&#8217;estrat\u00e8gia i la cultura digital de centre, es defineixen els objectius i es planifiquen les actuacions que es duran a terme pel que fa als aspectes organitzatius, didacticopedag\u00f2gics i curriculars.<\/td>\n<\/tr>\n<tr style=\"height: 69px;\">\n<td style=\"width: 99.8684%; height: 69px;\" colspan=\"2\"><strong><br \/>\n<\/strong><em><strong>Aprovaci\u00f3 Juny 2023<\/strong><\/em><\/td>\n<\/tr>\n<tr style=\"height: 94px;\">\n<td style=\"width: 22.7832%; height: 94px;\"><a href=\"https:\/\/agora.xtec.cat\/escgaspardeportola\/wp-content\/uploads\/usu555\/2023\/07\/Carta-compromis-infantil-.pdf\"><strong>La carta de comprom\u00eds E.I.<\/strong><\/a><a href=\"https:\/\/agora.xtec.cat\/escgaspardeportola\/wp-content\/uploads\/usu555\/2023\/07\/Carta-compromis-primaria.pdf\"><strong>La carta de comprom\u00eds E.P.\u00a0<\/strong><\/a><\/td>\n<td style=\"width: 77.0852%; height: 94px;\">La carta de comprom\u00eds educatiu \u00e9s un document que situa, facilita i afavoreix la cooperaci\u00f3 entre les accions educatives de les fam\u00edlies i la del centre educatiu.\u00a0 \u00a0<a href=\"https:\/\/agora.xtec.cat\/escgaspardeportola\/wp-content\/uploads\/usu555\/2023\/07\/CARTA-DE-COMPROMIS-EDUCATIU.pdf\">Infografia<\/a><\/td>\n<\/tr>\n<tr style=\"height: 55px;\">\n<td style=\"width: 99.8684%; height: 55px;\" colspan=\"2\"><em><strong>Actualitzaci\u00f3 Juny 2023<\/strong><\/em><\/td>\n<\/tr>\n<tr style=\"height: 30px;\">\n<td style=\"width: 22.7832%; height: 30px;\"><a href=\"https:\/\/agora.xtec.cat\/escgaspardeportola\/wp-content\/uploads\/usu555\/2023\/05\/Pla-de-comunicacio-de-centre.docx.pdf\"><strong>Pla de comunicaci\u00f3 de centre<\/strong><\/a><\/td>\n<td style=\"width: 77.0852%; height: 30px;\">El Pla de Comunicaci\u00f3 de centre \u00e9s una eina de comunicaci\u00f3, gesti\u00f3 i planificaci\u00f3, millora i innovaci\u00f3, tant a nivell intern com extern al centre.<\/td>\n<\/tr>\n<tr style=\"height: 30px;\">\n<td style=\"width: 99.8684%; height: 30px;\" colspan=\"2\"><em><strong>Aprovaci\u00f3 curs 2021-2022<\/strong><\/em><\/td>\n<\/tr>\n<tr style=\"height: 30px;\">\n<td style=\"width: 22.7832%; height: 30px;\"><a href=\"https:\/\/agora.xtec.cat\/escgaspardeportola\/wp-content\/uploads\/usu555\/2023\/05\/PLA-ACOLLIDA.docx.pdf\"><strong>Pla d&#8217;acollida de centre (PAC)<\/strong><\/a><\/td>\n<td style=\"width: 77.0852%; height: 30px;\"><\/td>\n<\/tr>\n<tr style=\"height: 30px;\">\n<td style=\"width: 99.8684%; height: 30px;\" colspan=\"2\"><strong>Actualitzaci\u00f3 Juny 2023<\/strong><\/td>\n<\/tr>\n<tr style=\"height: 30px;\">\n<td style=\"width: 22.7832%; height: 30px;\"><strong>Pla de menjador escolar\u00a0<\/strong><\/td>\n<td style=\"width: 77.0852%; height: 30px;\"><\/td>\n<\/tr>\n<tr style=\"height: 30px;\">\n<td style=\"width: 99.8684%; height: 30px;\" colspan=\"2\"><em><b>Pendent nova licitaci\u00f3\u00a0<\/b><\/em><\/td>\n<\/tr>\n<tr style=\"height: 30px;\">\n<td style=\"width: 22.7832%; height: 30px;\"><a href=\"https:\/\/drive.google.com\/file\/d\/1T-RxzP-0I519uRYwqCPnfmVWlJNEV0cc\/view?usp=sharing\"><strong>Projecte GaspArt School<\/strong><\/a><\/td>\n<td style=\"width: 77.0852%; height: 30px;\">Projecte premiat com a innovaci\u00f3 durant el curs 2022-2023, el qual es va iniciar el curs 2016-2017. Projecte per a percebre i aprendre a\u00a0 produir a partir del coneixement i de la comprensi\u00f3 a trav\u00e9s de les arts.<\/td>\n<\/tr>\n<tr style=\"height: 30px;\">\n<td style=\"height: 30px; width: 99.8684%;\" colspan=\"2\"><em><strong>Actualitzaci\u00f3 curs 2022-23<\/strong><\/em><\/td>\n<\/tr>\n<tr style=\"height: 30px;\">\n<td style=\"width: 22.7832%; height: 30px;\"><strong>Pla d&#8217;adequaci\u00f3 al canvi clim\u00e0tic\u00a0\u00a0<\/strong><\/td>\n<td style=\"width: 77.0852%; height: 30px;\"><\/td>\n<\/tr>\n<tr style=\"height: 30px;\">\n<td style=\"height: 30px; width: 99.8684%;\" colspan=\"2\"><em><strong>Aprovaci\u00f3 Juny 2023<\/strong><\/em><\/td>\n<\/tr>\n<\/tbody>\n<\/table>\n<p><strong>CURS 2022-23<\/strong><\/p>\n<p><a href=\"https:\/\/agora.xtec.cat\/escgaspardeportola\/wp-content\/uploads\/usu555\/2023\/07\/QUOTA-DE-MATERIAL-INFANTIL-CURS-2023-24-7.pdf\"><strong>QUOTA DE MATERIAL 23-24 + AFA EDUCACI\u00d3 INFANTIL<\/strong><\/a><\/p>\n<p><a href=\"https:\/\/agora.xtec.cat\/escgaspardeportola\/wp-content\/uploads\/usu555\/2023\/07\/QUOTA-DE-MATERIAL-PRIMA\u0300RIA-CURS-2023-24.pdf\"><strong>QUOTA DE MATERIAL 23-24 + AFA EDUCACI\u00d3 PRIM\u00c0RIA<\/strong><\/a><\/p>\n<p><a href=\"https:\/\/agora.xtec.cat\/escgaspardeportola\/wp-content\/uploads\/usu555\/2023\/07\/XANDALL-I-BATA-DE-LESCOLA.pdf\"><strong>BATA I XANDALL DE L&#8217;ESCOLA<\/strong><\/a><\/p>\n<p><strong><a href=\"https:\/\/agora.xtec.cat\/escgaspardeportola\/wp-content\/uploads\/usu555\/2022\/07\/Extraescolars-22-23.pdf\">ACTIVITATS EXTRAESCOLARS 22-23<\/a><\/strong><\/p>\n<p><a href=\"https:\/\/agora.xtec.cat\/escgaspardeportola\/wp-content\/uploads\/usu555\/2022\/07\/FICHA-ALTA-22-23-COMERTEL.pdf\"><strong>FICHA ALTA 22-23 COMERTEL<\/strong><\/a><\/p>\n<p><strong><a href=\"https:\/\/agora.xtec.cat\/escgaspardeportola\/wp-content\/uploads\/usu555\/2022\/09\/Circular-informativa-setembre-22.pdf\">CIRCULAR INFORMATIVA SETEMBRE 2022<\/a><\/strong><\/p>\n","protected":false},"excerpt":{"rendered":"<p>La legislaci\u00f3 present preveu que tots els centres elaborin els seus documents de gesti\u00f3, com a eines eficaces que els han de permetre un exercici responsable de l\u2019autonomia reconeguda. Aquests documents s\u00f3n els seg\u00fcents: El projecte educatiu del centre (PEC), que inclou el projecte ling\u00fc\u00edstic (PL) Les normes d\u2019organitzaci\u00f3 i funcionament del centre (NOFC) El [&hellip;]<\/p>\n","protected":false},"author":1,"featured_media":0,"parent":22,"menu_order":0,"comment_status":"closed","ping_status":"closed","template":"","meta":{"_bbp_topic_count":0,"_bbp_reply_count":0,"_bbp_total_topic_count":0,"_bbp_total_reply_count":0,"_bbp_voice_count":0,"_bbp_anonymous_reply_count":0,"_bbp_topic_count_hidden":0,"_bbp_reply_count_hidden":0,"_bbp_forum_subforum_count":0,"site-sidebar-layout":"no-sidebar","site-content-layout":"","ast-site-content-layout":"default","site-content-style":"default","site-sidebar-style":"default","ast-global-header-display":"","ast-banner-title-visibility":"","ast-main-header-display":"","ast-hfb-above-header-display":"","ast-hfb-below-header-display":"","ast-hfb-mobile-header-display":"","site-post-title":"","ast-breadcrumbs-content":"","ast-featured-img":"","footer-sml-layout":"","theme-transparent-header-meta":"","adv-header-id-meta":"","stick-header-meta":"","header-above-stick-meta":"","header-main-stick-meta":"","header-below-stick-meta":"","astra-migrate-meta-layouts":"set","ast-page-background-enabled":"default","ast-page-background-meta":{"desktop":{"background-color":"var(--ast-global-color-4)","background-image":"","background-repeat":"repeat","background-position":"center center","background-size":"auto","background-attachment":"scroll","background-type":"","background-media":"","overlay-type":"","overlay-color":"","overlay-opacity":"","overlay-gradient":""},"tablet":{"background-color":"","background-image":"","background-repeat":"repeat","background-position":"center center","background-size":"auto","background-attachment":"scroll","background-type":"","background-media":"","overlay-type":"","overlay-color":"","overlay-opacity":"","overlay-gradient":""},"mobile":{"background-color":"","background-image":"","background-repeat":"repeat","background-position":"center center","background-size":"auto","background-attachment":"scroll","background-type":"","background-media":"","overlay-type":"","overlay-color":"","overlay-opacity":"","overlay-gradient":""}},"ast-content-background-meta":{"desktop":{"background-color":"var(--ast-global-color-5)","background-image":"","background-repeat":"repeat","background-position":"center center","background-size":"auto","background-attachment":"scroll","background-type":"","background-media":"","overlay-type":"","overlay-color":"","overlay-opacity":"","overlay-gradient":""},"tablet":{"background-color":"var(--ast-global-color-5)","background-image":"","background-repeat":"repeat","background-position":"center center","background-size":"auto","background-attachment":"scroll","background-type":"","background-media":"","overlay-type":"","overlay-color":"","overlay-opacity":"","overlay-gradient":""},"mobile":{"background-color":"var(--ast-global-color-5)","background-image":"","background-repeat":"repeat","background-position":"center center","background-size":"auto","background-attachment":"scroll","background-type":"","background-media":"","overlay-type":"","overlay-color":"","overlay-opacity":"","overlay-gradient":""}},"footnotes":""},"class_list":["post-3888","page","type-page","status-publish","hentry"],"post_mailing_queue_ids":[],"_links":{"self":[{"href":"https:\/\/agora.xtec.cat\/escgaspardeportola\/wp-json\/wp\/v2\/pages\/3888","targetHints":{"allow":["GET"]}}],"collection":[{"href":"https:\/\/agora.xtec.cat\/escgaspardeportola\/wp-json\/wp\/v2\/pages"}],"about":[{"href":"https:\/\/agora.xtec.cat\/escgaspardeportola\/wp-json\/wp\/v2\/types\/page"}],"author":[{"embeddable":true,"href":"https:\/\/agora.xtec.cat\/escgaspardeportola\/wp-json\/wp\/v2\/users\/1"}],"replies":[{"embeddable":true,"href":"https:\/\/agora.xtec.cat\/escgaspardeportola\/wp-json\/wp\/v2\/comments?post=3888"}],"version-history":[{"count":3,"href":"https:\/\/agora.xtec.cat\/escgaspardeportola\/wp-json\/wp\/v2\/pages\/3888\/revisions"}],"predecessor-version":[{"id":11103,"href":"https:\/\/agora.xtec.cat\/escgaspardeportola\/wp-json\/wp\/v2\/pages\/3888\/revisions\/11103"}],"up":[{"embeddable":true,"href":"https:\/\/agora.xtec.cat\/escgaspardeportola\/wp-json\/wp\/v2\/pages\/22"}],"wp:attachment":[{"href":"https:\/\/agora.xtec.cat\/escgaspardeportola\/wp-json\/wp\/v2\/media?parent=3888"}],"curies":[{"name":"wp","href":"https:\/\/api.w.org\/{rel}","templated":true}]}}