{"id":22,"date":"2014-09-18T12:19:57","date_gmt":"2014-09-18T12:19:57","guid":{"rendered":"http:\/\/agora.xtec.cat\/escgaspardeportola\/?page_id=22"},"modified":"2026-01-21T12:27:28","modified_gmt":"2026-01-21T11:27:28","slug":"lescola","status":"publish","type":"page","link":"https:\/\/agora.xtec.cat\/escgaspardeportola\/lescola\/","title":{"rendered":"L&#8217;escola"},"content":{"rendered":"<p dir=\"ltr\" style=\"text-align: justify;\">L&#8217;escola\u00a0Gaspar de Portol\u00e0 \u00e9s un centre docent de titularitat\u00a0 p\u00fablica que at\u00e9n nens i nenes en edats compreses entre els 3 i els 12 anys.\u00a0 Aquest tipus de titularitat comporta que l\u2019ensenyament sigui totalment gratu\u00eft per a les fam\u00edlies.<\/p>\n<p dir=\"ltr\" style=\"text-align: justify;\"><strong>ORGANITZACI\u00d3 DELS RECURSOS PERSONALS<\/strong><\/p>\n<p dir=\"ltr\" style=\"text-align: justify;\">El centre compta amb:<\/p>\n<ul>\n<li>8 mestres especialistes en Educaci\u00f3 Infantil.<\/li>\n<li>1 T\u00e8cnica d&#8217;educaci\u00f3 infantil.<\/li>\n<li>3 mestres especialistes en Angl\u00e8s<\/li>\n<li>2\u00a0mestres especialistes en Educaci\u00f3 F\u00edsica.<\/li>\n<li>1 mestra especialista en M\u00fasica<\/li>\n<li>2 mestres especialistes en Educaci\u00f3 Especial.<\/li>\n<li>12 mestres de prim\u00e0ria.<\/li>\n<li>1 mestre especialista en Religi\u00f3 Cat\u00f2lica<\/li>\n<li>1 mestre d&#8217;Aula d&#8217;Acollida<\/li>\n<li>1 mestra de la SIEI Suport intensiu educaci\u00f3 inclusiva<\/li>\n<li>1 Educadora de la SIEI<\/li>\n<li>1 T\u00e8cnica d&#8217;integraci\u00f3 social<\/li>\n<\/ul>\n<p>El centre compta amb els serveis de l\u2019Equip d\u2019Assessorament Psicopedag\u00f2gic (E.A.P.) que est\u00e0 integrat pel psic\u00f2leg, la logopeda i l\u2019assistent social. Per tal de facilitar una millor atenci\u00f3 d\u2019acord amb les caracter\u00edstiques individuals dels alumnes es prioritza l\u2019atenci\u00f3 a\u00a0 diversitat. Per facilitar aquesta tasca, el centre disposa de les seg\u00fcents estrat\u00e8gies:<\/p>\n<ul>\n<li>Reeducaci\u00f3 logop\u00e8dica dels alumnes amb necessitats.<\/li>\n<li>\u00a0Aula d&#8217;acollida<\/li>\n<li>\u00a0Desdoblaments de grup-classe.<\/li>\n<li>\u00a0Atenci\u00f3 individualitzada de l&#8217;alumnat.<\/li>\n<li>Suport intensiu educaci\u00f3 inclusiva<\/li>\n<\/ul>\n<p><strong>EQUIPAMENT<\/strong><\/p>\n<ul>\n<li>Aula de rob\u00f2tica<\/li>\n<li>Aula d&#8217;Art<\/li>\n<li>Aula de m\u00fasica<\/li>\n<li>Aula d&#8217;acollida<\/li>\n<li>Cuina<\/li>\n<li>Biblioteca escolar<\/li>\n<li>Gimn\u00e0s i vestidors<\/li>\n<li>Pati d&#8217;Ed. Infantil i de Prim\u00e0ria<\/li>\n<li><span style=\"color: var(--ast-global-color-3); background-color: var(--ast-global-color-5); font-size: 1rem; font-weight: inherit;\">Aules Polivalents per multinivells i desdoblaments.<\/span><\/li>\n<li><span style=\"color: var(--ast-global-color-3); background-color: var(--ast-global-color-5); font-size: 1rem; font-weight: inherit;\">Menjador d&#8217;Ed. Infantil i de Prim\u00e0ria<\/span><\/li>\n<li>L&#8217;Escola compta amb l&#8217;\u00fas dels serveis municipals com la\u00a0 piscina i poliesportiu per a realitzar activitats en horari lectiu. I de manera molt puntual el teatre municipal.<\/li>\n<\/ul>\n<p><strong>COORDINACI\u00d3 AMB SECUND\u00c0RIA<\/strong><\/p>\n<div>\n<p>Per tal de garantir una continu\u00eftat en els continguts curriculars i una coher\u00e8ncia en l&#8217;acci\u00f3 educativa, es duu a terme una coordinaci\u00f3 amb l&#8217;institut al qual s&#8217;ha matriculat el nen\/a.<br \/>\nS&#8217;escau comentar que el molt bon nivell que assoleixen els nostres alumnes en acabar prim\u00e0ria, els permet seguir amb facilitat els continguts que corresponen a l&#8217;ESO.<\/p>\n<p><strong>INFORMACI\u00d3 B\u00c0SICA DEL PROJECTE EDUCATIU<\/strong><\/p>\n<p>L\u2019alumnat de l&#8217;Escola Gaspar de Portol\u00e0 abasta un ventall sociol\u00f2gic molt ampli que \u00e9s un reflex de la pluralitat de la nostra societat i \u00e9s, sens dubte, el millor \u00e0mbit per a poder educar per viure en societat. Per aix\u00f2 l\u2019Escola vol ajudar els alumnes a prendre consci\u00e8ncia del seu paper com a membres de la societat. Aix\u00ed mateix, creu en el pluralisme ideol\u00f2gic potenciant en el alumnes el respecte envers les diverses concepcions filos\u00f2fiques del m\u00f3n i de la vida, educant per al respecte i la toler\u00e0ncia en un marc de di\u00e0leg i comprensi\u00f3. L\u2019escola propugna tamb\u00e9 un pluralisme confessional permetent que cada fam\u00edlia tri\u00ef la via que considera millor per a l\u2019educaci\u00f3 del seu fill\/a podent escollir entre l\u2019opci\u00f3 de la\u00a0 religi\u00f3 cat\u00f2lica o l\u2019opci\u00f3 d\u2019aprofundir en aspectes socioculturals (\u00e8tica).<br \/>\nPretenem l\u2019educaci\u00f3 integral de l\u2019alumne\/a.<br \/>\nEn aquest context, la l\u00ednia pedag\u00f2gica del centre pret\u00e9n que el nen\/a aprengui a aprendre.<\/p>\n<p><strong>ACTIVITATS EDUCATIVES\u00a0 A NIVELL DE CENTRE<\/strong><\/p>\n<ul>\n<li>Projecte GaspArt School.<\/li>\n<li>Gaspar en dansa per la inclusi\u00f3.<\/li>\n<li>Estrat\u00e8gia digital de centre.<\/li>\n<li>Programa Biblioteca.edu<\/li>\n<li>Participaci\u00f3 en el Pla Municipal de Din\u00e0mica Educativa.<\/li>\n<li>Participaci\u00f3 en el Pla Comarcal de Din\u00e0mica Educativa.<\/li>\n<li>Participaci\u00f3 en el pla educatiu d&#8217;entorn.<\/li>\n<li>Programa per l&#8217;orientaci\u00f3, avan\u00e7 i enriquiment educatiu PROA +<\/li>\n<li>Festes Tradicionals: Castanyada, Nadal, Carnestoltes, St. Jordi&#8230;<\/li>\n<li>Activitats solid\u00e0ries.<\/li>\n<\/ul>\n<p><strong>Serveis:<\/strong><\/p>\n<\/div>\n<div>\n<ul>\n<li>Biblioteca escolar:\u00a0Servei de pr\u00e9stec per als alumnes.<\/li>\n<li>Servei de menjador: El menjar s\u2019elabora en la cuina del propi centre. L&#8217;empresa Comertel licitada pel consell comarcal.<\/li>\n<li>Activitat de teatre<\/li>\n<\/ul>\n<\/div>\n<div><\/div>\n<div>\n<p><strong>ORGANITZADES PER L\u2019 AFA<\/strong><\/p>\n<ul>\n<li>Acollida matinal<\/li>\n<li>Futbol sala<\/li>\n<li>Infomeca<\/li>\n<li>Nataci\u00f3<\/li>\n<li>Participa en la preparaci\u00f3 de les festes escolars. Castanyada, La Marat\u00f3 de TV3, Carnestoltes, la fira dels somnis, Sant Jordi i la Festa de fi de curs.<\/li>\n<\/ul>\n<p><strong>ORGANITZADES PER L&#8217;ESPLAI GASPAR DE PORTOL\u00c0<\/strong><\/p>\n<ul>\n<li>Casal d&#8217;estiu.\u00a0 Durant el mes de juliol i la primera quinzena de setembre l&#8217;esplai de l&#8217;escola organitza, en la mateixa escola, un casal d&#8217;estiu amb tota mena d&#8217;activitats l\u00fadiques.<\/li>\n<li>Col\u00f2nies d&#8217;estiu la \u00faltima setmana de juliol.<\/li>\n<li>Activitats de cap de setmana.<\/li>\n<\/ul>\n<p><strong>HORARIS i NORMATIVA<\/strong><\/p>\n<p align=\"justify\">L\u2019horari de classes habitual \u00e9s de 9:00 h a 12:30 h i de 15:00 ha 16:30 h. Hi ha servei de menjador de 12:30 h a 15:00 h. Les fam\u00edlies interessades en aquest servei cal que ho notifiquin a la secretaria del centre on se\u2019ls informar\u00e0 degudament.<\/p>\n<p align=\"justify\">\u00c9s obligatori l\u2019\u00fas de la bata aix\u00ed com el xandall i les sabatilles esportives en les classes d\u2019educaci\u00f3 f\u00edsica. Cal dur la roba d\u2019escola amb betes per penjat i ben marcada amb el nom.<\/p>\n<p align=\"justify\">Les classes comencen puntualment i no \u00e9s permesa l\u2019entrada d\u2019acompanyants al recinte escolar.<\/p>\n<p align=\"justify\">Es vetllar\u00e0 pel bon \u00fas i manteniment de les instal\u00b7lacions escolars; qualsevol desperfecte intencionat anir\u00e0 a c\u00e0rrec de qui l\u2019hagi ocasionat.<\/p>\n<\/div>\n<p style=\"text-align: justify;\">\n","protected":false},"excerpt":{"rendered":"<p>L&#8217;escola\u00a0Gaspar de Portol\u00e0 \u00e9s un centre docent de titularitat\u00a0 p\u00fablica que at\u00e9n nens i nenes en edats compreses entre els 3 i els 12 anys.\u00a0 Aquest tipus de titularitat comporta que l\u2019ensenyament sigui totalment gratu\u00eft per a les fam\u00edlies. ORGANITZACI\u00d3 DELS RECURSOS PERSONALS El centre compta amb: 8 mestres especialistes en Educaci\u00f3 Infantil. 1 T\u00e8cnica [&hellip;]<\/p>\n","protected":false},"author":2,"featured_media":0,"parent":0,"menu_order":0,"comment_status":"closed","ping_status":"closed","template":"","meta":{"_bbp_topic_count":0,"_bbp_reply_count":0,"_bbp_total_topic_count":0,"_bbp_total_reply_count":0,"_bbp_voice_count":0,"_bbp_anonymous_reply_count":0,"_bbp_topic_count_hidden":0,"_bbp_reply_count_hidden":0,"_bbp_forum_subforum_count":0,"site-sidebar-layout":"no-sidebar","site-content-layout":"","ast-site-content-layout":"default","site-content-style":"default","site-sidebar-style":"default","ast-global-header-display":"","ast-banner-title-visibility":"","ast-main-header-display":"","ast-hfb-above-header-display":"","ast-hfb-below-header-display":"","ast-hfb-mobile-header-display":"","site-post-title":"","ast-breadcrumbs-content":"","ast-featured-img":"","footer-sml-layout":"","theme-transparent-header-meta":"","adv-header-id-meta":"","stick-header-meta":"","header-above-stick-meta":"","header-main-stick-meta":"","header-below-stick-meta":"","astra-migrate-meta-layouts":"set","ast-page-background-enabled":"default","ast-page-background-meta":{"desktop":{"background-color":"var(--ast-global-color-4)","background-image":"","background-repeat":"repeat","background-position":"center center","background-size":"auto","background-attachment":"scroll","background-type":"","background-media":"","overlay-type":"","overlay-color":"","overlay-opacity":"","overlay-gradient":""},"tablet":{"background-color":"","background-image":"","background-repeat":"repeat","background-position":"center center","background-size":"auto","background-attachment":"scroll","background-type":"","background-media":"","overlay-type":"","overlay-color":"","overlay-opacity":"","overlay-gradient":""},"mobile":{"background-color":"","background-image":"","background-repeat":"repeat","background-position":"center center","background-size":"auto","background-attachment":"scroll","background-type":"","background-media":"","overlay-type":"","overlay-color":"","overlay-opacity":"","overlay-gradient":""}},"ast-content-background-meta":{"desktop":{"background-color":"var(--ast-global-color-5)","background-image":"","background-repeat":"repeat","background-position":"center center","background-size":"auto","background-attachment":"scroll","background-type":"","background-media":"","overlay-type":"","overlay-color":"","overlay-opacity":"","overlay-gradient":""},"tablet":{"background-color":"var(--ast-global-color-5)","background-image":"","background-repeat":"repeat","background-position":"center center","background-size":"auto","background-attachment":"scroll","background-type":"","background-media":"","overlay-type":"","overlay-color":"","overlay-opacity":"","overlay-gradient":""},"mobile":{"background-color":"var(--ast-global-color-5)","background-image":"","background-repeat":"repeat","background-position":"center center","background-size":"auto","background-attachment":"scroll","background-type":"","background-media":"","overlay-type":"","overlay-color":"","overlay-opacity":"","overlay-gradient":""}},"footnotes":""},"class_list":["post-22","page","type-page","status-publish","hentry"],"post_mailing_queue_ids":[],"_links":{"self":[{"href":"https:\/\/agora.xtec.cat\/escgaspardeportola\/wp-json\/wp\/v2\/pages\/22","targetHints":{"allow":["GET"]}}],"collection":[{"href":"https:\/\/agora.xtec.cat\/escgaspardeportola\/wp-json\/wp\/v2\/pages"}],"about":[{"href":"https:\/\/agora.xtec.cat\/escgaspardeportola\/wp-json\/wp\/v2\/types\/page"}],"author":[{"embeddable":true,"href":"https:\/\/agora.xtec.cat\/escgaspardeportola\/wp-json\/wp\/v2\/users\/2"}],"replies":[{"embeddable":true,"href":"https:\/\/agora.xtec.cat\/escgaspardeportola\/wp-json\/wp\/v2\/comments?post=22"}],"version-history":[{"count":5,"href":"https:\/\/agora.xtec.cat\/escgaspardeportola\/wp-json\/wp\/v2\/pages\/22\/revisions"}],"predecessor-version":[{"id":11117,"href":"https:\/\/agora.xtec.cat\/escgaspardeportola\/wp-json\/wp\/v2\/pages\/22\/revisions\/11117"}],"wp:attachment":[{"href":"https:\/\/agora.xtec.cat\/escgaspardeportola\/wp-json\/wp\/v2\/media?parent=22"}],"curies":[{"name":"wp","href":"https:\/\/api.w.org\/{rel}","templated":true}]}}