{"id":11180,"date":"2026-01-25T13:08:12","date_gmt":"2026-01-25T12:08:12","guid":{"rendered":"https:\/\/agora.xtec.cat\/escgaspardeportola\/?page_id=11180"},"modified":"2026-03-20T11:15:42","modified_gmt":"2026-03-20T10:15:42","slug":"no-al-tancament-de-la-linia-di3","status":"publish","type":"page","link":"https:\/\/agora.xtec.cat\/escgaspardeportola\/no-al-tancament-de-la-linia-di3\/","title":{"rendered":"NO AL TANCAMENT DE LA L\u00cdNIA D&#8217;I3."},"content":{"rendered":"\n<p>Aquest curs ens hem vist obligats a lluitar pel no tancament d&#8217;una de les dues l\u00ednies que tenim a I3. L&#8217;escola p\u00fablica no pot ser que sempre sigui la que rebi els cops de la poca planificaci\u00f3 o d&#8217;excuses pol\u00edtiques sense fonament. El consell escolar del centre estableix un seguit d&#8217;accions que tota la comunitat educativa i part de la poblaci\u00f3 de Balaguer treballa per tal que no arribi a la fi.&nbsp;<\/p>\n\n\n\n<div class=\"wp-block-getwid-section alignfull alignfull getwid-section-content-custom-width\"><div class=\"wp-block-getwid-section__wrapper getwid-padding-left-medium getwid-padding-right-medium\"><div class=\"wp-block-getwid-section__inner-wrapper\" style=\"max-width:1140px\"><div class=\"wp-block-getwid-section__background-holder\"><div class=\"wp-block-getwid-section__background\"><\/div><div class=\"wp-block-getwid-section__foreground\"><\/div><\/div><div class=\"wp-block-getwid-section__content\"><div class=\"wp-block-getwid-section__inner-content\">\n<div class=\"wp-block-group alignfull is-layout-constrained wp-block-group-is-layout-constrained\">\n<div class=\"wp-block-columns alignfull are-vertically-aligned-top has-2-columns are-vertically-aligned-center is-layout-flex wp-container-core-columns-is-layout-1 wp-block-columns-is-layout-flex\">\n<div class=\"wp-block-column is-vertically-aligned-top is-vertically-aligned-center is-layout-flow wp-block-column-is-layout-flow\">\n<figure class=\"wp-block-image size-large\"><img loading=\"lazy\" decoding=\"async\" width=\"577\" height=\"1024\" src=\"https:\/\/agora.xtec.cat\/escgaspardeportola\/wp-content\/uploads\/usu555\/2025\/11\/WhatsApp-Image-2025-11-23-at-09.23.25-577x1024.jpeg\" alt=\"\" class=\"wp-image-10906\" srcset=\"https:\/\/agora.xtec.cat\/escgaspardeportola\/wp-content\/uploads\/usu555\/2025\/11\/WhatsApp-Image-2025-11-23-at-09.23.25-577x1024.jpeg 577w, https:\/\/agora.xtec.cat\/escgaspardeportola\/wp-content\/uploads\/usu555\/2025\/11\/WhatsApp-Image-2025-11-23-at-09.23.25-169x300.jpeg 169w, https:\/\/agora.xtec.cat\/escgaspardeportola\/wp-content\/uploads\/usu555\/2025\/11\/WhatsApp-Image-2025-11-23-at-09.23.25-768x1362.jpeg 768w, https:\/\/agora.xtec.cat\/escgaspardeportola\/wp-content\/uploads\/usu555\/2025\/11\/WhatsApp-Image-2025-11-23-at-09.23.25-866x1536.jpeg 866w, https:\/\/agora.xtec.cat\/escgaspardeportola\/wp-content\/uploads\/usu555\/2025\/11\/WhatsApp-Image-2025-11-23-at-09.23.25.jpeg 902w\" sizes=\"auto, (max-width: 577px) 100vw, 577px\" \/><\/figure>\n<\/div>\n\n\n\n<div class=\"wp-block-column is-vertically-aligned-top is-vertically-aligned-center is-layout-flow wp-block-column-is-layout-flow\">\n<div class=\"wp-block-getwid-section\"><div class=\"wp-block-getwid-section__wrapper getwid-padding-top-none getwid-padding-bottom-none getwid-padding-left-medium getwid-padding-right-none getwid-padding-mobile-left-none\"><div class=\"wp-block-getwid-section__inner-wrapper\"><div class=\"wp-block-getwid-section__background-holder\"><div class=\"wp-block-getwid-section__background\"><\/div><div class=\"wp-block-getwid-section__foreground\"><\/div><\/div><div class=\"wp-block-getwid-section__content\"><div class=\"wp-block-getwid-section__inner-content\">\n<div class=\"wp-block-getwid-advanced-heading\"><span class=\"wp-block-getwid-advanced-heading__content\" style=\"padding-top:0px;padding-bottom:0px\">25 DE NOVEMBRE DE 2025<\/span><\/div>\n\n\n\n<div class=\"wp-block-getwid-advanced-heading\" style=\"margin-bottom:30px;margin-top:10px\"><h2 class=\"wp-block-getwid-advanced-heading__content\">No al tancament d\u2019una l\u00ednia d\u2019I3.<\/h2><\/div>\n\n\n\n<p>La comunitat educativa de l\u2019Escola Gaspar de Portol\u00e0 viu aquests dies amb neguit i intranquil\u00b7litat. Des de finals d\u2019octubre es coneix la voluntat de tancar una l\u00ednia d\u2019I3 a Balaguer per al curs vinent, \u00e9s a dir, per als infants nascuts el 2023 que comen\u00e7aran l\u2019escola. Una de les opcions que el Departament d\u2019Educaci\u00f3 contempla \u00e9s, precisament, el tancament d\u2019una de les dues l\u00ednies del Gaspar de Portol\u00e0.<\/p>\n\n\n\n<p>De moment, la Paeria encara no s\u2019ha posicionat, per\u00f2 des del Departament es planteja aquesta mesura com l\u2019\u00fanica alternativa.<\/p>\n\n\n\n<p>L\u2019Escola Gaspar de Portol\u00e0, amb 54 anys d\u2019hist\u00f2ria, ha estat i vol continuar sent una escola p\u00fablica de qualitat, arrelada a la ciutat i en els seus inicis a les comarques properes. No \u00e9s just que ara es vegi amena\u00e7ada d\u2019aquesta manera.<\/p>\n\n\n\n<p>Encara que es digui que el tancament seria \u201cnom\u00e9s per un any\u201d, les conseq\u00fc\u00e8ncies no seran temporals:<\/p>\n\n\n\n<ul class=\"wp-block-list\">\n<li>Menys professorat.<\/li>\n\n\n\n<li>Menys recursos.<\/li>\n\n\n\n<li>Menys oportunitats per a les fam\u00edlies que volen escollir el centre.<\/li>\n\n\n\n<li>I un projecte educatiu que quedaria afeblit.<\/li>\n<\/ul>\n\n\n\n<p>La situaci\u00f3 tamb\u00e9 preocupa profundament les 19 fam\u00edlies que tenen un germ\u00e0 o germana per entrar el curs vinent, aix\u00ed com les noves fam\u00edlies que esperaven poder formar part de l\u2019escola i que ara podrien perdre aquesta opci\u00f3, veient limitada la llibertat d\u2019elecci\u00f3.<\/p>\n\n\n\n<p>La comunitat espera, amb angoixa i tristesa, la resoluci\u00f3 prevista per al 26 de novembre, amb l\u2019esperan\u00e7a que es preservi el futur i la continu\u00eftat del Gaspar de Portol\u00e0.<\/p>\n\n\n\n<div class=\"wp-block-getwid-advanced-spacer\" style=\"height:10px\" aria-hidden=\"true\"><\/div>\n<\/div><\/div><\/div><\/div><\/div>\n<\/div>\n<\/div>\n<\/div>\n<\/div><\/div><\/div><\/div><\/div>\n\n\n\n<p><a href=\"https:\/\/www.radiobalaguer.cat\/la-comunitat-educativa-del-gaspar-de-portola-alerta-del-risc-de-perdre-una-linia-di3-i-reclama-garantir-el-futur-del-centre\">https:\/\/www.radiobalaguer.cat\/la-comunitat-educativa-del-gaspar-de-portola-alerta-del-risc-de-perdre-una-linia-di3-i-reclama-garantir-el-futur-del-centre<\/a><\/p>\n\n\n\n<p><a href=\"https:\/\/www.balaguer.tv\/preocupacio-a-lescola-gaspar-de-portola-pel-possible-tancament-duna-linia-di3-el-curs-vinent\">https:\/\/www.balaguer.tv\/preocupacio-a-lescola-gaspar-de-portola-pel-possible-tancament-duna-linia-di3-el-curs-vinent<\/a><\/p>\n\n\n\n<div class=\"wp-block-getwid-section alignfull alignfull getwid-section-content-custom-width\"><div class=\"wp-block-getwid-section__wrapper getwid-padding-left-medium getwid-padding-right-medium\"><div class=\"wp-block-getwid-section__inner-wrapper\" style=\"max-width:1140px\"><div class=\"wp-block-getwid-section__background-holder\"><div class=\"wp-block-getwid-section__background\"><\/div><div class=\"wp-block-getwid-section__foreground\"><\/div><\/div><div class=\"wp-block-getwid-section__content\"><div class=\"wp-block-getwid-section__inner-content\">\n<div class=\"wp-block-columns has-2-columns are-vertically-aligned-center is-layout-flex wp-container-core-columns-is-layout-2 wp-block-columns-is-layout-flex\">\n<div class=\"wp-block-column is-vertically-aligned-center is-layout-flow wp-block-column-is-layout-flow\">\n<div class=\"wp-block-getwid-advanced-heading\" style=\"margin-bottom:0px;margin-top:0px\"><span class=\"wp-block-getwid-advanced-heading__content\">28 de novembre de 2025<\/span><\/div>\n\n\n\n<div class=\"wp-block-getwid-advanced-heading\" style=\"margin-bottom:30px;margin-top:10px\"><h2 class=\"wp-block-getwid-advanced-heading__content\">Presents al ple<\/h2><\/div>\n\n\n\n<p>Ahir vam ser presents al ple de la Paeria amb una gran i visible representaci\u00f3 de la nostra comunitat educativa.<br>Vam demostrar que som una escola unida, que defensa all\u00f2 que es seu:<\/p>\n\n\n\n<ul class=\"wp-block-list\">\n<li>Una escola p\u00fablica, inclusiva, diversa i de qualitat.<\/li>\n\n\n\n<li>Un projecte educatiu viu, s\u00f2lid i amb futur.<\/li>\n<\/ul>\n\n\n\n<p>Seguirem treballant plegats per garantir que el Gaspar de Portol\u00e0 continu\u00ef essent l&#8217;escola que volem i estimem.<\/p>\n\n\n\n<p>AFA GASPAR DE PORTOL\u00c0<\/p>\n\n\n\n<div class=\"wp-block-getwid-advanced-spacer\" style=\"height:20px\" aria-hidden=\"true\"><\/div>\n<\/div>\n\n\n\n<div class=\"wp-block-column is-vertically-aligned-center is-layout-flow wp-block-column-is-layout-flow\">\n<figure class=\"wp-block-image size-full size-large\"><img loading=\"lazy\" decoding=\"async\" width=\"427\" height=\"605\" src=\"https:\/\/agora.xtec.cat\/escgaspardeportola\/wp-content\/uploads\/usu555\/2026\/01\/IMG_9589.jpg\" alt=\"\" class=\"wp-image-11183\" srcset=\"https:\/\/agora.xtec.cat\/escgaspardeportola\/wp-content\/uploads\/usu555\/2026\/01\/IMG_9589.jpg 427w, https:\/\/agora.xtec.cat\/escgaspardeportola\/wp-content\/uploads\/usu555\/2026\/01\/IMG_9589-212x300.jpg 212w\" sizes=\"auto, (max-width: 427px) 100vw, 427px\" \/><\/figure>\n<\/div>\n<\/div>\n<\/div><\/div><\/div><\/div><\/div>\n\n\n\n<p><a href=\"https:\/\/www.radiobalaguer.cat\/el-ple-de-la-paeria-de-balaguer-avala-la-segona-addenda-del-conveni-amb-educacio-per-avancar-les-obres-dampliacio-de-lescola-mont-roig\">https:\/\/www.radiobalaguer.cat\/el-ple-de-la-paeria-de-balaguer-avala-la-segona-addenda-del-conveni-amb-educacio-per-avancar-les-obres-dampliacio-de-lescola-mont-roig<\/a><\/p>\n\n\n\n<figure class=\"wp-block-image size-full\"><img loading=\"lazy\" decoding=\"async\" width=\"959\" height=\"1004\" src=\"https:\/\/agora.xtec.cat\/escgaspardeportola\/wp-content\/uploads\/usu555\/2026\/01\/IMG_9590.jpg\" alt=\"\" class=\"wp-image-11194\" srcset=\"https:\/\/agora.xtec.cat\/escgaspardeportola\/wp-content\/uploads\/usu555\/2026\/01\/IMG_9590.jpg 959w, https:\/\/agora.xtec.cat\/escgaspardeportola\/wp-content\/uploads\/usu555\/2026\/01\/IMG_9590-287x300.jpg 287w, https:\/\/agora.xtec.cat\/escgaspardeportola\/wp-content\/uploads\/usu555\/2026\/01\/IMG_9590-768x804.jpg 768w\" sizes=\"auto, (max-width: 959px) 100vw, 959px\" \/><\/figure>\n\n\n\n<p><a href=\"https:\/\/www.balaguer.tv\/educacio-rebutja-la-proposta-per-mantenir-oberta-la-linia-di3-a-gaspar-de-portola\">https:\/\/www.balaguer.tv\/educacio-rebutja-la-proposta-per-mantenir-oberta-la-linia-di3-a-gaspar-de-portola<\/a><\/p>\n\n\n\n<div class=\"wp-block-getwid-advanced-heading\" style=\"margin-bottom:30px;margin-top:10px\"><h2 class=\"wp-block-getwid-advanced-heading__content\">GASPAR DE PORTOL\u00c0 NO ES RENDEIX: VOLEM LA L\u00cdNIA D&#8217;I3!<\/h2><\/div>\n\n\n\n<p>Avui la comunitat educativa del Gaspar de Portol\u00e0 (54 anys d&#8217;hist\u00f2ria) ens sentim decebuts i indignats. El departament d&#8217;Educaci\u00f3 ha rebutjat la proposta presentada per evitar el tancament de la l\u00ednia d&#8217;I3, deixant-nos en una situaci\u00f3 d&#8217;incertesa total.<\/p>\n\n\n\n<p>REBUTJADA la proposta. REBUTJADA la continu\u00eftat.<\/p>\n\n\n\n<p>Per\u00f2 la realitat \u00e9s tossuda: LA NOSTRA ESCOLA T\u00c9 DEMANDA! Ja comptem amb 19 germans confirmats per matricular-se a I3 el curs vinent. Aquesta xifra demostra que la l\u00ednia no nom\u00e9s \u00e9s viable, sin\u00f3 necess\u00e0ria per a Balaguer. <\/p>\n\n\n\n<p>ARA DEMANEM ACCIONS I TRANSPAR\u00c8NCIA. Despr\u00e9s d&#8217;anar al ple i omplir l&#8217;escola de pancartes, la lluita continua, i la Paeria ha d&#8217;estar al nostre costat:<\/p>\n\n\n\n<ul class=\"wp-block-list\">\n<li>Quin \u00e9s pr\u00f2xim par REAL i immediat?<\/li>\n\n\n\n<li>Quina estrat\u00e8gia concreta se seguir\u00e0 per defensar la linia davant l&#8217;Educaci\u00f3?<\/li>\n<\/ul>\n\n\n\n<p>Els nostres infants mereixen oportunitats i educaci\u00f3 p\u00fablica de qualitat, no retallades.<\/p>\n\n\n\n<p>NO DEIXAREM DE LLUITAR PER ELLES I ELLS.  <\/p>\n\n\n\n<p>AFA GASPAR DE PORTOL\u00c0<\/p>\n\n\n\n<figure class=\"wp-block-image size-full\"><img loading=\"lazy\" decoding=\"async\" width=\"495\" height=\"640\" src=\"https:\/\/agora.xtec.cat\/escgaspardeportola\/wp-content\/uploads\/usu555\/2026\/01\/IMG_9591.jpg\" alt=\"\" class=\"wp-image-11193\" srcset=\"https:\/\/agora.xtec.cat\/escgaspardeportola\/wp-content\/uploads\/usu555\/2026\/01\/IMG_9591.jpg 495w, https:\/\/agora.xtec.cat\/escgaspardeportola\/wp-content\/uploads\/usu555\/2026\/01\/IMG_9591-232x300.jpg 232w\" sizes=\"auto, (max-width: 495px) 100vw, 495px\" \/><\/figure>\n\n\n\n<p>5 DE DESEMBRE 2025<\/p>\n\n\n\n<p>Avui hem desitjat a la polsim que es compleixi el nostre desig. Gr\u00e0cies a totes les persones que ens han acompanyat en aquest acte reivindicatiu i silenci\u00f3s. Que la nostra llum es mantingui sempre encesa i no ens l&#8217;apaguin mai!<\/p>\n\n\n\n<p>AFA GASPAR DE PORTOL\u00c0<\/p>\n\n\n\n<p>6 DE DESEMBRE DE 2025<\/p>\n\n\n\n<figure class=\"wp-block-image size-large\"><img loading=\"lazy\" decoding=\"async\" width=\"1024\" height=\"724\" src=\"https:\/\/agora.xtec.cat\/escgaspardeportola\/wp-content\/uploads\/usu555\/2026\/01\/85e4a52b-6416-4c7d-a701-1decd0c34708-1024x724.jpg\" alt=\"\" class=\"wp-image-11201\" srcset=\"https:\/\/agora.xtec.cat\/escgaspardeportola\/wp-content\/uploads\/usu555\/2026\/01\/85e4a52b-6416-4c7d-a701-1decd0c34708-1024x724.jpg 1024w, https:\/\/agora.xtec.cat\/escgaspardeportola\/wp-content\/uploads\/usu555\/2026\/01\/85e4a52b-6416-4c7d-a701-1decd0c34708-300x212.jpg 300w, https:\/\/agora.xtec.cat\/escgaspardeportola\/wp-content\/uploads\/usu555\/2026\/01\/85e4a52b-6416-4c7d-a701-1decd0c34708-768x543.jpg 768w, https:\/\/agora.xtec.cat\/escgaspardeportola\/wp-content\/uploads\/usu555\/2026\/01\/85e4a52b-6416-4c7d-a701-1decd0c34708-1536x1086.jpg 1536w, https:\/\/agora.xtec.cat\/escgaspardeportola\/wp-content\/uploads\/usu555\/2026\/01\/85e4a52b-6416-4c7d-a701-1decd0c34708.jpg 1600w\" sizes=\"auto, (max-width: 1024px) 100vw, 1024px\" \/><\/figure>\n\n\n\n<p>Avui a la Pla\u00e7a Mercadal hem sentit la for\u00e7a de la comunitat. Les signatures recollides s\u00f3n un pas endavant crucial per defensar la nostra escola Gaspar de Portol\u00e0. La vostra implicaci\u00f3 \u00e9s la prova que JUNTS FEM ESCOLA I FEM POBLE!.<\/p>\n\n\n\n<p>AFA GASPAR DE PORTOL\u00c0<\/p>\n\n\n\n<figure class=\"wp-block-image size-large\"><img loading=\"lazy\" decoding=\"async\" width=\"768\" height=\"1024\" src=\"https:\/\/agora.xtec.cat\/escgaspardeportola\/wp-content\/uploads\/usu555\/2026\/01\/PHOTO-2025-12-18-13-29-00-768x1024.jpg\" alt=\"\" class=\"wp-image-11209\" srcset=\"https:\/\/agora.xtec.cat\/escgaspardeportola\/wp-content\/uploads\/usu555\/2026\/01\/PHOTO-2025-12-18-13-29-00-768x1024.jpg 768w, https:\/\/agora.xtec.cat\/escgaspardeportola\/wp-content\/uploads\/usu555\/2026\/01\/PHOTO-2025-12-18-13-29-00-225x300.jpg 225w, https:\/\/agora.xtec.cat\/escgaspardeportola\/wp-content\/uploads\/usu555\/2026\/01\/PHOTO-2025-12-18-13-29-00.jpg 960w\" sizes=\"auto, (max-width: 768px) 100vw, 768px\" \/><\/figure>\n\n\n\n<p><a href=\"https:\/\/www.radiobalaguer.cat\/la-consellera-deducacio-i-formacio-professional-esther-niubo-ha-visitat-aquest-dijous-lescola-mont-roig-de-balaguer-on-ha-signat-lacord-dampliacio-del-centre\">https:\/\/www.radiobalaguer.cat\/la-consellera-deducacio-i-formacio-professional-esther-niubo-ha-visitat-aquest-dijous-lescola-mont-roig-de-balaguer-on-ha-signat-lacord-dampliacio-del-centre<\/a><\/p>\n\n\n\n<p><a href=\"https:\/\/www.balaguer.tv\/llum-verda-a-la-construccio-de-lescola-mont-roig-i-vermella-a-la-segona-linia-di3-a-gaspar-de-portola\">https:\/\/www.balaguer.tv\/llum-verda-a-la-construccio-de-lescola-mont-roig-i-vermella-a-la-segona-linia-di3-a-gaspar-de-portola<\/a><\/p>\n\n\n\n<p><a href=\"https:\/\/www.radiobalaguer.cat\/treballem-per-balaguer-presentara-una-mocio-per-defensar-la-segona-linia-di3-de-lescola-gaspar-de-portola\">https:\/\/www.radiobalaguer.cat\/treballem-per-balaguer-presentara-una-mocio-per-defensar-la-segona-linia-di3-de-lescola-gaspar-de-portola<\/a><\/p>\n\n\n\n<p><a href=\"https:\/\/www.balaguer.tv\/treballem-per-balaguer-presenta-una-mocio-en-defensa-de-la-linia-di3-de-gaspar-de-portola\">https:\/\/www.balaguer.tv\/treballem-per-balaguer-presenta-una-mocio-en-defensa-de-la-linia-di3-de-gaspar-de-portola<\/a><\/p>\n\n\n\n<p><a href=\"https:\/\/www.balaguer.tv\/el-consistori-suneix-en-defensa-de-lescola-gaspar-de-portola\">https:\/\/www.balaguer.tv\/el-consistori-suneix-en-defensa-de-lescola-gaspar-de-portola<\/a><\/p>\n\n\n\n<figure class=\"wp-block-image size-large\"><img loading=\"lazy\" decoding=\"async\" width=\"565\" height=\"1024\" src=\"https:\/\/agora.xtec.cat\/escgaspardeportola\/wp-content\/uploads\/usu555\/2026\/01\/PHOTO-2026-01-23-08-38-09-565x1024.jpg\" alt=\"\" class=\"wp-image-11208\" srcset=\"https:\/\/agora.xtec.cat\/escgaspardeportola\/wp-content\/uploads\/usu555\/2026\/01\/PHOTO-2026-01-23-08-38-09-565x1024.jpg 565w, https:\/\/agora.xtec.cat\/escgaspardeportola\/wp-content\/uploads\/usu555\/2026\/01\/PHOTO-2026-01-23-08-38-09-165x300.jpg 165w, https:\/\/agora.xtec.cat\/escgaspardeportola\/wp-content\/uploads\/usu555\/2026\/01\/PHOTO-2026-01-23-08-38-09-768x1393.jpg 768w, https:\/\/agora.xtec.cat\/escgaspardeportola\/wp-content\/uploads\/usu555\/2026\/01\/PHOTO-2026-01-23-08-38-09-847x1536.jpg 847w, https:\/\/agora.xtec.cat\/escgaspardeportola\/wp-content\/uploads\/usu555\/2026\/01\/PHOTO-2026-01-23-08-38-09.jpg 997w\" sizes=\"auto, (max-width: 565px) 100vw, 565px\" \/><\/figure>\n\n\n\n<p><\/p>\n","protected":false},"excerpt":{"rendered":"<p>Aquest curs ens hem vist obligats a lluitar pel no tancament d&#8217;una de les dues l\u00ednies que tenim a I3. L&#8217;escola p\u00fablica no pot ser que sempre sigui la que rebi els cops de la poca planificaci\u00f3 o d&#8217;excuses pol\u00edtiques sense fonament. El consell escolar del centre estableix un seguit d&#8217;accions que tota la comunitat [&hellip;]<\/p>\n","protected":false},"author":1,"featured_media":0,"parent":0,"menu_order":0,"comment_status":"closed","ping_status":"close","template":"","meta":{"_bbp_topic_count":0,"_bbp_reply_count":0,"_bbp_total_topic_count":0,"_bbp_total_reply_count":0,"_bbp_voice_count":0,"_bbp_anonymous_reply_count":0,"_bbp_topic_count_hidden":0,"_bbp_reply_count_hidden":0,"_bbp_forum_subforum_count":0,"site-sidebar-layout":"no-sidebar","site-content-layout":"","ast-site-content-layout":"default","site-content-style":"default","site-sidebar-style":"default","ast-global-header-display":"","ast-banner-title-visibility":"","ast-main-header-display":"","ast-hfb-above-header-display":"","ast-hfb-below-header-display":"","ast-hfb-mobile-header-display":"","site-post-title":"","ast-breadcrumbs-content":"","ast-featured-img":"","footer-sml-layout":"","theme-transparent-header-meta":"","adv-header-id-meta":"","stick-header-meta":"","header-above-stick-meta":"","header-main-stick-meta":"","header-below-stick-meta":"","astra-migrate-meta-layouts":"set","ast-page-background-enabled":"default","ast-page-background-meta":{"desktop":{"background-color":"var(--ast-global-color-4)","background-image":"","background-repeat":"repeat","background-position":"center center","background-size":"auto","background-attachment":"scroll","background-type":"","background-media":"","overlay-type":"","overlay-color":"","overlay-opacity":"","overlay-gradient":""},"tablet":{"background-color":"","background-image":"","background-repeat":"repeat","background-position":"center center","background-size":"auto","background-attachment":"scroll","background-type":"","background-media":"","overlay-type":"","overlay-color":"","overlay-opacity":"","overlay-gradient":""},"mobile":{"background-color":"","background-image":"","background-repeat":"repeat","background-position":"center center","background-size":"auto","background-attachment":"scroll","background-type":"","background-media":"","overlay-type":"","overlay-color":"","overlay-opacity":"","overlay-gradient":""}},"ast-content-background-meta":{"desktop":{"background-color":"var(--ast-global-color-5)","background-image":"","background-repeat":"repeat","background-position":"center center","background-size":"auto","background-attachment":"scroll","background-type":"","background-media":"","overlay-type":"","overlay-color":"","overlay-opacity":"","overlay-gradient":""},"tablet":{"background-color":"var(--ast-global-color-5)","background-image":"","background-repeat":"repeat","background-position":"center center","background-size":"auto","background-attachment":"scroll","background-type":"","background-media":"","overlay-type":"","overlay-color":"","overlay-opacity":"","overlay-gradient":""},"mobile":{"background-color":"var(--ast-global-color-5)","background-image":"","background-repeat":"repeat","background-position":"center center","background-size":"auto","background-attachment":"scroll","background-type":"","background-media":"","overlay-type":"","overlay-color":"","overlay-opacity":"","overlay-gradient":""}},"footnotes":""},"class_list":["post-11180","page","type-page","status-publish","hentry"],"post_mailing_queue_ids":[],"_links":{"self":[{"href":"https:\/\/agora.xtec.cat\/escgaspardeportola\/wp-json\/wp\/v2\/pages\/11180","targetHints":{"allow":["GET"]}}],"collection":[{"href":"https:\/\/agora.xtec.cat\/escgaspardeportola\/wp-json\/wp\/v2\/pages"}],"about":[{"href":"https:\/\/agora.xtec.cat\/escgaspardeportola\/wp-json\/wp\/v2\/types\/page"}],"author":[{"embeddable":true,"href":"https:\/\/agora.xtec.cat\/escgaspardeportola\/wp-json\/wp\/v2\/users\/1"}],"replies":[{"embeddable":true,"href":"https:\/\/agora.xtec.cat\/escgaspardeportola\/wp-json\/wp\/v2\/comments?post=11180"}],"version-history":[{"count":6,"href":"https:\/\/agora.xtec.cat\/escgaspardeportola\/wp-json\/wp\/v2\/pages\/11180\/revisions"}],"predecessor-version":[{"id":11450,"href":"https:\/\/agora.xtec.cat\/escgaspardeportola\/wp-json\/wp\/v2\/pages\/11180\/revisions\/11450"}],"wp:attachment":[{"href":"https:\/\/agora.xtec.cat\/escgaspardeportola\/wp-json\/wp\/v2\/media?parent=11180"}],"curies":[{"name":"wp","href":"https:\/\/api.w.org\/{rel}","templated":true}]}}