{"id":11038,"date":"2026-01-11T12:18:55","date_gmt":"2026-01-11T11:18:55","guid":{"rendered":"https:\/\/agora.xtec.cat\/escgaspardeportola\/?page_id=11038"},"modified":"2026-01-25T00:10:05","modified_gmt":"2026-01-24T23:10:05","slug":"historia","status":"publish","type":"page","link":"https:\/\/agora.xtec.cat\/escgaspardeportola\/historia\/","title":{"rendered":"Hist\u00f2ria"},"content":{"rendered":"<p><img loading=\"lazy\" decoding=\"async\" class=\"size-large wp-image-11035 aligncenter\" src=\"https:\/\/agora.xtec.cat\/escgaspardeportola\/wp-content\/uploads\/usu555\/2026\/01\/llibre-50-1024x663.png\" alt=\"\" width=\"1024\" height=\"663\" srcset=\"https:\/\/agora.xtec.cat\/escgaspardeportola\/wp-content\/uploads\/usu555\/2026\/01\/llibre-50-1024x663.png 1024w, https:\/\/agora.xtec.cat\/escgaspardeportola\/wp-content\/uploads\/usu555\/2026\/01\/llibre-50-300x194.png 300w, https:\/\/agora.xtec.cat\/escgaspardeportola\/wp-content\/uploads\/usu555\/2026\/01\/llibre-50-768x497.png 768w, https:\/\/agora.xtec.cat\/escgaspardeportola\/wp-content\/uploads\/usu555\/2026\/01\/llibre-50-1536x994.png 1536w, https:\/\/agora.xtec.cat\/escgaspardeportola\/wp-content\/uploads\/usu555\/2026\/01\/llibre-50-2048x1325.png 2048w\" sizes=\"auto, (max-width: 1024px) 100vw, 1024px\" \/><\/p>\n<p>QUE TROBAREM EN AQUEST LLIBRE?<\/p>\n<ul>\n<li>P\u00d2RTIC<\/li>\n<li>SALUTACIONS<\/li>\n<li>LLARG CAM\u00cd I S\u00d2LIDA PETJADA<\/li>\n<li>ASSOCIACI\u00d3 DE FAM\u00cdLIES D&#8217;ALUMNES (AFA)<\/li>\n<li>CINQUANTA ANYS D&#8217;ESPLAI<\/li>\n<li>ESCOLA AL DIA A DIA, REPTES DE FUTUR<\/li>\n<li>EQUIP DOCENT, PAE, PAS<\/li>\n<li>PROMOCIONS 1996 &#8211; 2021<\/li>\n<li>ALUMNAT 2021 &#8211; 20222<\/li>\n<li>HIMBE DELS CINQUANTA ANYS<\/li>\n<li>AGRAIMENTS<\/li>\n<\/ul>\n<p>\u00a0<\/p>\n\n\n<figure class=\"wp-block-image size-full\"><img loading=\"lazy\" decoding=\"async\" width=\"960\" height=\"540\" src=\"https:\/\/agora.xtec.cat\/escgaspardeportola\/wp-content\/uploads\/usu555\/2026\/01\/Presentacio-sense-titol.jpg\" alt=\"\" class=\"wp-image-11174\" srcset=\"https:\/\/agora.xtec.cat\/escgaspardeportola\/wp-content\/uploads\/usu555\/2026\/01\/Presentacio-sense-titol.jpg 960w, https:\/\/agora.xtec.cat\/escgaspardeportola\/wp-content\/uploads\/usu555\/2026\/01\/Presentacio-sense-titol-300x169.jpg 300w, https:\/\/agora.xtec.cat\/escgaspardeportola\/wp-content\/uploads\/usu555\/2026\/01\/Presentacio-sense-titol-768x432.jpg 768w\" sizes=\"auto, (max-width: 960px) 100vw, 960px\" \/><\/figure>\n\n\n\n<p>QUE TROBAREM EN AQUEST LLIBRE?<\/p>\n\n\n\n<ul class=\"wp-block-list\">\n<li>P\u00d2RTIC<\/li>\n\n\n\n<li>SALUTACIONS<\/li>\n\n\n\n<li>UNA ESCOLA, UN NOM. PRIMERS 10 ANYS.<\/li>\n\n\n\n<li>VIURE LA NATURA<\/li>\n\n\n\n<li>VIV\u00c8NCIES I RECORDS DE TOTA MENA<\/li>\n\n\n\n<li>FORA DE L&#8217;AULA TAMB\u00c9 S&#8217;EDUCA<\/li>\n\n\n\n<li>L&#8217;ESCOLA AVUI, ESCOLA PER DEM\u00c0<\/li>\n\n\n\n<li>RECULL LLIBRE D&#8217;ACTES.<\/li>\n\n\n\n<li>ASSOCIACI\u00d3 DE PARES<\/li>\n\n\n\n<li>PROFESSORAT DEL 1971 AL 1996<\/li>\n\n\n\n<li>RELACI\u00d3 D&#8217;EXALUMNES<\/li>\n<\/ul>\n\n\n\n<p><\/p>\n","protected":false},"excerpt":{"rendered":"<p>QUE TROBAREM EN AQUEST LLIBRE? P\u00d2RTIC SALUTACIONS LLARG CAM\u00cd I S\u00d2LIDA PETJADA ASSOCIACI\u00d3 DE FAM\u00cdLIES D&#8217;ALUMNES (AFA) CINQUANTA ANYS D&#8217;ESPLAI ESCOLA AL DIA A DIA, REPTES DE FUTUR EQUIP DOCENT, PAE, PAS PROMOCIONS 1996 &#8211; 2021 ALUMNAT 2021 &#8211; 20222 HIMBE DELS CINQUANTA ANYS AGRAIMENTS \u00a0 QUE TROBAREM EN AQUEST LLIBRE?<\/p>\n","protected":false},"author":1,"featured_media":0,"parent":0,"menu_order":0,"comment_status":"closed","ping_status":"closed","template":"","meta":{"_bbp_topic_count":0,"_bbp_reply_count":0,"_bbp_total_topic_count":0,"_bbp_total_reply_count":0,"_bbp_voice_count":0,"_bbp_anonymous_reply_count":0,"_bbp_topic_count_hidden":0,"_bbp_reply_count_hidden":0,"_bbp_forum_subforum_count":0,"site-sidebar-layout":"no-sidebar","site-content-layout":"","ast-site-content-layout":"default","site-content-style":"default","site-sidebar-style":"default","ast-global-header-display":"","ast-banner-title-visibility":"","ast-main-header-display":"","ast-hfb-above-header-display":"","ast-hfb-below-header-display":"","ast-hfb-mobile-header-display":"","site-post-title":"","ast-breadcrumbs-content":"","ast-featured-img":"","footer-sml-layout":"","theme-transparent-header-meta":"default","adv-header-id-meta":"","stick-header-meta":"","header-above-stick-meta":"","header-main-stick-meta":"","header-below-stick-meta":"","astra-migrate-meta-layouts":"set","ast-page-background-enabled":"default","ast-page-background-meta":{"desktop":{"background-color":"var(--ast-global-color-4)","background-image":"","background-repeat":"repeat","background-position":"center center","background-size":"auto","background-attachment":"scroll","background-type":"","background-media":"","overlay-type":"","overlay-color":"","overlay-opacity":"","overlay-gradient":""},"tablet":{"background-color":"","background-image":"","background-repeat":"repeat","background-position":"center center","background-size":"auto","background-attachment":"scroll","background-type":"","background-media":"","overlay-type":"","overlay-color":"","overlay-opacity":"","overlay-gradient":""},"mobile":{"background-color":"","background-image":"","background-repeat":"repeat","background-position":"center center","background-size":"auto","background-attachment":"scroll","background-type":"","background-media":"","overlay-type":"","overlay-color":"","overlay-opacity":"","overlay-gradient":""}},"ast-content-background-meta":{"desktop":{"background-color":"var(--ast-global-color-5)","background-image":"","background-repeat":"repeat","background-position":"center center","background-size":"auto","background-attachment":"scroll","background-type":"","background-media":"","overlay-type":"","overlay-color":"","overlay-opacity":"","overlay-gradient":""},"tablet":{"background-color":"var(--ast-global-color-5)","background-image":"","background-repeat":"repeat","background-position":"center center","background-size":"auto","background-attachment":"scroll","background-type":"","background-media":"","overlay-type":"","overlay-color":"","overlay-opacity":"","overlay-gradient":""},"mobile":{"background-color":"var(--ast-global-color-5)","background-image":"","background-repeat":"repeat","background-position":"center center","background-size":"auto","background-attachment":"scroll","background-type":"","background-media":"","overlay-type":"","overlay-color":"","overlay-opacity":"","overlay-gradient":""}},"footnotes":""},"class_list":["post-11038","page","type-page","status-publish","hentry"],"post_mailing_queue_ids":[],"_links":{"self":[{"href":"https:\/\/agora.xtec.cat\/escgaspardeportola\/wp-json\/wp\/v2\/pages\/11038","targetHints":{"allow":["GET"]}}],"collection":[{"href":"https:\/\/agora.xtec.cat\/escgaspardeportola\/wp-json\/wp\/v2\/pages"}],"about":[{"href":"https:\/\/agora.xtec.cat\/escgaspardeportola\/wp-json\/wp\/v2\/types\/page"}],"author":[{"embeddable":true,"href":"https:\/\/agora.xtec.cat\/escgaspardeportola\/wp-json\/wp\/v2\/users\/1"}],"replies":[{"embeddable":true,"href":"https:\/\/agora.xtec.cat\/escgaspardeportola\/wp-json\/wp\/v2\/comments?post=11038"}],"version-history":[{"count":2,"href":"https:\/\/agora.xtec.cat\/escgaspardeportola\/wp-json\/wp\/v2\/pages\/11038\/revisions"}],"predecessor-version":[{"id":11176,"href":"https:\/\/agora.xtec.cat\/escgaspardeportola\/wp-json\/wp\/v2\/pages\/11038\/revisions\/11176"}],"wp:attachment":[{"href":"https:\/\/agora.xtec.cat\/escgaspardeportola\/wp-json\/wp\/v2\/media?parent=11038"}],"curies":[{"name":"wp","href":"https:\/\/api.w.org\/{rel}","templated":true}]}}