{"id":10645,"date":"2025-06-19T20:57:32","date_gmt":"2025-06-19T18:57:32","guid":{"rendered":"https:\/\/agora.xtec.cat\/escgaspardeportola\/?page_id=10645"},"modified":"2026-01-11T12:29:39","modified_gmt":"2026-01-11T11:29:39","slug":"vals-escolars","status":"publish","type":"page","link":"https:\/\/agora.xtec.cat\/escgaspardeportola\/lescola\/vals-escolars\/","title":{"rendered":"Vals escolars"},"content":{"rendered":"<p class=\"cvGsUA direction-ltr align-center para-style-body\"><strong><span class=\"OYPEnA font-feature-liga-off font-feature-clig-off font-feature-calt-off text-decoration-none text-strikethrough-none\">QU\u00c8 S\u00d3N ELS VALS ESCOLARS?<\/span><\/strong><\/p>\n<p class=\"cvGsUA direction-ltr align-justify para-style-body\"><span class=\"OYPEnA font-feature-liga-off font-feature-clig-off font-feature-calt-off text-decoration-none text-strikethrough-none\">Els vals escolars de 60 euros s\u2019adrecen a les fam\u00edlies amb alumnes que el curs 2025-2026 facin entre 1r i 6\u00e8 de prim\u00e0ria.<\/span><\/p>\n<p class=\"cvGsUA direction-ltr align-justify para-style-body\"><span class=\"OYPEnA font-feature-liga-off font-feature-clig-off font-feature-calt-off text-decoration-none text-strikethrough-none\">Durant el mes de juliol, els enviaran a casa dels infants amb les dades i instruccions d&#8217;\u00fas.<\/span><\/p>\n<p class=\"cvGsUA direction-ltr align-justify para-style-body\"><span class=\"OYPEnA font-feature-liga-off font-feature-clig-off font-feature-calt-off text-decoration-none text-strikethrough-none\">L\u2019ajut es dona en dos vals de 30 \u20ac cadascun.<\/span><\/p>\n<p class=\"cvGsUA direction-ltr align-justify para-style-body\"><span class=\"OYPEnA font-feature-liga-off font-feature-clig-off font-feature-calt-off text-decoration-none text-strikethrough-none\">Cal cedir els vals escolars mitjan\u00e7ant la plataforma <a href=\"http:\/\/valescolar.cat\">valescolar.cat<\/a><\/span><\/p>\n<p>&nbsp;<\/p>\n<p><strong>Com puc activar els vals?<\/strong><\/p>\n<div class=\"col-11 px-0 py-4 text-faq\">\n<p>A partir del 16 de juny, els podr\u00e0s activar a la web\u00a0<a href=\"https:\/\/www.valescolar.cat\/\" target=\"blank\">valescolar.cat<\/a>.<br \/>\nQuan hagis rebut la carta amb els vals, accedeix a la web\u00a0<a href=\"https:\/\/www.valescolar.cat\/\" target=\"blank\">valescolar.cat<\/a>\u00a0i segueix aquests passos:<\/p>\n<ol>\n<li>Entra a la secci\u00f3 Accedeix als teus vals.<\/li>\n<li>Introdueix l\u2019identificador de l\u2019alumne\/a i el PIN que hi ha als vals.<\/li>\n<li>Introdueix el teu n\u00famero de tel\u00e8fon m\u00f2bil.<\/li>\n<li>Introdueix el codi que rebr\u00e0s al m\u00f2bil.<\/li>\n<\/ol>\n<p>Si tot \u00e9s correcte, ja tindr\u00e0s els vals activats per utilitzar-los als establiments adherits (<em>nom\u00e9s alumnat que tamb\u00e9 \u00e9s motxilla escolar<\/em>) o cedir-los al centre educatiu (Escola Gaspar de Portol\u00e0)<br \/>\nMira el v\u00eddeo que t\u2019explica com activar els vals amb PIN:\u00a0<a href=\"https:\/\/www.valescolar.cat\/videotutorialsalumnes\/alumnes_proces_activacio_amb_pin.mp4\" target=\"blank\">veure v\u00eddeo<\/a><\/p>\n<p><strong>Com puc cedir els vals al centre educatiu?<\/strong><\/p>\n<div class=\"col-11 px-0 py-4 text-faq\">\n<p>La cessi\u00f3 de vals al centre educatiu s\u2019ha de fer a trav\u00e9s de la web\u00a0<a href=\"https:\/\/www.valescolar.cat\/\" target=\"blank\">valescolar.cat<\/a>, en la secci\u00f3 d\u2019activaci\u00f3 dels vals.<\/p>\n<p>Abans de cedir-lo, verifica que el centre educatiu que apareix a la web \u00e9s l&#8217;Escola Gaspar de Portol\u00e0.<\/p>\n<\/div>\n<\/div>\n","protected":false},"excerpt":{"rendered":"<p>QU\u00c8 S\u00d3N ELS VALS ESCOLARS? Els vals escolars de 60 euros s\u2019adrecen a les fam\u00edlies amb alumnes que el curs 2025-2026 facin entre 1r i 6\u00e8 de prim\u00e0ria. Durant el mes de juliol, els enviaran a casa dels infants amb les dades i instruccions d&#8217;\u00fas. L\u2019ajut es dona en dos vals de 30 \u20ac cadascun. [&hellip;]<\/p>\n","protected":false},"author":1,"featured_media":0,"parent":22,"menu_order":0,"comment_status":"closed","ping_status":"closed","template":"","meta":{"_bbp_topic_count":0,"_bbp_reply_count":0,"_bbp_total_topic_count":0,"_bbp_total_reply_count":0,"_bbp_voice_count":0,"_bbp_anonymous_reply_count":0,"_bbp_topic_count_hidden":0,"_bbp_reply_count_hidden":0,"_bbp_forum_subforum_count":0,"site-sidebar-layout":"no-sidebar","site-content-layout":"","ast-site-content-layout":"default","site-content-style":"default","site-sidebar-style":"default","ast-global-header-display":"","ast-banner-title-visibility":"","ast-main-header-display":"","ast-hfb-above-header-display":"","ast-hfb-below-header-display":"","ast-hfb-mobile-header-display":"","site-post-title":"","ast-breadcrumbs-content":"","ast-featured-img":"","footer-sml-layout":"","theme-transparent-header-meta":"default","adv-header-id-meta":"","stick-header-meta":"","header-above-stick-meta":"","header-main-stick-meta":"","header-below-stick-meta":"","astra-migrate-meta-layouts":"set","ast-page-background-enabled":"default","ast-page-background-meta":{"desktop":{"background-color":"var(--ast-global-color-4)","background-image":"","background-repeat":"repeat","background-position":"center center","background-size":"auto","background-attachment":"scroll","background-type":"","background-media":"","overlay-type":"","overlay-color":"","overlay-opacity":"","overlay-gradient":""},"tablet":{"background-color":"","background-image":"","background-repeat":"repeat","background-position":"center center","background-size":"auto","background-attachment":"scroll","background-type":"","background-media":"","overlay-type":"","overlay-color":"","overlay-opacity":"","overlay-gradient":""},"mobile":{"background-color":"","background-image":"","background-repeat":"repeat","background-position":"center center","background-size":"auto","background-attachment":"scroll","background-type":"","background-media":"","overlay-type":"","overlay-color":"","overlay-opacity":"","overlay-gradient":""}},"ast-content-background-meta":{"desktop":{"background-color":"var(--ast-global-color-5)","background-image":"","background-repeat":"repeat","background-position":"center center","background-size":"auto","background-attachment":"scroll","background-type":"","background-media":"","overlay-type":"","overlay-color":"","overlay-opacity":"","overlay-gradient":""},"tablet":{"background-color":"var(--ast-global-color-5)","background-image":"","background-repeat":"repeat","background-position":"center center","background-size":"auto","background-attachment":"scroll","background-type":"","background-media":"","overlay-type":"","overlay-color":"","overlay-opacity":"","overlay-gradient":""},"mobile":{"background-color":"var(--ast-global-color-5)","background-image":"","background-repeat":"repeat","background-position":"center center","background-size":"auto","background-attachment":"scroll","background-type":"","background-media":"","overlay-type":"","overlay-color":"","overlay-opacity":"","overlay-gradient":""}},"footnotes":""},"class_list":["post-10645","page","type-page","status-publish","hentry"],"post_mailing_queue_ids":[],"_links":{"self":[{"href":"https:\/\/agora.xtec.cat\/escgaspardeportola\/wp-json\/wp\/v2\/pages\/10645","targetHints":{"allow":["GET"]}}],"collection":[{"href":"https:\/\/agora.xtec.cat\/escgaspardeportola\/wp-json\/wp\/v2\/pages"}],"about":[{"href":"https:\/\/agora.xtec.cat\/escgaspardeportola\/wp-json\/wp\/v2\/types\/page"}],"author":[{"embeddable":true,"href":"https:\/\/agora.xtec.cat\/escgaspardeportola\/wp-json\/wp\/v2\/users\/1"}],"replies":[{"embeddable":true,"href":"https:\/\/agora.xtec.cat\/escgaspardeportola\/wp-json\/wp\/v2\/comments?post=10645"}],"version-history":[{"count":5,"href":"https:\/\/agora.xtec.cat\/escgaspardeportola\/wp-json\/wp\/v2\/pages\/10645\/revisions"}],"predecessor-version":[{"id":10653,"href":"https:\/\/agora.xtec.cat\/escgaspardeportola\/wp-json\/wp\/v2\/pages\/10645\/revisions\/10653"}],"up":[{"embeddable":true,"href":"https:\/\/agora.xtec.cat\/escgaspardeportola\/wp-json\/wp\/v2\/pages\/22"}],"wp:attachment":[{"href":"https:\/\/agora.xtec.cat\/escgaspardeportola\/wp-json\/wp\/v2\/media?parent=10645"}],"curies":[{"name":"wp","href":"https:\/\/api.w.org\/{rel}","templated":true}]}}