{"id":10642,"date":"2025-06-19T19:11:01","date_gmt":"2025-06-19T17:11:01","guid":{"rendered":"https:\/\/agora.xtec.cat\/escgaspardeportola\/?page_id=10642"},"modified":"2026-01-11T12:29:19","modified_gmt":"2026-01-11T11:29:19","slug":"motxilles-escolars","status":"publish","type":"page","link":"https:\/\/agora.xtec.cat\/escgaspardeportola\/lescola\/motxilles-escolars\/","title":{"rendered":"Motxilles escolars"},"content":{"rendered":"<p>Les motxilles escolars s\u00f3n una\u00a0<strong>dotaci\u00f3 econ\u00f2mica<\/strong>\u00a0que reben directament els centres educatius per garantir la igualtat en les condicions d&#8217;aprenentatge de l&#8217;alumnat amb necessitats socioecon\u00f2miques desfavorides.<\/p>\n<p>Aquesta mesura, que es va posar en marxa el curs 2022-2023, <strong>s&#8217;est\u00e9n al curs actual a educaci\u00f3 infantil i 1r de prim\u00e0ria <\/strong>\u00a0en els centres educatius del Servei d&#8217;Educaci\u00f3 de Catalunya.<br \/>\n<strong>Concretament, implica la gratu\u00eftat del material escolar i de les sortides dels alumnes d&#8217;aquests nivells que tinguin el reconeixement de necessitats espec\u00edfiques derivades de situacions socioecon\u00f2miques o socioculturals (NEE B).<\/strong><\/p>\n<p><strong>Per tenir aquest reconeixement cal signar l&#8217;informe<\/strong> de l&#8217;alumne o l&#8217;alumna amb necessitats educatives espec\u00edfiques derivades de situacions socioecon\u00f2miques i socioculturals, <strong>que elabora l&#8217;equip d&#8217;assessorament psicopedag\u00f2gic (EAP), i que fa arribar a les fam\u00edlies i a la direcci\u00f3 del centre.<\/strong><\/p>\n<p><strong>Aquest recurs cobreix totes les despeses del curs associades a l&#8217;escolaritzaci\u00f3,<\/strong> <strong>com ara el material escolar did\u00e0ctic i fungible, llibres<\/strong> (tamb\u00e9 llic\u00e8ncies digitals o similars), <strong>bates<\/strong>, uniforme (tamb\u00e9 <strong>roba esportiva del centre educatiu)<\/strong> <strong>i sortides<\/strong>. En el cas dels centres p\u00fablics, tamb\u00e9 s&#8217;hi inclouen <strong>les col\u00f2nies<\/strong>; en cas dels centres concertats, s&#8217;hi inclou l&#8217;activitat complement\u00e0ria.<\/p>\n<p><strong><a href=\"https:\/\/educacio.gencat.cat\/ca\/arees-actuacio\/families\/families-escola\/escolaritat\/motxilles-escolars\/index.html\">M\u00e9s informaci\u00f3 <\/a><\/strong><\/p>\n","protected":false},"excerpt":{"rendered":"<p>Les motxilles escolars s\u00f3n una\u00a0dotaci\u00f3 econ\u00f2mica\u00a0que reben directament els centres educatius per garantir la igualtat en les condicions d&#8217;aprenentatge de l&#8217;alumnat amb necessitats socioecon\u00f2miques desfavorides. Aquesta mesura, que es va posar en marxa el curs 2022-2023, s&#8217;est\u00e9n al curs actual a educaci\u00f3 infantil i 1r de prim\u00e0ria \u00a0en els centres educatius del Servei d&#8217;Educaci\u00f3 de [&hellip;]<\/p>\n","protected":false},"author":1,"featured_media":0,"parent":22,"menu_order":0,"comment_status":"closed","ping_status":"closed","template":"","meta":{"_bbp_topic_count":0,"_bbp_reply_count":0,"_bbp_total_topic_count":0,"_bbp_total_reply_count":0,"_bbp_voice_count":0,"_bbp_anonymous_reply_count":0,"_bbp_topic_count_hidden":0,"_bbp_reply_count_hidden":0,"_bbp_forum_subforum_count":0,"site-sidebar-layout":"no-sidebar","site-content-layout":"","ast-site-content-layout":"default","site-content-style":"default","site-sidebar-style":"default","ast-global-header-display":"","ast-banner-title-visibility":"","ast-main-header-display":"","ast-hfb-above-header-display":"","ast-hfb-below-header-display":"","ast-hfb-mobile-header-display":"","site-post-title":"","ast-breadcrumbs-content":"","ast-featured-img":"","footer-sml-layout":"","theme-transparent-header-meta":"default","adv-header-id-meta":"","stick-header-meta":"","header-above-stick-meta":"","header-main-stick-meta":"","header-below-stick-meta":"","astra-migrate-meta-layouts":"set","ast-page-background-enabled":"default","ast-page-background-meta":{"desktop":{"background-color":"var(--ast-global-color-4)","background-image":"","background-repeat":"repeat","background-position":"center center","background-size":"auto","background-attachment":"scroll","background-type":"","background-media":"","overlay-type":"","overlay-color":"","overlay-opacity":"","overlay-gradient":""},"tablet":{"background-color":"","background-image":"","background-repeat":"repeat","background-position":"center center","background-size":"auto","background-attachment":"scroll","background-type":"","background-media":"","overlay-type":"","overlay-color":"","overlay-opacity":"","overlay-gradient":""},"mobile":{"background-color":"","background-image":"","background-repeat":"repeat","background-position":"center center","background-size":"auto","background-attachment":"scroll","background-type":"","background-media":"","overlay-type":"","overlay-color":"","overlay-opacity":"","overlay-gradient":""}},"ast-content-background-meta":{"desktop":{"background-color":"var(--ast-global-color-5)","background-image":"","background-repeat":"repeat","background-position":"center center","background-size":"auto","background-attachment":"scroll","background-type":"","background-media":"","overlay-type":"","overlay-color":"","overlay-opacity":"","overlay-gradient":""},"tablet":{"background-color":"var(--ast-global-color-5)","background-image":"","background-repeat":"repeat","background-position":"center center","background-size":"auto","background-attachment":"scroll","background-type":"","background-media":"","overlay-type":"","overlay-color":"","overlay-opacity":"","overlay-gradient":""},"mobile":{"background-color":"var(--ast-global-color-5)","background-image":"","background-repeat":"repeat","background-position":"center center","background-size":"auto","background-attachment":"scroll","background-type":"","background-media":"","overlay-type":"","overlay-color":"","overlay-opacity":"","overlay-gradient":""}},"footnotes":""},"class_list":["post-10642","page","type-page","status-publish","hentry"],"post_mailing_queue_ids":[],"_links":{"self":[{"href":"https:\/\/agora.xtec.cat\/escgaspardeportola\/wp-json\/wp\/v2\/pages\/10642","targetHints":{"allow":["GET"]}}],"collection":[{"href":"https:\/\/agora.xtec.cat\/escgaspardeportola\/wp-json\/wp\/v2\/pages"}],"about":[{"href":"https:\/\/agora.xtec.cat\/escgaspardeportola\/wp-json\/wp\/v2\/types\/page"}],"author":[{"embeddable":true,"href":"https:\/\/agora.xtec.cat\/escgaspardeportola\/wp-json\/wp\/v2\/users\/1"}],"replies":[{"embeddable":true,"href":"https:\/\/agora.xtec.cat\/escgaspardeportola\/wp-json\/wp\/v2\/comments?post=10642"}],"version-history":[{"count":3,"href":"https:\/\/agora.xtec.cat\/escgaspardeportola\/wp-json\/wp\/v2\/pages\/10642\/revisions"}],"predecessor-version":[{"id":11029,"href":"https:\/\/agora.xtec.cat\/escgaspardeportola\/wp-json\/wp\/v2\/pages\/10642\/revisions\/11029"}],"up":[{"embeddable":true,"href":"https:\/\/agora.xtec.cat\/escgaspardeportola\/wp-json\/wp\/v2\/pages\/22"}],"wp:attachment":[{"href":"https:\/\/agora.xtec.cat\/escgaspardeportola\/wp-json\/wp\/v2\/media?parent=10642"}],"curies":[{"name":"wp","href":"https:\/\/api.w.org\/{rel}","templated":true}]}}