{"id":84,"date":"2014-09-18T14:11:31","date_gmt":"2014-09-18T13:11:31","guid":{"rendered":"http:\/\/agora.xtec.cat\/escgarciafossas\/?page_id=84"},"modified":"2023-02-06T22:15:35","modified_gmt":"2023-02-06T21:15:35","slug":"activitats-extraescolars","status":"publish","type":"page","link":"https:\/\/agora.xtec.cat\/escgarciafossas\/afa\/activitats-extraescolars\/","title":{"rendered":"AFA"},"content":{"rendered":"<p>L&#8217;<span class=\"hiddenSpellError\">AFA<\/span>\u00a0\u00e9s un\u00a0<strong>moviment associatiu de\u00a0fam\u00edlies\u00a0d&#8217;alumnes<\/strong>\u00a0que\u00a0pret\u00e9n\u00a0defensar el model educatiu d&#8217;<strong>escola p\u00fablica<\/strong>\u00a0tot col\u00b7laborant amb la Comunitat Educativa.<\/p>\n<p>Com associaci\u00f3 de fam\u00edlies\u00a0<strong>som sensibles a la necessitat de conciliar l&#8217;horari escolar i laboral de les fam\u00edlies<\/strong>\u00a0i per aix\u00f2 intentem aportar solucions adients com el\u00a0<strong>servei de ludoteca matinal a partir de les 7:30h<\/strong>, oferint\u00a0activitats\u00a0<strong>extraescolars de qualitat de 12.30h a 13.30h i de 16:30 a 19:00h.\u00a0<\/strong><\/p>\n<p>Cada curs l&#8217;AFA organitza les activitats extraescolars que engloben activitats de l&#8217;\u00e0mbit art\u00edstic, ling\u00fc\u00edstic, cultural i esportiu.<\/p>\n<p>Les activitats extraescolars s\u00f3n la continuaci\u00f3 del projecte educatiu de l&#8217;escola i intentem donar el servei amb els millors professionals possibles. A la <a href=\"http:\/\/garcia-fossas.com\/\" target=\"_blank\" rel=\"noopener\">web de l&#8217;AFA<\/a> hi teniu tota la informaci\u00f3.<\/p>\n<p>&nbsp;<\/p>\n<p>&nbsp;<\/p>\n<p>&nbsp;<\/p>\n","protected":false},"excerpt":{"rendered":"<p>L&#8217;AFA\u00a0\u00e9s un\u00a0moviment associatiu de\u00a0fam\u00edlies\u00a0d&#8217;alumnes\u00a0que\u00a0pret\u00e9n\u00a0defensar el model educatiu d&#8217;escola p\u00fablica\u00a0tot col\u00b7laborant amb la Comunitat Educativa. Com associaci\u00f3 de fam\u00edlies\u00a0som sensibles a la necessitat de conciliar l&#8217;horari escolar i laboral de les fam\u00edlies\u00a0i per aix\u00f2 intentem aportar solucions adients com el\u00a0servei de ludoteca matinal a partir de les 7:30h, oferint\u00a0activitats\u00a0extraescolars de qualitat de 12.30h a 13.30h i [&hellip;]<\/p>\n","protected":false},"author":1,"featured_media":0,"parent":66,"menu_order":60,"comment_status":"closed","ping_status":"closed","template":"page-templates\/side-menu.php","meta":{"_bbp_topic_count":0,"_bbp_reply_count":0,"_bbp_total_topic_count":0,"_bbp_total_reply_count":0,"_bbp_voice_count":0,"_bbp_anonymous_reply_count":0,"_bbp_topic_count_hidden":0,"_bbp_reply_count_hidden":0,"_bbp_forum_subforum_count":0,"site-sidebar-layout":"default","site-content-layout":"","ast-site-content-layout":"","site-content-style":"default","site-sidebar-style":"default","ast-global-header-display":"","ast-banner-title-visibility":"","ast-main-header-display":"","ast-hfb-above-header-display":"","ast-hfb-below-header-display":"","ast-hfb-mobile-header-display":"","site-post-title":"","ast-breadcrumbs-content":"","ast-featured-img":"","footer-sml-layout":"","theme-transparent-header-meta":"","adv-header-id-meta":"","stick-header-meta":"","header-above-stick-meta":"","header-main-stick-meta":"","header-below-stick-meta":"","astra-migrate-meta-layouts":"default","ast-page-background-enabled":"default","ast-page-background-meta":{"desktop":{"background-color":"var(--ast-global-color-4)","background-image":"","background-repeat":"repeat","background-position":"center center","background-size":"auto","background-attachment":"scroll","background-type":"","background-media":"","overlay-type":"","overlay-color":"","overlay-opacity":"","overlay-gradient":""},"tablet":{"background-color":"","background-image":"","background-repeat":"repeat","background-position":"center center","background-size":"auto","background-attachment":"scroll","background-type":"","background-media":"","overlay-type":"","overlay-color":"","overlay-opacity":"","overlay-gradient":""},"mobile":{"background-color":"","background-image":"","background-repeat":"repeat","background-position":"center center","background-size":"auto","background-attachment":"scroll","background-type":"","background-media":"","overlay-type":"","overlay-color":"","overlay-opacity":"","overlay-gradient":""}},"ast-content-background-meta":{"desktop":{"background-color":"var(--ast-global-color-5)","background-image":"","background-repeat":"repeat","background-position":"center center","background-size":"auto","background-attachment":"scroll","background-type":"","background-media":"","overlay-type":"","overlay-color":"","overlay-opacity":"","overlay-gradient":""},"tablet":{"background-color":"var(--ast-global-color-5)","background-image":"","background-repeat":"repeat","background-position":"center center","background-size":"auto","background-attachment":"scroll","background-type":"","background-media":"","overlay-type":"","overlay-color":"","overlay-opacity":"","overlay-gradient":""},"mobile":{"background-color":"var(--ast-global-color-5)","background-image":"","background-repeat":"repeat","background-position":"center center","background-size":"auto","background-attachment":"scroll","background-type":"","background-media":"","overlay-type":"","overlay-color":"","overlay-opacity":"","overlay-gradient":""}},"footnotes":""},"class_list":["post-84","page","type-page","status-publish","hentry"],"post_mailing_queue_ids":[],"_links":{"self":[{"href":"https:\/\/agora.xtec.cat\/escgarciafossas\/wp-json\/wp\/v2\/pages\/84","targetHints":{"allow":["GET"]}}],"collection":[{"href":"https:\/\/agora.xtec.cat\/escgarciafossas\/wp-json\/wp\/v2\/pages"}],"about":[{"href":"https:\/\/agora.xtec.cat\/escgarciafossas\/wp-json\/wp\/v2\/types\/page"}],"author":[{"embeddable":true,"href":"https:\/\/agora.xtec.cat\/escgarciafossas\/wp-json\/wp\/v2\/users\/1"}],"replies":[{"embeddable":true,"href":"https:\/\/agora.xtec.cat\/escgarciafossas\/wp-json\/wp\/v2\/comments?post=84"}],"version-history":[{"count":5,"href":"https:\/\/agora.xtec.cat\/escgarciafossas\/wp-json\/wp\/v2\/pages\/84\/revisions"}],"predecessor-version":[{"id":3525,"href":"https:\/\/agora.xtec.cat\/escgarciafossas\/wp-json\/wp\/v2\/pages\/84\/revisions\/3525"}],"up":[{"embeddable":true,"href":"https:\/\/agora.xtec.cat\/escgarciafossas\/wp-json\/wp\/v2\/pages\/66"}],"wp:attachment":[{"href":"https:\/\/agora.xtec.cat\/escgarciafossas\/wp-json\/wp\/v2\/media?parent=84"}],"curies":[{"name":"wp","href":"https:\/\/api.w.org\/{rel}","templated":true}]}}