{"id":638,"date":"2018-11-21T12:38:59","date_gmt":"2018-11-21T11:38:59","guid":{"rendered":"http:\/\/agora.xtec.cat\/escgarciafossas\/?page_id=638"},"modified":"2026-01-12T18:49:52","modified_gmt":"2026-01-12T17:49:52","slug":"llibres-i-material","status":"publish","type":"page","link":"https:\/\/agora.xtec.cat\/escgarciafossas\/informacio\/llibres-i-material\/","title":{"rendered":"Llibres i material"},"content":{"rendered":"<p>L\u2019escola fomenta la socialitzaci\u00f3 del material per promoure valors com la cooperaci\u00f3, el respecte i la responsabilitat.<\/p>\n<p>Mitjan\u00e7ant la quota de material que aporten les fam\u00edlies, es facilita tot el material necessari per a l\u2019alumnat al llarg del curs, tant a educaci\u00f3 infantil com a prim\u00e0ria, com ara llapis, colors, tisores o retoladors, entre d\u2019altres.<\/p>\n<p>L\u2019\u00fanic material que han d\u2019adquirir les fam\u00edlies s\u00f3n els llibres de lectura i els llibres de text de prim\u00e0ria.<\/p>\n<p>&nbsp;<\/p>\n","protected":false},"excerpt":{"rendered":"<p>L\u2019escola fomenta la socialitzaci\u00f3 del material per promoure valors com la cooperaci\u00f3, el respecte i la responsabilitat. Mitjan\u00e7ant la quota de material que aporten les fam\u00edlies, es facilita tot el material necessari per a l\u2019alumnat al llarg del curs, tant a educaci\u00f3 infantil com a prim\u00e0ria, com ara llapis, colors, tisores o retoladors, entre d\u2019altres. [&hellip;]<\/p>\n","protected":false},"author":1,"featured_media":0,"parent":634,"menu_order":0,"comment_status":"closed","ping_status":"closed","template":"","meta":{"_bbp_topic_count":0,"_bbp_reply_count":0,"_bbp_total_topic_count":0,"_bbp_total_reply_count":0,"_bbp_voice_count":0,"_bbp_anonymous_reply_count":0,"_bbp_topic_count_hidden":0,"_bbp_reply_count_hidden":0,"_bbp_forum_subforum_count":0,"site-sidebar-layout":"default","site-content-layout":"","ast-site-content-layout":"default","site-content-style":"default","site-sidebar-style":"default","ast-global-header-display":"","ast-banner-title-visibility":"","ast-main-header-display":"","ast-hfb-above-header-display":"","ast-hfb-below-header-display":"","ast-hfb-mobile-header-display":"","site-post-title":"","ast-breadcrumbs-content":"","ast-featured-img":"","footer-sml-layout":"","theme-transparent-header-meta":"default","adv-header-id-meta":"","stick-header-meta":"","header-above-stick-meta":"","header-main-stick-meta":"","header-below-stick-meta":"","astra-migrate-meta-layouts":"set","ast-page-background-enabled":"default","ast-page-background-meta":{"desktop":{"background-color":"var(--ast-global-color-4)","background-image":"","background-repeat":"repeat","background-position":"center center","background-size":"auto","background-attachment":"scroll","background-type":"","background-media":"","overlay-type":"","overlay-color":"","overlay-opacity":"","overlay-gradient":""},"tablet":{"background-color":"","background-image":"","background-repeat":"repeat","background-position":"center center","background-size":"auto","background-attachment":"scroll","background-type":"","background-media":"","overlay-type":"","overlay-color":"","overlay-opacity":"","overlay-gradient":""},"mobile":{"background-color":"","background-image":"","background-repeat":"repeat","background-position":"center center","background-size":"auto","background-attachment":"scroll","background-type":"","background-media":"","overlay-type":"","overlay-color":"","overlay-opacity":"","overlay-gradient":""}},"ast-content-background-meta":{"desktop":{"background-color":"var(--ast-global-color-5)","background-image":"","background-repeat":"repeat","background-position":"center center","background-size":"auto","background-attachment":"scroll","background-type":"","background-media":"","overlay-type":"","overlay-color":"","overlay-opacity":"","overlay-gradient":""},"tablet":{"background-color":"var(--ast-global-color-5)","background-image":"","background-repeat":"repeat","background-position":"center center","background-size":"auto","background-attachment":"scroll","background-type":"","background-media":"","overlay-type":"","overlay-color":"","overlay-opacity":"","overlay-gradient":""},"mobile":{"background-color":"var(--ast-global-color-5)","background-image":"","background-repeat":"repeat","background-position":"center center","background-size":"auto","background-attachment":"scroll","background-type":"","background-media":"","overlay-type":"","overlay-color":"","overlay-opacity":"","overlay-gradient":""}},"footnotes":""},"class_list":["post-638","page","type-page","status-publish","hentry"],"post_mailing_queue_ids":[],"_links":{"self":[{"href":"https:\/\/agora.xtec.cat\/escgarciafossas\/wp-json\/wp\/v2\/pages\/638","targetHints":{"allow":["GET"]}}],"collection":[{"href":"https:\/\/agora.xtec.cat\/escgarciafossas\/wp-json\/wp\/v2\/pages"}],"about":[{"href":"https:\/\/agora.xtec.cat\/escgarciafossas\/wp-json\/wp\/v2\/types\/page"}],"author":[{"embeddable":true,"href":"https:\/\/agora.xtec.cat\/escgarciafossas\/wp-json\/wp\/v2\/users\/1"}],"replies":[{"embeddable":true,"href":"https:\/\/agora.xtec.cat\/escgarciafossas\/wp-json\/wp\/v2\/comments?post=638"}],"version-history":[{"count":6,"href":"https:\/\/agora.xtec.cat\/escgarciafossas\/wp-json\/wp\/v2\/pages\/638\/revisions"}],"predecessor-version":[{"id":4230,"href":"https:\/\/agora.xtec.cat\/escgarciafossas\/wp-json\/wp\/v2\/pages\/638\/revisions\/4230"}],"up":[{"embeddable":true,"href":"https:\/\/agora.xtec.cat\/escgarciafossas\/wp-json\/wp\/v2\/pages\/634"}],"wp:attachment":[{"href":"https:\/\/agora.xtec.cat\/escgarciafossas\/wp-json\/wp\/v2\/media?parent=638"}],"curies":[{"name":"wp","href":"https:\/\/api.w.org\/{rel}","templated":true}]}}