{"id":28,"date":"2014-09-18T12:29:35","date_gmt":"2014-09-18T11:29:35","guid":{"rendered":"http:\/\/agora.xtec.cat\/escgarciafossas\/?page_id=28"},"modified":"2026-02-02T16:19:16","modified_gmt":"2026-02-02T15:19:16","slug":"consell-escolar","status":"publish","type":"page","link":"https:\/\/agora.xtec.cat\/escgarciafossas\/lescola-garcia-fossas\/consell-escolar\/","title":{"rendered":"Consell escolar"},"content":{"rendered":"<p><span style=\"font-weight: 400;\">El Consell Escolar \u00e9s l\u2019\u00f2rgan de participaci\u00f3 de la comunitat escolar en el govern dels centres i l\u2019\u00f2rgan de programaci\u00f3, seguiment i avaluaci\u00f3 general de les seves activitats. <\/span><\/p>\n<p><span style=\"font-weight: 400;\">El presideix el\/la director\/a del centre que actuar\u00e0 com a president\/a. El\/la secretari\/\u00e0ria actuar\u00e0 amb veu per\u00f2 sense vot.<\/span><\/p>\n<p><span style=\"font-weight: 400;\">Corresponen al consell escolar les funcions seg\u00fcents:<\/span><\/p>\n<ol style=\"list-style-type: lower-alpha;\">\n<li><span style=\"font-weight: 400;\">Aprovar el projecte educatiu i les modificacions corresponents per una majoria de tres cinquenes parts dels membres.<\/span><\/li>\n<li>Aprovar la programaci\u00f3 general anual del centre i avaluar-ne el desenvolupament i els resultats.<\/li>\n<li>Aprovar les propostes d\u2019acords de corresponsabilitat, convenis i altres acords de col\u00b7laboraci\u00f3 del centre amb entitats o institucions.<\/li>\n<li>Aprovar les normes d\u2019organitzaci\u00f3 i funcionament i les modificacions corresponents.<\/li>\n<li>Aprovar la carta de comprom\u00eds educatiu.<\/li>\n<li>Aprovar el pressupost del centre i el rendiment de comptes.<\/li>\n<li>Intervenir en el procediment d\u2019admissi\u00f3 d\u2019alumnes.<\/li>\n<li>Participar en el procediment de selecci\u00f3 i en la proposta de cessament del director o directora.<\/li>\n<li>Intervenir en la resoluci\u00f3 dels conflictes i, si escau, revisar les sancions als alumnes.<\/li>\n<li>Aprovar les directrius per a la programaci\u00f3 d\u2019activitats escolars complement\u00e0ries i d\u2019activitats extraescolars, i avaluar-ne el desenvolupament.<\/li>\n<li>Participar en les an\u00e0lisis i les avaluacions del funcionament general del centre i con\u00e8ixer l\u2019evoluci\u00f3 del rendiment escolar.<\/li>\n<li>Aprovar els criteris de col\u00b7laboraci\u00f3 amb altres centres i amb l\u2019entorn.<\/li>\n<li>Qualsevol altra que li sigui atribu\u00efda per les normes legals o reglament\u00e0ries.<\/li>\n<\/ol>\n<p>Aquests s\u00f3n els <a href=\"https:\/\/drive.google.com\/file\/d\/1JHZ56FGlLAIrj5w_bZ8ZGr8BUFxCR3vU\/view?usp=drive_link\"><strong>MEMBRES<\/strong><\/a> del Consell Escolar de l&#8217;escola.<\/p>\n<p>Tamb\u00e9 podeu consultar els<strong> ACORDS<\/strong> presos en el Consell Escolar:<\/p>\n<ul>\n<li>CURS 2025\/26\n<ul>\n<li><a href=\"https:\/\/drive.google.com\/file\/d\/1Rf_qyqx7zP0SI0byxnZxlUKGQdebopmV\/view?usp=sharing\">Consell Escolar del 15\/10\/2025<\/a><\/li>\n<li><a href=\"https:\/\/drive.google.com\/file\/d\/1VmI4O60vP9X9OBOxwXpKpYeEYpHQ6aRS\/view?usp=drive_link\">Consell Escolar Extraordinari del 10\/12\/2025<\/a><\/li>\n<li><a href=\"https:\/\/drive.google.com\/file\/d\/1oxTnStNda6LhiQi12kKUuUoZzYPfVsv9\/view?usp=drive_link\">Consell Escolar del 28\/01\/2026<\/a><\/li>\n<\/ul>\n<\/li>\n<\/ul>\n","protected":false},"excerpt":{"rendered":"<p>El Consell Escolar \u00e9s l\u2019\u00f2rgan de participaci\u00f3 de la comunitat escolar en el govern dels centres i l\u2019\u00f2rgan de programaci\u00f3, seguiment i avaluaci\u00f3 general de les seves activitats. El presideix el\/la director\/a del centre que actuar\u00e0 com a president\/a. El\/la secretari\/\u00e0ria actuar\u00e0 amb veu per\u00f2 sense vot. Corresponen al consell escolar les funcions seg\u00fcents: Aprovar [&hellip;]<\/p>\n","protected":false},"author":1,"featured_media":0,"parent":576,"menu_order":50,"comment_status":"closed","ping_status":"closed","template":"","meta":{"_bbp_topic_count":0,"_bbp_reply_count":0,"_bbp_total_topic_count":0,"_bbp_total_reply_count":0,"_bbp_voice_count":0,"_bbp_anonymous_reply_count":0,"_bbp_topic_count_hidden":0,"_bbp_reply_count_hidden":0,"_bbp_forum_subforum_count":0,"site-sidebar-layout":"default","site-content-layout":"","ast-site-content-layout":"default","site-content-style":"default","site-sidebar-style":"default","ast-global-header-display":"","ast-banner-title-visibility":"","ast-main-header-display":"","ast-hfb-above-header-display":"","ast-hfb-below-header-display":"","ast-hfb-mobile-header-display":"","site-post-title":"","ast-breadcrumbs-content":"","ast-featured-img":"","footer-sml-layout":"","theme-transparent-header-meta":"default","adv-header-id-meta":"","stick-header-meta":"","header-above-stick-meta":"","header-main-stick-meta":"","header-below-stick-meta":"","astra-migrate-meta-layouts":"set","ast-page-background-enabled":"default","ast-page-background-meta":{"desktop":{"background-color":"var(--ast-global-color-4)","background-image":"","background-repeat":"repeat","background-position":"center center","background-size":"auto","background-attachment":"scroll","background-type":"","background-media":"","overlay-type":"","overlay-color":"","overlay-opacity":"","overlay-gradient":""},"tablet":{"background-color":"","background-image":"","background-repeat":"repeat","background-position":"center center","background-size":"auto","background-attachment":"scroll","background-type":"","background-media":"","overlay-type":"","overlay-color":"","overlay-opacity":"","overlay-gradient":""},"mobile":{"background-color":"","background-image":"","background-repeat":"repeat","background-position":"center center","background-size":"auto","background-attachment":"scroll","background-type":"","background-media":"","overlay-type":"","overlay-color":"","overlay-opacity":"","overlay-gradient":""}},"ast-content-background-meta":{"desktop":{"background-color":"var(--ast-global-color-5)","background-image":"","background-repeat":"repeat","background-position":"center center","background-size":"auto","background-attachment":"scroll","background-type":"","background-media":"","overlay-type":"","overlay-color":"","overlay-opacity":"","overlay-gradient":""},"tablet":{"background-color":"var(--ast-global-color-5)","background-image":"","background-repeat":"repeat","background-position":"center center","background-size":"auto","background-attachment":"scroll","background-type":"","background-media":"","overlay-type":"","overlay-color":"","overlay-opacity":"","overlay-gradient":""},"mobile":{"background-color":"var(--ast-global-color-5)","background-image":"","background-repeat":"repeat","background-position":"center center","background-size":"auto","background-attachment":"scroll","background-type":"","background-media":"","overlay-type":"","overlay-color":"","overlay-opacity":"","overlay-gradient":""}},"footnotes":""},"class_list":["post-28","page","type-page","status-publish","hentry"],"post_mailing_queue_ids":[],"_links":{"self":[{"href":"https:\/\/agora.xtec.cat\/escgarciafossas\/wp-json\/wp\/v2\/pages\/28","targetHints":{"allow":["GET"]}}],"collection":[{"href":"https:\/\/agora.xtec.cat\/escgarciafossas\/wp-json\/wp\/v2\/pages"}],"about":[{"href":"https:\/\/agora.xtec.cat\/escgarciafossas\/wp-json\/wp\/v2\/types\/page"}],"author":[{"embeddable":true,"href":"https:\/\/agora.xtec.cat\/escgarciafossas\/wp-json\/wp\/v2\/users\/1"}],"replies":[{"embeddable":true,"href":"https:\/\/agora.xtec.cat\/escgarciafossas\/wp-json\/wp\/v2\/comments?post=28"}],"version-history":[{"count":7,"href":"https:\/\/agora.xtec.cat\/escgarciafossas\/wp-json\/wp\/v2\/pages\/28\/revisions"}],"predecessor-version":[{"id":4412,"href":"https:\/\/agora.xtec.cat\/escgarciafossas\/wp-json\/wp\/v2\/pages\/28\/revisions\/4412"}],"up":[{"embeddable":true,"href":"https:\/\/agora.xtec.cat\/escgarciafossas\/wp-json\/wp\/v2\/pages\/576"}],"wp:attachment":[{"href":"https:\/\/agora.xtec.cat\/escgarciafossas\/wp-json\/wp\/v2\/media?parent=28"}],"curies":[{"name":"wp","href":"https:\/\/api.w.org\/{rel}","templated":true}]}}