{"id":5454,"date":"2022-04-06T09:34:59","date_gmt":"2022-04-06T07:34:59","guid":{"rendered":"https:\/\/agora.xtec.cat\/escfrancescarenes\/?page_id=5454"},"modified":"2026-04-20T07:59:31","modified_gmt":"2026-04-20T05:59:31","slug":"preinscripcions-2022","status":"publish","type":"page","link":"https:\/\/agora.xtec.cat\/escfrancescarenes\/lescola\/preinscripcions-2022\/","title":{"rendered":"Preinscripcions 2026"},"content":{"rendered":"<p><a href=\"https:\/\/agora.xtec.cat\/escfrancescarenes\/wp-content\/uploads\/usu674\/2025\/02\/Preinscripcions-26_27-carta.png\"><img loading=\"lazy\" decoding=\"async\" class=\"aligncenter size-medium wp-image-9665\" src=\"https:\/\/agora.xtec.cat\/escfrancescarenes\/wp-content\/uploads\/usu674\/2025\/02\/Preinscripcions-26_27-carta-212x300.png\" alt=\"\" width=\"212\" height=\"300\" srcset=\"https:\/\/agora.xtec.cat\/escfrancescarenes\/wp-content\/uploads\/usu674\/2025\/02\/Preinscripcions-26_27-carta-212x300.png 212w, https:\/\/agora.xtec.cat\/escfrancescarenes\/wp-content\/uploads\/usu674\/2025\/02\/Preinscripcions-26_27-carta-724x1024.png 724w, https:\/\/agora.xtec.cat\/escfrancescarenes\/wp-content\/uploads\/usu674\/2025\/02\/Preinscripcions-26_27-carta-768x1086.png 768w, https:\/\/agora.xtec.cat\/escfrancescarenes\/wp-content\/uploads\/usu674\/2025\/02\/Preinscripcions-26_27-carta-1086x1536.png 1086w, https:\/\/agora.xtec.cat\/escfrancescarenes\/wp-content\/uploads\/usu674\/2025\/02\/Preinscripcions-26_27-carta-1448x2048.png 1448w, https:\/\/agora.xtec.cat\/escfrancescarenes\/wp-content\/uploads\/usu674\/2025\/02\/Preinscripcions-26_27-carta.png 1587w\" sizes=\"auto, (max-width: 212px) 100vw, 212px\" \/><\/a><\/p>\n<p style=\"text-align: center;\"><a href=\"https:\/\/preinscripcio.gencat.cat\/ca\/estudis\/infantil-3-6\/inici\/\" target=\"_blank\" rel=\"noopener\">Informaci\u00f3 de la p\u00e0gina del Departament d&#8217;Educaci\u00f3<\/a><\/p>\n<p>&nbsp;<\/p>\n<ul style=\"list-style-type: circle;\">\n<li><a href=\"https:\/\/agora.xtec.cat\/escfrancescarenes\/wp-content\/uploads\/usu674\/2026\/03\/Publicacio_oferta_incial.pdf\" target=\"_blank\" rel=\"noopener\">Publicaci\u00f3 oferta inicial<\/a><\/li>\n<li><a href=\"https:\/\/agora.xtec.cat\/escfrancescarenes\/wp-content\/uploads\/usu674\/2026\/04\/20260415_INFORME_BAREM_PROVISIONAL.pdf\" target=\"_blank\" rel=\"noopener\">Barem provisional amb puntuacions<\/a><\/li>\n<li>Publicaci\u00f3 de la llista ordenada<\/li>\n<li>Publicaci\u00f3 oferta definitiva de places<\/li>\n<li>Barem definitiu amb puntuacions<\/li>\n<li>Informe d&#8217;assignacions de centre<\/li>\n<\/ul>\n","protected":false},"excerpt":{"rendered":"<p>Informaci\u00f3 de la p\u00e0gina del Departament d&#8217;Educaci\u00f3 &nbsp; Publicaci\u00f3 oferta inicial Barem provisional amb puntuacions Publicaci\u00f3 de la llista ordenada Publicaci\u00f3 oferta definitiva de places Barem definitiu amb puntuacions Informe d&#8217;assignacions de centre<\/p>\n","protected":false},"author":1,"featured_media":0,"parent":22,"menu_order":0,"comment_status":"closed","ping_status":"closed","template":"","meta":{"_bbp_topic_count":0,"_bbp_reply_count":0,"_bbp_total_topic_count":0,"_bbp_total_reply_count":0,"_bbp_voice_count":0,"_bbp_anonymous_reply_count":0,"_bbp_topic_count_hidden":0,"_bbp_reply_count_hidden":0,"_bbp_forum_subforum_count":0,"site-sidebar-layout":"default","site-content-layout":"","ast-site-content-layout":"default","site-content-style":"default","site-sidebar-style":"default","ast-global-header-display":"","ast-banner-title-visibility":"","ast-main-header-display":"","ast-hfb-above-header-display":"","ast-hfb-below-header-display":"","ast-hfb-mobile-header-display":"","site-post-title":"","ast-breadcrumbs-content":"","ast-featured-img":"","footer-sml-layout":"","theme-transparent-header-meta":"default","adv-header-id-meta":"","stick-header-meta":"","header-above-stick-meta":"","header-main-stick-meta":"","header-below-stick-meta":"","astra-migrate-meta-layouts":"set","ast-page-background-enabled":"default","ast-page-background-meta":{"desktop":{"background-color":"var(--ast-global-color-4)","background-image":"","background-repeat":"repeat","background-position":"center center","background-size":"auto","background-attachment":"scroll","background-type":"","background-media":"","overlay-type":"","overlay-color":"","overlay-opacity":"","overlay-gradient":""},"tablet":{"background-color":"","background-image":"","background-repeat":"repeat","background-position":"center center","background-size":"auto","background-attachment":"scroll","background-type":"","background-media":"","overlay-type":"","overlay-color":"","overlay-opacity":"","overlay-gradient":""},"mobile":{"background-color":"","background-image":"","background-repeat":"repeat","background-position":"center center","background-size":"auto","background-attachment":"scroll","background-type":"","background-media":"","overlay-type":"","overlay-color":"","overlay-opacity":"","overlay-gradient":""}},"ast-content-background-meta":{"desktop":{"background-color":"var(--ast-global-color-5)","background-image":"","background-repeat":"repeat","background-position":"center center","background-size":"auto","background-attachment":"scroll","background-type":"","background-media":"","overlay-type":"","overlay-color":"","overlay-opacity":"","overlay-gradient":""},"tablet":{"background-color":"var(--ast-global-color-5)","background-image":"","background-repeat":"repeat","background-position":"center center","background-size":"auto","background-attachment":"scroll","background-type":"","background-media":"","overlay-type":"","overlay-color":"","overlay-opacity":"","overlay-gradient":""},"mobile":{"background-color":"var(--ast-global-color-5)","background-image":"","background-repeat":"repeat","background-position":"center center","background-size":"auto","background-attachment":"scroll","background-type":"","background-media":"","overlay-type":"","overlay-color":"","overlay-opacity":"","overlay-gradient":""}},"footnotes":""},"class_list":["post-5454","page","type-page","status-publish","hentry"],"post_mailing_queue_ids":[],"_links":{"self":[{"href":"https:\/\/agora.xtec.cat\/escfrancescarenes\/wp-json\/wp\/v2\/pages\/5454","targetHints":{"allow":["GET"]}}],"collection":[{"href":"https:\/\/agora.xtec.cat\/escfrancescarenes\/wp-json\/wp\/v2\/pages"}],"about":[{"href":"https:\/\/agora.xtec.cat\/escfrancescarenes\/wp-json\/wp\/v2\/types\/page"}],"author":[{"embeddable":true,"href":"https:\/\/agora.xtec.cat\/escfrancescarenes\/wp-json\/wp\/v2\/users\/1"}],"replies":[{"embeddable":true,"href":"https:\/\/agora.xtec.cat\/escfrancescarenes\/wp-json\/wp\/v2\/comments?post=5454"}],"version-history":[{"count":6,"href":"https:\/\/agora.xtec.cat\/escfrancescarenes\/wp-json\/wp\/v2\/pages\/5454\/revisions"}],"predecessor-version":[{"id":10162,"href":"https:\/\/agora.xtec.cat\/escfrancescarenes\/wp-json\/wp\/v2\/pages\/5454\/revisions\/10162"}],"up":[{"embeddable":true,"href":"https:\/\/agora.xtec.cat\/escfrancescarenes\/wp-json\/wp\/v2\/pages\/22"}],"wp:attachment":[{"href":"https:\/\/agora.xtec.cat\/escfrancescarenes\/wp-json\/wp\/v2\/media?parent=5454"}],"curies":[{"name":"wp","href":"https:\/\/api.w.org\/{rel}","templated":true}]}}