{"id":28,"date":"2014-09-18T12:29:35","date_gmt":"2014-09-18T11:29:35","guid":{"rendered":"http:\/\/agora.xtec.cat\/escfrancescarenes\/?page_id=28"},"modified":"2025-10-20T15:55:51","modified_gmt":"2025-10-20T13:55:51","slug":"consell-escolar","status":"publish","type":"page","link":"https:\/\/agora.xtec.cat\/escfrancescarenes\/lescola\/consell-escolar\/","title":{"rendered":"Documents del centre"},"content":{"rendered":"<ul>\n<li style=\"list-style-type: none;\">\n<ul>\n<li>Documents generals:\n<ul>\n<li><a href=\"https:\/\/agora.xtec.cat\/escfrancescarenes\/wp-content\/uploads\/usu674\/2024\/06\/Projecte-Educatiu-de-Centre-23_24.pdf\" target=\"_blank\" rel=\"noopener\">Projecte Educatiu de Centre<\/a><\/li>\n<li><a href=\"https:\/\/agora.xtec.cat\/escfrancescarenes\/wp-content\/uploads\/usu674\/2022\/07\/Projecte-linguistic_2022.pdf\">Projecte ling\u00fc\u00edstic<\/a><\/li>\n<li><a href=\"https:\/\/agora.xtec.cat\/escfrancescarenes\/wp-content\/uploads\/usu674\/2023\/09\/NOFC-Curs-22_23.pdf\" target=\"_blank\" rel=\"noopener\">Normes d&#8217;Organitzaci\u00f3 i Funcionament de Centre<\/a><\/li>\n<li><a href=\"https:\/\/agora.xtec.cat\/escfrancescarenes\/wp-content\/uploads\/usu674\/2025\/10\/Carta-de-compromis-educatiu-25_26.pdf\" target=\"_blank\" rel=\"noopener\">Carta de comprom\u00eds educatiu<\/a><\/li>\n<\/ul>\n<\/li>\n<\/ul>\n<\/li>\n<\/ul>\n<ul>\n<li style=\"list-style-type: none;\"><\/li>\n<\/ul>\n<p>A continuaci\u00f3 trobareu una s\u00e8rie de documents d\u2019informaci\u00f3 general de funcionament del nostre centre. Aqu\u00ed teniu un llistat de documents d\u2019actualitzaci\u00f3 i modificaci\u00f3 de dades diverses que us poden ser \u00fatils. Es poden descarregar i imprimir i podeu lliurar-los al centre un cop modificats o emplenats.<\/p>\n<ul>\n<li style=\"list-style-type: none;\">\n<ul>\n<li style=\"list-style-type: none;\">\n<ul>\n<li><a href=\"https:\/\/agora.xtec.cat\/escfrancescarenes\/wp-content\/uploads\/usu674\/2023\/09\/Fitxa-dades-alumnes.pdf\" target=\"_blank\" rel=\"noopener\">Actualitzaci\u00f3 i canvi de dades<\/a><\/li>\n<li><a href=\"https:\/\/agora.xtec.cat\/escfrancescarenes\/wp-content\/uploads\/usu674\/2023\/09\/Autoritzacio-sortides-escola.pdf\" target=\"_blank\" rel=\"noopener\">Autoritzaci\u00f3 sortida escola<\/a><\/li>\n<li><a href=\"https:\/\/agora.xtec.cat\/escfrancescarenes\/wp-content\/uploads\/usu674\/2023\/09\/Autoritzacio-sortides-poble.pdf\" target=\"_blank\" rel=\"noopener\">Autoritzaci\u00f3 sortides poble<\/a><\/li>\n<li><a href=\"https:\/\/agora.xtec.cat\/escfrancescarenes\/wp-content\/uploads\/usu674\/2023\/09\/Autoritzacio-drets-imatge-alumnes.pdf\" target=\"_blank\" rel=\"noopener\">Autoritzaci\u00f3 drets imatge alumnes<\/a><\/li>\n<li><a href=\"https:\/\/agora.xtec.cat\/escfrancescarenes\/wp-content\/uploads\/usu674\/2019\/09\/administraci\u00f3-medicaments-centre.pdf\">Administraci\u00f3 de medicaments al centre<\/a><\/li>\n<li><a href=\"https:\/\/agora.xtec.cat\/escfrancescarenes\/wp-content\/uploads\/usu674\/2023\/09\/Declaracio-sobre-cursar-activitats-civiques_religio.pdf\" target=\"_blank\" rel=\"noopener\">Declaraci\u00f3 sobre cursar activitats c\u00edviques_religi\u00f3<\/a><\/li>\n<\/ul>\n<\/li>\n<\/ul>\n<\/li>\n<\/ul>\n<p>&nbsp;<\/p>\n<p>&nbsp;<\/p>\n","protected":false},"excerpt":{"rendered":"<p>Documents generals: Projecte Educatiu de Centre Projecte ling\u00fc\u00edstic Normes d&#8217;Organitzaci\u00f3 i Funcionament de Centre Carta de comprom\u00eds educatiu A continuaci\u00f3 trobareu una s\u00e8rie de documents d\u2019informaci\u00f3 general de funcionament del nostre centre. Aqu\u00ed teniu un llistat de documents d\u2019actualitzaci\u00f3 i modificaci\u00f3 de dades diverses que us poden ser \u00fatils. Es poden descarregar i imprimir i [&hellip;]<\/p>\n","protected":false},"author":1,"featured_media":0,"parent":22,"menu_order":30,"comment_status":"closed","ping_status":"closed","template":"","meta":{"_bbp_topic_count":0,"_bbp_reply_count":0,"_bbp_total_topic_count":0,"_bbp_total_reply_count":0,"_bbp_voice_count":0,"_bbp_anonymous_reply_count":0,"_bbp_topic_count_hidden":0,"_bbp_reply_count_hidden":0,"_bbp_forum_subforum_count":0,"site-sidebar-layout":"default","site-content-layout":"","ast-site-content-layout":"","site-content-style":"default","site-sidebar-style":"default","ast-global-header-display":"","ast-banner-title-visibility":"","ast-main-header-display":"","ast-hfb-above-header-display":"","ast-hfb-below-header-display":"","ast-hfb-mobile-header-display":"","site-post-title":"","ast-breadcrumbs-content":"","ast-featured-img":"","footer-sml-layout":"","theme-transparent-header-meta":"","adv-header-id-meta":"","stick-header-meta":"","header-above-stick-meta":"","header-main-stick-meta":"","header-below-stick-meta":"","astra-migrate-meta-layouts":"default","ast-page-background-enabled":"default","ast-page-background-meta":{"desktop":{"background-color":"var(--ast-global-color-4)","background-image":"","background-repeat":"repeat","background-position":"center center","background-size":"auto","background-attachment":"scroll","background-type":"","background-media":"","overlay-type":"","overlay-color":"","overlay-opacity":"","overlay-gradient":""},"tablet":{"background-color":"","background-image":"","background-repeat":"repeat","background-position":"center center","background-size":"auto","background-attachment":"scroll","background-type":"","background-media":"","overlay-type":"","overlay-color":"","overlay-opacity":"","overlay-gradient":""},"mobile":{"background-color":"","background-image":"","background-repeat":"repeat","background-position":"center center","background-size":"auto","background-attachment":"scroll","background-type":"","background-media":"","overlay-type":"","overlay-color":"","overlay-opacity":"","overlay-gradient":""}},"ast-content-background-meta":{"desktop":{"background-color":"var(--ast-global-color-5)","background-image":"","background-repeat":"repeat","background-position":"center center","background-size":"auto","background-attachment":"scroll","background-type":"","background-media":"","overlay-type":"","overlay-color":"","overlay-opacity":"","overlay-gradient":""},"tablet":{"background-color":"var(--ast-global-color-5)","background-image":"","background-repeat":"repeat","background-position":"center center","background-size":"auto","background-attachment":"scroll","background-type":"","background-media":"","overlay-type":"","overlay-color":"","overlay-opacity":"","overlay-gradient":""},"mobile":{"background-color":"var(--ast-global-color-5)","background-image":"","background-repeat":"repeat","background-position":"center center","background-size":"auto","background-attachment":"scroll","background-type":"","background-media":"","overlay-type":"","overlay-color":"","overlay-opacity":"","overlay-gradient":""}},"footnotes":""},"class_list":["post-28","page","type-page","status-publish","hentry"],"post_mailing_queue_ids":[],"_links":{"self":[{"href":"https:\/\/agora.xtec.cat\/escfrancescarenes\/wp-json\/wp\/v2\/pages\/28","targetHints":{"allow":["GET"]}}],"collection":[{"href":"https:\/\/agora.xtec.cat\/escfrancescarenes\/wp-json\/wp\/v2\/pages"}],"about":[{"href":"https:\/\/agora.xtec.cat\/escfrancescarenes\/wp-json\/wp\/v2\/types\/page"}],"author":[{"embeddable":true,"href":"https:\/\/agora.xtec.cat\/escfrancescarenes\/wp-json\/wp\/v2\/users\/1"}],"replies":[{"embeddable":true,"href":"https:\/\/agora.xtec.cat\/escfrancescarenes\/wp-json\/wp\/v2\/comments?post=28"}],"version-history":[{"count":6,"href":"https:\/\/agora.xtec.cat\/escfrancescarenes\/wp-json\/wp\/v2\/pages\/28\/revisions"}],"predecessor-version":[{"id":9338,"href":"https:\/\/agora.xtec.cat\/escfrancescarenes\/wp-json\/wp\/v2\/pages\/28\/revisions\/9338"}],"up":[{"embeddable":true,"href":"https:\/\/agora.xtec.cat\/escfrancescarenes\/wp-json\/wp\/v2\/pages\/22"}],"wp:attachment":[{"href":"https:\/\/agora.xtec.cat\/escfrancescarenes\/wp-json\/wp\/v2\/media?parent=28"}],"curies":[{"name":"wp","href":"https:\/\/api.w.org\/{rel}","templated":true}]}}