{"id":26,"date":"2014-09-18T12:24:32","date_gmt":"2014-09-18T11:24:32","guid":{"rendered":"http:\/\/agora.xtec.cat\/escfrancescarenes\/?page_id=26"},"modified":"2025-02-18T15:52:02","modified_gmt":"2025-02-18T14:52:02","slug":"historia","status":"publish","type":"page","link":"https:\/\/agora.xtec.cat\/escfrancescarenes\/lescola\/historia\/","title":{"rendered":"Hist\u00f2ria"},"content":{"rendered":"<p>L\u2019escola de Golm\u00e9s s\u2019anomena Francesc Arenes en record del primer mestre que va haver-hi al poble (1850-1880). Tot seguit us farem una breu ressenya de com va anar tot plegat.<br \/>\nSegons l\u2019autor del llibre Recull Hist\u00f2ric de Golm\u00e9s, l&#8217;historiador Josep M. Palau i Palau, a mitjans del segle XIX, l\u2019Ajuntament, interessat per l\u2019ensenyament dels nens i nenes del poble, es va comprometre a cercar mestre, abonar-li una quantitat a l\u2019any i proporcionar-li habitatge. Aix\u00ed va ser com, un 20 de mar\u00e7 de l\u2019any 1850, va arribar un jove mestre anomenat Francesc Arenes a Golm\u00e9s i es va incorporar a la doc\u00e8ncia de l\u2019escola durant un llarg per\u00edode de 30 anys. En disposar d\u2019habitatge, es va instal\u00b7lar al poble amb la seva dona i hi van formar una gran fam\u00edlia. Van tenir 9 fills\/es dels quals nom\u00e9s 4 van sobreviure.<br \/>\nDurant molts anys, l\u2019escola del poble es va anomenar Escola P\u00fablica de Golm\u00e9s. Per\u00f2, aix\u00f2 va canviar quan, el febrer de l\u2019any 1988, l\u2019Associaci\u00f3 de Pares d\u2019Alumnes (APA) va proposar a l\u2019Ajuntament de canviar-ne el nom pel d\u2019Escola Francesc Arenes. L\u2019Ajuntament va veure amb bons ulls aquesta iniciativa i li va donar el seu suport.<\/p>\n<p>L&#8217;equip de reporters\/es de sis\u00e8.<\/p>\n<p><a href=\"https:\/\/agora.xtec.cat\/escfrancescarenes\/wp-content\/uploads\/usu674\/2025\/02\/Mestre-Francesc-Arenes-1.jpg\"><img loading=\"lazy\" decoding=\"async\" class=\"aligncenter size-medium wp-image-8654\" src=\"https:\/\/agora.xtec.cat\/escfrancescarenes\/wp-content\/uploads\/usu674\/2025\/02\/Mestre-Francesc-Arenes-1-295x300.jpg\" alt=\"\" width=\"295\" height=\"300\" srcset=\"https:\/\/agora.xtec.cat\/escfrancescarenes\/wp-content\/uploads\/usu674\/2025\/02\/Mestre-Francesc-Arenes-1-295x300.jpg 295w, https:\/\/agora.xtec.cat\/escfrancescarenes\/wp-content\/uploads\/usu674\/2025\/02\/Mestre-Francesc-Arenes-1.jpg 490w\" sizes=\"auto, (max-width: 295px) 100vw, 295px\" \/><\/a><\/p>\n<p style=\"text-align: center;\">Mestre Francesc Arenes<\/p>\n<p><a href=\"https:\/\/agora.xtec.cat\/escfrancescarenes\/wp-content\/uploads\/usu674\/2025\/02\/Primera-escola.png\"><img loading=\"lazy\" decoding=\"async\" class=\"aligncenter wp-image-8656\" src=\"https:\/\/agora.xtec.cat\/escfrancescarenes\/wp-content\/uploads\/usu674\/2025\/02\/Primera-escola-300x204.png\" alt=\"\" width=\"402\" height=\"273\" srcset=\"https:\/\/agora.xtec.cat\/escfrancescarenes\/wp-content\/uploads\/usu674\/2025\/02\/Primera-escola-300x204.png 300w, https:\/\/agora.xtec.cat\/escfrancescarenes\/wp-content\/uploads\/usu674\/2025\/02\/Primera-escola.png 567w\" sizes=\"auto, (max-width: 402px) 100vw, 402px\" \/><\/a><\/p>\n","protected":false},"excerpt":{"rendered":"<p>L\u2019escola de Golm\u00e9s s\u2019anomena Francesc Arenes en record del primer mestre que va haver-hi al poble (1850-1880). Tot seguit us farem una breu ressenya de com va anar tot plegat. Segons l\u2019autor del llibre Recull Hist\u00f2ric de Golm\u00e9s, l&#8217;historiador Josep M. Palau i Palau, a mitjans del segle XIX, l\u2019Ajuntament, interessat per l\u2019ensenyament dels nens [&hellip;]<\/p>\n","protected":false},"author":1,"featured_media":0,"parent":22,"menu_order":20,"comment_status":"closed","ping_status":"closed","template":"page-templates\/side-menu.php","meta":{"_bbp_topic_count":0,"_bbp_reply_count":0,"_bbp_total_topic_count":0,"_bbp_total_reply_count":0,"_bbp_voice_count":0,"_bbp_anonymous_reply_count":0,"_bbp_topic_count_hidden":0,"_bbp_reply_count_hidden":0,"_bbp_forum_subforum_count":0,"site-sidebar-layout":"default","site-content-layout":"","ast-site-content-layout":"","site-content-style":"default","site-sidebar-style":"default","ast-global-header-display":"","ast-banner-title-visibility":"","ast-main-header-display":"","ast-hfb-above-header-display":"","ast-hfb-below-header-display":"","ast-hfb-mobile-header-display":"","site-post-title":"","ast-breadcrumbs-content":"","ast-featured-img":"","footer-sml-layout":"","theme-transparent-header-meta":"","adv-header-id-meta":"","stick-header-meta":"","header-above-stick-meta":"","header-main-stick-meta":"","header-below-stick-meta":"","astra-migrate-meta-layouts":"default","ast-page-background-enabled":"default","ast-page-background-meta":{"desktop":{"background-color":"var(--ast-global-color-4)","background-image":"","background-repeat":"repeat","background-position":"center center","background-size":"auto","background-attachment":"scroll","background-type":"","background-media":"","overlay-type":"","overlay-color":"","overlay-opacity":"","overlay-gradient":""},"tablet":{"background-color":"","background-image":"","background-repeat":"repeat","background-position":"center center","background-size":"auto","background-attachment":"scroll","background-type":"","background-media":"","overlay-type":"","overlay-color":"","overlay-opacity":"","overlay-gradient":""},"mobile":{"background-color":"","background-image":"","background-repeat":"repeat","background-position":"center center","background-size":"auto","background-attachment":"scroll","background-type":"","background-media":"","overlay-type":"","overlay-color":"","overlay-opacity":"","overlay-gradient":""}},"ast-content-background-meta":{"desktop":{"background-color":"var(--ast-global-color-5)","background-image":"","background-repeat":"repeat","background-position":"center center","background-size":"auto","background-attachment":"scroll","background-type":"","background-media":"","overlay-type":"","overlay-color":"","overlay-opacity":"","overlay-gradient":""},"tablet":{"background-color":"var(--ast-global-color-5)","background-image":"","background-repeat":"repeat","background-position":"center center","background-size":"auto","background-attachment":"scroll","background-type":"","background-media":"","overlay-type":"","overlay-color":"","overlay-opacity":"","overlay-gradient":""},"mobile":{"background-color":"var(--ast-global-color-5)","background-image":"","background-repeat":"repeat","background-position":"center center","background-size":"auto","background-attachment":"scroll","background-type":"","background-media":"","overlay-type":"","overlay-color":"","overlay-opacity":"","overlay-gradient":""}},"footnotes":""},"class_list":["post-26","page","type-page","status-publish","hentry"],"post_mailing_queue_ids":[],"_links":{"self":[{"href":"https:\/\/agora.xtec.cat\/escfrancescarenes\/wp-json\/wp\/v2\/pages\/26","targetHints":{"allow":["GET"]}}],"collection":[{"href":"https:\/\/agora.xtec.cat\/escfrancescarenes\/wp-json\/wp\/v2\/pages"}],"about":[{"href":"https:\/\/agora.xtec.cat\/escfrancescarenes\/wp-json\/wp\/v2\/types\/page"}],"author":[{"embeddable":true,"href":"https:\/\/agora.xtec.cat\/escfrancescarenes\/wp-json\/wp\/v2\/users\/1"}],"replies":[{"embeddable":true,"href":"https:\/\/agora.xtec.cat\/escfrancescarenes\/wp-json\/wp\/v2\/comments?post=26"}],"version-history":[{"count":6,"href":"https:\/\/agora.xtec.cat\/escfrancescarenes\/wp-json\/wp\/v2\/pages\/26\/revisions"}],"predecessor-version":[{"id":8658,"href":"https:\/\/agora.xtec.cat\/escfrancescarenes\/wp-json\/wp\/v2\/pages\/26\/revisions\/8658"}],"up":[{"embeddable":true,"href":"https:\/\/agora.xtec.cat\/escfrancescarenes\/wp-json\/wp\/v2\/pages\/22"}],"wp:attachment":[{"href":"https:\/\/agora.xtec.cat\/escfrancescarenes\/wp-json\/wp\/v2\/media?parent=26"}],"curies":[{"name":"wp","href":"https:\/\/api.w.org\/{rel}","templated":true}]}}