{"id":73,"date":"2014-09-18T14:01:51","date_gmt":"2014-09-18T13:01:51","guid":{"rendered":"http:\/\/agora.xtec.cat\/escfonollosa\/?page_id=73"},"modified":"2026-04-28T09:02:13","modified_gmt":"2026-04-28T07:02:13","slug":"menjador-escolar","status":"publish","type":"page","link":"https:\/\/agora.xtec.cat\/escfonollosa\/serveis\/menjador-escolar\/","title":{"rendered":"Men\u00fas"},"content":{"rendered":"<p style=\"text-align: justify;\">L&#8217;escola disposa de servei de menjador. El menjar es cuina \u00edntegrament a la cuina escolar amb productes el m\u00e0xim d&#8217;ecol\u00f2gics i el m\u00e0xim de quil\u00f2metre 0 possible.<\/p>\n<p><strong>Men\u00fas del curs 2025-2026<\/strong><\/p>\n<p>Men\u00fa de <a href=\"https:\/\/drive.google.com\/file\/d\/1IR7eYfC9jO3W7wPDpaCgtCKCFuUglO7K\/view?usp=sharing\">SETEMBRE<\/a><\/p>\n<p>Men\u00fas d&#8217;<a href=\"https:\/\/drive.google.com\/drive\/folders\/1BPaxPwsC4TlfJ6gCkFRSHOWwUf9znqeY?usp=sharing\">OCTUBRE<\/a><\/p>\n<p>Men\u00fas de <a href=\"https:\/\/drive.google.com\/drive\/folders\/1T2wwjHsSxEj_x0DhjeQnRvU7tqecepjG?usp=drive_link\">NOVEMBRE<\/a><\/p>\n<p>Men\u00fas de <a href=\"https:\/\/drive.google.com\/drive\/folders\/1MHuw57f_lKw2iFrbp1D01CDXIuIgPLW-?usp=drive_link\">DESEMBRE<\/a><\/p>\n<p>Men\u00fas de <a href=\"https:\/\/drive.google.com\/drive\/folders\/1FKRM49yk-8ZH8Xag6w0lNvuc3DDu0W1W?usp=drive_link\">GENER<\/a><\/p>\n<p>Men\u00fas de <a href=\"https:\/\/drive.google.com\/drive\/folders\/15T4byTZcO5qvD9RHzWkNkrr-UDskyQ5D?usp=drive_link\">FEBRER<\/a><\/p>\n<p>Men\u00fas de <a href=\"https:\/\/drive.google.com\/drive\/folders\/1dSwwgzYYfOx6U9UQEeNN2w1ozGv4knY2?usp=drive_link\">MAR\u00c7<\/a><\/p>\n<p>Men\u00fas d&#8217;<a href=\"https:\/\/drive.google.com\/drive\/folders\/1X0QDL_D3TTqDguiVWmMCObAv4xXqeEhj?usp=sharing\">ABRIL<\/a><\/p>\n<p>Men\u00fas de <a href=\"https:\/\/drive.google.com\/drive\/folders\/1eTsd8WjkZe5SQDc1sKYUxl1LY0mAoMRZ?usp=sharing\">MAIG<\/a><\/p>\n","protected":false},"excerpt":{"rendered":"<p>L&#8217;escola disposa de servei de menjador. El menjar es cuina \u00edntegrament a la cuina escolar amb productes el m\u00e0xim d&#8217;ecol\u00f2gics i el m\u00e0xim de quil\u00f2metre 0 possible.<br \/>\nMen\u00fas del curs 2025-2026<br \/>\nMen\u00fa de <a href=\"https:\/\/drive.google.com\/file\/d\/1IR7eYfC9jO3W7wPDpaCgtCKCFuUglO7K\/view?usp=sharing\">SETEMBRE<\/a><br \/>\nMen\u00fas d&#8217;<a href=\"https:\/\/drive.google.com\/drive\/folders\/1BPaxPwsC4TlfJ6gCkFRSHOWwUf9znqeY?usp=sharing\">OCTUBRE<\/a><br \/>\nMen\u00fas de <a href=\"https:\/\/drive.google.com\/drive\/folders\/1T2wwjHsSxEj_x0DhjeQnRvU7tqecepjG?usp=drive_link\">NOVEMBRE<\/a><br \/>\nMen\u00fas de <a href=\"https:\/\/drive.google.com\/drive\/folders\/1MHuw57f_lKw2iFrbp1D01CDXIuIgPLW-?usp=drive_link\">DESEMBRE<\/a><br \/>\nMen\u00fas de <a href=\"https:\/\/drive.google.com\/drive\/folders\/1FKRM49yk-8ZH8Xag6w0lNvuc3DDu0W1W?usp=drive_link\">GENER<\/a><br \/>\nMen\u00fas de&hellip;  <a href=\"https:\/\/agora.xtec.cat\/escfonollosa\/serveis\/menjador-escolar\/\" title=\"Read Men\u00fas\">Llegeix m\u00e9s\u00bb<\/a><\/p>\n","protected":false},"author":1,"featured_media":0,"parent":66,"menu_order":30,"comment_status":"closed","ping_status":"closed","template":"page-templates\/side-menu.php","meta":{"_bbp_topic_count":0,"_bbp_reply_count":0,"_bbp_total_topic_count":0,"_bbp_total_reply_count":0,"_bbp_voice_count":0,"_bbp_anonymous_reply_count":0,"_bbp_topic_count_hidden":0,"_bbp_reply_count_hidden":0,"_bbp_forum_subforum_count":0,"footnotes":""},"class_list":["post-73","page","type-page","status-publish","hentry"],"post_mailing_queue_ids":[],"_links":{"self":[{"href":"https:\/\/agora.xtec.cat\/escfonollosa\/wp-json\/wp\/v2\/pages\/73","targetHints":{"allow":["GET"]}}],"collection":[{"href":"https:\/\/agora.xtec.cat\/escfonollosa\/wp-json\/wp\/v2\/pages"}],"about":[{"href":"https:\/\/agora.xtec.cat\/escfonollosa\/wp-json\/wp\/v2\/types\/page"}],"author":[{"embeddable":true,"href":"https:\/\/agora.xtec.cat\/escfonollosa\/wp-json\/wp\/v2\/users\/1"}],"replies":[{"embeddable":true,"href":"https:\/\/agora.xtec.cat\/escfonollosa\/wp-json\/wp\/v2\/comments?post=73"}],"version-history":[{"count":7,"href":"https:\/\/agora.xtec.cat\/escfonollosa\/wp-json\/wp\/v2\/pages\/73\/revisions"}],"predecessor-version":[{"id":2910,"href":"https:\/\/agora.xtec.cat\/escfonollosa\/wp-json\/wp\/v2\/pages\/73\/revisions\/2910"}],"up":[{"embeddable":true,"href":"https:\/\/agora.xtec.cat\/escfonollosa\/wp-json\/wp\/v2\/pages\/66"}],"wp:attachment":[{"href":"https:\/\/agora.xtec.cat\/escfonollosa\/wp-json\/wp\/v2\/media?parent=73"}],"curies":[{"name":"wp","href":"https:\/\/api.w.org\/{rel}","templated":true}]}}