{"id":634,"date":"2018-11-26T19:33:20","date_gmt":"2018-11-26T18:33:20","guid":{"rendered":"http:\/\/agora.xtec.cat\/escfonollosa\/?page_id=634"},"modified":"2020-10-19T10:26:34","modified_gmt":"2020-10-19T08:26:34","slug":"recomanacions-musicals","status":"publish","type":"page","link":"https:\/\/agora.xtec.cat\/escfonollosa\/recomanacions-musicals\/","title":{"rendered":"M\u00daSICA"},"content":{"rendered":"<table class=\" aligncenter\" style=\"height: 692px; width: 1381px; border-style: hidden;\" width=\"1381\">\n<tbody>\n<tr>\n<td style=\"width: 886px;\">\n<h1 style=\"text-align: center;\"><span style=\"text-decoration: underline;\"><em><strong>RECOMANACIONS MUSICALS<\/strong><\/em><\/span><\/h1>\n<h4 style=\"text-align: justify;\">Som una escola amb una pres\u00e8ncia musical molt important. Alumnes, mestres del claustre, mares, pares, conserge, monitoratge de menjador, mestres de m\u00fasica, assessores de pl\u00e0stica o teatre, cuineres, servei de neteja&#8230; tothom viu la m\u00fasica des de moltes vessants. \u00c9s a la nostra <span style=\"text-decoration: underline;\"><em><strong><a href=\"https:\/\/open.spotify.com\/user\/664pzg1oa02tzveemt4o2myp2?si=Zap4y_T2Skew0K2OtXJ2XA\">llista d&#8217;Spotify<\/a><\/strong><\/em><\/span> on podreu trobar can\u00e7ons que d&#8217;alguna manera o altra volem que conegueu. Aqu\u00ed teniu, de moment, recomanacions de mestres del claustre i mestres de m\u00fasica.<\/h4>\n<p><a href=\"https:\/\/open.spotify.com\/user\/664pzg1oa02tzveemt4o2myp2?si=Zap4y_T2Skew0K2OtXJ2XA\"><img loading=\"lazy\" decoding=\"async\" class=\"wp-image-1635 aligncenter\" src=\"https:\/\/agora.xtec.cat\/escfonollosa\/wp-content\/uploads\/usu1840\/2020\/10\/LOGOSTFY.png\" alt=\"\" width=\"206\" height=\"206\" srcset=\"https:\/\/agora.xtec.cat\/escfonollosa\/wp-content\/uploads\/usu1840\/2020\/10\/LOGOSTFY.png 512w, https:\/\/agora.xtec.cat\/escfonollosa\/wp-content\/uploads\/usu1840\/2020\/10\/LOGOSTFY-150x150.png 150w, https:\/\/agora.xtec.cat\/escfonollosa\/wp-content\/uploads\/usu1840\/2020\/10\/LOGOSTFY-300x300.png 300w\" sizes=\"auto, (max-width: 206px) 100vw, 206px\" \/><\/a><\/td>\n<td style=\"width: 489px;\">\n<h2><a href=\"https:\/\/agora.xtec.cat\/escfonollosa\/wp-content\/uploads\/usu1840\/2019\/05\/oliver_musical_fonollosa_1.png\"><img loading=\"lazy\" decoding=\"async\" class=\"wp-image-815 alignleft\" src=\"https:\/\/agora.xtec.cat\/escfonollosa\/wp-content\/uploads\/usu1840\/2019\/05\/oliver_musical_fonollosa_1-724x1024.png\" alt=\"\" width=\"255\" height=\"361\" srcset=\"https:\/\/agora.xtec.cat\/escfonollosa\/wp-content\/uploads\/usu1840\/2019\/05\/oliver_musical_fonollosa_1-724x1024.png 724w, https:\/\/agora.xtec.cat\/escfonollosa\/wp-content\/uploads\/usu1840\/2019\/05\/oliver_musical_fonollosa_1-212x300.png 212w, https:\/\/agora.xtec.cat\/escfonollosa\/wp-content\/uploads\/usu1840\/2019\/05\/oliver_musical_fonollosa_1-768x1086.png 768w, https:\/\/agora.xtec.cat\/escfonollosa\/wp-content\/uploads\/usu1840\/2019\/05\/oliver_musical_fonollosa_1.png 1240w\" sizes=\"auto, (max-width: 255px) 100vw, 255px\" \/><\/a><\/h2>\n<h2><\/h2>\n<h2><\/h2>\n<p>&nbsp;<\/p>\n<h4 style=\"text-align: center;\">Si vols escoltar o descarregar-te les can\u00e7ons del musical Oliver Twist, clica <strong><em><a href=\"https:\/\/drive.google.com\/drive\/folders\/1lwx1sDp2s9ataiX0wTKf-dfw8KnQ_SQi?usp=sharing\">AQU\u00cd<\/a><\/em><\/strong><\/h4>\n<h4><\/h4>\n<\/td>\n<\/tr>\n<tr>\n<td style=\"width: 886px;\">\n<h1 style=\"text-align: center;\"><strong><em><span style=\"text-decoration: underline;\">POESIA 2019<\/span><\/em><\/strong><\/h1>\n<h4 style=\"text-align: justify;\">Durant el treball de poesia del curs 2018-19, hem pogut gravar alguns dels treballs resultants. Concretament els de Cicle Mitj\u00e0. Han fet composicions originals a partir de les poesies que han creat. S\u00f3n composicions lliures amb la \u00fanica ajuda de la seva formaci\u00f3 musical. Per poder-les escoltar o baixar-les, cliqueu <a href=\"https:\/\/drive.google.com\/drive\/folders\/1eloj-dWUaSRnG-vKSEatHF768UPxCoCa?usp=sharing\">AQU\u00cd<\/a><\/h4>\n<\/td>\n<td style=\"width: 489px;\"><\/td>\n<\/tr>\n<\/tbody>\n<\/table>\n<h6><\/h6>\n<p>&nbsp;<\/p>\n","protected":false},"excerpt":{"rendered":"<p>RECOMANACIONS MUSICALS<br \/>\nSom una escola amb una pres\u00e8ncia musical molt important. Alumnes, mestres del claustre, mares, pares, conserge, monitoratge de menjador, mestres de m\u00fasica, assessores de pl\u00e0stica o teatre, cuineres, servei de neteja&#8230; tothom viu la m\u00fasica des de moltes vessants. \u00c9s a la nostra <a&hellip;  <a href=\"https:\/\/agora.xtec.cat\/escfonollosa\/recomanacions-musicals\/\" title=\"Read M\u00daSICA\">Llegeix m\u00e9s\u00bb<\/a><\/p>\n","protected":false},"author":4,"featured_media":0,"parent":0,"menu_order":0,"comment_status":"closed","ping_status":"closed","template":"","meta":{"_bbp_topic_count":0,"_bbp_reply_count":0,"_bbp_total_topic_count":0,"_bbp_total_reply_count":0,"_bbp_voice_count":0,"_bbp_anonymous_reply_count":0,"_bbp_topic_count_hidden":0,"_bbp_reply_count_hidden":0,"_bbp_forum_subforum_count":0,"footnotes":""},"class_list":["post-634","page","type-page","status-publish","hentry"],"post_mailing_queue_ids":[],"_links":{"self":[{"href":"https:\/\/agora.xtec.cat\/escfonollosa\/wp-json\/wp\/v2\/pages\/634","targetHints":{"allow":["GET"]}}],"collection":[{"href":"https:\/\/agora.xtec.cat\/escfonollosa\/wp-json\/wp\/v2\/pages"}],"about":[{"href":"https:\/\/agora.xtec.cat\/escfonollosa\/wp-json\/wp\/v2\/types\/page"}],"author":[{"embeddable":true,"href":"https:\/\/agora.xtec.cat\/escfonollosa\/wp-json\/wp\/v2\/users\/4"}],"replies":[{"embeddable":true,"href":"https:\/\/agora.xtec.cat\/escfonollosa\/wp-json\/wp\/v2\/comments?post=634"}],"version-history":[{"count":3,"href":"https:\/\/agora.xtec.cat\/escfonollosa\/wp-json\/wp\/v2\/pages\/634\/revisions"}],"predecessor-version":[{"id":1636,"href":"https:\/\/agora.xtec.cat\/escfonollosa\/wp-json\/wp\/v2\/pages\/634\/revisions\/1636"}],"wp:attachment":[{"href":"https:\/\/agora.xtec.cat\/escfonollosa\/wp-json\/wp\/v2\/media?parent=634"}],"curies":[{"name":"wp","href":"https:\/\/api.w.org\/{rel}","templated":true}]}}