{"id":2290,"date":"2022-05-02T14:29:25","date_gmt":"2022-05-02T12:29:25","guid":{"rendered":"https:\/\/agora.xtec.cat\/escfonollosa\/?page_id=2290"},"modified":"2023-02-15T15:38:29","modified_gmt":"2023-02-15T14:38:29","slug":"objectius","status":"publish","type":"page","link":"https:\/\/agora.xtec.cat\/escfonollosa\/estrategia-digital-de-centre\/estrategia\/objectius\/","title":{"rendered":"OBJECTIUS"},"content":{"rendered":"<h3>LES EINES DIGITALS AL CENTRE<\/h3>\n<p style=\"text-align: justify;\">L\u2019alfabetitzaci\u00f3 digital del nostre alumnat passa pel domini de les principals aplicacions d\u2019ofim\u00e0tica (processadors de textos, editor de presentacions, edici\u00f3 de fotografia, edici\u00f3 de v\u00eddeo, edici\u00f3 de so&#8230;) i el domini dels navegadors, buscadors i d\u2019altres eines que donen suport a les tasques escolars.\u00a0 Els dispositius electr\u00f2nics (ordinadors, tauletes i ocasionalment m\u00f2bils) s\u00f3n concebuts com a eines de treball que han d\u2019estar accessibles depenent de les necessitats de l\u2019alumnat i del\/de la docent. Per posar un exemple , el projecte el projecte de r\u00e0dio Dracsback t\u00e9 com a un dels objectius el domini de les eines digitals i de l\u2019equipament propi del mitj\u00e0 radiof\u00f2nic.<\/p>\n<h3>ELS OBJECTIUS DE L&#8217;ESTRAT\u00c8GIA DIGITAL<\/h3>\n<ul>\n<li style=\"text-align: justify;\">Seq\u00fcenciar els continguts\/compet\u00e8ncies digitals per garantir la Compet\u00e8ncia Digital de l&#8217;Alumnat.<\/li>\n<li style=\"text-align: justify;\">Redactar un document que reculli el protocol de comunicaci\u00f3 en diferents \u00e0mbits.<\/li>\n<li style=\"text-align: justify;\">Organitzar les carpetes del drive centre per optimitzar-ne la gesti\u00f3.<\/li>\n<li style=\"text-align: justify;\">Implementar el desplegament de la dotaci\u00f3 de rob\u00f2tica al llarg de l&#8217;etapa per tal de millorar el pensament computacional de l&#8217;alumnat.<\/li>\n<\/ul>\n<p style=\"text-align: justify;\">\n","protected":false},"excerpt":{"rendered":"<p>LES EINES DIGITALS AL CENTRE<br \/>\nL\u2019alfabetitzaci\u00f3 digital del nostre alumnat passa pel domini de les principals aplicacions d\u2019ofim\u00e0tica (processadors de textos, editor de presentacions, edici\u00f3 de fotografia, edici\u00f3 de v\u00eddeo, edici\u00f3 de so&#8230;) i el domini dels navegadors, buscadors i d\u2019altres eines que donen suport a&hellip;  <a href=\"https:\/\/agora.xtec.cat\/escfonollosa\/estrategia-digital-de-centre\/estrategia\/objectius\/\" title=\"Read OBJECTIUS\">Llegeix m\u00e9s\u00bb<\/a><\/p>\n","protected":false},"author":4,"featured_media":0,"parent":2284,"menu_order":1,"comment_status":"closed","ping_status":"closed","template":"page-templates\/side-menu.php","meta":{"_bbp_topic_count":0,"_bbp_reply_count":0,"_bbp_total_topic_count":0,"_bbp_total_reply_count":0,"_bbp_voice_count":0,"_bbp_anonymous_reply_count":0,"_bbp_topic_count_hidden":0,"_bbp_reply_count_hidden":0,"_bbp_forum_subforum_count":0,"footnotes":""},"class_list":["post-2290","page","type-page","status-publish","hentry"],"post_mailing_queue_ids":[],"_links":{"self":[{"href":"https:\/\/agora.xtec.cat\/escfonollosa\/wp-json\/wp\/v2\/pages\/2290","targetHints":{"allow":["GET"]}}],"collection":[{"href":"https:\/\/agora.xtec.cat\/escfonollosa\/wp-json\/wp\/v2\/pages"}],"about":[{"href":"https:\/\/agora.xtec.cat\/escfonollosa\/wp-json\/wp\/v2\/types\/page"}],"author":[{"embeddable":true,"href":"https:\/\/agora.xtec.cat\/escfonollosa\/wp-json\/wp\/v2\/users\/4"}],"replies":[{"embeddable":true,"href":"https:\/\/agora.xtec.cat\/escfonollosa\/wp-json\/wp\/v2\/comments?post=2290"}],"version-history":[{"count":3,"href":"https:\/\/agora.xtec.cat\/escfonollosa\/wp-json\/wp\/v2\/pages\/2290\/revisions"}],"predecessor-version":[{"id":2447,"href":"https:\/\/agora.xtec.cat\/escfonollosa\/wp-json\/wp\/v2\/pages\/2290\/revisions\/2447"}],"up":[{"embeddable":true,"href":"https:\/\/agora.xtec.cat\/escfonollosa\/wp-json\/wp\/v2\/pages\/2284"}],"wp:attachment":[{"href":"https:\/\/agora.xtec.cat\/escfonollosa\/wp-json\/wp\/v2\/media?parent=2290"}],"curies":[{"name":"wp","href":"https:\/\/api.w.org\/{rel}","templated":true}]}}