{"id":2284,"date":"2022-05-02T14:27:12","date_gmt":"2022-05-02T12:27:12","guid":{"rendered":"https:\/\/agora.xtec.cat\/escfonollosa\/?page_id=2284"},"modified":"2023-02-15T15:23:21","modified_gmt":"2023-02-15T14:23:21","slug":"estrategia","status":"publish","type":"page","link":"https:\/\/agora.xtec.cat\/escfonollosa\/estrategia-digital-de-centre\/estrategia\/","title":{"rendered":"ESTRAT\u00c8GIA"},"content":{"rendered":"<p>L&#8217;estrat\u00e8gia digital de centre (EDC) consta dels seg\u00fcents \u00e0mbits:<\/p>\n<p><a class=\"button large\" style=\"padding:1em;font-weight: 400;margin:0.1em;color:white !important;background-color:#92AE01BF\" href=\"https:\/\/agora.xtec.cat\/escfonollosa\/estrategia-digital-de-centre\/estrategia\/diagnosi\/\"  rel=\"noopener noreferrer\">DIAGNOSI<\/a> <a class=\"button large\" style=\"padding:1em;font-weight: 400;margin:0.1em;color:white !important;background-color:#92AE01BF\" href=\"https:\/\/agora.xtec.cat\/escfonollosa\/estrategia-digital-de-centre\/estrategia\/objectius\/\"  rel=\"noopener noreferrer\">OBJECTIUS<\/a> <a class=\"button large\" style=\"padding:1em;font-weight: 400;margin:0.1em;color:white !important;background-color:#92AE01BF\" href=\"https:\/\/agora.xtec.cat\/escfonollosa\/estrategia-digital-de-centre\/estrategia\/planificacio\/\"  rel=\"noopener noreferrer\">PLANIFICACI\u00d3<\/a> <a class=\"button large\" style=\"padding:1em;font-weight: 400;margin:0.1em;color:white !important;background-color:#92AE01BF\" href=\"https:\/\/agora.xtec.cat\/escfonollosa\/estrategia-digital-de-centre\/estrategia\/avaluacio\/\"  rel=\"noopener noreferrer\">AVALUACI\u00d3<\/a><\/p>\n<p>                                &nbsp;<\/p>\n<p>Ha d&#8217;estar vinculada al PEC.<\/p>\n","protected":false},"excerpt":{"rendered":"<p>L&#8217;estrat\u00e8gia digital de centre (EDC) consta dels seg\u00fcents \u00e0mbits:<br \/>\n<a class=\"button large\" style=\"padding:1em;font-weight: 400;margin:0.1em;color:white !important;background-color:#92AE01BF\" href=\"https:\/\/agora.xtec.cat\/escfonollosa\/estrategia-digital-de-centre\/estrategia\/diagnosi\/\"  rel=\"noopener noreferrer\">DIAGNOSI<\/a> <a class=\"button large\" style=\"padding:1em;font-weight: 400;margin:0.1em;color:white !important;background-color:#92AE01BF\" href=\"https:\/\/agora.xtec.cat\/escfonollosa\/estrategia-digital-de-centre\/estrategia\/objectius\/\"  rel=\"noopener noreferrer\">OBJECTIUS<\/a> <a class=\"button large\" style=\"padding:1em;font-weight: 400;margin:0.1em;color:white !important;background-color:#92AE01BF\" href=\"https:\/\/agora.xtec.cat\/escfonollosa\/estrategia-digital-de-centre\/estrategia\/planificacio\/\"  rel=\"noopener noreferrer\">PLANIFICACI\u00d3<\/a> <a class=\"button large\" style=\"padding:1em;font-weight: 400;margin:0.1em;color:white !important;background-color:#92AE01BF\" href=\"https:\/\/agora.xtec.cat\/escfonollosa\/estrategia-digital-de-centre\/estrategia\/avaluacio\/\"&hellip;  <a href=\"https:\/\/agora.xtec.cat\/escfonollosa\/estrategia-digital-de-centre\/estrategia\/\" title=\"Read ESTRAT\u00c8GIA\">Llegeix m\u00e9s\u00bb<\/a><\/p>\n","protected":false},"author":4,"featured_media":0,"parent":2281,"menu_order":0,"comment_status":"closed","ping_status":"closed","template":"page-templates\/side-menu.php","meta":{"_bbp_topic_count":0,"_bbp_reply_count":0,"_bbp_total_topic_count":0,"_bbp_total_reply_count":0,"_bbp_voice_count":0,"_bbp_anonymous_reply_count":0,"_bbp_topic_count_hidden":0,"_bbp_reply_count_hidden":0,"_bbp_forum_subforum_count":0,"footnotes":""},"class_list":["post-2284","page","type-page","status-publish","hentry"],"post_mailing_queue_ids":[],"_links":{"self":[{"href":"https:\/\/agora.xtec.cat\/escfonollosa\/wp-json\/wp\/v2\/pages\/2284","targetHints":{"allow":["GET"]}}],"collection":[{"href":"https:\/\/agora.xtec.cat\/escfonollosa\/wp-json\/wp\/v2\/pages"}],"about":[{"href":"https:\/\/agora.xtec.cat\/escfonollosa\/wp-json\/wp\/v2\/types\/page"}],"author":[{"embeddable":true,"href":"https:\/\/agora.xtec.cat\/escfonollosa\/wp-json\/wp\/v2\/users\/4"}],"replies":[{"embeddable":true,"href":"https:\/\/agora.xtec.cat\/escfonollosa\/wp-json\/wp\/v2\/comments?post=2284"}],"version-history":[{"count":4,"href":"https:\/\/agora.xtec.cat\/escfonollosa\/wp-json\/wp\/v2\/pages\/2284\/revisions"}],"predecessor-version":[{"id":2423,"href":"https:\/\/agora.xtec.cat\/escfonollosa\/wp-json\/wp\/v2\/pages\/2284\/revisions\/2423"}],"up":[{"embeddable":true,"href":"https:\/\/agora.xtec.cat\/escfonollosa\/wp-json\/wp\/v2\/pages\/2281"}],"wp:attachment":[{"href":"https:\/\/agora.xtec.cat\/escfonollosa\/wp-json\/wp\/v2\/media?parent=2284"}],"curies":[{"name":"wp","href":"https:\/\/api.w.org\/{rel}","templated":true}]}}