{"id":5866,"date":"2023-06-05T13:22:18","date_gmt":"2023-06-05T11:22:18","guid":{"rendered":"https:\/\/agora.xtec.cat\/escferreriguardiagranollers\/?page_id=5866"},"modified":"2023-06-06T10:56:35","modified_gmt":"2023-06-06T08:56:35","slug":"fem-teatre","status":"publish","type":"page","link":"https:\/\/agora.xtec.cat\/escferreriguardiagranollers\/documents\/fem-teatre\/","title":{"rendered":"Fem Teatre"},"content":{"rendered":"<p>El Teatre forma part del Projecte Educatiu del Centre i del nostre Projecte Ar\u00edstic. Els curs de I5, 3r i 6\u00e8 realitzen una representaci\u00f3 teatral al llarg del curs.<\/p>\n<p>El teatre\u00a0 ens permet treballar en grup, aspectes molt importants com s\u00f3n: la capacitat expressiva, la socialitzaci\u00f3, la col\u00b7laboraci\u00f3, els sentiments, l\u2019amistat, les emocions..<\/p>\n<p><a href=\"https:\/\/agora.xtec.cat\/escferreriguardiagranollers\/wp-content\/uploads\/usu988\/2023\/06\/1671534423790-scaled.jpg\"><img loading=\"lazy\" decoding=\"async\" class=\"alignnone wp-image-5870\" src=\"https:\/\/agora.xtec.cat\/escferreriguardiagranollers\/wp-content\/uploads\/usu988\/2023\/06\/1671534423790-300x225.jpg\" alt=\"\" width=\"367\" height=\"275\" srcset=\"https:\/\/agora.xtec.cat\/escferreriguardiagranollers\/wp-content\/uploads\/usu988\/2023\/06\/1671534423790-300x225.jpg 300w, https:\/\/agora.xtec.cat\/escferreriguardiagranollers\/wp-content\/uploads\/usu988\/2023\/06\/1671534423790-1024x768.jpg 1024w, https:\/\/agora.xtec.cat\/escferreriguardiagranollers\/wp-content\/uploads\/usu988\/2023\/06\/1671534423790-768x576.jpg 768w, https:\/\/agora.xtec.cat\/escferreriguardiagranollers\/wp-content\/uploads\/usu988\/2023\/06\/1671534423790-1536x1152.jpg 1536w, https:\/\/agora.xtec.cat\/escferreriguardiagranollers\/wp-content\/uploads\/usu988\/2023\/06\/1671534423790-2048x1536.jpg 2048w, https:\/\/agora.xtec.cat\/escferreriguardiagranollers\/wp-content\/uploads\/usu988\/2023\/06\/1671534423790-200x150.jpg 200w\" sizes=\"auto, (max-width: 367px) 100vw, 367px\" \/>\u00a0\u00a0\u00a0\u00a0\u00a0 <\/a><a href=\"https:\/\/agora.xtec.cat\/escferreriguardiagranollers\/wp-content\/uploads\/usu988\/2023\/06\/1682248379043_Easy-Resize.com_.jpg\"><img loading=\"lazy\" decoding=\"async\" class=\"alignnone  wp-image-5913\" src=\"https:\/\/agora.xtec.cat\/escferreriguardiagranollers\/wp-content\/uploads\/usu988\/2023\/06\/1682248379043_Easy-Resize.com_-300x225.jpg\" alt=\"\" width=\"363\" height=\"272\" srcset=\"https:\/\/agora.xtec.cat\/escferreriguardiagranollers\/wp-content\/uploads\/usu988\/2023\/06\/1682248379043_Easy-Resize.com_-300x225.jpg 300w, https:\/\/agora.xtec.cat\/escferreriguardiagranollers\/wp-content\/uploads\/usu988\/2023\/06\/1682248379043_Easy-Resize.com_-1024x768.jpg 1024w, https:\/\/agora.xtec.cat\/escferreriguardiagranollers\/wp-content\/uploads\/usu988\/2023\/06\/1682248379043_Easy-Resize.com_-768x576.jpg 768w, https:\/\/agora.xtec.cat\/escferreriguardiagranollers\/wp-content\/uploads\/usu988\/2023\/06\/1682248379043_Easy-Resize.com_-200x150.jpg 200w, https:\/\/agora.xtec.cat\/escferreriguardiagranollers\/wp-content\/uploads\/usu988\/2023\/06\/1682248379043_Easy-Resize.com_.jpg 1280w\" sizes=\"auto, (max-width: 363px) 100vw, 363px\" \/><\/a><\/p>\n<p>&nbsp;<\/p>\n","protected":false},"excerpt":{"rendered":"<p>El Teatre forma part del Projecte Educatiu del Centre i del nostre Projecte Ar\u00edstic. Els curs de I5, 3r i 6\u00e8 realitzen una representaci\u00f3 teatral al llarg del curs.<br \/>\nEl teatre\u00a0 ens permet treballar en grup, aspectes molt importants com s\u00f3n: la capacitat expressiva, la socialitzaci\u00f3,&hellip;  <a href=\"https:\/\/agora.xtec.cat\/escferreriguardiagranollers\/documents\/fem-teatre\/\" title=\"Read Fem Teatre\">Llegeix m\u00e9s\u00bb<\/a><\/p>\n","protected":false},"author":1,"featured_media":0,"parent":1875,"menu_order":0,"comment_status":"closed","ping_status":"closed","template":"","meta":{"_bbp_topic_count":0,"_bbp_reply_count":0,"_bbp_total_topic_count":0,"_bbp_total_reply_count":0,"_bbp_voice_count":0,"_bbp_anonymous_reply_count":0,"_bbp_topic_count_hidden":0,"_bbp_reply_count_hidden":0,"_bbp_forum_subforum_count":0,"footnotes":""},"class_list":["post-5866","page","type-page","status-publish","hentry"],"post_mailing_queue_ids":[],"_links":{"self":[{"href":"https:\/\/agora.xtec.cat\/escferreriguardiagranollers\/wp-json\/wp\/v2\/pages\/5866","targetHints":{"allow":["GET"]}}],"collection":[{"href":"https:\/\/agora.xtec.cat\/escferreriguardiagranollers\/wp-json\/wp\/v2\/pages"}],"about":[{"href":"https:\/\/agora.xtec.cat\/escferreriguardiagranollers\/wp-json\/wp\/v2\/types\/page"}],"author":[{"embeddable":true,"href":"https:\/\/agora.xtec.cat\/escferreriguardiagranollers\/wp-json\/wp\/v2\/users\/1"}],"replies":[{"embeddable":true,"href":"https:\/\/agora.xtec.cat\/escferreriguardiagranollers\/wp-json\/wp\/v2\/comments?post=5866"}],"version-history":[{"count":4,"href":"https:\/\/agora.xtec.cat\/escferreriguardiagranollers\/wp-json\/wp\/v2\/pages\/5866\/revisions"}],"predecessor-version":[{"id":5914,"href":"https:\/\/agora.xtec.cat\/escferreriguardiagranollers\/wp-json\/wp\/v2\/pages\/5866\/revisions\/5914"}],"up":[{"embeddable":true,"href":"https:\/\/agora.xtec.cat\/escferreriguardiagranollers\/wp-json\/wp\/v2\/pages\/1875"}],"wp:attachment":[{"href":"https:\/\/agora.xtec.cat\/escferreriguardiagranollers\/wp-json\/wp\/v2\/media?parent=5866"}],"curies":[{"name":"wp","href":"https:\/\/api.w.org\/{rel}","templated":true}]}}