{"id":5859,"date":"2023-06-05T13:04:47","date_gmt":"2023-06-05T11:04:47","guid":{"rendered":"https:\/\/agora.xtec.cat\/escferreriguardiagranollers\/?page_id=5859"},"modified":"2023-06-06T09:36:08","modified_gmt":"2023-06-06T07:36:08","slug":"projecte-onades","status":"publish","type":"page","link":"https:\/\/agora.xtec.cat\/escferreriguardiagranollers\/documents\/projecte-onades\/","title":{"rendered":"Projecte Onades"},"content":{"rendered":"<p><span style=\"font-weight: 400;\">El projecte ONADES neix amb l\u2019objectiu d\u2019establir un comprom\u00eds conjunt entre l\u2019Escola Ferrer i Gu\u00e0rdia i la f\u00e0brica de creaci\u00f3 Roca Umbert F\u00e0brica de les Arts de Granollers entorn a la pedagogia de l\u2019art en moviment. Aquest comprom\u00eds busca crear sentit de comunitat educativa obrint les portes de l\u2019aula als artistes residents de la F\u00e0brica i repta a mestres i artistes a fer un proc\u00e9s conjunt i transformador d\u2019aprenentatge vivencial i significatiu, generant canvis en l\u2019estructura escolar actual.\u00a0<\/span><\/p>\n<p>Va rebre el Premi Baldiri i Reixac en el curs 2019-2020 en la categoria de Connexions.<a href=\"https:\/\/agora.xtec.cat\/escferreriguardiagranollers\/wp-content\/uploads\/usu988\/2021\/02\/maxresdefault.jpg\"><img loading=\"lazy\" decoding=\"async\" class=\"size-medium wp-image-4224 alignnone\" src=\"https:\/\/agora.xtec.cat\/escferreriguardiagranollers\/wp-content\/uploads\/usu988\/2021\/02\/maxresdefault-300x169.jpg\" alt=\"\" width=\"300\" height=\"169\" srcset=\"https:\/\/agora.xtec.cat\/escferreriguardiagranollers\/wp-content\/uploads\/usu988\/2021\/02\/maxresdefault-300x169.jpg 300w, https:\/\/agora.xtec.cat\/escferreriguardiagranollers\/wp-content\/uploads\/usu988\/2021\/02\/maxresdefault-768x432.jpg 768w, https:\/\/agora.xtec.cat\/escferreriguardiagranollers\/wp-content\/uploads\/usu988\/2021\/02\/maxresdefault-1024x576.jpg 1024w, https:\/\/agora.xtec.cat\/escferreriguardiagranollers\/wp-content\/uploads\/usu988\/2021\/02\/maxresdefault.jpg 1280w\" sizes=\"auto, (max-width: 300px) 100vw, 300px\" \/><\/a><\/p>\n<p>&nbsp;<\/p>\n<p>Portem tres edicions del projecte. Els artistes que hi han participat han estat:<\/p>\n<p><a href=\"https:\/\/agora.xtec.cat\/escferreriguardiagranollers\/wp-content\/uploads\/usu988\/2023\/06\/IMG_20210305_115003_925-scaled.jpg\"><img loading=\"lazy\" decoding=\"async\" class=\"alignnone wp-image-5864\" src=\"https:\/\/agora.xtec.cat\/escferreriguardiagranollers\/wp-content\/uploads\/usu988\/2023\/06\/IMG_20210305_115003_925-300x224.jpg\" alt=\"\" width=\"431\" height=\"322\" srcset=\"https:\/\/agora.xtec.cat\/escferreriguardiagranollers\/wp-content\/uploads\/usu988\/2023\/06\/IMG_20210305_115003_925-300x224.jpg 300w, https:\/\/agora.xtec.cat\/escferreriguardiagranollers\/wp-content\/uploads\/usu988\/2023\/06\/IMG_20210305_115003_925-1024x766.jpg 1024w, https:\/\/agora.xtec.cat\/escferreriguardiagranollers\/wp-content\/uploads\/usu988\/2023\/06\/IMG_20210305_115003_925-768x574.jpg 768w, https:\/\/agora.xtec.cat\/escferreriguardiagranollers\/wp-content\/uploads\/usu988\/2023\/06\/IMG_20210305_115003_925-1536x1149.jpg 1536w, https:\/\/agora.xtec.cat\/escferreriguardiagranollers\/wp-content\/uploads\/usu988\/2023\/06\/IMG_20210305_115003_925-2048x1532.jpg 2048w, https:\/\/agora.xtec.cat\/escferreriguardiagranollers\/wp-content\/uploads\/usu988\/2023\/06\/IMG_20210305_115003_925-200x150.jpg 200w\" sizes=\"auto, (max-width: 431px) 100vw, 431px\" \/><\/a><\/p>\n<p><strong>Nora Baylach &#8211; curs 2020-2021<\/strong><\/p>\n<p>&nbsp;<\/p>\n<p><a href=\"https:\/\/agora.xtec.cat\/escferreriguardiagranollers\/wp-content\/uploads\/usu988\/2023\/06\/IMG_20220531_121956-scaled.jpg\"><img loading=\"lazy\" decoding=\"async\" class=\" wp-image-5863\" src=\"https:\/\/agora.xtec.cat\/escferreriguardiagranollers\/wp-content\/uploads\/usu988\/2023\/06\/IMG_20220531_121956-300x203.jpg\" alt=\"\" width=\"423\" height=\"286\" srcset=\"https:\/\/agora.xtec.cat\/escferreriguardiagranollers\/wp-content\/uploads\/usu988\/2023\/06\/IMG_20220531_121956-300x203.jpg 300w, https:\/\/agora.xtec.cat\/escferreriguardiagranollers\/wp-content\/uploads\/usu988\/2023\/06\/IMG_20220531_121956-1024x693.jpg 1024w, https:\/\/agora.xtec.cat\/escferreriguardiagranollers\/wp-content\/uploads\/usu988\/2023\/06\/IMG_20220531_121956-768x520.jpg 768w, https:\/\/agora.xtec.cat\/escferreriguardiagranollers\/wp-content\/uploads\/usu988\/2023\/06\/IMG_20220531_121956-1536x1039.jpg 1536w, https:\/\/agora.xtec.cat\/escferreriguardiagranollers\/wp-content\/uploads\/usu988\/2023\/06\/IMG_20220531_121956-2048x1386.jpg 2048w\" sizes=\"auto, (max-width: 423px) 100vw, 423px\" \/><\/a><\/p>\n<p><strong>\u00c0ngel Duran &#8211; curs 2021-2022<\/strong><\/p>\n<p>&nbsp;<\/p>\n<p><a href=\"https:\/\/agora.xtec.cat\/escferreriguardiagranollers\/wp-content\/uploads\/usu988\/2023\/06\/IMG_20230509_153235_170-scaled.jpg\"><img loading=\"lazy\" decoding=\"async\" class=\"alignnone wp-image-5862\" src=\"https:\/\/agora.xtec.cat\/escferreriguardiagranollers\/wp-content\/uploads\/usu988\/2023\/06\/IMG_20230509_153235_170-300x224.jpg\" alt=\"\" width=\"417\" height=\"311\" srcset=\"https:\/\/agora.xtec.cat\/escferreriguardiagranollers\/wp-content\/uploads\/usu988\/2023\/06\/IMG_20230509_153235_170-300x224.jpg 300w, https:\/\/agora.xtec.cat\/escferreriguardiagranollers\/wp-content\/uploads\/usu988\/2023\/06\/IMG_20230509_153235_170-1024x766.jpg 1024w, https:\/\/agora.xtec.cat\/escferreriguardiagranollers\/wp-content\/uploads\/usu988\/2023\/06\/IMG_20230509_153235_170-768x574.jpg 768w, https:\/\/agora.xtec.cat\/escferreriguardiagranollers\/wp-content\/uploads\/usu988\/2023\/06\/IMG_20230509_153235_170-1536x1149.jpg 1536w, https:\/\/agora.xtec.cat\/escferreriguardiagranollers\/wp-content\/uploads\/usu988\/2023\/06\/IMG_20230509_153235_170-2048x1532.jpg 2048w, https:\/\/agora.xtec.cat\/escferreriguardiagranollers\/wp-content\/uploads\/usu988\/2023\/06\/IMG_20230509_153235_170-200x150.jpg 200w\" sizes=\"auto, (max-width: 417px) 100vw, 417px\" \/><\/a><\/p>\n<p><strong>Lisard i Clementine &#8211; curs 2022-2023<\/strong><\/p>\n<p>&nbsp;<\/p>\n<p><iframe loading=\"lazy\" src=\"\/\/www.youtube.com\/embed\/_OCxZSd9EyQ\" width=\"560\" height=\"314\" allowfullscreen=\"allowfullscreen\"><\/iframe><\/p>\n<p>&nbsp;<\/p>\n<p><iframe loading=\"lazy\" src=\"\/\/www.youtube.com\/embed\/Crwe7MxnhLo\" width=\"560\" height=\"314\" allowfullscreen=\"allowfullscreen\"><\/iframe><\/p>\n","protected":false},"excerpt":{"rendered":"<p>El projecte ONADES neix amb l\u2019objectiu d\u2019establir un comprom\u00eds conjunt entre l\u2019Escola Ferrer i Gu\u00e0rdia i la f\u00e0brica de creaci\u00f3 Roca Umbert F\u00e0brica de les Arts de Granollers entorn a la pedagogia de l\u2019art en moviment. Aquest comprom\u00eds busca crear sentit de comunitat educativa obrint&hellip;  <a href=\"https:\/\/agora.xtec.cat\/escferreriguardiagranollers\/documents\/projecte-onades\/\" title=\"Read Projecte Onades\">Llegeix m\u00e9s\u00bb<\/a><\/p>\n","protected":false},"author":1,"featured_media":0,"parent":1875,"menu_order":0,"comment_status":"closed","ping_status":"closed","template":"","meta":{"_bbp_topic_count":0,"_bbp_reply_count":0,"_bbp_total_topic_count":0,"_bbp_total_reply_count":0,"_bbp_voice_count":0,"_bbp_anonymous_reply_count":0,"_bbp_topic_count_hidden":0,"_bbp_reply_count_hidden":0,"_bbp_forum_subforum_count":0,"footnotes":""},"class_list":["post-5859","page","type-page","status-publish","hentry"],"post_mailing_queue_ids":[],"_links":{"self":[{"href":"https:\/\/agora.xtec.cat\/escferreriguardiagranollers\/wp-json\/wp\/v2\/pages\/5859","targetHints":{"allow":["GET"]}}],"collection":[{"href":"https:\/\/agora.xtec.cat\/escferreriguardiagranollers\/wp-json\/wp\/v2\/pages"}],"about":[{"href":"https:\/\/agora.xtec.cat\/escferreriguardiagranollers\/wp-json\/wp\/v2\/types\/page"}],"author":[{"embeddable":true,"href":"https:\/\/agora.xtec.cat\/escferreriguardiagranollers\/wp-json\/wp\/v2\/users\/1"}],"replies":[{"embeddable":true,"href":"https:\/\/agora.xtec.cat\/escferreriguardiagranollers\/wp-json\/wp\/v2\/comments?post=5859"}],"version-history":[{"count":4,"href":"https:\/\/agora.xtec.cat\/escferreriguardiagranollers\/wp-json\/wp\/v2\/pages\/5859\/revisions"}],"predecessor-version":[{"id":5888,"href":"https:\/\/agora.xtec.cat\/escferreriguardiagranollers\/wp-json\/wp\/v2\/pages\/5859\/revisions\/5888"}],"up":[{"embeddable":true,"href":"https:\/\/agora.xtec.cat\/escferreriguardiagranollers\/wp-json\/wp\/v2\/pages\/1875"}],"wp:attachment":[{"href":"https:\/\/agora.xtec.cat\/escferreriguardiagranollers\/wp-json\/wp\/v2\/media?parent=5859"}],"curies":[{"name":"wp","href":"https:\/\/api.w.org\/{rel}","templated":true}]}}