{"id":5693,"date":"2023-05-12T13:13:48","date_gmt":"2023-05-12T11:13:48","guid":{"rendered":"https:\/\/agora.xtec.cat\/escferreriguardiagranollers\/?page_id=5693"},"modified":"2023-06-27T11:06:44","modified_gmt":"2023-06-27T09:06:44","slug":"estrategia-digital-de-centre","status":"publish","type":"page","link":"https:\/\/agora.xtec.cat\/escferreriguardiagranollers\/projecte-educatiu\/estrategia-digital-de-centre\/","title":{"rendered":"Estrat\u00e8gia Digital de Centre"},"content":{"rendered":"<h4>Qu\u00e8 \u00e9s l\u2019Estrat\u00e8gia Digital de Centre?<\/h4>\n<p>El Pla d\u2019educaci\u00f3 digital de Catalunya 2020-2023,\u00a0t\u00e9 com a objectiu contribuir al desenvolupament de les compet\u00e8ncies digitals que els ciutadans i les ciutadanes\u00a0necessiten per viure i treballar en una societat caracteritzada per les transformacions i els canvis accelerats derivats de les mateixes tecnologies.<\/p>\n<p><a href=\"https:\/\/agora.xtec.cat\/ies-dperramon\/wp-content\/uploads\/usu947\/2022\/07\/in-4.png\"><img loading=\"lazy\" decoding=\"async\" class=\"wp-image-6103 aligncenter\" src=\"https:\/\/agora.xtec.cat\/ies-dperramon\/wp-content\/uploads\/usu947\/2022\/07\/in-4.png\" sizes=\"auto, (max-width: 669px) 100vw, 669px\" srcset=\"https:\/\/agora.xtec.cat\/ies-dperramon\/wp-content\/uploads\/usu947\/2022\/07\/in-4.png 790w, https:\/\/agora.xtec.cat\/ies-dperramon\/wp-content\/uploads\/usu947\/2022\/07\/in-4-300x211.png 300w, https:\/\/agora.xtec.cat\/ies-dperramon\/wp-content\/uploads\/usu947\/2022\/07\/in-4-768x541.png 768w\" alt=\"\" width=\"669\" height=\"471\" \/><\/a><\/p>\n<h4>Com es portar\u00e0 a terme?<\/h4>\n<p><a href=\"https:\/\/educacio.gencat.cat\/web\/.content\/home\/departament\/publicacions\/colleccions\/pla-educacio-digital\/funcions-comissio-estrategia-digital-centre\/funcions-comissio-estrategia-digital-centre.pdf\"><img loading=\"lazy\" decoding=\"async\" class=\"wp-image-6109 aligncenter\" src=\"https:\/\/agora.xtec.cat\/ies-dperramon\/wp-content\/uploads\/usu947\/2022\/07\/com.png\" sizes=\"auto, (max-width: 654px) 100vw, 654px\" srcset=\"https:\/\/agora.xtec.cat\/ies-dperramon\/wp-content\/uploads\/usu947\/2022\/07\/com.png 773w, https:\/\/agora.xtec.cat\/ies-dperramon\/wp-content\/uploads\/usu947\/2022\/07\/com-300x214.png 300w, https:\/\/agora.xtec.cat\/ies-dperramon\/wp-content\/uploads\/usu947\/2022\/07\/com-768x547.png 768w\" alt=\"\" width=\"654\" height=\"466\" \/>Funcions de la Comissi\u00f3 d\u2019Estrat\u00e8gia Digital<\/a><\/p>\n<p>PARTS DE L&#8217;ESTRAT\u00c8GIA DIGITAL DE CENTRE<\/p>\n<table style=\"border-collapse: collapse; width: 100%;\">\n<tbody>\n<tr>\n<td style=\"width: 50%; text-align: center;\"><a href=\"https:\/\/agora.xtec.cat\/escferreriguardiagranollers\/estrategia-digital-de-centre-edc\/\"><strong><span style=\"color: #ff0000;\">ESTRAT\u00c8GIA DIGITAL DE CENTRE<\/span><\/strong><\/a><\/td>\n<td style=\"width: 50%; text-align: center;\"><a href=\"https:\/\/agora.xtec.cat\/escferreriguardiagranollers\/cultura-digital\/\"><strong><span style=\"color: #ff0000;\">CULTURA DIGITAL<\/span><\/strong><\/a><\/td>\n<\/tr>\n<\/tbody>\n<\/table>\n<p>&nbsp;<\/p>\n<p>&nbsp;<\/p>\n","protected":false},"excerpt":{"rendered":"<p>Qu\u00e8 \u00e9s l\u2019Estrat\u00e8gia Digital de Centre?<br \/>\nEl Pla d\u2019educaci\u00f3 digital de Catalunya 2020-2023,\u00a0t\u00e9 com a objectiu contribuir al desenvolupament de les compet\u00e8ncies digitals que els ciutadans i les ciutadanes\u00a0necessiten per viure i treballar en una societat caracteritzada per les transformacions i els canvis accelerats derivats de&hellip;  <a href=\"https:\/\/agora.xtec.cat\/escferreriguardiagranollers\/projecte-educatiu\/estrategia-digital-de-centre\/\" title=\"Read Estrat\u00e8gia Digital de Centre\">Llegeix m\u00e9s\u00bb<\/a><\/p>\n","protected":false},"author":1,"featured_media":0,"parent":64,"menu_order":0,"comment_status":"closed","ping_status":"closed","template":"","meta":{"_bbp_topic_count":0,"_bbp_reply_count":0,"_bbp_total_topic_count":0,"_bbp_total_reply_count":0,"_bbp_voice_count":0,"_bbp_anonymous_reply_count":0,"_bbp_topic_count_hidden":0,"_bbp_reply_count_hidden":0,"_bbp_forum_subforum_count":0,"footnotes":""},"class_list":["post-5693","page","type-page","status-publish","hentry"],"post_mailing_queue_ids":[],"_links":{"self":[{"href":"https:\/\/agora.xtec.cat\/escferreriguardiagranollers\/wp-json\/wp\/v2\/pages\/5693","targetHints":{"allow":["GET"]}}],"collection":[{"href":"https:\/\/agora.xtec.cat\/escferreriguardiagranollers\/wp-json\/wp\/v2\/pages"}],"about":[{"href":"https:\/\/agora.xtec.cat\/escferreriguardiagranollers\/wp-json\/wp\/v2\/types\/page"}],"author":[{"embeddable":true,"href":"https:\/\/agora.xtec.cat\/escferreriguardiagranollers\/wp-json\/wp\/v2\/users\/1"}],"replies":[{"embeddable":true,"href":"https:\/\/agora.xtec.cat\/escferreriguardiagranollers\/wp-json\/wp\/v2\/comments?post=5693"}],"version-history":[{"count":3,"href":"https:\/\/agora.xtec.cat\/escferreriguardiagranollers\/wp-json\/wp\/v2\/pages\/5693\/revisions"}],"predecessor-version":[{"id":6024,"href":"https:\/\/agora.xtec.cat\/escferreriguardiagranollers\/wp-json\/wp\/v2\/pages\/5693\/revisions\/6024"}],"up":[{"embeddable":true,"href":"https:\/\/agora.xtec.cat\/escferreriguardiagranollers\/wp-json\/wp\/v2\/pages\/64"}],"wp:attachment":[{"href":"https:\/\/agora.xtec.cat\/escferreriguardiagranollers\/wp-json\/wp\/v2\/media?parent=5693"}],"curies":[{"name":"wp","href":"https:\/\/api.w.org\/{rel}","templated":true}]}}