{"id":28,"date":"2014-09-18T12:29:35","date_gmt":"2014-09-18T11:29:35","guid":{"rendered":"http:\/\/agora.xtec.cat\/escferreriguardiagranollers\/?page_id=28"},"modified":"2025-11-05T12:15:24","modified_gmt":"2025-11-05T11:15:24","slug":"consell-escolar","status":"publish","type":"page","link":"https:\/\/agora.xtec.cat\/escferreriguardiagranollers\/lescola\/consell-escolar\/","title":{"rendered":"Consell escolar"},"content":{"rendered":"<table width=\"0\">\n<tbody>\n<tr>\n<td colspan=\"2\" width=\"584\"><strong>Membres designats<\/strong><\/td>\n<\/tr>\n<tr>\n<td width=\"292\">Representant ajuntament<\/td>\n<td width=\"292\">Merc\u00e8 Pregona<\/td>\n<\/tr>\n<tr>\n<td width=\"292\">Representant PAS<\/td>\n<td width=\"292\">Teresa Garcia fins 2026<\/td>\n<\/tr>\n<tr>\n<td colspan=\"2\" width=\"584\"><strong>Membres nats<\/strong><\/td>\n<\/tr>\n<tr>\n<td width=\"292\">Directora<\/td>\n<td width=\"292\">Sara Garcia<\/td>\n<\/tr>\n<tr>\n<td width=\"292\">Cap d\u2019estudis<\/td>\n<td width=\"292\">Mireia Roca<\/td>\n<\/tr>\n<tr>\n<td width=\"292\">Secret\u00e0ria<\/td>\n<td width=\"292\">Vanesa Luque<\/td>\n<\/tr>\n<tr>\n<td colspan=\"2\" width=\"584\"><strong>Membres electes<\/strong><\/td>\n<\/tr>\n<tr>\n<td rowspan=\"5\" width=\"292\">Representant mestres<\/td>\n<td width=\"292\"><\/td>\n<\/tr>\n<tr>\n<td width=\"292\">Teresa S\u00e0nchez fins 2026<\/td>\n<\/tr>\n<tr>\n<td width=\"292\">Inma Rodriguez fins 2026<\/td>\n<\/tr>\n<tr>\n<td width=\"292\">Pepa Picazo fins 2023<\/td>\n<\/tr>\n<tr>\n<td width=\"292\">Mercedes Fern\u00e1ndez 2026<\/td>\n<\/tr>\n<tr>\n<td rowspan=\"4\" width=\"292\">&nbsp;<\/p>\n<p>&nbsp;<\/p>\n<p>&nbsp;<\/p>\n<p>Representant fam\u00edlies<\/td>\n<td width=\"292\">Mireia Pey fins 2027<\/td>\n<\/tr>\n<tr>\n<td width=\"292\">Merc\u00e8 Salva fins 2027<\/td>\n<\/tr>\n<tr>\n<td width=\"292\">Hannan El Ghazi fins 2027<\/td>\n<\/tr>\n<tr>\n<td width=\"292\">Sergi Palau fins 2026<\/td>\n<\/tr>\n<tr>\n<td width=\"292\">Representant AFA<\/td>\n<td width=\"292\">Lorena Torr\u00f3 fins 2023<\/td>\n<\/tr>\n<\/tbody>\n<\/table>\n<p>&nbsp;<\/p>\n<p><strong>En el Consell Escolar, celebrat el 13 d&#8217;octubre de 2025, hem arribat als seg\u00fcents acords:<\/strong><\/p>\n<ul>\n<li style=\"font-weight: 400;\" aria-level=\"1\"><span style=\"font-weight: 400;\">S\u2019aprova la mem\u00f2ria del curs 2024 &#8211; 2025.<\/span><\/li>\n<li style=\"font-weight: 400;\" aria-level=\"1\"><span style=\"font-weight: 400;\">S&#8217;aprova la Programaci\u00f3 General Anual 2025 &#8211; 2026.<\/span><\/li>\n<li style=\"font-weight: 400;\" aria-level=\"1\"><span style=\"font-weight: 400;\">S\u2019aproven les sortides del curs 2025 &#8211; 2026.<\/span><\/li>\n<li style=\"font-weight: 400;\" aria-level=\"1\"><span style=\"font-weight: 400;\">El consell d\u00f3na la conformitat per a la proposta d\u2019activitats finan\u00e7ades amb fons FSE+.<\/span><\/li>\n<\/ul>\n<p>&nbsp;<\/p>\n<p><strong>En el Consell Escolar, celebrat el 26 de juny de 2025, hem arribat als seg\u00fcents acords:<\/strong><\/p>\n<ul>\n<li style=\"font-weight: 400;\" aria-level=\"1\"><span style=\"font-weight: 400;\">S\u2019aprova el calendari del proper curs.<\/span><\/li>\n<li style=\"font-weight: 400;\" aria-level=\"1\"><span style=\"font-weight: 400;\">S\u2019aprova l\u2019augment de l\u2019aportaci\u00f3 de les fam\u00edlies en 10\u20ac, per tant l\u2019aportaci\u00f3 ser\u00e0 de 140\u20ac al curs.<\/span><\/li>\n<\/ul>\n<p>&nbsp;<\/p>\n<p><strong>En el Consell Escolar, celebrat el 20 de mar\u00e7 de 2025, hem arribat als seg\u00fcents acords:<\/strong><\/p>\n<ul>\n<li style=\"font-weight: 400;\" aria-level=\"1\"><span style=\"font-weight: 400;\">S\u2019aproven les NOFC.<\/span><\/li>\n<li style=\"font-weight: 400;\" aria-level=\"1\"><span style=\"font-weight: 400;\">S\u2019informa al consell i s\u2019aprova la modificaci\u00f3 del pressupost.<\/span><\/li>\n<li style=\"font-weight: 400;\" aria-level=\"1\"><span style=\"font-weight: 400;\">Es continuaran treballant amb les opcions que hi ha en relaci\u00f3 al servei d\u2019acollida.<\/span><\/li>\n<\/ul>\n<p>&nbsp;<\/p>\n<p><strong>En el Consell Escolar, celebrat el 30 de gener de 2025, hem arribat als seg\u00fcents acords:<\/strong><\/p>\n<ul>\n<li style=\"font-weight: 400;\" aria-level=\"1\"><span style=\"font-weight: 400;\">S\u2019aprova liquidaci\u00f3 econ\u00f2mica de l&#8217;exercici econ\u00f2mic 2024.<\/span><\/li>\n<li style=\"font-weight: 400;\" aria-level=\"1\"><span style=\"font-weight: 400;\">S\u2019aprova el pressupost econ\u00f2mic de l\u2019exercici econ\u00f2mic 2025.<\/span><\/li>\n<li style=\"font-weight: 400;\" aria-level=\"1\"><span style=\"font-weight: 400;\">El consell escolar d\u00f3na el suport i es compromet a poder donar continu\u00eftat a les activitats que s\u2019han estant fent fins ara amb aquest programa PMOE &#8211; PROA+.<\/span><\/li>\n<\/ul>\n<p>&nbsp;<\/p>\n<p><strong>En el Consell Escolar, celebrat el 21 de novembre de 2024, hem arribat als seg\u00fcents acords:<\/strong><\/p>\n<ul>\n<li style=\"font-weight: 400;\" aria-level=\"1\"><span style=\"font-weight: 400;\">S\u2019aprova la Programaci\u00f3 general anual del curs 2024 &#8211; 2025.<\/span><\/li>\n<li style=\"font-weight: 400;\" aria-level=\"1\"><span style=\"font-weight: 400;\">S\u2019accepten fer les modificacions necess\u00e0ries en el pressupost 2024.<\/span><\/li>\n<li style=\"font-weight: 400;\" aria-level=\"1\"><span style=\"font-weight: 400;\">S\u2019aproven les sortides del curs 2024 &#8211; 2025.<\/span><\/li>\n<\/ul>\n<p>&nbsp;<\/p>\n<p><strong>En el Consell Escolar, celebrat el 30 de setembre de 2024, hem arribat als seg\u00fcents acords:<\/strong><\/p>\n<ul>\n<li>S&#8217;aprova la mem\u00f2ria del curs 2023- 2024<\/li>\n<li>Es pren el comprom\u00eds de trobar una soluci\u00f3 per la gesti\u00f3 de l&#8217;acollida de mat\u00ed i tarda per al seg\u00fcent curs.<\/li>\n<\/ul>\n<p>&nbsp;<\/p>\n<p><strong>En el Consell Escolar, celebrat el 20 de juny de 2024, hem arribat als seg\u00fcents acords:<\/strong><\/p>\n<ul>\n<li>Es decideix invertir els diners de la reclamaci\u00f3 de Moventis en la biblioteca escolar.<\/li>\n<li>S\u2019aprova el calendari escolar del curs 2024-25.<\/li>\n<li>El consell aprova que es sol\u00b7liciti el PROA+ del curs 2024 25.<\/li>\n<li>S&#8217;informa i es dona conformitat a que l&#8217;aportaci\u00f3 familiar anual \u00e9s de 130\u20ac.<\/li>\n<\/ul>\n","protected":false},"excerpt":{"rendered":"<p>Membres designats<\/p>\n<p>Representant ajuntament<br \/>\nMerc\u00e8 Pregona<\/p>\n<p>Representant PAS<br \/>\nTeresa Garcia fins 2026<\/p>\n<p>Membres nats<\/p>\n<p>Directora<br \/>\nSara Garcia<\/p>\n<p>Cap d\u2019estudis<br \/>\nMireia Roca<\/p>\n<p>Secret\u00e0ria<br \/>\nVanesa Luque<\/p>\n<p>Membres electes<\/p>\n<p>Representant mestres<\/p>\n<p>Teresa S\u00e0nchez fins 2026<\/p>\n<p>Inma Rodriguez fins 2026<\/p>\n<p>Pepa Picazo fins 2023<\/p>\n<p>Mercedes Fern\u00e1ndez 2026<\/p>\n<p>&nbsp;<br \/>\n&nbsp;<br \/>\n&nbsp;<br \/>\nRepresentant fam\u00edlies<br \/>\nMireia Pey fins 2027<\/p>\n<p>Merc\u00e8 Salva fins 2027<\/p>\n<p>Hannan El Ghazi fins 2027<\/p>\n<p>Sergi Palau fins 2026<\/p>\n<p>Representant AFA<br \/>\nLorena Torr\u00f3 fins 2023<\/p>\n<p>&nbsp;<br \/>\nEn el&hellip;  <a href=\"https:\/\/agora.xtec.cat\/escferreriguardiagranollers\/lescola\/consell-escolar\/\" title=\"Read Consell escolar\">Llegeix m\u00e9s\u00bb<\/a><\/p>\n","protected":false},"author":1,"featured_media":0,"parent":22,"menu_order":30,"comment_status":"closed","ping_status":"closed","template":"page-templates\/side-menu.php","meta":{"_bbp_topic_count":0,"_bbp_reply_count":0,"_bbp_total_topic_count":0,"_bbp_total_reply_count":0,"_bbp_voice_count":0,"_bbp_anonymous_reply_count":0,"_bbp_topic_count_hidden":0,"_bbp_reply_count_hidden":0,"_bbp_forum_subforum_count":0,"footnotes":""},"class_list":["post-28","page","type-page","status-publish","hentry"],"post_mailing_queue_ids":[],"_links":{"self":[{"href":"https:\/\/agora.xtec.cat\/escferreriguardiagranollers\/wp-json\/wp\/v2\/pages\/28","targetHints":{"allow":["GET"]}}],"collection":[{"href":"https:\/\/agora.xtec.cat\/escferreriguardiagranollers\/wp-json\/wp\/v2\/pages"}],"about":[{"href":"https:\/\/agora.xtec.cat\/escferreriguardiagranollers\/wp-json\/wp\/v2\/types\/page"}],"author":[{"embeddable":true,"href":"https:\/\/agora.xtec.cat\/escferreriguardiagranollers\/wp-json\/wp\/v2\/users\/1"}],"replies":[{"embeddable":true,"href":"https:\/\/agora.xtec.cat\/escferreriguardiagranollers\/wp-json\/wp\/v2\/comments?post=28"}],"version-history":[{"count":7,"href":"https:\/\/agora.xtec.cat\/escferreriguardiagranollers\/wp-json\/wp\/v2\/pages\/28\/revisions"}],"predecessor-version":[{"id":7179,"href":"https:\/\/agora.xtec.cat\/escferreriguardiagranollers\/wp-json\/wp\/v2\/pages\/28\/revisions\/7179"}],"up":[{"embeddable":true,"href":"https:\/\/agora.xtec.cat\/escferreriguardiagranollers\/wp-json\/wp\/v2\/pages\/22"}],"wp:attachment":[{"href":"https:\/\/agora.xtec.cat\/escferreriguardiagranollers\/wp-json\/wp\/v2\/media?parent=28"}],"curies":[{"name":"wp","href":"https:\/\/api.w.org\/{rel}","templated":true}]}}