{"id":73,"date":"2014-09-18T14:01:51","date_gmt":"2014-09-18T14:01:51","guid":{"rendered":"http:\/\/agora.xtec.cat\/escferransunyer\/?page_id=73"},"modified":"2026-02-27T10:14:59","modified_gmt":"2026-02-27T09:14:59","slug":"menjador-escolar","status":"publish","type":"page","link":"https:\/\/agora.xtec.cat\/escferransunyer\/serveis\/menjador-escolar\/","title":{"rendered":"Menjador"},"content":{"rendered":"<p>&nbsp;<\/p>\n<table style=\"height: 465px;\">\n<tbody>\n<tr style=\"height: 313px;\">\n<td style=\"width: 319px; height: 278px;\">\n<p style=\"text-align: center;\"><a style=\"color: #2795b6;\" href=\"http:\/\/alimentart.com\/\" target=\"_blank\" rel=\"noopener noreferrer\"><img loading=\"lazy\" decoding=\"async\" class=\"size-full wp-image-6680 aligncenter\" src=\"https:\/\/agora.xtec.cat\/escferransunyer\/wp-content\/uploads\/usu431\/2020\/02\/descarga.jpg\" alt=\"\" width=\"267\" height=\"189\" \/><\/a><\/p>\n<p style=\"text-align: center;\"><a href=\"http:\/\/alimentart.com\/\" target=\"_blank\" rel=\"noopener noreferrer\"><span style=\"color: #3366ff;\"><em>Clicant l&#8217;imatge accediu a la web d&#8217;Alimentart.<\/em><\/span><\/a><\/p>\n<\/td>\n<td style=\"width: 412px; height: 278px;\">Coordinadora: <strong>Cristina Franco<\/strong><\/p>\n<p>El tel\u00e8fon per avisar abs\u00e8ncies \/incid\u00e8ncies: <strong>661 75 49 70\u00a0\u00a0 <\/strong><\/p>\n<p>Adre\u00e7a electr\u00f2nica<strong>: <\/strong><strong style=\"color: #ff6600; font-family: inherit; font-size: 1em;\">menjador@fsunyer.cat<\/strong><\/p>\n<p>Enlla\u00e7os:<\/p>\n<ul>\n<li><a href=\"https:\/\/drive.google.com\/file\/d\/1aQjpxPSZA37yd5imG0mnJ6sBlUUHS6AA\/view?usp=sharing\" target=\"_blank\" rel=\"noopener\">FITXA D&#8217;INSCRIPCI\u00d3 del menjador (pdf)<\/a><\/li>\n<li><a href=\"https:\/\/drive.google.com\/file\/d\/1U0CWN2bFlDKpGgwZbVqIJsXo24K_RCmm\/view?usp=drive_link\" target=\"_blank\" rel=\"noopener\">CARTA DE PRESENTACI\u00d3<\/a><\/li>\n<li><a href=\"https:\/\/drive.google.com\/file\/d\/16O_Qt58IqbMY9DnP5jVRC6uEqOgkoj0V\/view?usp=sharing\" target=\"_blank\" rel=\"noopener noreferrer\">NORMATIVA<\/a><\/li>\n<\/ul>\n<\/td>\n<\/tr>\n<tr style=\"height: 187px;\">\n<td style=\"width: 319px; height: 187px;\">\n<h4><strong><a href=\"https:\/\/agora.xtec.cat\/escferransunyer\/curs-2019-20\/serveis\/menjador-escolar\/menus\/\" target=\"_blank\" rel=\"noopener noreferrer\"><img loading=\"lazy\" decoding=\"async\" class=\"alignleft wp-image-6776 size-medium\" src=\"https:\/\/agora.xtec.cat\/escferransunyer\/wp-content\/uploads\/usu431\/2020\/02\/unnamed-300x97.gif\" alt=\"\" width=\"300\" height=\"97\" \/><\/a><\/strong><\/h4>\n<\/td>\n<td style=\"width: 412px; height: 187px;\">\n<h4><strong><a href=\"https:\/\/agora.xtec.cat\/escferransunyer\/curs-2019-20\/serveis\/menjador-escolar\/activitats\/\" target=\"_blank\" rel=\"noopener noreferrer\"><img loading=\"lazy\" decoding=\"async\" class=\"aligncenter wp-image-6775 size-full\" src=\"https:\/\/agora.xtec.cat\/escferransunyer\/wp-content\/uploads\/usu431\/2020\/02\/unnamed-2-1.png\" alt=\"\" width=\"512\" height=\"224\" srcset=\"https:\/\/agora.xtec.cat\/escferransunyer\/wp-content\/uploads\/usu431\/2020\/02\/unnamed-2-1.png 512w, https:\/\/agora.xtec.cat\/escferransunyer\/wp-content\/uploads\/usu431\/2020\/02\/unnamed-2-1-300x131.png 300w\" sizes=\"auto, (max-width: 512px) 100vw, 512px\" \/><\/a><\/strong><\/h4>\n<\/td>\n<\/tr>\n<tr>\n<td style=\"width: 319px;\">\n<h4><strong>ORGANITZACI\u00d3 D&#8217;ESPAIS<\/strong><\/h4>\n<\/td>\n<td style=\"width: 412px;\"><\/td>\n<\/tr>\n<\/tbody>\n<\/table>\n<table style=\"width: 732px;\">\n<tbody>\n<tr>\n<td style=\"width: 317.433px;\">\n<h4><strong>INFORMES DE L&#8217;AG\u00c8NCIA DE SALUT P\u00daBLICA<\/strong><\/h4>\n<\/td>\n<td style=\"width: 406.567px;\"><a href=\"https:\/\/drive.google.com\/file\/d\/1Aut8AOqRgoAwfgEc0s3U7k-NxWEQ9eVY\/view?usp=sharing\" target=\"_blank\" rel=\"noopener noreferrer\"><strong>2018<\/strong><\/a><\/p>\n<p><a href=\"https:\/\/drive.google.com\/file\/d\/1m9m91KxB3gKmmRfyToPdjbb1AeXAIiyP\/view?usp=sharing\" target=\"_blank\" rel=\"noopener noreferrer\"><strong>2021<\/strong> (1)<\/a><\/p>\n<p><strong><a href=\"https:\/\/drive.google.com\/file\/d\/16vsKmLrTpFsVA59ciO5pUdrzERcwzDD9\/view?usp=sharing\" target=\"_blank\" rel=\"noopener noreferrer\">2021 (2)<\/a><\/strong><\/p>\n<p><strong><a href=\"https:\/\/drive.google.com\/file\/d\/1d16IL8pRfRt2nPQiKW0dxOr8CK7zxsxq\/view?usp=sharing\" target=\"_blank\" rel=\"noopener\">2024 (1)<\/a><\/strong><\/p>\n<p><a href=\"https:\/\/drive.google.com\/file\/d\/1QfRRl-VBtKR3BtyeUmPWZod1loRt8tEo\/view?usp=sharing\" target=\"_blank\" rel=\"noopener\">2024 (2)<\/a><\/td>\n<\/tr>\n<\/tbody>\n<\/table>\n<table style=\"height: 25px;\" width=\"732\">\n<tbody>\n<tr>\n<td style=\"width: 318px;\">\n<h4><strong>\u00a0INFORMES DE LES VISITES DELS PARES\/MARES\u00a0 AL MENJADOR<\/strong><\/h4>\n<\/td>\n<td style=\"width: 406px;\"><a href=\"https:\/\/afaferransunyer.org\/menjador\/\" target=\"_blank\" rel=\"noopener\"><b>Informes de les visites<\/b><\/a><\/td>\n<\/tr>\n<\/tbody>\n<\/table>\n<p>ALIMENT ART \u00e9s una empresa consolidada a Catalunya amb m\u00e9s de 40 anys d\u2019experi\u00e8ncia. Empresa de restauraci\u00f3 per a col\u00b7lectivitats i c\u00e0tering.<\/p>\n<p>Amplia experi\u00e8ncia en el desenvolupament i funcionament de serveis de restauraci\u00f3 per a tot tipus de col\u00b7lectivitats.<\/p>\n<p>Actualment estem a m\u00e9s de 100 escoles per tota Catalunya gestionant cuina i servei de monitoratge a m\u00e9s de portar un control econ\u00f2mic del servei.<\/p>\n<p><strong><u>L\u2019EQUIP <\/u><\/strong>de cuina i monitoratge del Ferran Sunyer est\u00e0 format per:<\/p>\n<p>CUINA:<\/p>\n<ul>\n<li>Cuiner: Jordi<\/li>\n<li>Auxiliars: Moni, Montse, Saray i Vanessa<\/li>\n<\/ul>\n<h4>MONITORS\/ES :<\/h4>\n<h4 style=\"text-align: center;\">ED.INFANTIL<\/h4>\n<table style=\"width: 89.15%; height: 202px;\">\n<tbody>\n<tr style=\"height: 32px;\">\n<td style=\"width: 23.8095%; text-align: center; height: 32px;\">\n<h5><strong>EI3<\/strong><\/h5>\n<\/td>\n<td style=\"width: 196.743%; text-align: center; height: 32px;\">\n<h5><\/h5>\n<h5><\/h5>\n<h5 style=\"text-align: left;\">\u00c0lex, Azucena i Laura<\/h5>\n<\/td>\n<\/tr>\n<tr style=\"height: 32px;\">\n<td style=\"width: 23.8095%; height: 32px; text-align: center;\">\n<h5><strong>EI4<\/strong><\/h5>\n<\/td>\n<td style=\"width: 196.743%; height: 32px;\">Mario, Cristian i Loren<\/td>\n<\/tr>\n<tr style=\"height: 32px;\">\n<td style=\"width: 23.8095%; height: 32px; text-align: center;\">\n<h5><strong>EI5<\/strong><\/h5>\n<\/td>\n<td style=\"width: 196.743%; height: 32px;\">\n<h5 style=\"text-align: center;\">Martina, Anna i Anna<\/h5>\n<\/td>\n<\/tr>\n<\/tbody>\n<\/table>\n<h5 style=\"text-align: center;\">ED. PRIM\u00c0RIA<\/h5>\n<table style=\"border-collapse: collapse; width: 67.1324%; height: 291px;\">\n<tbody>\n<tr style=\"height: 96px;\">\n<td style=\"width: 11.4394%; height: 96px;\">\n<h5><strong>1r PRIMARIA<\/strong><\/h5>\n<\/td>\n<td style=\"width: 26.3834%; height: 96px;\">&nbsp;<\/p>\n<p style=\"text-align: center;\">Mer\u00e7\u00e9 i Sabrina<\/p>\n<\/td>\n<td style=\"width: 9.43827%; height: 96px;\">\n<h4><strong>2n Prim\u00e0ria<\/strong><\/h4>\n<\/td>\n<td style=\"width: 20.0709%; text-align: left; height: 96px;\">&nbsp;<\/p>\n<p>Marisa i \u00c0lex<\/td>\n<\/tr>\n<tr style=\"height: 59px;\">\n<td style=\"width: 11.4394%; height: 59px;\">\n<h5><strong>3r Prim\u00e0ria<\/strong><\/h5>\n<\/td>\n<td style=\"width: 26.3834%; text-align: center; height: 59px;\">\u00c1lvaro, Ashley i Lara<\/td>\n<td style=\"width: 9.43827%; height: 59px;\">\n<h4><\/h4>\n<h4><strong>4t Prim\u00e0ria<\/strong><\/h4>\n<p>&nbsp;<\/td>\n<td style=\"width: 20.0709%; text-align: left; height: 59px;\">Dani, Marco i M\u00f3nica<\/td>\n<\/tr>\n<tr style=\"height: 136px;\">\n<td style=\"width: 11.4394%; height: 136px;\">\n<h5><strong>5\u00e8 Prim\u00e0ria<\/strong><\/h5>\n<\/td>\n<td style=\"width: 26.3834%; height: 136px;\">\n<p style=\"text-align: center;\">Gema i Joan<\/p>\n<\/td>\n<td style=\"width: 9.43827%; height: 136px;\">\n<h4><strong>6\u00e8 Prim\u00e0ria<\/strong><\/h4>\n<\/td>\n<td style=\"width: 20.0709%; text-align: left; height: 136px;\">David, \u00c0lex i Sandra<\/p>\n<p style=\"text-align: center;\">\n<\/td>\n<\/tr>\n<\/tbody>\n<\/table>\n<table style=\"height: 485px; width: 664px;\">\n<tbody>\n<tr style=\"height: 188px;\">\n<td style=\"height: 164px; width: 294px; text-align: center;\"><strong><u>OBJECTIUS GENERALS DEL MENJADOR<\/u><\/strong><\/td>\n<td style=\"height: 164px; width: 362px;\">\n<ul>\n<li>Desenvolupar la curiositat envers els aliments<\/li>\n<li>Desenvolupar la higiene personal<\/li>\n<li>Crear un clima dist\u00e8s i relaxat durant l\u2019\u00e0pat<\/li>\n<li>Treballar la conviv\u00e8ncia i el respecte<\/li>\n<li>Desenvolupar l\u2019autonomia de l\u2019infant<\/li>\n<li>Potenciar els h\u00e0bits posturals i la comunicaci\u00f3<\/li>\n<li>Oferir un lleure de qualitat i gratificant per l\u2019infant<\/li>\n<\/ul>\n<\/td>\n<\/tr>\n<tr style=\"height: 31px;\">\n<td style=\"height: 10px; width: 294px; text-align: center;\"><strong><u>PROJECTE EDUCATIU<\/u><\/strong><\/td>\n<td style=\"height: 10px; width: 362px;\">EIXOS DE TREBALL:<\/p>\n<ul>\n<li>Autonomia i adquisici\u00f3 d\u2019h\u00e0bits<\/li>\n<li>Alimentaci\u00f3 sana i ecol\u00f2gica<\/li>\n<li>La conviv\u00e8ncia al pati escolar<\/li>\n<\/ul>\n<p>&nbsp;<\/td>\n<\/tr>\n<tr style=\"height: 311px;\">\n<td style=\"width: 294px; height: 311px; text-align: center;\"><strong><u>INFORMACI\u00d3 A LES FAM\u00cdLIES<\/u><\/strong><\/td>\n<td style=\"width: 362px; height: 311px;\">La comunicaci\u00f3 amb entre el menjador i les fam\u00edlies \u00e9s fonamental, per aix\u00f2 establim els seg\u00fcents canals d\u2019informaci\u00f3 i comunicaci\u00f3:<\/p>\n<ul>\n<li>Full diari a la porta de p3<\/li>\n<li>Informe setmanal p4 i p5<\/li>\n<li>Informes trimestrals<\/li>\n<li>Fulls d\u2019incid\u00e8ncies<\/li>\n<li>Atenci\u00f3 directa a les fam\u00edlies<\/li>\n<li>Reunions peri\u00f2diques amb la comissi\u00f3 de menjador de l\u2019Ampa i la Direcci\u00f3 de l\u2019Escola.<\/li>\n<\/ul>\n<p>&nbsp;<\/td>\n<\/tr>\n<\/tbody>\n<\/table>\n<p>&nbsp;<\/p>\n<p>&nbsp;<\/p>\n<table style=\"border-collapse: collapse; width: 100%;\">\n<tbody>\n<tr>\n<td style=\"width: 21.3178%;\"><a href=\"https:\/\/agora.xtec.cat\/escferransunyer\/wp-content\/uploads\/usu431\/2025\/05\/menjadors-escolars-sans-sostenibles-DOC_02.jpeg\"><img loading=\"lazy\" decoding=\"async\" class=\"aligncenter size-medium wp-image-14622\" src=\"https:\/\/agora.xtec.cat\/escferransunyer\/wp-content\/uploads\/usu431\/2025\/05\/menjadors-escolars-sans-sostenibles-DOC_02-212x300.jpeg\" alt=\"\" width=\"212\" height=\"300\" srcset=\"https:\/\/agora.xtec.cat\/escferransunyer\/wp-content\/uploads\/usu431\/2025\/05\/menjadors-escolars-sans-sostenibles-DOC_02-212x300.jpeg 212w, https:\/\/agora.xtec.cat\/escferransunyer\/wp-content\/uploads\/usu431\/2025\/05\/menjadors-escolars-sans-sostenibles-DOC_02.jpeg 595w\" sizes=\"auto, (max-width: 212px) 100vw, 212px\" \/><\/a><\/td>\n<td style=\"width: 78.6822%;\">El menjador de l&#8217;escola est\u00e0 apuntat al<a href=\"https:\/\/www.aspb.cat\/documents\/menjadors-escolars-sans-sostenibles\" target=\"_blank\" rel=\"noopener\"><strong> programa MENJADORS ESCOLARS SANS I SOSTENIBLES<\/strong><\/a>. \u00c9s\u00a0 un programa promogut per l\u2019Ag\u00e8ncia de la Salut P\u00fablica de Barcelona (ASPB) i l\u2019Ajuntament de Barcelona i amb el suport del Consorci d\u2019Educaci\u00f3 de Barcelona\u00a0 que promou canvis en el model de menjador per tal que aquest sigui m\u00e9s saludable i sostenible, segur i just.<\/td>\n<\/tr>\n<\/tbody>\n<\/table>\n<p>&nbsp;<\/p>\n<p>&nbsp;<\/p>\n<p>&nbsp;<\/p>\n","protected":false},"excerpt":{"rendered":"<p>&nbsp;<\/p>\n<p><a style=\"color: #2795b6;\" href=\"http:\/\/alimentart.com\/\" target=\"_blank\" rel=\"noopener noreferrer\"><\/a><br \/>\n<a href=\"http:\/\/alimentart.com\/\" target=\"_blank\" rel=\"noopener noreferrer\">Clicant l&#8217;imatge accediu a la web d&#8217;Alimentart.<\/a><\/p>\n<p>Coordinadora: Cristina Franco<br \/>\nEl tel\u00e8fon per avisar abs\u00e8ncies \/incid\u00e8ncies: 661 75 49 70\u00a0\u00a0<br \/>\nAdre\u00e7a electr\u00f2nica: menjador@fsunyer.cat<br \/>\nEnlla\u00e7os:<\/p>\n<ul>\n<li><a href=\"https:\/\/drive.google.com\/file\/d\/1aQjpxPSZA37yd5imG0mnJ6sBlUUHS6AA\/view?usp=sharing\" target=\"_blank\" rel=\"noopener\">FITXA D&#8217;INSCRIPCI\u00d3 del menjador (pdf)<\/a><\/li>\n<li><a href=\"https:\/\/drive.google.com\/file\/d\/1U0CWN2bFlDKpGgwZbVqIJsXo24K_RCmm\/view?usp=drive_link\" target=\"_blank\" rel=\"noopener\">CARTA DE PRESENTACI\u00d3<\/a><\/li>\n<li><a href=\"https:\/\/drive.google.com\/file\/d\/16O_Qt58IqbMY9DnP5jVRC6uEqOgkoj0V\/view?usp=sharing\" target=\"_blank\"&hellip;  <a href=\"https:\/\/agora.xtec.cat\/escferransunyer\/serveis\/menjador-escolar\/\" title=\"Read Menjador\">Llegeix m\u00e9s\u00bb<\/a><br \/>\n","protected":false},"author":2,"featured_media":0,"parent":66,"menu_order":20,"comment_status":"closed","ping_status":"closed","template":"page-templates\/side-menu.php","meta":{"_bbp_topic_count":0,"_bbp_reply_count":0,"_bbp_total_topic_count":0,"_bbp_total_reply_count":0,"_bbp_voice_count":0,"_bbp_anonymous_reply_count":0,"_bbp_topic_count_hidden":0,"_bbp_reply_count_hidden":0,"_bbp_forum_subforum_count":0,"footnotes":""},"class_list":["post-73","page","type-page","status-publish","hentry"],"post_mailing_queue_ids":[],"_links":{"self":[{"href":"https:\/\/agora.xtec.cat\/escferransunyer\/wp-json\/wp\/v2\/pages\/73","targetHints":{"allow":["GET"]}}],"collection":[{"href":"https:\/\/agora.xtec.cat\/escferransunyer\/wp-json\/wp\/v2\/pages"}],"about":[{"href":"https:\/\/agora.xtec.cat\/escferransunyer\/wp-json\/wp\/v2\/types\/page"}],"author":[{"embeddable":true,"href":"https:\/\/agora.xtec.cat\/escferransunyer\/wp-json\/wp\/v2\/users\/2"}],"replies":[{"embeddable":true,"href":"https:\/\/agora.xtec.cat\/escferransunyer\/wp-json\/wp\/v2\/comments?post=73"}],"version-history":[{"count":6,"href":"https:\/\/agora.xtec.cat\/escferransunyer\/wp-json\/wp\/v2\/pages\/73\/revisions"}],"predecessor-version":[{"id":14858,"href":"https:\/\/agora.xtec.cat\/escferransunyer\/wp-json\/wp\/v2\/pages\/73\/revisions\/14858"}],"up":[{"embeddable":true,"href":"https:\/\/agora.xtec.cat\/escferransunyer\/wp-json\/wp\/v2\/pages\/66"}],"wp:attachment":[{"href":"https:\/\/agora.xtec.cat\/escferransunyer\/wp-json\/wp\/v2\/media?parent=73"}],"curies":[{"name":"wp","href":"https:\/\/api.w.org\/{rel}","templated":true}]}}