{"id":6807,"date":"2020-02-14T07:32:27","date_gmt":"2020-02-14T06:32:27","guid":{"rendered":"http:\/\/agora.xtec.cat\/escferransunyer\/?page_id=6807"},"modified":"2021-02-01T11:23:49","modified_gmt":"2021-02-01T10:23:49","slug":"siei","status":"publish","type":"page","link":"https:\/\/agora.xtec.cat\/escferransunyer\/trets-didentitat\/linia-pedagogica\/siei\/","title":{"rendered":"SIEI"},"content":{"rendered":"<p><a href=\"https:\/\/agora.xtec.cat\/escferransunyer\/wp-content\/uploads\/usu431\/2020\/02\/logojornada.png\"><img loading=\"lazy\" decoding=\"async\" class=\"alignleft wp-image-6886 size-medium\" src=\"https:\/\/agora.xtec.cat\/escferransunyer\/wp-content\/uploads\/usu431\/2020\/02\/logojornada-300x300.png\" alt=\"\" width=\"300\" height=\"300\" srcset=\"https:\/\/agora.xtec.cat\/escferransunyer\/wp-content\/uploads\/usu431\/2020\/02\/logojornada-300x300.png 300w, https:\/\/agora.xtec.cat\/escferransunyer\/wp-content\/uploads\/usu431\/2020\/02\/logojornada-150x150.png 150w, https:\/\/agora.xtec.cat\/escferransunyer\/wp-content\/uploads\/usu431\/2020\/02\/logojornada.png 603w\" sizes=\"auto, (max-width: 300px) 100vw, 300px\" \/><\/a><\/p>\n<div>\n<div>\n<div class=\"row\">\n<div class=\"basic_text_peq col-xs-12\">\n<div class=\"pd-15x\">\n<p>Hi ha nens i nenes dins l&#8217;escola amb genialitats diverses.<\/p>\n<p>Alguns ens les mostren amb facilitat, altres necessiten que ens hi fixem una mica m\u00e9s i hi ha d&#8217;altres que realment les tenen ben amagades. Tant, que a vegades costa trobar-les; no es veuen a simple vista.<\/p>\n<p>I aix\u00f2 fa que el seu cam\u00ed cap a l&#8217;aprenentatge, tan educatiu com comunitari, de vegades, necessiti d&#8217;un acompanyament m\u00e9s espec\u00edfic. D&#8217;aix\u00f2 ens encarreguem al <strong>SIEI<\/strong>.<\/p>\n<p>A m\u00e9s d&#8217;oferir tamb\u00e9 una nova mirada a tots els que acompanyem a aquests infants per ser capa\u00e7os, en cas de trobar-nos al llarg del cam\u00ed, de donar resposta a all\u00f2 que necessitin per a poder accedir a l&#8217;aprenentatge i participar en l&#8217;entorn que els envolta.<\/p>\n<p>&nbsp;<\/p>\n<\/div>\n<\/div>\n<\/div>\n<\/div>\n<\/div>\n<div class=\"llistat_collapse\">\n<div id=\"acordio_distribuidora\" class=\"panel-group llistat_collapse_cont\">\n<div class=\"panel panel-default\">\n<div class=\"panel-heading\">\n<h2 class=\"panel-title\"><\/h2>\n<\/div>\n<\/div>\n<\/div>\n<\/div>\n","protected":false},"excerpt":{"rendered":"<p><a href=\"https:\/\/agora.xtec.cat\/escferransunyer\/wp-content\/uploads\/usu431\/2020\/02\/logojornada.png\"><\/a><\/p>\n<p>Hi ha nens i nenes dins l&#8217;escola amb genialitats diverses.<br \/>\nAlguns ens les mostren amb facilitat, altres necessiten que ens hi fixem una mica m\u00e9s i hi ha d&#8217;altres que realment les tenen ben amagades. Tant, que a vegades costa trobar-les; no es veuen a&hellip;  <a href=\"https:\/\/agora.xtec.cat\/escferransunyer\/trets-didentitat\/linia-pedagogica\/siei\/\" title=\"Read SIEI\">Llegeix m\u00e9s\u00bb<\/a><\/p>\n","protected":false},"author":1,"featured_media":0,"parent":6435,"menu_order":30,"comment_status":"closed","ping_status":"closed","template":"page-templates\/side-menu.php","meta":{"_bbp_topic_count":0,"_bbp_reply_count":0,"_bbp_total_topic_count":0,"_bbp_total_reply_count":0,"_bbp_voice_count":0,"_bbp_anonymous_reply_count":0,"_bbp_topic_count_hidden":0,"_bbp_reply_count_hidden":0,"_bbp_forum_subforum_count":0,"footnotes":""},"class_list":["post-6807","page","type-page","status-publish","hentry"],"post_mailing_queue_ids":[],"_links":{"self":[{"href":"https:\/\/agora.xtec.cat\/escferransunyer\/wp-json\/wp\/v2\/pages\/6807","targetHints":{"allow":["GET"]}}],"collection":[{"href":"https:\/\/agora.xtec.cat\/escferransunyer\/wp-json\/wp\/v2\/pages"}],"about":[{"href":"https:\/\/agora.xtec.cat\/escferransunyer\/wp-json\/wp\/v2\/types\/page"}],"author":[{"embeddable":true,"href":"https:\/\/agora.xtec.cat\/escferransunyer\/wp-json\/wp\/v2\/users\/1"}],"replies":[{"embeddable":true,"href":"https:\/\/agora.xtec.cat\/escferransunyer\/wp-json\/wp\/v2\/comments?post=6807"}],"version-history":[{"count":3,"href":"https:\/\/agora.xtec.cat\/escferransunyer\/wp-json\/wp\/v2\/pages\/6807\/revisions"}],"predecessor-version":[{"id":8595,"href":"https:\/\/agora.xtec.cat\/escferransunyer\/wp-json\/wp\/v2\/pages\/6807\/revisions\/8595"}],"up":[{"embeddable":true,"href":"https:\/\/agora.xtec.cat\/escferransunyer\/wp-json\/wp\/v2\/pages\/6435"}],"wp:attachment":[{"href":"https:\/\/agora.xtec.cat\/escferransunyer\/wp-json\/wp\/v2\/media?parent=6807"}],"curies":[{"name":"wp","href":"https:\/\/api.w.org\/{rel}","templated":true}]}}