{"id":6609,"date":"2020-02-12T00:09:43","date_gmt":"2020-02-11T23:09:43","guid":{"rendered":"http:\/\/agora.xtec.cat\/escferransunyer\/?page_id=6609"},"modified":"2026-01-23T11:27:37","modified_gmt":"2026-01-23T10:27:37","slug":"secretaria","status":"publish","type":"page","link":"https:\/\/agora.xtec.cat\/escferransunyer\/lescola\/secretaria\/","title":{"rendered":"Secretaria"},"content":{"rendered":"<p><a style=\"font-family: inherit; font-size: 1em;\" href=\"https:\/\/agora.xtec.cat\/escferransunyer\/wp-content\/uploads\/usu431\/2020\/02\/formulario_final.png\"><img loading=\"lazy\" decoding=\"async\" class=\"size-full wp-image-6713 alignleft\" src=\"https:\/\/agora.xtec.cat\/escferransunyer\/wp-content\/uploads\/usu431\/2020\/02\/formulario_final.png\" alt=\"\" width=\"225\" height=\"225\" srcset=\"https:\/\/agora.xtec.cat\/escferransunyer\/wp-content\/uploads\/usu431\/2020\/02\/formulario_final.png 225w, https:\/\/agora.xtec.cat\/escferransunyer\/wp-content\/uploads\/usu431\/2020\/02\/formulario_final-150x150.png 150w\" sizes=\"auto, (max-width: 225px) 100vw, 225px\" \/><\/a><\/p>\n<div class=\"FW_sArticleFoto\">\n<div class=\"FW_sEditPro\">\n<p>En aquesta secci\u00f3 podeu consultar informaci\u00f3 relativa a diferents tr\u00e0mits del vostre inter\u00e8s.<\/p>\n<ul>\n<li><a href=\"https:\/\/agora.xtec.cat\/escferransunyer\/lescola\/secretaria\/preinscripcio\/\" target=\"_blank\" rel=\"noopener noreferrer\">Preinscripci\u00f3<\/a><\/li>\n<li><a href=\"https:\/\/agora.xtec.cat\/escferransunyer\/lescola\/secretaria\/matricula\/\" target=\"_blank\" rel=\"noopener noreferrer\">Matriculaci\u00f3<\/a><\/li>\n<li><a href=\"https:\/\/agora.xtec.cat\/escferransunyer\/lescola\/secretaria\/beques\/\" target=\"_blank\" rel=\"noopener\">Ajuts de menjador<\/a><\/li>\n<li><a href=\"https:\/\/agora.xtec.cat\/escferransunyer\/lescola\/secretaria\/autoritzacions\/\" target=\"_blank\" rel=\"noopener noreferrer\">Autoritzacions<\/a><\/li>\n<\/ul>\n<\/div>\n<\/div>\n<div class=\"FW_clear FW_hrBlanc\"><\/div>\n","protected":false},"excerpt":{"rendered":"<p><a style=\"font-family: inherit; font-size: 1em;\" href=\"https:\/\/agora.xtec.cat\/escferransunyer\/wp-content\/uploads\/usu431\/2020\/02\/formulario_final.png\"><\/a><\/p>\n<p>En aquesta secci\u00f3 podeu consultar informaci\u00f3 relativa a diferents tr\u00e0mits del vostre inter\u00e8s.<\/p>\n<ul>\n<li><a href=\"https:\/\/agora.xtec.cat\/escferransunyer\/lescola\/secretaria\/preinscripcio\/\" target=\"_blank\" rel=\"noopener noreferrer\">Preinscripci\u00f3<\/a><\/li>\n<li><a href=\"https:\/\/agora.xtec.cat\/escferransunyer\/lescola\/secretaria\/matricula\/\" target=\"_blank\" rel=\"noopener noreferrer\">Matriculaci\u00f3<\/a><\/li>\n<li><a href=\"https:\/\/agora.xtec.cat\/escferransunyer\/lescola\/secretaria\/beques\/\" target=\"_blank\" rel=\"noopener\">Ajuts de menjador<\/a><\/li>\n<li><a href=\"https:\/\/agora.xtec.cat\/escferransunyer\/lescola\/secretaria\/autoritzacions\/\" target=\"_blank\" rel=\"noopener noreferrer\">Autoritzacions<\/a><\/li>\n<\/ul>\n","protected":false},"author":1,"featured_media":0,"parent":22,"menu_order":70,"comment_status":"closed","ping_status":"closed","template":"page-templates\/side-menu.php","meta":{"_bbp_topic_count":0,"_bbp_reply_count":0,"_bbp_total_topic_count":0,"_bbp_total_reply_count":0,"_bbp_voice_count":0,"_bbp_anonymous_reply_count":0,"_bbp_topic_count_hidden":0,"_bbp_reply_count_hidden":0,"_bbp_forum_subforum_count":0,"footnotes":""},"class_list":["post-6609","page","type-page","status-publish","hentry"],"post_mailing_queue_ids":[],"_links":{"self":[{"href":"https:\/\/agora.xtec.cat\/escferransunyer\/wp-json\/wp\/v2\/pages\/6609","targetHints":{"allow":["GET"]}}],"collection":[{"href":"https:\/\/agora.xtec.cat\/escferransunyer\/wp-json\/wp\/v2\/pages"}],"about":[{"href":"https:\/\/agora.xtec.cat\/escferransunyer\/wp-json\/wp\/v2\/types\/page"}],"author":[{"embeddable":true,"href":"https:\/\/agora.xtec.cat\/escferransunyer\/wp-json\/wp\/v2\/users\/1"}],"replies":[{"embeddable":true,"href":"https:\/\/agora.xtec.cat\/escferransunyer\/wp-json\/wp\/v2\/comments?post=6609"}],"version-history":[{"count":6,"href":"https:\/\/agora.xtec.cat\/escferransunyer\/wp-json\/wp\/v2\/pages\/6609\/revisions"}],"predecessor-version":[{"id":15028,"href":"https:\/\/agora.xtec.cat\/escferransunyer\/wp-json\/wp\/v2\/pages\/6609\/revisions\/15028"}],"up":[{"embeddable":true,"href":"https:\/\/agora.xtec.cat\/escferransunyer\/wp-json\/wp\/v2\/pages\/22"}],"wp:attachment":[{"href":"https:\/\/agora.xtec.cat\/escferransunyer\/wp-json\/wp\/v2\/media?parent=6609"}],"curies":[{"name":"wp","href":"https:\/\/api.w.org\/{rel}","templated":true}]}}