{"id":6444,"date":"2020-01-25T16:35:36","date_gmt":"2020-01-25T15:35:36","guid":{"rendered":"http:\/\/agora.xtec.cat\/escferransunyer\/?page_id=6444"},"modified":"2024-01-09T11:01:38","modified_gmt":"2024-01-09T10:01:38","slug":"primaria","status":"publish","type":"page","link":"https:\/\/agora.xtec.cat\/escferransunyer\/trets-didentitat\/linia-pedagogica\/primaria\/","title":{"rendered":"Un dia a Ed. Prim\u00e0ria"},"content":{"rendered":"<p><a href=\"https:\/\/agora.xtec.cat\/escferransunyer\/wp-content\/uploads\/usu431\/2020\/02\/images-5.jpg\"><img loading=\"lazy\" decoding=\"async\" class=\"alignleft wp-image-6933\" src=\"https:\/\/agora.xtec.cat\/escferransunyer\/wp-content\/uploads\/usu431\/2020\/02\/images-5.jpg\" alt=\"\" width=\"278\" height=\"278\" srcset=\"https:\/\/agora.xtec.cat\/escferransunyer\/wp-content\/uploads\/usu431\/2020\/02\/images-5.jpg 225w, https:\/\/agora.xtec.cat\/escferransunyer\/wp-content\/uploads\/usu431\/2020\/02\/images-5-150x150.jpg 150w\" sizes=\"auto, (max-width: 278px) 100vw, 278px\" \/><\/a>Clicant els enlla\u00e7os de cada nivell podreu consultar l&#8217;organitzaci\u00f3 hor\u00e0ria que tenen cadascun dels cursos.<\/p>\n<table class=\" aligncenter\" style=\"height: 166px; width: 389px;\" width=\"324\">\n<tbody>\n<tr style=\"height: 83px;\">\n<td style=\"width: 110px; height: 83px;\">\n<h2 style=\"text-align: center;\"><a href=\"https:\/\/drive.google.com\/file\/d\/1hGCvzoRhIYEOpGSPH1Vk3_JoAH1SbZu0\/view?usp=sharing\" target=\"_blank\" rel=\"noopener\">1r<\/a><\/h2>\n<\/td>\n<td style=\"width: 124px; text-align: center; height: 83px;\">\n<h2><a href=\"https:\/\/drive.google.com\/file\/d\/1yqpXcvSNvGRLlM9OD8MB7DjiSQp26GcX\/view?usp=sharing\" target=\"_blank\" rel=\"noopener\"><strong>3r<\/strong><\/a><\/h2>\n<\/td>\n<td style=\"width: 145px; text-align: center; height: 83px;\">\n<h2><a href=\"https:\/\/drive.google.com\/file\/d\/1jQtab0S0rNFE_PVDVsaoeoNi-Bt_xa_M\/view?usp=sharing\" target=\"_blank\" rel=\"noopener\"><strong>5\u00e8 i 6\u00e8<\/strong><\/a><\/h2>\n<\/td>\n<\/tr>\n<tr style=\"height: 83px;\">\n<td style=\"width: 110px; text-align: center; height: 83px;\">\n<h2><a href=\"https:\/\/drive.google.com\/file\/d\/1_9UlSc5r80nvEgl2F0KhAB-3zYBUie_3\/view?usp=sharing\" target=\"_blank\" rel=\"noopener\">2n<\/a><\/h2>\n<\/td>\n<td style=\"width: 124px; text-align: center; height: 83px;\">\n<h2><a href=\"https:\/\/drive.google.com\/file\/d\/1eXrYVSq9oQdx7SJjKOqnJr9JHTTIg_Du\/view?usp=sharing\" target=\"_blank\" rel=\"noopener\">4t<\/a><\/h2>\n<\/td>\n<td style=\"width: 145px; height: 83px;\"><\/td>\n<\/tr>\n<\/tbody>\n<\/table>\n","protected":false},"excerpt":{"rendered":"<p><a href=\"https:\/\/agora.xtec.cat\/escferransunyer\/wp-content\/uploads\/usu431\/2020\/02\/images-5.jpg\"><\/a>Clicant els enlla\u00e7os de cada nivell podreu consultar l&#8217;organitzaci\u00f3 hor\u00e0ria que tenen cadascun dels cursos.<\/p>\n<p><a href=\"https:\/\/drive.google.com\/file\/d\/1hGCvzoRhIYEOpGSPH1Vk3_JoAH1SbZu0\/view?usp=sharing\" target=\"_blank\" rel=\"noopener\">1r<\/a><\/p>\n<p><a href=\"https:\/\/drive.google.com\/file\/d\/1yqpXcvSNvGRLlM9OD8MB7DjiSQp26GcX\/view?usp=sharing\" target=\"_blank\" rel=\"noopener\">3r<\/a><\/p>\n<p><a href=\"https:\/\/drive.google.com\/file\/d\/1jQtab0S0rNFE_PVDVsaoeoNi-Bt_xa_M\/view?usp=sharing\" target=\"_blank\" rel=\"noopener\">5\u00e8 i 6\u00e8<\/a><\/p>\n<p><a href=\"https:\/\/drive.google.com\/file\/d\/1_9UlSc5r80nvEgl2F0KhAB-3zYBUie_3\/view?usp=sharing\" target=\"_blank\" rel=\"noopener\">2n<\/a><\/p>\n<p><a href=\"https:\/\/drive.google.com\/file\/d\/1eXrYVSq9oQdx7SJjKOqnJr9JHTTIg_Du\/view?usp=sharing\" target=\"_blank\" rel=\"noopener\">4t<\/a><\/p>\n","protected":false},"author":1,"featured_media":0,"parent":6435,"menu_order":20,"comment_status":"closed","ping_status":"closed","template":"page-templates\/side-menu.php","meta":{"_bbp_topic_count":0,"_bbp_reply_count":0,"_bbp_total_topic_count":0,"_bbp_total_reply_count":0,"_bbp_voice_count":0,"_bbp_anonymous_reply_count":0,"_bbp_topic_count_hidden":0,"_bbp_reply_count_hidden":0,"_bbp_forum_subforum_count":0,"footnotes":""},"class_list":["post-6444","page","type-page","status-publish","hentry"],"post_mailing_queue_ids":[],"_links":{"self":[{"href":"https:\/\/agora.xtec.cat\/escferransunyer\/wp-json\/wp\/v2\/pages\/6444","targetHints":{"allow":["GET"]}}],"collection":[{"href":"https:\/\/agora.xtec.cat\/escferransunyer\/wp-json\/wp\/v2\/pages"}],"about":[{"href":"https:\/\/agora.xtec.cat\/escferransunyer\/wp-json\/wp\/v2\/types\/page"}],"author":[{"embeddable":true,"href":"https:\/\/agora.xtec.cat\/escferransunyer\/wp-json\/wp\/v2\/users\/1"}],"replies":[{"embeddable":true,"href":"https:\/\/agora.xtec.cat\/escferransunyer\/wp-json\/wp\/v2\/comments?post=6444"}],"version-history":[{"count":5,"href":"https:\/\/agora.xtec.cat\/escferransunyer\/wp-json\/wp\/v2\/pages\/6444\/revisions"}],"predecessor-version":[{"id":13357,"href":"https:\/\/agora.xtec.cat\/escferransunyer\/wp-json\/wp\/v2\/pages\/6444\/revisions\/13357"}],"up":[{"embeddable":true,"href":"https:\/\/agora.xtec.cat\/escferransunyer\/wp-json\/wp\/v2\/pages\/6435"}],"wp:attachment":[{"href":"https:\/\/agora.xtec.cat\/escferransunyer\/wp-json\/wp\/v2\/media?parent=6444"}],"curies":[{"name":"wp","href":"https:\/\/api.w.org\/{rel}","templated":true}]}}