{"id":6440,"date":"2020-01-24T20:27:30","date_gmt":"2020-01-24T19:27:30","guid":{"rendered":"http:\/\/agora.xtec.cat\/escferransunyer\/?page_id=6440"},"modified":"2024-01-17T13:39:19","modified_gmt":"2024-01-17T12:39:19","slug":"educacio-infantil-3","status":"publish","type":"page","link":"https:\/\/agora.xtec.cat\/escferransunyer\/trets-didentitat\/linia-pedagogica\/educacio-infantil-3\/","title":{"rendered":"Un dia a Ed. Infantil"},"content":{"rendered":"<p>En els seg\u00fcents enlla\u00e7os podeu consultar l&#8217;organitzaci\u00f3 hor\u00e0ria dels diferents nivells<a href=\"https:\/\/agora.xtec.cat\/escferransunyer\/wp-content\/uploads\/usu431\/2020\/02\/arbol_prueba5.png\"><img loading=\"lazy\" decoding=\"async\" class=\"size-medium wp-image-6885 alignleft\" src=\"https:\/\/agora.xtec.cat\/escferransunyer\/wp-content\/uploads\/usu431\/2020\/02\/arbol_prueba5-285x300.png\" alt=\"\" width=\"285\" height=\"300\" srcset=\"https:\/\/agora.xtec.cat\/escferransunyer\/wp-content\/uploads\/usu431\/2020\/02\/arbol_prueba5-285x300.png 285w, https:\/\/agora.xtec.cat\/escferransunyer\/wp-content\/uploads\/usu431\/2020\/02\/arbol_prueba5.png 586w\" sizes=\"auto, (max-width: 285px) 100vw, 285px\" \/><\/a><\/p>\n<p><a href=\"https:\/\/drive.google.com\/file\/d\/1O8t_oDut4rnStLontpWq7L6wLgnZJLt6\/view?usp=sharing\" target=\"_blank\" rel=\"noopener\">Horari gen\u00e8ric I3<\/a><\/p>\n<p><a href=\"https:\/\/drive.google.com\/file\/d\/1RyvIrt1yJpasFGBEpwcGC8XMlz-PB2j4\/view?usp=sharing\" target=\"_blank\" rel=\"noopener\">Qu\u00e8 fan als Espais d&#8217;aprenentatge de I3?<\/a><\/p>\n<p>&nbsp;<\/p>\n<p><a href=\"https:\/\/drive.google.com\/file\/d\/1q3ge_s1ktGC2a4JJBfFjHxKNTKefxCuV\/view?usp=sharing\" target=\"_blank\" rel=\"noopener\">Horari gen\u00e8ric I4 i I5<\/a><\/p>\n<p><a href=\"https:\/\/drive.google.com\/file\/d\/1zv5wl1vTY_cvgiw3T_76XvSDAE1um3hw\/view?usp=sharing\" target=\"_blank\" rel=\"noopener\">Qu\u00e8 fan als Espais d&#8217;aprenentatge de\u00a0 I4 i I5?<\/a><\/p>\n","protected":false},"excerpt":{"rendered":"<p>En els seg\u00fcents enlla\u00e7os podeu consultar l&#8217;organitzaci\u00f3 hor\u00e0ria dels diferents nivells<a href=\"https:\/\/agora.xtec.cat\/escferransunyer\/wp-content\/uploads\/usu431\/2020\/02\/arbol_prueba5.png\"><\/a><br \/>\n<a href=\"https:\/\/drive.google.com\/file\/d\/1O8t_oDut4rnStLontpWq7L6wLgnZJLt6\/view?usp=sharing\" target=\"_blank\" rel=\"noopener\">Horari gen\u00e8ric I3<\/a><br \/>\n<a href=\"https:\/\/drive.google.com\/file\/d\/1RyvIrt1yJpasFGBEpwcGC8XMlz-PB2j4\/view?usp=sharing\" target=\"_blank\" rel=\"noopener\">Qu\u00e8 fan als Espais d&#8217;aprenentatge de I3?<\/a><br \/>\n&nbsp;<br \/>\n<a href=\"https:\/\/drive.google.com\/file\/d\/1q3ge_s1ktGC2a4JJBfFjHxKNTKefxCuV\/view?usp=sharing\" target=\"_blank\" rel=\"noopener\">Horari gen\u00e8ric I4 i I5<\/a><br \/>\n<a href=\"https:\/\/drive.google.com\/file\/d\/1zv5wl1vTY_cvgiw3T_76XvSDAE1um3hw\/view?usp=sharing\" target=\"_blank\" rel=\"noopener\">Qu\u00e8 fan als Espais d&#8217;aprenentatge de\u00a0 I4 i I5?<\/a><\/p>\n","protected":false},"author":1,"featured_media":0,"parent":6435,"menu_order":10,"comment_status":"closed","ping_status":"closed","template":"page-templates\/side-menu.php","meta":{"_bbp_topic_count":0,"_bbp_reply_count":0,"_bbp_total_topic_count":0,"_bbp_total_reply_count":0,"_bbp_voice_count":0,"_bbp_anonymous_reply_count":0,"_bbp_topic_count_hidden":0,"_bbp_reply_count_hidden":0,"_bbp_forum_subforum_count":0,"footnotes":""},"class_list":["post-6440","page","type-page","status-publish","hentry"],"post_mailing_queue_ids":[],"_links":{"self":[{"href":"https:\/\/agora.xtec.cat\/escferransunyer\/wp-json\/wp\/v2\/pages\/6440","targetHints":{"allow":["GET"]}}],"collection":[{"href":"https:\/\/agora.xtec.cat\/escferransunyer\/wp-json\/wp\/v2\/pages"}],"about":[{"href":"https:\/\/agora.xtec.cat\/escferransunyer\/wp-json\/wp\/v2\/types\/page"}],"author":[{"embeddable":true,"href":"https:\/\/agora.xtec.cat\/escferransunyer\/wp-json\/wp\/v2\/users\/1"}],"replies":[{"embeddable":true,"href":"https:\/\/agora.xtec.cat\/escferransunyer\/wp-json\/wp\/v2\/comments?post=6440"}],"version-history":[{"count":5,"href":"https:\/\/agora.xtec.cat\/escferransunyer\/wp-json\/wp\/v2\/pages\/6440\/revisions"}],"predecessor-version":[{"id":13364,"href":"https:\/\/agora.xtec.cat\/escferransunyer\/wp-json\/wp\/v2\/pages\/6440\/revisions\/13364"}],"up":[{"embeddable":true,"href":"https:\/\/agora.xtec.cat\/escferransunyer\/wp-json\/wp\/v2\/pages\/6435"}],"wp:attachment":[{"href":"https:\/\/agora.xtec.cat\/escferransunyer\/wp-json\/wp\/v2\/media?parent=6440"}],"curies":[{"name":"wp","href":"https:\/\/api.w.org\/{rel}","templated":true}]}}