{"id":32,"date":"2014-09-18T12:31:33","date_gmt":"2014-09-18T10:31:33","guid":{"rendered":"http:\/\/agora.xtec.cat\/escferransunyer\/?page_id=32"},"modified":"2026-02-25T08:56:34","modified_gmt":"2026-02-25T07:56:34","slug":"calendari-del-curs","status":"publish","type":"page","link":"https:\/\/agora.xtec.cat\/escferransunyer\/curs-2020-21\/calendari-del-curs\/","title":{"rendered":"Calendari del curs"},"content":{"rendered":"<h4><strong><a href=\"https:\/\/agora.xtec.cat\/escferransunyer\/wp-content\/uploads\/usu431\/2020\/02\/Calendari-Escolar.png\"><img loading=\"lazy\" decoding=\"async\" class=\"wp-image-6517 alignright\" src=\"https:\/\/agora.xtec.cat\/escferransunyer\/wp-content\/uploads\/usu431\/2020\/02\/Calendari-Escolar.png\" alt=\"\" width=\"278\" height=\"290\" srcset=\"https:\/\/agora.xtec.cat\/escferransunyer\/wp-content\/uploads\/usu431\/2020\/02\/Calendari-Escolar.png 734w, https:\/\/agora.xtec.cat\/escferransunyer\/wp-content\/uploads\/usu431\/2020\/02\/Calendari-Escolar-287x300.png 287w\" sizes=\"auto, (max-width: 278px) 100vw, 278px\" \/><\/a>Inici de curs:<\/strong><\/h4>\n<p>8 de setembre de 2025<\/p>\n<h4><strong>Vacances:<\/strong><\/h4>\n<p>Del 20 de desembre de 2025 al 7 de gener de 2026 (ambd\u00f3s inclosos)<\/p>\n<p>Del 28 de mar\u00e7 de 2026 al 6 d&#8217;abril de 2026 (ambd\u00f3s inclosos)<\/p>\n<p>A partir del 19 de juny de 2026<\/p>\n<h4><strong>Dies festius de lliure disposici\u00f3:<\/strong><\/h4>\n<p>10 d&#8217;octubre del 2025<\/p>\n<p>3 de novembre del 2025<\/p>\n<p>16 de febrer del 2026<\/p>\n<p>22 de maig de 2026<\/p>\n<h4><strong>Festes locals de Barcelona:<\/strong><\/h4>\n<p>11 de setembre del 2025<\/p>\n<p>24 de setembre del 2025<\/p>\n<p>8 de desembre del 2025<\/p>\n<p>1 de maig del 2026<\/p>\n<p>25 de maig del 2026<\/p>\n<p>&nbsp;<\/p>\n<h4><strong>Jornada compactada (horari lectiu de 9:00h a 13:00h):<\/strong><\/h4>\n<p>el 20 de desembre del 2025<\/p>\n<p>del 8 al 19 de juny del 2026<\/p>\n<p>Per als alumnes que inicien l\u2019escolaritzaci\u00f3 a EI3 s\u2019organitza un breu per\u00edode d\u2019adaptaci\u00f3, els dies 8, 9, 10 i 12 de setembre de 2025 que suposa una certa modificaci\u00f3 dels horaris dels primers dies de classe, i que es fa saber a les fam\u00edlies en les reunions pr\u00e8vies corresponents.<\/p>\n","protected":false},"excerpt":{"rendered":"<p><a href=\"https:\/\/agora.xtec.cat\/escferransunyer\/wp-content\/uploads\/usu431\/2020\/02\/Calendari-Escolar.png\"><\/a>Inici de curs:<br \/>\n8 de setembre de 2025<br \/>\nVacances:<br \/>\nDel 20 de desembre de 2025 al 7 de gener de 2026 (ambd\u00f3s inclosos)<br \/>\nDel 28 de mar\u00e7 de 2026 al 6 d&#8217;abril de 2026 (ambd\u00f3s inclosos)<br \/>\nA partir del 19 de juny de 2026<br \/>\nDies festius de lliure disposici\u00f3:<br \/>\n10 d&#8217;octubre&hellip;  <a href=\"https:\/\/agora.xtec.cat\/escferransunyer\/curs-2020-21\/calendari-del-curs\/\" title=\"Read Calendari del curs\">Llegeix m\u00e9s\u00bb<\/a><\/p>\n","protected":false},"author":2,"featured_media":0,"parent":6693,"menu_order":20,"comment_status":"closed","ping_status":"closed","template":"page-templates\/side-menu.php","meta":{"_bbp_topic_count":0,"_bbp_reply_count":0,"_bbp_total_topic_count":0,"_bbp_total_reply_count":0,"_bbp_voice_count":0,"_bbp_anonymous_reply_count":0,"_bbp_topic_count_hidden":0,"_bbp_reply_count_hidden":0,"_bbp_forum_subforum_count":0,"footnotes":""},"class_list":["post-32","page","type-page","status-publish","hentry"],"post_mailing_queue_ids":[],"_links":{"self":[{"href":"https:\/\/agora.xtec.cat\/escferransunyer\/wp-json\/wp\/v2\/pages\/32","targetHints":{"allow":["GET"]}}],"collection":[{"href":"https:\/\/agora.xtec.cat\/escferransunyer\/wp-json\/wp\/v2\/pages"}],"about":[{"href":"https:\/\/agora.xtec.cat\/escferransunyer\/wp-json\/wp\/v2\/types\/page"}],"author":[{"embeddable":true,"href":"https:\/\/agora.xtec.cat\/escferransunyer\/wp-json\/wp\/v2\/users\/2"}],"replies":[{"embeddable":true,"href":"https:\/\/agora.xtec.cat\/escferransunyer\/wp-json\/wp\/v2\/comments?post=32"}],"version-history":[{"count":6,"href":"https:\/\/agora.xtec.cat\/escferransunyer\/wp-json\/wp\/v2\/pages\/32\/revisions"}],"predecessor-version":[{"id":15144,"href":"https:\/\/agora.xtec.cat\/escferransunyer\/wp-json\/wp\/v2\/pages\/32\/revisions\/15144"}],"up":[{"embeddable":true,"href":"https:\/\/agora.xtec.cat\/escferransunyer\/wp-json\/wp\/v2\/pages\/6693"}],"wp:attachment":[{"href":"https:\/\/agora.xtec.cat\/escferransunyer\/wp-json\/wp\/v2\/media?parent=32"}],"curies":[{"name":"wp","href":"https:\/\/api.w.org\/{rel}","templated":true}]}}