{"id":28,"date":"2014-09-18T12:29:35","date_gmt":"2014-09-18T12:29:35","guid":{"rendered":"http:\/\/agora.xtec.cat\/escferransunyer\/?page_id=28"},"modified":"2026-03-05T14:50:37","modified_gmt":"2026-03-05T13:50:37","slug":"consell-escolar","status":"publish","type":"page","link":"https:\/\/agora.xtec.cat\/escferransunyer\/lescola\/consell-escolar\/","title":{"rendered":"Consell escolar"},"content":{"rendered":"<p><a href=\"https:\/\/agora.xtec.cat\/escferransunyer\/wp-content\/uploads\/usu431\/2020\/02\/reunic3b3-300x243.jpg\"><img loading=\"lazy\" decoding=\"async\" class=\"alignright size-medium wp-image-6753\" src=\"https:\/\/agora.xtec.cat\/escferransunyer\/wp-content\/uploads\/usu431\/2020\/02\/reunic3b3-300x243-300x243.jpg\" alt=\"\" width=\"300\" height=\"243\" \/><\/a>El Consell Escolar \u00e9s l&#8217;\u00f2rgan de participaci\u00f3 i debat de la comunitat educativa, on estan representats tots els estaments que hi formen part (pares i mares, mestres, AMPA, PAS, Ajuntament, etc.).<\/p>\n<p><strong>COMPOSICI\u00d3 DEL CONSELL ESCOLAR<\/strong><\/p>\n<p><strong>ESCOLA FERRAN SUNYER<\/strong><\/p>\n<table style=\"height: 627px; width: 36.0719%;\" width=\"540\">\n<tbody>\n<tr style=\"height: 33px;\">\n<td style=\"text-align: center; height: 198px; width: 66.2366%;\" rowspan=\"6\"><strong>SECTOR MESTRES<\/strong><\/td>\n<td style=\"height: 33px; width: 32.2581%;\">Marta del Camino<\/td>\n<\/tr>\n<tr style=\"height: 33px;\">\n<td style=\"height: 33px; width: 32.2581%;\">Alba Gom\u00e0<\/td>\n<\/tr>\n<tr style=\"height: 33px;\">\n<td style=\"height: 33px; width: 32.2581%;\">Xavi Salazar<\/td>\n<\/tr>\n<tr style=\"height: 33px;\">\n<td style=\"height: 33px; width: 32.2581%;\">Silvia Juli\u00e0n<\/td>\n<\/tr>\n<tr style=\"height: 33px;\">\n<td style=\"height: 33px; width: 32.2581%;\">Sandra Ceballos<\/td>\n<\/tr>\n<tr style=\"height: 33px;\">\n<td style=\"height: 33px; width: 32.2581%;\">Jordi Sede\u00f1o<\/td>\n<\/tr>\n<tr style=\"height: 33px;\">\n<td style=\"text-align: center; height: 198px; width: 66.2366%;\" rowspan=\"6\"><strong>SECTOR PARES<\/strong><\/td>\n<td style=\"height: 33px; width: 32.2581%;\">Soraya Sanfiz<\/td>\n<\/tr>\n<tr style=\"height: 33px;\">\n<td style=\"height: 33px; width: 32.2581%;\">Elisabet Liberato<\/td>\n<\/tr>\n<tr style=\"height: 33px;\">\n<td style=\"height: 33px; width: 32.2581%;\">Alvar Diego<\/td>\n<\/tr>\n<tr style=\"height: 33px;\">\n<td style=\"height: 33px; width: 32.2581%;\">Paolo Borghetti<\/td>\n<\/tr>\n<tr style=\"height: 33px;\">\n<td style=\"height: 33px; width: 32.2581%;\">Ashma<\/td>\n<\/tr>\n<tr style=\"height: 33px;\">\n<td style=\"height: 33px; width: 32.2581%;\"><\/td>\n<\/tr>\n<tr style=\"height: 33px;\">\n<td style=\"text-align: center; height: 33px; width: 66.2366%;\"><strong>REPRESENTANT DE L&#8217;AMPA<\/strong><\/td>\n<td style=\"height: 33px; width: 32.2581%;\">Miriam Boher<\/td>\n<\/tr>\n<tr style=\"height: 33px;\">\n<td style=\"text-align: center; height: 33px; width: 66.2366%;\"><strong>REPRESENTANT DEL PAS<\/strong><\/td>\n<td style=\"height: 33px; width: 32.2581%;\">Gl\u00f2ria V\u00e1zquez<\/td>\n<\/tr>\n<tr style=\"height: 33px;\">\n<td style=\"text-align: center; height: 33px; width: 66.2366%;\"><strong>REPRESENTANT DEL PAE<\/strong><\/td>\n<td style=\"height: 33px; width: 32.2581%;\">Toni Mart\u00ednez<\/td>\n<\/tr>\n<tr style=\"height: 33px;\">\n<td style=\"text-align: center; height: 33px; width: 66.2366%;\"><strong>REPRESENTANT DE L&#8217;AJUNTAMENT<\/strong><\/td>\n<td style=\"height: 33px; width: 32.2581%;\">Maria Jos\u00e9 P\u00e9rez<\/td>\n<\/tr>\n<tr style=\"height: 33px;\">\n<td style=\"text-align: center; height: 33px; width: 66.2366%;\"><strong>DIRECTOR<\/strong><\/td>\n<td style=\"height: 33px; width: 32.2581%;\">Dani Vidal<\/td>\n<\/tr>\n<tr style=\"height: 33px;\">\n<td style=\"text-align: center; height: 33px; width: 66.2366%;\"><strong>CAP D&#8217;ESTUDIS<\/strong><\/td>\n<td style=\"height: 33px; width: 32.2581%;\">Marta Cabrera<\/td>\n<\/tr>\n<tr style=\"height: 33px;\">\n<td style=\"text-align: center; height: 33px; width: 66.2366%;\"><strong>SECRET\u00c0RIA<\/strong><\/td>\n<td style=\"height: 33px; width: 32.2581%;\">Cristina Argemi<\/td>\n<\/tr>\n<\/tbody>\n<\/table>\n<p>&nbsp;<\/p>\n<h4><strong>RESUMS DEL CONSELL ESCOLAR:<\/strong><\/h4>\n<p>&nbsp;<\/p>\n<table style=\"border-collapse: collapse; width: 33.285%; height: 246px;\">\n<tbody>\n<tr>\n<td style=\"width: 10.8412%;\"><strong>CURS 25-26<\/strong><\/td>\n<td style=\"width: 22.4438%;\">\n<ul>\n<li><a href=\"https:\/\/drive.google.com\/file\/d\/1YSpHUe3bdP1SmQVmIg-y-26XGjy-2KNg\/view?usp=sharinghttps:\/\/drive.google.com\/file\/d\/1auRFJpoH6e94CSJ9jrh9b1rTUSO73sYf\/view?usp=sharing\" target=\"_blank\" rel=\"noopener\">C.E. del 25\/09\/2025<\/a><\/li>\n<li><a href=\"https:\/\/drive.google.com\/file\/d\/1eLmW4MRk4lwC_Tt2CbFOukV30U7y4TDi\/view?usp=drive_link\" target=\"_blank\" rel=\"noopener\">C.E. del 03\/03\/2026<\/a><\/li>\n<\/ul>\n<\/td>\n<\/tr>\n<tr>\n<td style=\"width: 10.8412%;\"><strong>CURS 24-25<\/strong><\/td>\n<td style=\"width: 22.4438%;\">\n<ul>\n<li><a href=\"https:\/\/drive.google.com\/file\/d\/1inWAIwr0H3AZsQGdXyOofdxoMa5Igcw_\/view?usp=drive_link\" target=\"_blank\" rel=\"noopener\">C.E. del 22\/10\/2024<\/a><\/li>\n<li><a href=\"https:\/\/drive.google.com\/file\/d\/1fjV0WPNoZmPXQg8glczn1AOFxt5MFA19\/view?usp=sharing\" target=\"_blank\" rel=\"noopener\">C.E. del 25\/02\/2025<\/a><\/li>\n<li><a href=\"https:\/\/drive.google.com\/file\/d\/1_5hyDbkDDUi3isXM1yiBQatasScmbDAO\/view?usp=sharing\" target=\"_blank\" rel=\"noopener\">C.E. del 26\/06\/2025<\/a><\/li>\n<\/ul>\n<\/td>\n<\/tr>\n<tr>\n<td style=\"width: 10.8412%;\"><strong>CURS 23-24<\/strong><\/td>\n<td style=\"width: 22.4438%;\">\n<ul>\n<li><a href=\"https:\/\/drive.google.com\/file\/d\/1Z5Hsw_40dku0cskP0Ao4Nk1vn8FSJYam\/view?usp=sharing\" target=\"_blank\" rel=\"noopener\">C.E del 28\/11\/2023<\/a><\/li>\n<li><a href=\"https:\/\/drive.google.com\/file\/d\/1XsPJgjinSgsq-JoTDcKqQbc5gFHKBdqv\/view?usp=sharing\" target=\"_blank\" rel=\"noopener\">C.E. del 6\/3\/2024<\/a><\/li>\n<li><a href=\"https:\/\/drive.google.com\/file\/d\/1vSDNfzScR18KKtqQ2W0whG7EhXYqzphe\/view?usp=sharing\" target=\"_blank\" rel=\"noopener\">C.E. del 18\/06\/2024<\/a><\/li>\n<\/ul>\n<\/td>\n<\/tr>\n<tr>\n<td style=\"width: 10.8412%;\"><strong>CURS 22-23<\/strong><\/td>\n<td style=\"width: 22.4438%;\">\n<ul>\n<li><a href=\"https:\/\/drive.google.com\/file\/d\/1N33nmGfMar_2PiF5rll--31-3kV0N-Is\/view?usp=share_link\" target=\"_blank\" rel=\"noopener\">C.E del 14\/11\/22<\/a><\/li>\n<li><a href=\"https:\/\/drive.google.com\/file\/d\/1n8uSzXMlcWgpa8Amm_SZJub3E8-PcFS3\/view?usp=share_link\" target=\"_blank\" rel=\"noopener\">C.E del 15\/03\/23<\/a><\/li>\n<li><a href=\"https:\/\/drive.google.com\/file\/d\/1E6Jm_yyCwVjw-RKSm2OTZkmXznbxF4dB\/view?usp=share_link\" target=\"_blank\" rel=\"noopener\">C.E del 24\/04\/23<\/a><\/li>\n<\/ul>\n<\/td>\n<\/tr>\n<tr style=\"height: 123px;\">\n<td style=\"width: 10.8412%; height: 123px;\"><strong>CURS 21-22<\/strong><\/td>\n<td style=\"width: 22.4438%; height: 123px;\">\n<ul>\n<li><a href=\"https:\/\/drive.google.com\/file\/d\/14niAeBAKepKkLGAKqpJTRDK6f5981D-y\/view?usp=sharing\" target=\"_blank\" rel=\"noopener\">C.E. del 08\/09\/202<\/a><\/li>\n<li><a href=\"https:\/\/drive.google.com\/file\/d\/1DkTyJDti_IcJ9WcyePIdR2RUAD6LM4mv\/view?usp=sharing\" target=\"_blank\" rel=\"noopener\">C.E. del 27\/10\/2021<\/a><\/li>\n<li><a href=\"https:\/\/drive.google.com\/file\/d\/1-mPeWDEwi-g8K6oXaqRxISrjG1dUN_HE\/view?usp=sharing\" target=\"_blank\" rel=\"noopener\">C.E. del 14\/12\/2021<\/a><\/li>\n<li><a href=\"https:\/\/drive.google.com\/file\/d\/1VeBHRUBBnqRvenIaFSHoIOqvH4AI1JRW\/view?usp=sharing\" target=\"_blank\" rel=\"noopener\">C.E. del 22\/02\/2022<\/a><\/li>\n<li><a href=\"https:\/\/drive.google.com\/file\/d\/1O8K89WtUXnLZs2ArRtEehaRppOdHxq4_\/view?usp=share_link\" target=\"_blank\" rel=\"noopener\">C.E. del 06\/07\/2022<\/a><\/li>\n<\/ul>\n<\/td>\n<\/tr>\n<tr style=\"height: 123px;\">\n<td style=\"width: 10.8412%; height: 123px;\"><strong>CURS 20-21<\/strong><\/td>\n<td style=\"width: 22.4438%; height: 123px;\">\n<ul>\n<li style=\"list-style-type: none;\">\n<ul>\n<li><a href=\"https:\/\/drive.google.com\/file\/d\/1-aw2UG_W7LJONyzV-tdYL4-qWlONdRhx\/view?usp=sharing\" target=\"_blank\" rel=\"noopener noreferrer\">C.E del 09\/09\/2020<\/a><\/li>\n<\/ul>\n<\/li>\n<li><a href=\"https:\/\/drive.google.com\/file\/d\/1IZgTbslN-Y7cKDDVqD73-KT8QzLfRM8g\/view?usp=sharing\" target=\"_blank\" rel=\"noopener noreferrer\">Resum acta C.E. del 9\/11\/2020<\/a><\/li>\n<li><a href=\"https:\/\/drive.google.com\/file\/d\/1dCFH-uWWpjSuPFT2tChlTPGk6JfLVRtm\/view?usp=sharing\" target=\"_blank\" rel=\"noopener noreferrer\">Resum acta C.E del 25\/2\/2021<\/a>\n<ul>\n<li><a href=\"https:\/\/drive.google.com\/file\/d\/1jCL2wX6mB9n27mZbQxOMc8fU5Wo5eZoh\/view?usp=sharing\" target=\"_blank\" rel=\"noopener noreferrer\">C.E del 25\/06\/2021<\/a><\/li>\n<\/ul>\n<\/li>\n<\/ul>\n<\/td>\n<\/tr>\n<\/tbody>\n<\/table>\n","protected":false},"excerpt":{"rendered":"<p><a href=\"https:\/\/agora.xtec.cat\/escferransunyer\/wp-content\/uploads\/usu431\/2020\/02\/reunic3b3-300x243.jpg\"><\/a>El Consell Escolar \u00e9s l&#8217;\u00f2rgan de participaci\u00f3 i debat de la comunitat educativa, on estan representats tots els estaments que hi formen part (pares i mares, mestres, AMPA, PAS, Ajuntament, etc.).<br \/>\nCOMPOSICI\u00d3 DEL CONSELL ESCOLAR<br \/>\nESCOLA FERRAN SUNYER<\/p>\n<p>SECTOR MESTRES<br \/>\nMarta del Camino<\/p>\n<p>Alba Gom\u00e0<\/p>\n<p>Xavi Salazar<\/p>\n<p>Silvia Juli\u00e0n<\/p>\n<p>Sandra Ceballos<\/p>\n<p>Jordi Sede\u00f1o<\/p>\n<p>SECTOR&hellip;  <a href=\"https:\/\/agora.xtec.cat\/escferransunyer\/lescola\/consell-escolar\/\" title=\"Read Consell escolar\">Llegeix m\u00e9s\u00bb<\/a><\/p>\n","protected":false},"author":2,"featured_media":0,"parent":22,"menu_order":50,"comment_status":"closed","ping_status":"closed","template":"page-templates\/side-menu.php","meta":{"_bbp_topic_count":0,"_bbp_reply_count":0,"_bbp_total_topic_count":0,"_bbp_total_reply_count":0,"_bbp_voice_count":0,"_bbp_anonymous_reply_count":0,"_bbp_topic_count_hidden":0,"_bbp_reply_count_hidden":0,"_bbp_forum_subforum_count":0,"footnotes":""},"class_list":["post-28","page","type-page","status-publish","hentry"],"post_mailing_queue_ids":[],"_links":{"self":[{"href":"https:\/\/agora.xtec.cat\/escferransunyer\/wp-json\/wp\/v2\/pages\/28","targetHints":{"allow":["GET"]}}],"collection":[{"href":"https:\/\/agora.xtec.cat\/escferransunyer\/wp-json\/wp\/v2\/pages"}],"about":[{"href":"https:\/\/agora.xtec.cat\/escferransunyer\/wp-json\/wp\/v2\/types\/page"}],"author":[{"embeddable":true,"href":"https:\/\/agora.xtec.cat\/escferransunyer\/wp-json\/wp\/v2\/users\/2"}],"replies":[{"embeddable":true,"href":"https:\/\/agora.xtec.cat\/escferransunyer\/wp-json\/wp\/v2\/comments?post=28"}],"version-history":[{"count":6,"href":"https:\/\/agora.xtec.cat\/escferransunyer\/wp-json\/wp\/v2\/pages\/28\/revisions"}],"predecessor-version":[{"id":15215,"href":"https:\/\/agora.xtec.cat\/escferransunyer\/wp-json\/wp\/v2\/pages\/28\/revisions\/15215"}],"up":[{"embeddable":true,"href":"https:\/\/agora.xtec.cat\/escferransunyer\/wp-json\/wp\/v2\/pages\/22"}],"wp:attachment":[{"href":"https:\/\/agora.xtec.cat\/escferransunyer\/wp-json\/wp\/v2\/media?parent=28"}],"curies":[{"name":"wp","href":"https:\/\/api.w.org\/{rel}","templated":true}]}}