{"id":26,"date":"2014-09-18T12:24:32","date_gmt":"2014-09-18T12:24:32","guid":{"rendered":"http:\/\/agora.xtec.cat\/escferransunyer\/?page_id=26"},"modified":"2020-02-13T10:59:58","modified_gmt":"2020-02-13T09:59:58","slug":"historia","status":"publish","type":"page","link":"https:\/\/agora.xtec.cat\/escferransunyer\/lescola\/historia\/","title":{"rendered":"Hist\u00f2ria"},"content":{"rendered":"<p><a href=\"https:\/\/agora.xtec.cat\/escferransunyer\/wp-content\/uploads\/usu431\/2020\/02\/baixa.png\"><img loading=\"lazy\" decoding=\"async\" class=\"alignright size-full wp-image-6697\" src=\"https:\/\/agora.xtec.cat\/escferransunyer\/wp-content\/uploads\/usu431\/2020\/02\/baixa.png\" alt=\"\" width=\"225\" height=\"225\" srcset=\"https:\/\/agora.xtec.cat\/escferransunyer\/wp-content\/uploads\/usu431\/2020\/02\/baixa.png 225w, https:\/\/agora.xtec.cat\/escferransunyer\/wp-content\/uploads\/usu431\/2020\/02\/baixa-150x150.png 150w\" sizes=\"auto, (max-width: 225px) 100vw, 225px\" \/><\/a>L\u2019escola Ferran Sunyer va comen\u00e7ar a funcionar el curs 2001-2002, amb aules del segon cicle d\u2019Educaci\u00f3 Infantil. En cursos successius va anar creixent fins a conformar una escola completa de dues l\u00ednies.<\/p>\n<p>L\u2019escola ocupa terrenys de les antigues Cotxeres de Borrell. En aquests terrenys estava prevista la construcci\u00f3 de la Comissaria General de Policia a Barcelona, per\u00f2 la forta mobilitzaci\u00f3 ve\u00efnal per reclamar pel barri aquests terrenys va aconseguir que es dediquessin a equipaments p\u00fablics de car\u00e0cter esportiu (Aiguajoc), social (Centre C\u00edvic Cotxeres Borrell) i escolars (Escola Ferran Sunyer).<\/p>\n<p>El nom del centre homenatja Ferran Sunyer i Balaguer (Figueres, 1912 \u2013 Barcelona, 1967) matem\u00e0tic autodidacte que va treballar a Catalunya des del final de la d\u00e8cada dels anys trenta fins que va morir. Ferran Sunyer \u00e9s un exemple de superaci\u00f3 personal, despr\u00e9s d\u2019haver nascut amb una par\u00e0lisi cerebral, va arribar a ser un dels principals matem\u00e0tics catalans del segle XX.<\/p>\n<p>Per saber m\u00e9s coses d&#8217;aquest interessant personatge podeu llegir la seva <a href=\"http:\/\/ffsb.espais.iec.cat\/biografia-de-ferran-sunyer\/\" target=\"_blank\" rel=\"noopener noreferrer\">biografia<\/a> o veure el <a href=\"http:\/\/www.ccma.cat\/tv3\/alacarta\/programa\/Ferran-Sunyer-i-Balaguer-Historia-dun-exili-interior\/video\/4545916\/\" target=\"_blank\" rel=\"noopener noreferrer\">documental<\/a> que li va dedicar TV3.<\/p>\n","protected":false},"excerpt":{"rendered":"<p><a href=\"https:\/\/agora.xtec.cat\/escferransunyer\/wp-content\/uploads\/usu431\/2020\/02\/baixa.png\"><\/a>L\u2019escola Ferran Sunyer va comen\u00e7ar a funcionar el curs 2001-2002, amb aules del segon cicle d\u2019Educaci\u00f3 Infantil. En cursos successius va anar creixent fins a conformar una escola completa de dues l\u00ednies.<br \/>\nL\u2019escola ocupa terrenys de les antigues Cotxeres de Borrell. En aquests terrenys estava&hellip;  <a href=\"https:\/\/agora.xtec.cat\/escferransunyer\/lescola\/historia\/\" title=\"Read Hist\u00f2ria\">Llegeix m\u00e9s\u00bb<\/a><\/p>\n","protected":false},"author":2,"featured_media":0,"parent":22,"menu_order":20,"comment_status":"closed","ping_status":"closed","template":"page-templates\/side-menu.php","meta":{"_bbp_topic_count":0,"_bbp_reply_count":0,"_bbp_total_topic_count":0,"_bbp_total_reply_count":0,"_bbp_voice_count":0,"_bbp_anonymous_reply_count":0,"_bbp_topic_count_hidden":0,"_bbp_reply_count_hidden":0,"_bbp_forum_subforum_count":0,"footnotes":""},"class_list":["post-26","page","type-page","status-publish","hentry"],"post_mailing_queue_ids":[],"_links":{"self":[{"href":"https:\/\/agora.xtec.cat\/escferransunyer\/wp-json\/wp\/v2\/pages\/26","targetHints":{"allow":["GET"]}}],"collection":[{"href":"https:\/\/agora.xtec.cat\/escferransunyer\/wp-json\/wp\/v2\/pages"}],"about":[{"href":"https:\/\/agora.xtec.cat\/escferransunyer\/wp-json\/wp\/v2\/types\/page"}],"author":[{"embeddable":true,"href":"https:\/\/agora.xtec.cat\/escferransunyer\/wp-json\/wp\/v2\/users\/2"}],"replies":[{"embeddable":true,"href":"https:\/\/agora.xtec.cat\/escferransunyer\/wp-json\/wp\/v2\/comments?post=26"}],"version-history":[{"count":3,"href":"https:\/\/agora.xtec.cat\/escferransunyer\/wp-json\/wp\/v2\/pages\/26\/revisions"}],"predecessor-version":[{"id":6698,"href":"https:\/\/agora.xtec.cat\/escferransunyer\/wp-json\/wp\/v2\/pages\/26\/revisions\/6698"}],"up":[{"embeddable":true,"href":"https:\/\/agora.xtec.cat\/escferransunyer\/wp-json\/wp\/v2\/pages\/22"}],"wp:attachment":[{"href":"https:\/\/agora.xtec.cat\/escferransunyer\/wp-json\/wp\/v2\/media?parent=26"}],"curies":[{"name":"wp","href":"https:\/\/api.w.org\/{rel}","templated":true}]}}