{"id":229,"date":"2015-09-11T19:00:50","date_gmt":"2015-09-11T18:00:50","guid":{"rendered":"http:\/\/agora.xtec.cat\/escferransunyer\/?page_id=229"},"modified":"2025-10-01T15:15:36","modified_gmt":"2025-10-01T13:15:36","slug":"claustre","status":"publish","type":"page","link":"https:\/\/agora.xtec.cat\/escferransunyer\/lescola\/claustre\/","title":{"rendered":"Equip docent"},"content":{"rendered":"<p><a href=\"https:\/\/agora.xtec.cat\/escferransunyer\/wp-content\/uploads\/usu431\/2020\/02\/silhouettes-1186996_960_720-636x310.jpg\"><img loading=\"lazy\" decoding=\"async\" class=\"aligncenter wp-image-6755 \" src=\"https:\/\/agora.xtec.cat\/escferransunyer\/wp-content\/uploads\/usu431\/2020\/02\/silhouettes-1186996_960_720-636x310-300x146.jpg\" alt=\"\" width=\"345\" height=\"168\" srcset=\"https:\/\/agora.xtec.cat\/escferransunyer\/wp-content\/uploads\/usu431\/2020\/02\/silhouettes-1186996_960_720-636x310-300x146.jpg 300w, https:\/\/agora.xtec.cat\/escferransunyer\/wp-content\/uploads\/usu431\/2020\/02\/silhouettes-1186996_960_720-636x310.jpg 636w\" sizes=\"auto, (max-width: 345px) 100vw, 345px\" \/><\/a><\/p>\n<table style=\"height: 1023px; width: 70.6367%;\">\n<tbody>\n<tr style=\"height: 31px;\">\n<td style=\"width: 128.915%; height: 31px; text-align: center;\" colspan=\"4\"><strong>DIRECCI\u00d3<\/strong><\/td>\n<\/tr>\n<tr style=\"height: 31px;\">\n<td style=\"width: 22.8546%; height: 31px;\"><a href=\"https:\/\/drive.google.com\/file\/d\/1rpj8NFVF4817Dl9t1j1JMOYAoLC2arO4\/view?usp=share_link\" target=\"_blank\" rel=\"noopener\">Dani Vidal<\/a><\/td>\n<td style=\"width: 106.061%; height: 31px;\" colspan=\"3\">Director<\/td>\n<\/tr>\n<tr style=\"height: 31px;\">\n<td style=\"width: 22.8546%; height: 31px;\"><a href=\"https:\/\/drive.google.com\/file\/d\/1NOOJj_ScXkuvFxfnwzlFJVOTa76O4PP1\/view?usp=sharing\" target=\"_blank\" rel=\"noopener\">Marta Cabrera<\/a><\/td>\n<td style=\"width: 106.061%; height: 31px;\" colspan=\"3\">Cap d&#8217;Estudis<\/td>\n<\/tr>\n<tr style=\"height: 31px;\">\n<td style=\"width: 22.8546%; height: 31px;\"><a href=\"https:\/\/drive.google.com\/file\/d\/103sT1zv9WnF-CNHK5nk_8xpZhj4pKX2v\/view?usp=share_link\" target=\"_blank\" rel=\"noopener\">Cristina Argemi<\/a><\/td>\n<td style=\"width: 106.061%; height: 31px;\" colspan=\"3\">Secret\u00e0ria<\/td>\n<\/tr>\n<tr style=\"height: 31px;\">\n<td style=\"width: 128.915%; height: 31px; text-align: center;\" colspan=\"4\"><strong>EDUCACI\u00d3 INFANTIL<\/strong><\/td>\n<\/tr>\n<tr style=\"height: 31px;\">\n<td style=\"width: 22.8546%; height: 31px;\">EI3A <span style=\"color: #ff6600;\">(ei3a@fsunyer.cat)<\/span><\/td>\n<td style=\"width: 28.8652%; height: 31px;\">Albert Tarrag\u00f3 \/Belen Bujera<\/td>\n<td style=\"width: 24.6426%; height: 31px;\">EI3B <span style=\"color: #ff6600;\">(ei3b@fsunyer.cat)<\/span><\/td>\n<td style=\"width: 52.5527%; height: 31px;\">Eva Ribera<\/td>\n<\/tr>\n<tr style=\"height: 31px;\">\n<td style=\"width: 22.8546%; height: 31px;\">EI4A <span style=\"color: #ff6600;\">(ei4a@fsunyer.cat)<\/span><\/td>\n<td style=\"width: 28.8652%; height: 31px;\">Loli Mart\u00ednez<\/td>\n<td style=\"width: 24.6426%; height: 31px;\">EI4B <span style=\"color: #ff6600;\">(ei4b@fsunyer.cat)<\/span><\/td>\n<td style=\"width: 52.5527%; height: 31px;\">Am\u00e8lia Lancho<\/td>\n<\/tr>\n<tr style=\"height: 31px;\">\n<td style=\"width: 22.8546%; height: 31px;\">EI5A <span style=\"color: #ff6600;\">(ei5a@fsunyer.cat)<\/span><\/td>\n<td style=\"width: 28.8652%; height: 31px;\">Irene Ferr\u00e1ndez\/ Cristina Sim\u00f3n<\/td>\n<td style=\"width: 24.6426%; height: 31px;\">EI5B <span style=\"color: #ff6600;\">(ei5b@fsunyer.cat)<\/span><\/td>\n<td style=\"width: 52.5527%; height: 31px;\">Am\u00e0lia Berbel<\/td>\n<\/tr>\n<tr style=\"height: 46px;\">\n<td style=\"width: 22.8546%; height: 46px;\">Refor\u00e7 Ed. Infantil <span style=\"color: #ff6600;\">(refinf@fsunyer.cat)<\/span><\/td>\n<td style=\"height: 46px; width: 106.061%;\" colspan=\"3\">Montse Jorba<\/td>\n<\/tr>\n<tr style=\"height: 31px;\">\n<td style=\"width: 22.8546%; height: 31px;\">TEI <span style=\"color: #ff6600;\">(tei@fsunyer.cat)<\/span><\/td>\n<td style=\"width: 106.061%; height: 31px;\" colspan=\"3\">Toni Mart\u00ednez<\/td>\n<\/tr>\n<tr style=\"height: 31px;\">\n<td style=\"width: 128.915%; height: 31px; text-align: center;\" colspan=\"4\"><strong>CICLE INICIAL<\/strong><\/td>\n<\/tr>\n<tr style=\"height: 31px;\">\n<td style=\"width: 22.8546%; height: 31px;\">1rA <span style=\"color: #ff6600;\">(1a@fsunyer.cat)<\/span><\/td>\n<td style=\"width: 28.8652%; height: 31px;\">Marta del Camino<\/td>\n<td style=\"width: 24.6426%; height: 31px;\">1rB <span style=\"color: #ff6600;\">(1b@fsunyer.cat)<\/span><\/td>\n<td style=\"width: 52.5527%; height: 31px;\">Fina Mart\u00ed<\/td>\n<\/tr>\n<tr style=\"height: 31px;\">\n<td style=\"width: 22.8546%; height: 31px;\">2nA <span style=\"color: #ff6600;\">(2a@fsunyer.cat)<\/span><\/td>\n<td style=\"width: 28.8652%; height: 31px;\">Aloma Llad\u00f3<\/td>\n<td style=\"width: 24.6426%; height: 31px;\">2nB <span style=\"color: #ff6600;\">(2b@fsunyer.cat)<\/span><\/td>\n<td style=\"width: 52.5527%; height: 31px;\">Irene de la Calle\/Paola Sanrom\u00e0<\/td>\n<\/tr>\n<tr style=\"height: 31px;\">\n<td style=\"width: 128.915%; height: 31px; text-align: center;\" colspan=\"4\"><strong>CICLE MITJ\u00c0<\/strong><\/td>\n<\/tr>\n<tr style=\"height: 31px;\">\n<td style=\"width: 22.8546%; height: 31px;\">3rA <span style=\"color: #ff6600;\">(3a@fsunyer.cat)<\/span><\/td>\n<td style=\"width: 28.8652%; height: 31px;\">Sandra Ceballos<\/td>\n<td style=\"width: 24.6426%; height: 31px;\">3rB <span style=\"color: #ff6600;\">(3b@fsunyer.cat)<\/span><\/td>\n<td style=\"width: 52.5527%; height: 31px;\">Tonet Alv\u00e1rez<\/td>\n<\/tr>\n<tr style=\"height: 31px;\">\n<td style=\"width: 22.8546%; height: 31px;\">4tA <span style=\"color: #ff6600;\">(4a@fsunyer.cat)<\/span><\/td>\n<td style=\"width: 28.8652%; height: 31px;\">Teresa Gonzalez<\/td>\n<td style=\"width: 24.6426%; height: 31px;\">4tB <span style=\"color: #ff6600;\">(4b@fsunyer.cat)<\/span><\/td>\n<td style=\"width: 52.5527%; height: 31px;\">Jordi Sede\u00f1o<\/td>\n<\/tr>\n<tr style=\"height: 33px;\">\n<td style=\"width: 22.8546%; height: 33px;\">4t C <span style=\"color: #ff6600;\">(4c@fsunyer.cat)<\/span><\/td>\n<td style=\"width: 28.8652%; height: 33px;\">Anna Bel\u00e9n Garcia<\/td>\n<td style=\"width: 24.6426%; height: 33px;\"><\/td>\n<td style=\"width: 52.5527%; height: 33px;\"><\/td>\n<\/tr>\n<tr style=\"height: 31px;\">\n<td style=\"width: 128.915%; height: 31px; text-align: center;\" colspan=\"4\"><strong>CICLE SUPERIOR<\/strong><\/td>\n<\/tr>\n<tr style=\"height: 31px;\">\n<td style=\"width: 22.8546%; height: 31px;\">5\u00e8A <span style=\"color: #ff6600;\">(5a@fsunyer.cat)<\/span><\/td>\n<td style=\"width: 28.8652%; height: 31px;\">Miriam Cabr\u00e9<\/td>\n<td style=\"width: 24.6426%; height: 31px;\">5\u00e8B <span style=\"color: #ff6600;\">(5b@fsunyer.cat)<\/span><\/td>\n<td style=\"width: 52.5527%; height: 31px;\">Alfons Dom\u00ednguez<\/td>\n<\/tr>\n<tr style=\"height: 31px;\">\n<td style=\"width: 22.8546%; height: 31px;\">5\u00e8C <span style=\"color: #ff6600;\">(5c@fsunyer.cat)<\/span><\/td>\n<td style=\"width: 28.8652%; height: 31px;\">Santiago Dominguez<\/td>\n<td style=\"width: 24.6426%; height: 31px;\">6\u00e8A <span style=\"color: #ff6600;\">(6a@fsunyer.cat)<\/span><\/td>\n<td style=\"width: 52.5527%; height: 31px;\">Nat\u00e0lia Reina Nat\u00e0lia Mart\u00ednez<\/td>\n<\/tr>\n<tr style=\"height: 33px;\">\n<td style=\"width: 22.8546%; height: 33px;\">6\u00e8B<span style=\"color: #ff6600;\">(6b@fsunyer.cat)<\/span><\/td>\n<td style=\"width: 28.8652%; height: 33px;\">Alba Gom\u00e0<\/td>\n<td style=\"width: 24.6426%; height: 33px;\">6\u00e8C <span style=\"color: #ff6600;\">(6c@fsunyer.cat)<\/span><\/td>\n<td style=\"width: 52.5527%; height: 33px;\">Laura Sensarrich<\/td>\n<\/tr>\n<tr style=\"height: 31px;\">\n<td style=\"width: 128.915%; height: 31px; text-align: center;\" colspan=\"4\"><strong>ESPECIALISTES<\/strong><\/td>\n<\/tr>\n<tr style=\"height: 32px;\">\n<td style=\"width: 22.8546%; height: 32px;\">SIEI<\/td>\n<td style=\"height: 32px; width: 106.061%;\" colspan=\"3\"><span style=\"color: #ff6600;\">(siei@fsunyer.cat)<span style=\"color: #000000;\"> Maria Guerra<\/span><\/span><\/p>\n<p><span style=\"color: #ff6600;\">(sieitee@fsunyer.cat)\u00a0 Eva Mar\u00edn<\/span><\/td>\n<\/tr>\n<tr style=\"height: 97px;\">\n<td style=\"width: 22.8546%; height: 97px;\">EE<\/td>\n<td style=\"width: 106.061%; height: 97px;\" colspan=\"3\"><span style=\"color: #ff6600;\">(ee1@fsunyer.cat) <span style=\"color: #000000;\">Anna Mart\u00edn Llimona<\/span><\/span><\/p>\n<p><span style=\"color: #ff6600;\">(ee2@fsunyer.cat)\u00a0 <\/span><span style=\"color: #ff6600;\"><span style=\"color: #000000;\">Eva Ribera<\/span><\/span><\/td>\n<\/tr>\n<tr style=\"height: 47px;\">\n<td style=\"width: 22.8546%; height: 47px;\">Religi\u00f3 <span style=\"color: #ff6600;\">(religio@fsunyer.cat)<\/span><\/td>\n<td style=\"height: 47px; width: 106.061%;\" colspan=\"3\">Teresa Vela<\/td>\n<\/tr>\n<tr style=\"height: 31px;\">\n<td style=\"width: 22.8546%; height: 31px;\">Refor\u00e7 Prim\u00e0ria<\/td>\n<td style=\"height: 31px; width: 106.061%;\" colspan=\"3\"><span style=\"color: #ff6600;\">(refprim1@fsunyer.cat)\u00a0 <span style=\"color: #000000;\">Tha\u00efs Garcia<\/span><\/span><\/p>\n<p><span style=\"color: #ff6600;\">(refprim2@fsunyer.cat)<\/span><\/td>\n<\/tr>\n<tr style=\"height: 33px;\">\n<td style=\"width: 22.8546%; height: 33px;\">Angl\u00e8s<span style=\"color: #ff6600;\"> (angles@fsunyer.cat)<\/span><\/td>\n<td style=\"width: 106.061%; height: 33px;\" colspan=\"3\">Silvia Julian \/ Carla Mart\u00ednez<\/td>\n<\/tr>\n<tr style=\"height: 49px;\">\n<td style=\"width: 22.8546%; height: 49px;\">Ed. F\u00edsica <span style=\"color: #ff6600;\">(educaciofisica@fsunyer.cat)<\/span><\/td>\n<td style=\"width: 106.061%; height: 49px;\" colspan=\"3\">Cristina Argemi i Francesc Sanz<\/td>\n<\/tr>\n<tr style=\"height: 33px;\">\n<td style=\"width: 22.8546%; height: 33px;\">M\u00fasica <span style=\"color: #ff6600;\">(musica@fsunyer.cat)<\/span><\/td>\n<td style=\"width: 106.061%; height: 33px;\" colspan=\"3\">Xavi Salazar<\/td>\n<\/tr>\n<\/tbody>\n<\/table>\n","protected":false},"excerpt":{"rendered":"<p><a href=\"https:\/\/agora.xtec.cat\/escferransunyer\/wp-content\/uploads\/usu431\/2020\/02\/silhouettes-1186996_960_720-636x310.jpg\"><\/a><\/p>\n<p>DIRECCI\u00d3<\/p>\n<p><a href=\"https:\/\/drive.google.com\/file\/d\/1rpj8NFVF4817Dl9t1j1JMOYAoLC2arO4\/view?usp=share_link\" target=\"_blank\" rel=\"noopener\">Dani Vidal<\/a><br \/>\nDirector<\/p>\n<p><a href=\"https:\/\/drive.google.com\/file\/d\/1NOOJj_ScXkuvFxfnwzlFJVOTa76O4PP1\/view?usp=sharing\" target=\"_blank\" rel=\"noopener\">Marta Cabrera<\/a><br \/>\nCap d&#8217;Estudis<\/p>\n<p><a href=\"https:\/\/drive.google.com\/file\/d\/103sT1zv9WnF-CNHK5nk_8xpZhj4pKX2v\/view?usp=share_link\" target=\"_blank\" rel=\"noopener\">Cristina Argemi<\/a><br \/>\nSecret\u00e0ria<\/p>\n<p>EDUCACI\u00d3 INFANTIL<\/p>\n<p>EI3A (ei3a@fsunyer.cat)<br \/>\nAlbert Tarrag\u00f3 \/Belen Bujera<br \/>\nEI3B (ei3b@fsunyer.cat)<br \/>\nEva Ribera<\/p>\n<p>EI4A (ei4a@fsunyer.cat)<br \/>\nLoli Mart\u00ednez<br \/>\nEI4B (ei4b@fsunyer.cat)<br \/>\nAm\u00e8lia Lancho<\/p>\n<p>EI5A (ei5a@fsunyer.cat)<br \/>\nIrene Ferr\u00e1ndez\/ Cristina Sim\u00f3n<br \/>\nEI5B (ei5b@fsunyer.cat)<br \/>\nAm\u00e0lia Berbel<\/p>\n<p>Refor\u00e7 Ed. Infantil (refinf@fsunyer.cat)<br \/>\nMontse Jorba<\/p>\n<p>TEI (tei@fsunyer.cat)<br \/>\nToni Mart\u00ednez<\/p>\n<p>CICLE INICIAL<\/p>\n<p>1rA (1a@fsunyer.cat)<br \/>\nMarta del Camino<br \/>\n1rB (1b@fsunyer.cat)<br \/>\nFina Mart\u00ed<\/p>\n<p>2nA (2a@fsunyer.cat)<br \/>\nAloma&hellip;  <a href=\"https:\/\/agora.xtec.cat\/escferransunyer\/lescola\/claustre\/\" title=\"Read Equip docent\">Llegeix m\u00e9s\u00bb<\/a><\/p>\n","protected":false},"author":1,"featured_media":0,"parent":22,"menu_order":30,"comment_status":"closed","ping_status":"closed","template":"page-templates\/side-menu.php","meta":{"_bbp_topic_count":0,"_bbp_reply_count":0,"_bbp_total_topic_count":0,"_bbp_total_reply_count":0,"_bbp_voice_count":0,"_bbp_anonymous_reply_count":0,"_bbp_topic_count_hidden":0,"_bbp_reply_count_hidden":0,"_bbp_forum_subforum_count":0,"footnotes":""},"class_list":["post-229","page","type-page","status-publish","hentry"],"post_mailing_queue_ids":[],"_links":{"self":[{"href":"https:\/\/agora.xtec.cat\/escferransunyer\/wp-json\/wp\/v2\/pages\/229","targetHints":{"allow":["GET"]}}],"collection":[{"href":"https:\/\/agora.xtec.cat\/escferransunyer\/wp-json\/wp\/v2\/pages"}],"about":[{"href":"https:\/\/agora.xtec.cat\/escferransunyer\/wp-json\/wp\/v2\/types\/page"}],"author":[{"embeddable":true,"href":"https:\/\/agora.xtec.cat\/escferransunyer\/wp-json\/wp\/v2\/users\/1"}],"replies":[{"embeddable":true,"href":"https:\/\/agora.xtec.cat\/escferransunyer\/wp-json\/wp\/v2\/comments?post=229"}],"version-history":[{"count":6,"href":"https:\/\/agora.xtec.cat\/escferransunyer\/wp-json\/wp\/v2\/pages\/229\/revisions"}],"predecessor-version":[{"id":14707,"href":"https:\/\/agora.xtec.cat\/escferransunyer\/wp-json\/wp\/v2\/pages\/229\/revisions\/14707"}],"up":[{"embeddable":true,"href":"https:\/\/agora.xtec.cat\/escferransunyer\/wp-json\/wp\/v2\/pages\/22"}],"wp:attachment":[{"href":"https:\/\/agora.xtec.cat\/escferransunyer\/wp-json\/wp\/v2\/media?parent=229"}],"curies":[{"name":"wp","href":"https:\/\/api.w.org\/{rel}","templated":true}]}}