{"id":22,"date":"2014-09-18T12:19:57","date_gmt":"2014-09-18T12:19:57","guid":{"rendered":"http:\/\/agora.xtec.cat\/escferransunyer\/?page_id=22"},"modified":"2019-09-27T12:35:54","modified_gmt":"2019-09-27T10:35:54","slug":"lescola","status":"publish","type":"page","link":"https:\/\/agora.xtec.cat\/escferransunyer\/lescola\/","title":{"rendered":"L&#8217;ESCOLA"},"content":{"rendered":"<p><b><strong>L\u2019escola Ferran Sunyer \u00e9s un centre p\u00fablic d\u2019Educaci\u00f3 Infantil i Prim\u00e0ria. Som l\u2019escola p\u00fablica del Barri de Sant Antoni de Barcelona<\/strong><\/b>.<\/p>\n<p><span style=\"font-weight: inherit; font-style: inherit;\">Som una comunitat educativa formada per alumnes, pares, mares, mestres i altres professionals de l\u2019educaci\u00f3, l\u2019administraci\u00f3 i serveis.<\/span><\/p>\n<p><span style=\"font-weight: inherit; font-style: inherit;\">La llengua vehicular i d\u2019aprenentatge \u00e9s el catal\u00e0. El tractament sistem\u00e0tic de la llengua castellana es fa a partir de 1r. curs de prim\u00e0ria. La llengua anglesa s\u2019introdueix, tamb\u00e9, a primer. L\u2019escola ha iniciat un proc\u00e9s per tal d\u2019anar intensificant l\u2019ensenyament de l\u2019angl\u00e8s fent una part de l&#8217;\u00e0rea de Medi Natural en aquesta llengua.<\/span><\/p>\n<p><span style=\"font-weight: inherit; font-style: inherit;\"><span style=\"font-weight: inherit; font-style: inherit;\">\u00c9s un centre educatiu arrelat al barri, integrador en la diversitat, obert a la participaci\u00f3 activa de tots els sectors de la comunitat educativa, solidari, comprom\u00e8s i catal\u00e0.<\/span><\/span><\/p>\n","protected":false},"excerpt":{"rendered":"<p>L\u2019escola Ferran Sunyer \u00e9s un centre p\u00fablic d\u2019Educaci\u00f3 Infantil i Prim\u00e0ria. Som l\u2019escola p\u00fablica del Barri de Sant Antoni de Barcelona.<br \/>\nSom una comunitat educativa formada per alumnes, pares, mares, mestres i altres professionals de l\u2019educaci\u00f3, l\u2019administraci\u00f3 i serveis.<br \/>\nLa llengua vehicular i d\u2019aprenentatge \u00e9s el catal\u00e0.&hellip;  <a href=\"https:\/\/agora.xtec.cat\/escferransunyer\/lescola\/\" title=\"Read L&#8217;ESCOLA\">Llegeix m\u00e9s\u00bb<\/a><\/p>\n","protected":false},"author":2,"featured_media":0,"parent":0,"menu_order":0,"comment_status":"closed","ping_status":"closed","template":"page-templates\/side-menu.php","meta":{"_bbp_topic_count":0,"_bbp_reply_count":0,"_bbp_total_topic_count":0,"_bbp_total_reply_count":0,"_bbp_voice_count":0,"_bbp_anonymous_reply_count":0,"_bbp_topic_count_hidden":0,"_bbp_reply_count_hidden":0,"_bbp_forum_subforum_count":0,"footnotes":""},"class_list":["post-22","page","type-page","status-publish","hentry"],"post_mailing_queue_ids":[],"_links":{"self":[{"href":"https:\/\/agora.xtec.cat\/escferransunyer\/wp-json\/wp\/v2\/pages\/22","targetHints":{"allow":["GET"]}}],"collection":[{"href":"https:\/\/agora.xtec.cat\/escferransunyer\/wp-json\/wp\/v2\/pages"}],"about":[{"href":"https:\/\/agora.xtec.cat\/escferransunyer\/wp-json\/wp\/v2\/types\/page"}],"author":[{"embeddable":true,"href":"https:\/\/agora.xtec.cat\/escferransunyer\/wp-json\/wp\/v2\/users\/2"}],"replies":[{"embeddable":true,"href":"https:\/\/agora.xtec.cat\/escferransunyer\/wp-json\/wp\/v2\/comments?post=22"}],"version-history":[{"count":3,"href":"https:\/\/agora.xtec.cat\/escferransunyer\/wp-json\/wp\/v2\/pages\/22\/revisions"}],"predecessor-version":[{"id":6005,"href":"https:\/\/agora.xtec.cat\/escferransunyer\/wp-json\/wp\/v2\/pages\/22\/revisions\/6005"}],"wp:attachment":[{"href":"https:\/\/agora.xtec.cat\/escferransunyer\/wp-json\/wp\/v2\/media?parent=22"}],"curies":[{"name":"wp","href":"https:\/\/api.w.org\/{rel}","templated":true}]}}