{"id":12751,"date":"2023-04-25T09:21:20","date_gmt":"2023-04-25T07:21:20","guid":{"rendered":"https:\/\/agora.xtec.cat\/escferransunyer\/?page_id=12751"},"modified":"2023-06-21T10:47:51","modified_gmt":"2023-06-21T08:47:51","slug":"estrategia-digital-de-centre","status":"publish","type":"page","link":"https:\/\/agora.xtec.cat\/escferransunyer\/trets-didentitat\/estrategia-digital-de-centre\/","title":{"rendered":"Estrat\u00e8gia Digital de Centre"},"content":{"rendered":"<p>L\u2019Estrat\u00e8gia Digital de Centre (EDC) \u00e9s un document que recull totes les accions que es realitzen en un centre, i les que es realitzaran a mitj\u00e0 termini, per aconseguir la m\u00e0xima compet\u00e8ncia digital de l\u2019alumnat, del professorat i del centre educatiu. Ha de tenir com a referent el Pla d\u2019educaci\u00f3 digital de Catalunya (PEDC), on s\u2019indica la necessitat d\u2019assolir la fita d\u2019una societat digitalment competent, fent \u00e8mfasi en l\u2019equitat i tenint en compte l\u2019evoluci\u00f3 del context social i tecnol\u00f2gic.<\/p>\n<p><iframe loading=\"lazy\" title=\"Estrat\u00e8gia digital de centre\" width=\"500\" height=\"281\" src=\"https:\/\/www.youtube.com\/embed\/uS5UUZIYLPQ?feature=oembed\" frameborder=\"0\" allow=\"accelerometer; autoplay; clipboard-write; encrypted-media; gyroscope; picture-in-picture; web-share\" referrerpolicy=\"strict-origin-when-cross-origin\" allowfullscreen><\/iframe><\/p>\n<p>Aqu\u00ed podeu consultar l&#8217; <strong><a href=\"https:\/\/sites.google.com\/d\/14tob4GLsO-Rxrg61obGGPTe--hxzsl7K\/p\/1HzBdYwcKYZ1qIY63jJanQqqwPqP6GgK_\/edit\" target=\"_blank\" rel=\"noopener\">Estrat\u00e8gia Digital del nostre centre.<\/a><\/strong><\/p>\n","protected":false},"excerpt":{"rendered":"<p>L\u2019Estrat\u00e8gia Digital de Centre (EDC) \u00e9s un document que recull totes les accions que es realitzen en un centre, i les que es realitzaran a mitj\u00e0 termini, per aconseguir la m\u00e0xima compet\u00e8ncia digital de l\u2019alumnat, del professorat i del centre educatiu. Ha de tenir com&hellip;  <a href=\"https:\/\/agora.xtec.cat\/escferransunyer\/trets-didentitat\/estrategia-digital-de-centre\/\" title=\"Read Estrat\u00e8gia Digital de Centre\">Llegeix m\u00e9s\u00bb<\/a><\/p>\n","protected":false},"author":1,"featured_media":0,"parent":6556,"menu_order":40,"comment_status":"closed","ping_status":"closed","template":"","meta":{"_bbp_topic_count":0,"_bbp_reply_count":0,"_bbp_total_topic_count":0,"_bbp_total_reply_count":0,"_bbp_voice_count":0,"_bbp_anonymous_reply_count":0,"_bbp_topic_count_hidden":0,"_bbp_reply_count_hidden":0,"_bbp_forum_subforum_count":0,"footnotes":""},"class_list":["post-12751","page","type-page","status-publish","hentry"],"post_mailing_queue_ids":[],"_links":{"self":[{"href":"https:\/\/agora.xtec.cat\/escferransunyer\/wp-json\/wp\/v2\/pages\/12751","targetHints":{"allow":["GET"]}}],"collection":[{"href":"https:\/\/agora.xtec.cat\/escferransunyer\/wp-json\/wp\/v2\/pages"}],"about":[{"href":"https:\/\/agora.xtec.cat\/escferransunyer\/wp-json\/wp\/v2\/types\/page"}],"author":[{"embeddable":true,"href":"https:\/\/agora.xtec.cat\/escferransunyer\/wp-json\/wp\/v2\/users\/1"}],"replies":[{"embeddable":true,"href":"https:\/\/agora.xtec.cat\/escferransunyer\/wp-json\/wp\/v2\/comments?post=12751"}],"version-history":[{"count":3,"href":"https:\/\/agora.xtec.cat\/escferransunyer\/wp-json\/wp\/v2\/pages\/12751\/revisions"}],"predecessor-version":[{"id":13003,"href":"https:\/\/agora.xtec.cat\/escferransunyer\/wp-json\/wp\/v2\/pages\/12751\/revisions\/13003"}],"up":[{"embeddable":true,"href":"https:\/\/agora.xtec.cat\/escferransunyer\/wp-json\/wp\/v2\/pages\/6556"}],"wp:attachment":[{"href":"https:\/\/agora.xtec.cat\/escferransunyer\/wp-json\/wp\/v2\/media?parent=12751"}],"curies":[{"name":"wp","href":"https:\/\/api.w.org\/{rel}","templated":true}]}}