{"id":11073,"date":"2022-02-25T11:48:21","date_gmt":"2022-02-25T10:48:21","guid":{"rendered":"https:\/\/agora.xtec.cat\/escferransunyer\/?page_id=11073"},"modified":"2025-07-09T14:01:53","modified_gmt":"2025-07-09T12:01:53","slug":"can-ribas","status":"publish","type":"page","link":"https:\/\/agora.xtec.cat\/escferransunyer\/projectes\/can-ribas\/","title":{"rendered":"CAN RIBAS"},"content":{"rendered":"<p><a href=\"https:\/\/agora.xtec.cat\/escferransunyer\/wp-content\/uploads\/usu431\/2022\/02\/Sense-titol-1.png\"><img loading=\"lazy\" decoding=\"async\" class=\"alignleft wp-image-11105 \" src=\"https:\/\/agora.xtec.cat\/escferransunyer\/wp-content\/uploads\/usu431\/2022\/02\/Sense-titol-1-300x153.png\" alt=\"\" width=\"564\" height=\"288\" srcset=\"https:\/\/agora.xtec.cat\/escferransunyer\/wp-content\/uploads\/usu431\/2022\/02\/Sense-titol-1-300x153.png 300w, https:\/\/agora.xtec.cat\/escferransunyer\/wp-content\/uploads\/usu431\/2022\/02\/Sense-titol-1-768x393.png 768w, https:\/\/agora.xtec.cat\/escferransunyer\/wp-content\/uploads\/usu431\/2022\/02\/Sense-titol-1.png 1023w\" sizes=\"auto, (max-width: 564px) 100vw, 564px\" \/><\/a><\/p>\n<p>&nbsp;<\/p>\n<p><a href=\"https:\/\/canribascasadecolonies.cat\/\" target=\"_blank\" rel=\"noopener\">CAN RIBAS<\/a> \u00e9s la casa de col\u00f2nies triada per l&#8217;escola des de fa molts anys per a que els infants de P5 hi vagin. Clicant en l&#8217;enlla\u00e7 podreu veure tot el que ofereix la casa i fins i tot un v\u00eddeo promocional que us ajudar\u00e0 a fer-vos una idea m\u00e9s propera.<\/p>\n<p>Aquesta casa est\u00e0 a \u00a0Bigues i Riells (Vall\u00e8s Oriental), a 37 km. de Barcelona.<\/p>\n<p>Les dates previstes pel proper curs s\u00f3n: <strong>14 i 15 de maig de 2026<\/strong><\/p>\n<p>&nbsp;<\/p>\n<p>&nbsp;<\/p>\n<p>Les col\u00f2nies i excursions escolars a Can Ribas s\u00f3n unes sortides l\u00fadico-pedag\u00f2giques, que tenen com a principals objectius:<\/p>\n<ul>\n<li>Fer passar als nens i nenes uns dies d\u2019il\u00b7lusi\u00f3, alegria i felicitat.<\/li>\n<li>Afavorir la bona conviv\u00e8ncia entre nens i nenes en un entorn rural i familiar.<\/li>\n<li>Fomentar el respecte per la natura i el medi ambient, apropant als infants a la vida en una masia catalana.<\/li>\n<\/ul>\n<p>Els centres d&#8217;inter\u00e8s que ofereix la casa de col\u00f2nies entorn als quals giren les activitats que es desenvolupen, s\u00f3n variats i es tria cada any uns mesos abans, en funci\u00f3 dels infants i dels projectes que es duen a terme a l&#8217;escola.<\/p>\n<p>Unes setmanes abans de marxar de col\u00f2nies es far\u00e0 una\u00a0<span style=\"font-weight: 400;\">una reuni\u00f3 informativa\u00a0 espec\u00edfica sobre les col\u00f2nies on es donar\u00e0 tota aquesta informaci\u00f3 detallada, es presentaran els\/les mestres que els acompanyen, s\u2019explicar\u00e0 el que necessiten portar, el que faran els nens cada dia\u00a0 i les fam\u00edlies podreu resoldre els dubtes que tingueu.<\/span><\/p>\n<p>&nbsp;<\/p>\n<p>&nbsp;<\/p>\n","protected":false},"excerpt":{"rendered":"<p><a href=\"https:\/\/agora.xtec.cat\/escferransunyer\/wp-content\/uploads\/usu431\/2022\/02\/Sense-titol-1.png\"><\/a><br \/>\n&nbsp;<br \/>\n<a href=\"https:\/\/canribascasadecolonies.cat\/\" target=\"_blank\" rel=\"noopener\">CAN RIBAS<\/a> \u00e9s la casa de col\u00f2nies triada per l&#8217;escola des de fa molts anys per a que els infants de P5 hi vagin. Clicant en l&#8217;enlla\u00e7 podreu veure tot el que ofereix la casa i fins i tot un v\u00eddeo&hellip;  <a href=\"https:\/\/agora.xtec.cat\/escferransunyer\/projectes\/can-ribas\/\" title=\"Read CAN RIBAS\">Llegeix m\u00e9s\u00bb<\/a><\/p>\n","protected":false},"author":1,"featured_media":0,"parent":6580,"menu_order":101,"comment_status":"closed","ping_status":"closed","template":"","meta":{"_bbp_topic_count":0,"_bbp_reply_count":0,"_bbp_total_topic_count":0,"_bbp_total_reply_count":0,"_bbp_voice_count":0,"_bbp_anonymous_reply_count":0,"_bbp_topic_count_hidden":0,"_bbp_reply_count_hidden":0,"_bbp_forum_subforum_count":0,"footnotes":""},"class_list":["post-11073","page","type-page","status-publish","hentry"],"post_mailing_queue_ids":[],"_links":{"self":[{"href":"https:\/\/agora.xtec.cat\/escferransunyer\/wp-json\/wp\/v2\/pages\/11073","targetHints":{"allow":["GET"]}}],"collection":[{"href":"https:\/\/agora.xtec.cat\/escferransunyer\/wp-json\/wp\/v2\/pages"}],"about":[{"href":"https:\/\/agora.xtec.cat\/escferransunyer\/wp-json\/wp\/v2\/types\/page"}],"author":[{"embeddable":true,"href":"https:\/\/agora.xtec.cat\/escferransunyer\/wp-json\/wp\/v2\/users\/1"}],"replies":[{"embeddable":true,"href":"https:\/\/agora.xtec.cat\/escferransunyer\/wp-json\/wp\/v2\/comments?post=11073"}],"version-history":[{"count":5,"href":"https:\/\/agora.xtec.cat\/escferransunyer\/wp-json\/wp\/v2\/pages\/11073\/revisions"}],"predecessor-version":[{"id":14690,"href":"https:\/\/agora.xtec.cat\/escferransunyer\/wp-json\/wp\/v2\/pages\/11073\/revisions\/14690"}],"up":[{"embeddable":true,"href":"https:\/\/agora.xtec.cat\/escferransunyer\/wp-json\/wp\/v2\/pages\/6580"}],"wp:attachment":[{"href":"https:\/\/agora.xtec.cat\/escferransunyer\/wp-json\/wp\/v2\/media?parent=11073"}],"curies":[{"name":"wp","href":"https:\/\/api.w.org\/{rel}","templated":true}]}}