{"id":11069,"date":"2022-02-25T12:07:44","date_gmt":"2022-02-25T11:07:44","guid":{"rendered":"https:\/\/agora.xtec.cat\/escferransunyer\/?page_id=11069"},"modified":"2025-07-09T14:00:59","modified_gmt":"2025-07-09T12:00:59","slug":"cala-canyelles","status":"publish","type":"page","link":"https:\/\/agora.xtec.cat\/escferransunyer\/projectes\/cala-canyelles\/","title":{"rendered":"CALA CANYELLES"},"content":{"rendered":"<p>&nbsp;<\/p>\n<p><a href=\"https:\/\/www.decolonies.com\/casadecolonies\/calacanyelles\"><b>CALA CANYELLES<\/b><\/a><b> (Lloret de Mar) \u00e9s la casa triada per anar amb els alumnes de 6\u00e8.<\/b><\/p>\n<p>Fa molts anys que hi anem perqu\u00e8 la valoraci\u00f3 sempre \u00e9s molt positiva.<\/p>\n<p>Pel curs, les dates en les quals aniran de col\u00f2nies s\u00f3n: <strong>11,12 i 13 <\/strong><b>de maig del 2026.<\/b><\/p>\n<p>&nbsp;<\/p>\n<p><span style=\"font-weight: 400;\">En aquesta casa, les activitats estan centrades en els esports aqu\u00e0tics. Les activitats concretes que farem son:<\/span><\/p>\n<ul>\n<li style=\"font-weight: 400;\" aria-level=\"1\"><b>Piscina: <\/b><span style=\"font-weight: 400;\">en arribar, es fa una avaluaci\u00f3 del nivell de nataci\u00f3 de l\u2019alumnat.<\/span><\/li>\n<li style=\"font-weight: 400;\" aria-level=\"1\"><b>Patins:<\/b><span style=\"font-weight: 400;\"> activitat l\u00fadica. En grups de quatre, passeig en patins enmig del mar.<\/span><\/li>\n<li style=\"font-weight: 400;\" aria-level=\"1\"><b>Bateig d&#8217;immersi\u00f3<\/b><span style=\"font-weight: 400;\">. Iniciaci\u00f3 a la immersi\u00f3 a la piscina. Consta de dues parts: classe te\u00f2rica i exercicis de flotabilitat, i introducci\u00f3 al medi aqu\u00e0tic.<\/span><\/li>\n<li style=\"font-weight: 400;\" aria-level=\"1\"><b>Esqu\u00ed n\u00e0utic<\/b><span style=\"font-weight: 400;\">. Hi ha una explicaci\u00f3 te\u00f2rica i una pr\u00e0ctica amb la planxa al mar.<\/span><\/li>\n<li style=\"font-weight: 400;\" aria-level=\"1\"><b>Esqu\u00ed-bus. &#8220;Xurro o banana<\/b><span style=\"font-weight: 400;\">&#8220;. Flotador gegant amb capacitat per a vuit persones. Arrossegat per una barca, dona una volta r\u00e0pida per la cala<\/span><\/li>\n<li style=\"font-weight: 400;\" aria-level=\"1\"><b>Piragua<\/b><span style=\"font-weight: 400;\">. Activitat realitzada amb caiacs de dues places. Consta d\u2019una part te\u00f2rica i una altra part pr\u00e0ctica en que entrem al mar i gaudim de l\u2019entorn de la cala.\u00a0<\/span><\/li>\n<li style=\"font-weight: 400;\" aria-level=\"1\"><b>Barca r\u00e0pida: <\/b><span style=\"font-weight: 400;\">passeig en grup pel litoral m\u00e9s pr\u00f2xim a cala Canyelles, amb opci\u00f3 de banyar-se al mig del mar.\u00a0<\/span><\/li>\n<\/ul>\n<p><b>ESTONES L\u00daDIQUES<\/b><\/p>\n<p><span style=\"font-weight: 400;\">El club esportiu Cala Canyelles ofereix diverses activitats per gaudir de les estones d\u2019esbarjo: tennis, piscina nocturna, roc\u00f2drom\u2026 Tamb\u00e9 compta amb una pista de gespa artificial on es pot jugar a b\u00e0squet i futbol.\u00a0<\/span><\/p>\n<p><span style=\"font-weight: 400;\">Us deixem un v\u00eddeo promocional sobre la casa i d\u2019algunes de les activitats que fan.<\/span><\/p>\n<p><a href=\"https:\/\/coloniescanyelles.com\/ca\/colonies-destiu-i-stages-esportius\/\" target=\"_blank\" rel=\"noopener\"><img loading=\"lazy\" decoding=\"async\" class=\"aligncenter size-full wp-image-11071\" src=\"https:\/\/agora.xtec.cat\/escferransunyer\/wp-content\/uploads\/usu431\/2022\/02\/cala-canyelles-6e.png\" alt=\"\" width=\"525\" height=\"298\" srcset=\"https:\/\/agora.xtec.cat\/escferransunyer\/wp-content\/uploads\/usu431\/2022\/02\/cala-canyelles-6e.png 525w, https:\/\/agora.xtec.cat\/escferransunyer\/wp-content\/uploads\/usu431\/2022\/02\/cala-canyelles-6e-300x170.png 300w\" sizes=\"auto, (max-width: 525px) 100vw, 525px\" \/><\/a><\/p>\n<p><span style=\"font-weight: 400;\">M\u00e9s endavant,\u00a0 a finals d&#8217;abril o a principis de maig, s\u2019organitzar\u00e0 una reuni\u00f3 informativa\u00a0 espec\u00edfica sobre les col\u00f2nies on es donar\u00e0 tota aquesta informaci\u00f3, es presentaran els\/les mestres que els acompanyen, s\u2019explicar\u00e0 el que necessiten portar i les fam\u00edlies podreu resoldre els dubtes que tingueu.<\/span><\/p>\n<p><a href=\"https:\/\/drive.google.com\/file\/d\/1P81nHNj6wQZIq7JQSlNi5_FtKHxlLX4J\/view?usp=sharing\" target=\"_blank\" rel=\"noopener\">V\u00cdDEO COL\u00d2NIES 6\u00e8_ CURS 21-22<\/a><\/p>\n","protected":false},"excerpt":{"rendered":"<p>&nbsp;<br \/>\n<a href=\"https:\/\/www.decolonies.com\/casadecolonies\/calacanyelles\">CALA CANYELLES<\/a> (Lloret de Mar) \u00e9s la casa triada per anar amb els alumnes de 6\u00e8.<br \/>\nFa molts anys que hi anem perqu\u00e8 la valoraci\u00f3 sempre \u00e9s molt positiva.<br \/>\nPel curs, les dates en les quals aniran de col\u00f2nies s\u00f3n: 11,12 i 13 de maig del&hellip;  <a href=\"https:\/\/agora.xtec.cat\/escferransunyer\/projectes\/cala-canyelles\/\" title=\"Read CALA CANYELLES\">Llegeix m\u00e9s\u00bb<\/a><\/p>\n","protected":false},"author":1,"featured_media":0,"parent":6580,"menu_order":104,"comment_status":"closed","ping_status":"closed","template":"","meta":{"_bbp_topic_count":0,"_bbp_reply_count":0,"_bbp_total_topic_count":0,"_bbp_total_reply_count":0,"_bbp_voice_count":0,"_bbp_anonymous_reply_count":0,"_bbp_topic_count_hidden":0,"_bbp_reply_count_hidden":0,"_bbp_forum_subforum_count":0,"footnotes":""},"class_list":["post-11069","page","type-page","status-publish","hentry"],"post_mailing_queue_ids":[],"_links":{"self":[{"href":"https:\/\/agora.xtec.cat\/escferransunyer\/wp-json\/wp\/v2\/pages\/11069","targetHints":{"allow":["GET"]}}],"collection":[{"href":"https:\/\/agora.xtec.cat\/escferransunyer\/wp-json\/wp\/v2\/pages"}],"about":[{"href":"https:\/\/agora.xtec.cat\/escferransunyer\/wp-json\/wp\/v2\/types\/page"}],"author":[{"embeddable":true,"href":"https:\/\/agora.xtec.cat\/escferransunyer\/wp-json\/wp\/v2\/users\/1"}],"replies":[{"embeddable":true,"href":"https:\/\/agora.xtec.cat\/escferransunyer\/wp-json\/wp\/v2\/comments?post=11069"}],"version-history":[{"count":5,"href":"https:\/\/agora.xtec.cat\/escferransunyer\/wp-json\/wp\/v2\/pages\/11069\/revisions"}],"predecessor-version":[{"id":14688,"href":"https:\/\/agora.xtec.cat\/escferransunyer\/wp-json\/wp\/v2\/pages\/11069\/revisions\/14688"}],"up":[{"embeddable":true,"href":"https:\/\/agora.xtec.cat\/escferransunyer\/wp-json\/wp\/v2\/pages\/6580"}],"wp:attachment":[{"href":"https:\/\/agora.xtec.cat\/escferransunyer\/wp-json\/wp\/v2\/media?parent=11069"}],"curies":[{"name":"wp","href":"https:\/\/api.w.org\/{rel}","templated":true}]}}