{"id":11066,"date":"2022-02-25T12:06:53","date_gmt":"2022-02-25T11:06:53","guid":{"rendered":"https:\/\/agora.xtec.cat\/escferransunyer\/?page_id=11066"},"modified":"2025-10-06T02:27:39","modified_gmt":"2025-10-06T00:27:39","slug":"la-granja","status":"publish","type":"page","link":"https:\/\/agora.xtec.cat\/escferransunyer\/projectes\/la-granja\/","title":{"rendered":"LA GRANJA"},"content":{"rendered":"<p>Des del\u00a0 curs 19-20 , <a href=\"https:\/\/barcelona.lagranjatc.com\/\"><b>LA GRANJA<\/b><\/a><b> (Santa Maria de Palautordera) <\/b>\u00a0\u00e9s la casa triada per anar amb els alumnes de 4t.<\/p>\n<p>Pel curs 25-26, les dates en les quals aniran de col\u00f2nies s\u00f3n: <b>18,19 i 20 de maig de 2026<\/b><\/p>\n<p><span style=\"font-weight: 400;\">Les activitats que es faran durant aquests tres dies, es triaran quan s&#8217;apropi la data i s&#8217;informar\u00e0 a la reuni\u00f3 pr\u00e8via a les col\u00f2nies.<\/span><\/p>\n<p><span style=\"font-weight: 400;\">Us deixem un v\u00eddeo promocional sobre la casa\u00a0 i d\u2019algunes de les activitats que fan.<\/span><\/p>\n<p><a href=\"https:\/\/youtu.be\/74xsw9Kp6aM\" target=\"_blank\" rel=\"noopener\"><img loading=\"lazy\" decoding=\"async\" class=\"aligncenter wp-image-11067 size-large\" src=\"https:\/\/agora.xtec.cat\/escferransunyer\/wp-content\/uploads\/usu431\/2022\/02\/la-granja-4t-1024x577.png\" alt=\"\" width=\"1024\" height=\"577\" srcset=\"https:\/\/agora.xtec.cat\/escferransunyer\/wp-content\/uploads\/usu431\/2022\/02\/la-granja-4t-1024x577.png 1024w, https:\/\/agora.xtec.cat\/escferransunyer\/wp-content\/uploads\/usu431\/2022\/02\/la-granja-4t-300x169.png 300w, https:\/\/agora.xtec.cat\/escferransunyer\/wp-content\/uploads\/usu431\/2022\/02\/la-granja-4t-768x433.png 768w, https:\/\/agora.xtec.cat\/escferransunyer\/wp-content\/uploads\/usu431\/2022\/02\/la-granja-4t.png 1203w\" sizes=\"auto, (max-width: 1024px) 100vw, 1024px\" \/><\/a><\/p>\n<p><span style=\"font-weight: 400;\">M\u00e9s endavant, finals d&#8217;abril o principis de maig, s\u2019organitzar\u00e0 una reuni\u00f3 informativa\u00a0 espec\u00edfica sobre les col\u00f2nies on es donar\u00e0 tota aquesta informaci\u00f3, es presentaran els\/les mestres que els acompanyen, s\u2019explicar\u00e0 el que necessiten portar i les fam\u00edlies podreu resoldre els dubtes que tingueu.<\/span><\/p>\n<p><strong><a href=\"https:\/\/drive.google.com\/file\/d\/1jhHBq1YJYqRSm-h_b0H_pZ10nHwCLLdV\/view?usp=sharing\" target=\"_blank\" rel=\"noopener\">VIDEO COL\u00d2NIES 21-22<\/a><\/strong><\/p>\n<p>&nbsp;<\/p>\n","protected":false},"excerpt":{"rendered":"<p>Des del\u00a0 curs 19-20 , <a href=\"https:\/\/barcelona.lagranjatc.com\/\">LA GRANJA<\/a> (Santa Maria de Palautordera) \u00a0\u00e9s la casa triada per anar amb els alumnes de 4t.<br \/>\nPel curs 25-26, les dates en les quals aniran de col\u00f2nies s\u00f3n: 18,19 i 20 de maig de 2026<br \/>\nLes activitats que es faran&hellip;  <a href=\"https:\/\/agora.xtec.cat\/escferransunyer\/projectes\/la-granja\/\" title=\"Read LA GRANJA\">Llegeix m\u00e9s\u00bb<\/a><\/p>\n","protected":false},"author":1,"featured_media":0,"parent":6580,"menu_order":103,"comment_status":"closed","ping_status":"closed","template":"","meta":{"_bbp_topic_count":0,"_bbp_reply_count":0,"_bbp_total_topic_count":0,"_bbp_total_reply_count":0,"_bbp_voice_count":0,"_bbp_anonymous_reply_count":0,"_bbp_topic_count_hidden":0,"_bbp_reply_count_hidden":0,"_bbp_forum_subforum_count":0,"footnotes":""},"class_list":["post-11066","page","type-page","status-publish","hentry"],"post_mailing_queue_ids":[],"_links":{"self":[{"href":"https:\/\/agora.xtec.cat\/escferransunyer\/wp-json\/wp\/v2\/pages\/11066","targetHints":{"allow":["GET"]}}],"collection":[{"href":"https:\/\/agora.xtec.cat\/escferransunyer\/wp-json\/wp\/v2\/pages"}],"about":[{"href":"https:\/\/agora.xtec.cat\/escferransunyer\/wp-json\/wp\/v2\/types\/page"}],"author":[{"embeddable":true,"href":"https:\/\/agora.xtec.cat\/escferransunyer\/wp-json\/wp\/v2\/users\/1"}],"replies":[{"embeddable":true,"href":"https:\/\/agora.xtec.cat\/escferransunyer\/wp-json\/wp\/v2\/comments?post=11066"}],"version-history":[{"count":6,"href":"https:\/\/agora.xtec.cat\/escferransunyer\/wp-json\/wp\/v2\/pages\/11066\/revisions"}],"predecessor-version":[{"id":14722,"href":"https:\/\/agora.xtec.cat\/escferransunyer\/wp-json\/wp\/v2\/pages\/11066\/revisions\/14722"}],"up":[{"embeddable":true,"href":"https:\/\/agora.xtec.cat\/escferransunyer\/wp-json\/wp\/v2\/pages\/6580"}],"wp:attachment":[{"href":"https:\/\/agora.xtec.cat\/escferransunyer\/wp-json\/wp\/v2\/media?parent=11066"}],"curies":[{"name":"wp","href":"https:\/\/api.w.org\/{rel}","templated":true}]}}