{"id":11064,"date":"2022-03-01T10:40:34","date_gmt":"2022-03-01T09:40:34","guid":{"rendered":"https:\/\/agora.xtec.cat\/escferransunyer\/?page_id=11064"},"modified":"2025-07-04T13:25:31","modified_gmt":"2025-07-04T11:25:31","slug":"castell-de-fluvia","status":"publish","type":"page","link":"https:\/\/agora.xtec.cat\/escferransunyer\/projectes\/castell-de-fluvia\/","title":{"rendered":"CASTELL DE FLUVI\u00c0"},"content":{"rendered":"<p><a href=\"https:\/\/www.rosadelsvents.es\/ca\/cases-de-colonies\/castell-de-fluvia\" target=\"_blank\" rel=\"noopener\">\u00a0La granja escola &#8211; CASTELL DE FLUVI\u00c0<\/a> \u00e9s la casa de col\u00f2nies triada per anar amb els alumnes de 2n.<\/p>\n<p>La casa est\u00e0 ubicada a Sant Esteve de Palautordera,\u00a0 al Montseny (Barcelona).<\/p>\n<p>Les dates previstes per anar en el curs s\u00f3n: <strong>del 13 al 15 de maig del 2026<\/strong><\/p>\n<p>Les activitats concretes que es faran durant l&#8217;estada es trien uns mesos abans d&#8217;anar. A la web, tanmateix podeu trobar les opcions que ofereix la casa.<\/p>\n<p>Us deixem un v\u00eddeo promocional de la casa de col\u00f2nies<\/p>\n<p><a href=\"https:\/\/youtu.be\/6V-KKeY57j4\" target=\"_blank\" rel=\"noopener\"><img loading=\"lazy\" decoding=\"async\" class=\"aligncenter size-full wp-image-11075\" src=\"https:\/\/agora.xtec.cat\/escferransunyer\/wp-content\/uploads\/usu431\/2022\/02\/castell-de-fluvia.png\" alt=\"\" width=\"1027\" height=\"811\" srcset=\"https:\/\/agora.xtec.cat\/escferransunyer\/wp-content\/uploads\/usu431\/2022\/02\/castell-de-fluvia.png 1027w, https:\/\/agora.xtec.cat\/escferransunyer\/wp-content\/uploads\/usu431\/2022\/02\/castell-de-fluvia-300x237.png 300w, https:\/\/agora.xtec.cat\/escferransunyer\/wp-content\/uploads\/usu431\/2022\/02\/castell-de-fluvia-1024x809.png 1024w, https:\/\/agora.xtec.cat\/escferransunyer\/wp-content\/uploads\/usu431\/2022\/02\/castell-de-fluvia-768x606.png 768w\" sizes=\"auto, (max-width: 1027px) 100vw, 1027px\" \/><\/a><\/p>\n<p>&nbsp;<\/p>\n<p><span style=\"font-weight: 400;\">M\u00e9s endavant, quan s&#8217;apropa la data de marxar de col\u00f2nies, s\u2019organitza una reuni\u00f3 informativa\u00a0 espec\u00edfica sobre les col\u00f2nies on es donar\u00e0 tota aquesta informaci\u00f3, es presentaran els\/les mestres que els acompanyen, s\u2019explicar\u00e0 el que necessiten portar i les fam\u00edlies podreu resoldre els dubtes que tingueu.<\/span><\/p>\n","protected":false},"excerpt":{"rendered":"<p><a href=\"https:\/\/www.rosadelsvents.es\/ca\/cases-de-colonies\/castell-de-fluvia\" target=\"_blank\" rel=\"noopener\">\u00a0La granja escola &#8211; CASTELL DE FLUVI\u00c0<\/a> \u00e9s la casa de col\u00f2nies triada per anar amb els alumnes de 2n.<br \/>\nLa casa est\u00e0 ubicada a Sant Esteve de Palautordera,\u00a0 al Montseny (Barcelona).<br \/>\nLes dates previstes per anar en el curs s\u00f3n: del 13 al&hellip;  <a href=\"https:\/\/agora.xtec.cat\/escferransunyer\/projectes\/castell-de-fluvia\/\" title=\"Read CASTELL DE FLUVI\u00c0\">Llegeix m\u00e9s\u00bb<\/a><\/p>\n","protected":false},"author":1,"featured_media":0,"parent":6580,"menu_order":102,"comment_status":"closed","ping_status":"closed","template":"","meta":{"_bbp_topic_count":0,"_bbp_reply_count":0,"_bbp_total_topic_count":0,"_bbp_total_reply_count":0,"_bbp_voice_count":0,"_bbp_anonymous_reply_count":0,"_bbp_topic_count_hidden":0,"_bbp_reply_count_hidden":0,"_bbp_forum_subforum_count":0,"footnotes":""},"class_list":["post-11064","page","type-page","status-publish","hentry"],"post_mailing_queue_ids":[],"_links":{"self":[{"href":"https:\/\/agora.xtec.cat\/escferransunyer\/wp-json\/wp\/v2\/pages\/11064","targetHints":{"allow":["GET"]}}],"collection":[{"href":"https:\/\/agora.xtec.cat\/escferransunyer\/wp-json\/wp\/v2\/pages"}],"about":[{"href":"https:\/\/agora.xtec.cat\/escferransunyer\/wp-json\/wp\/v2\/types\/page"}],"author":[{"embeddable":true,"href":"https:\/\/agora.xtec.cat\/escferransunyer\/wp-json\/wp\/v2\/users\/1"}],"replies":[{"embeddable":true,"href":"https:\/\/agora.xtec.cat\/escferransunyer\/wp-json\/wp\/v2\/comments?post=11064"}],"version-history":[{"count":6,"href":"https:\/\/agora.xtec.cat\/escferransunyer\/wp-json\/wp\/v2\/pages\/11064\/revisions"}],"predecessor-version":[{"id":14685,"href":"https:\/\/agora.xtec.cat\/escferransunyer\/wp-json\/wp\/v2\/pages\/11064\/revisions\/14685"}],"up":[{"embeddable":true,"href":"https:\/\/agora.xtec.cat\/escferransunyer\/wp-json\/wp\/v2\/pages\/6580"}],"wp:attachment":[{"href":"https:\/\/agora.xtec.cat\/escferransunyer\/wp-json\/wp\/v2\/media?parent=11064"}],"curies":[{"name":"wp","href":"https:\/\/api.w.org\/{rel}","templated":true}]}}